{"id":2585,"date":"2024-08-22T10:26:55","date_gmt":"2024-08-22T10:26:55","guid":{"rendered":"http:\/\/new-avant.avantgroup.az\/?page_id=2585"},"modified":"2024-09-23T15:41:42","modified_gmt":"2024-09-23T15:41:42","slug":"terms-and-conditions","status":"publish","type":"page","link":"https:\/\/avantgroup.az\/ru\/terms-and-conditions\/","title":{"rendered":"Terms &amp; Conditions"},"content":{"rendered":"<div data-elementor-type=\"wp-page\" data-elementor-id=\"2585\" class=\"elementor elementor-2585\" data-elementor-post-type=\"page\">\n\t\t\t\t<div class=\"elementor-element elementor-element-61d9709 breadcrumbs e-flex e-con-boxed e-con e-parent\" data-id=\"61d9709\" data-element_type=\"container\">\n\t\t\t\t\t<div class=\"e-con-inner\">\n\t\t\t\t<div class=\"elementor-element elementor-element-1e2288f elementor-widget elementor-widget-heading\" data-id=\"1e2288f\" data-element_type=\"widget\" data-widget_type=\"heading.default\">\n\t\t\t\t<div class=\"elementor-widget-container\">\n\t\t\t<style>\/*! elementor - v3.23.0 - 05-08-2024 *\/\n.elementor-heading-title{padding:0;margin:0;line-height:1}.elementor-widget-heading .elementor-heading-title[class*=elementor-size-]>a{color:inherit;font-size:inherit;line-height:inherit}.elementor-widget-heading .elementor-heading-title.elementor-size-small{font-size:15px}.elementor-widget-heading .elementor-heading-title.elementor-size-medium{font-size:19px}.elementor-widget-heading .elementor-heading-title.elementor-size-large{font-size:29px}.elementor-widget-heading .elementor-heading-title.elementor-size-xl{font-size:39px}.elementor-widget-heading .elementor-heading-title.elementor-size-xxl{font-size:59px}<\/style><h2 class=\"elementor-heading-title elementor-size-default\"><a href=\"https:\/\/avantgroup.az\/ru\/\">\u0413\u043b\u0430\u0432\u043d\u0430\u044f<\/a><\/h2>\t\t<\/div>\n\t\t\t\t<\/div>\n\t\t\t\t<div class=\"elementor-element elementor-element-6b967a2 elementor-widget elementor-widget-heading\" data-id=\"6b967a2\" data-element_type=\"widget\" data-widget_type=\"heading.default\">\n\t\t\t\t<div class=\"elementor-widget-container\">\n\t\t\t<h2 class=\"elementor-heading-title elementor-size-default\">. \u0423\u0441\u043b\u043e\u0432\u0438\u044f \u0438 \u043f\u043e\u043b\u043e\u0436\u0435\u043d\u0438\u044f <\/h2>\t\t<\/div>\n\t\t\t\t<\/div>\n\t\t\t\t\t<\/div>\n\t\t\t\t<\/div>\n\t\t<div class=\"elementor-element elementor-element-354a334 e-flex e-con-boxed e-con e-parent\" data-id=\"354a334\" data-element_type=\"container\">\n\t\t\t\t\t<div class=\"e-con-inner\">\n\t\t\t\t<div class=\"elementor-element elementor-element-b8ff80e title-banner elementor-widget elementor-widget-heading\" data-id=\"b8ff80e\" data-element_type=\"widget\" data-settings=\"{&quot;_animation&quot;:&quot;none&quot;}\" data-widget_type=\"heading.default\">\n\t\t\t\t<div class=\"elementor-widget-container\">\n\t\t\t<h1 class=\"elementor-heading-title elementor-size-default\">\u0423\u0441\u043b\u043e\u0432\u0438\u044f \u0438 \u041f\u0440\u0430\u0432\u0438\u043b\u0430 <\/h1>\t\t<\/div>\n\t\t\t\t<\/div>\n\t\t\t\t\t<\/div>\n\t\t\t\t<\/div>\n\t\t<div class=\"elementor-element elementor-element-160e861 e-flex e-con-boxed e-con e-parent\" data-id=\"160e861\" data-element_type=\"container\">\n\t\t\t\t\t<div class=\"e-con-inner\">\n\t\t\t\t<div class=\"elementor-element elementor-element-e014e54 elementor-widget__width-initial elementor-widget-tablet__width-inherit elementor-widget-mobile__width-inherit elementor-widget elementor-widget-heading\" data-id=\"e014e54\" data-element_type=\"widget\" data-widget_type=\"heading.default\">\n\t\t\t\t<div class=\"elementor-widget-container\">\n\t\t\t<div class=\"elementor-heading-title elementor-size-default\"><h2 class=\"title-level-2\">\u041f\u0440\u0438\u043d\u044f\u0442\u0438\u0435 \u0443\u0441\u043b\u043e\u0432\u0438\u0439 \u0438\u0441\u043f\u043e\u043b\u044c\u0437\u043e\u0432\u0430\u043d\u0438\u044f\n<\/h2>\n\u041f\u043e\u0441\u0435\u0442\u0438\u0432 \u044d\u0442\u043e\u0442 \u0432\u0435\u0431-\u0441\u0430\u0439\u0442 \u0438 \u043f\u0440\u043e\u0441\u043c\u043e\u0442\u0440\u0435\u0432 \u0435\u0433\u043e, \u0432\u044b \u0441\u043e\u0433\u043b\u0430\u0448\u0430\u0435\u0442\u0435\u0441\u044c \u0441\u043e \u0441\u043b\u0435\u0434\u0443\u044e\u0449\u0438\u043c\u0438 \u0443\u0441\u043b\u043e\u0432\u0438\u044f\u043c\u0438 \u0438\u0441\u043f\u043e\u043b\u044c\u0437\u043e\u0432\u0430\u043d\u0438\u044f. \u0415\u0441\u043b\u0438 \u0432\u044b \u043d\u0435 \u043f\u0440\u0438\u043d\u0438\u043c\u0430\u0435\u0442\u0435 \u043d\u0430\u0441\u0442\u043e\u044f\u0449\u0438\u0435 \u0423\u0441\u043b\u043e\u0432\u0438\u044f \u0438\u0441\u043f\u043e\u043b\u044c\u0437\u043e\u0432\u0430\u043d\u0438\u044f \u043f\u043e\u043b\u043d\u043e\u0441\u0442\u044c\u044e \u0438\u043b\u0438 \u0447\u0430\u0441\u0442\u0438\u0447\u043d\u043e, \u0432\u044b \u0434\u043e\u043b\u0436\u043d\u044b \u043d\u0435\u043c\u0435\u0434\u043b\u0435\u043d\u043d\u043e \u043f\u0440\u0435\u043a\u0440\u0430\u0442\u0438\u0442\u044c \u0438\u0441\u043f\u043e\u043b\u044c\u0437\u043e\u0432\u0430\u043d\u0438\u0435 \u0432\u0435\u0431-\u0441\u0430\u0439\u0442\u0430 \u0438 \u043f\u043e\u043a\u0438\u043d\u0443\u0442\u044c \u0435\u0433\u043e.\n<\/br><\/br>\n\u0423\u0441\u043b\u043e\u0432\u0438\u044f \u0438\u0441\u043f\u043e\u043b\u044c\u0437\u043e\u0432\u0430\u043d\u0438\u044f \u043c\u043e\u0433\u0443\u0442 \u0431\u044b\u0442\u044c \u0438\u0437\u043c\u0435\u043d\u0435\u043d\u044b \u0432 \u043b\u044e\u0431\u043e\u0435 \u0432\u0440\u0435\u043c\u044f \u0431\u0435\u0437 \u043f\u0440\u0435\u0434\u0432\u0430\u0440\u0438\u0442\u0435\u043b\u044c\u043d\u043e\u0433\u043e \u0443\u0432\u0435\u0434\u043e\u043c\u043b\u0435\u043d\u0438\u044f. \u041b\u044e\u0431\u044b\u0435 \u0438\u0437\u043c\u0435\u043d\u0435\u043d\u0438\u044f \u0432\u0441\u0442\u0443\u043f\u0430\u044e\u0442 \u0432 \u0441\u0438\u043b\u0443 \u043f\u043e\u0441\u043b\u0435 \u043f\u0443\u0431\u043b\u0438\u043a\u0430\u0446\u0438\u0438 \u043d\u0430 \u044d\u0442\u043e\u043c \u0441\u0430\u0439\u0442\u0435. \u0412\u044b \u043e\u0431\u044f\u0437\u0430\u043d\u044b \u043e\u0437\u043d\u0430\u043a\u043e\u043c\u0438\u0442\u044c\u0441\u044f \u0441 \u043e\u0431\u043d\u043e\u0432\u043b\u0435\u043d\u043d\u044b\u043c\u0438 \u0443\u0441\u043b\u043e\u0432\u0438\u044f\u043c\u0438 \u0438\u0441\u043f\u043e\u043b\u044c\u0437\u043e\u0432\u0430\u043d\u0438\u044f. \u041c\u044b \u0440\u0435\u043a\u043e\u043c\u0435\u043d\u0434\u0443\u0435\u043c \u0432\u0430\u043c \u0440\u0435\u0433\u0443\u043b\u044f\u0440\u043d\u043e \u043f\u0440\u043e\u0432\u0435\u0440\u044f\u0442\u044c \u0443\u0441\u043b\u043e\u0432\u0438\u044f \u0438\u0441\u043f\u043e\u043b\u044c\u0437\u043e\u0432\u0430\u043d\u0438\u044f, \u0440\u0435\u0433\u0443\u043b\u0438\u0440\u0443\u044e\u0449\u0438\u0435 \u0438\u0441\u043f\u043e\u043b\u044c\u0437\u043e\u0432\u0430\u043d\u0438\u0435 \u0432\u0435\u0431-\u0441\u0430\u0439\u0442\u0430, \u0447\u0442\u043e\u0431\u044b \u0431\u044b\u0442\u044c \u0432 \u043a\u0443\u0440\u0441\u0435 \u043f\u043e\u0441\u043b\u0435\u0434\u043d\u0438\u0445 \u0438\u0437\u043c\u0435\u043d\u0435\u043d\u0438\u0439.\n\n<h2 class=\"title-level-2\">\u0418\u0441\u043f\u043e\u043b\u044c\u0437\u043e\u0432\u0430\u043d\u0438\u0435 \u041a\u043e\u043d\u0442\u0435\u043d\u0442\u0430; \u041e\u0433\u0440\u0430\u043d\u0438\u0447\u0435\u043d\u0438\u044f; \u041f\u043e\u043b\u0438\u0442\u0438\u043a\u0430 \u041a\u043e\u043d\u0444\u0438\u0434\u0435\u043d\u0446\u0438\u0430\u043b\u044c\u043d\u043e\u0441\u0442\u0438\n<\/h2>\n\u0412\u0430\u043c \u0440\u0430\u0437\u0440\u0435\u0448\u0435\u043d\u043e \u043f\u0440\u043e\u0441\u043c\u0430\u0442\u0440\u0438\u0432\u0430\u0442\u044c, \u043a\u043e\u043f\u0438\u0440\u043e\u0432\u0430\u0442\u044c, \u0440\u0430\u0441\u043f\u0435\u0447\u0430\u0442\u044b\u0432\u0430\u0442\u044c \u0438 \u0440\u0430\u0441\u043f\u0440\u043e\u0441\u0442\u0440\u0430\u043d\u044f\u0442\u044c (\u043d\u043e \u043d\u0435 \u0438\u0437\u043c\u0435\u043d\u044f\u0442\u044c) \u043a\u043e\u043d\u0442\u0435\u043d\u0442 \u043d\u0430 \u044d\u0442\u043e\u043c \u0432\u0435\u0431-\u0441\u0430\u0439\u0442\u0435 \u0442\u043e\u043b\u044c\u043a\u043e \u0432 \u0442\u043e\u043c \u0441\u043b\u0443\u0447\u0430\u0435, \u0435\u0441\u043b\u0438 \u0432\u044b \u0432\u044b\u043f\u043e\u043b\u043d\u0438\u043b\u0438 \u0441\u043b\u0435\u0434\u0443\u044e\u0449\u0438\u0435 \u043e\u0431\u044f\u0437\u0430\u0442\u0435\u043b\u044c\u0441\u0442\u0432\u0430:\n<\/br><\/br>\n<li>\u0422\u0430\u043a\u043e\u0435 \u0438\u0441\u043f\u043e\u043b\u044c\u0437\u043e\u0432\u0430\u043d\u0438\u0435 \u0434\u043e\u043b\u0436\u043d\u043e \u043d\u043e\u0441\u0438\u0442\u044c \u0438\u0441\u043a\u043b\u044e\u0447\u0438\u0442\u0435\u043b\u044c\u043d\u043e \u0438\u043d\u0444\u043e\u0440\u043c\u0430\u0446\u0438\u043e\u043d\u043d\u044b\u0439 \u0445\u0430\u0440\u0430\u043a\u0442\u0435\u0440 \u0438 \u043f\u0440\u0435\u0434\u043d\u0430\u0437\u043d\u0430\u0447\u0430\u0442\u044c\u0441\u044f \u0434\u043b\u044f \u043d\u0435\u043a\u043e\u043c\u043c\u0435\u0440\u0447\u0435\u0441\u043a\u0438\u0445 \u0446\u0435\u043b\u0435\u0439.<\/li>\n<li>\u041b\u044e\u0431\u0430\u044f \u043a\u043e\u043f\u0438\u044f, \u043a\u043e\u0442\u043e\u0440\u0443\u044e \u0432\u044b \u0434\u0435\u043b\u0430\u0435\u0442\u0435 \u0438\u0437 \u043a\u043e\u043d\u0442\u0435\u043d\u0442\u0430, \u0434\u043e\u043b\u0436\u043d\u0430 \u0441\u043e\u0434\u0435\u0440\u0436\u0430\u0442\u044c \u0443\u0432\u0435\u0434\u043e\u043c\u043b\u0435\u043d\u0438\u0435 \u043e\u0431 \u0430\u0432\u0442\u043e\u0440\u0441\u043a\u0438\u0445 \u043f\u0440\u0430\u0432\u0430\u0445 \u0438\u043b\u0438 \u0434\u0440\u0443\u0433\u0438\u0435 \u0430\u0442\u0440\u0438\u0431\u0443\u0442\u044b, \u043e\u0442\u043d\u043e\u0441\u044f\u0449\u0438\u0435\u0441\u044f \u043a \u043a\u043e\u043d\u0442\u0435\u043d\u0442\u0443.<\/li>\n<\/br><\/br>\n\n\u0412 \u0442\u043e \u0436\u0435 \u0432\u0440\u0435\u043c\u044f, \u0438\u0441\u043f\u043e\u043b\u044c\u0437\u0443\u044f \u0432\u0435\u0431-\u0441\u0430\u0439\u0442, \u0432\u044b \u0441\u043e\u0433\u043b\u0430\u0448\u0430\u0435\u0442\u0435\u0441\u044c \u0441 \u0442\u0435\u043c, \u0447\u0442\u043e \u043c\u044b \u043c\u043e\u0436\u0435\u043c \u0438\u0441\u043f\u043e\u043b\u044c\u0437\u043e\u0432\u0430\u0442\u044c \u0432\u0430\u0448\u0443 \u043b\u0438\u0447\u043d\u0443\u044e \u0438 \u0434\u0440\u0443\u0433\u0443\u044e \u0438\u043d\u0444\u043e\u0440\u043c\u0430\u0446\u0438\u044e \u0432 \u0441\u043e\u043e\u0442\u0432\u0435\u0442\u0441\u0442\u0432\u0438\u0438 \u0441 \u043d\u0430\u0448\u0435\u0439 \u043f\u043e\u043b\u0438\u0442\u0438\u043a\u043e\u0439 \u043a\u043e\u043d\u0444\u0438\u0434\u0435\u043d\u0446\u0438\u0430\u043b\u044c\u043d\u043e\u0441\u0442\u0438 \u0438 \u0444\u0430\u0439\u043b\u043e\u0432 cookie, \u0432\u043a\u043b\u044e\u0447\u0435\u043d\u043d\u043e\u0439 \u0432 \u043d\u0430\u0441\u0442\u043e\u044f\u0449\u0438\u0435 \u0423\u0441\u043b\u043e\u0432\u0438\u044f \u0438\u0441\u043f\u043e\u043b\u044c\u0437\u043e\u0432\u0430\u043d\u0438\u044f. \n\n<h2 class=\"title-level-2\">\u0412\u043d\u0435\u0448\u043d\u0438\u0435 \u0441\u0441\u044b\u043b\u043a\u0438 \u0438 \u043e\u0433\u0440\u0430\u043d\u0438\u0447\u0435\u043d\u0438\u0435 \u043e\u0442\u0432\u0435\u0442\u0441\u0442\u0432\u0435\u043d\u043d\u043e\u0441\u0442\u0438\n<\/h2>\n\u042d\u0442\u043e\u0442 \u0432\u0435\u0431-\u0441\u0430\u0439\u0442 \u043c\u043e\u0436\u0435\u0442 \u0441\u043e\u0434\u0435\u0440\u0436\u0430\u0442\u044c \u0441\u0441\u044b\u043b\u043a\u0438 \u043d\u0430 \u0432\u0435\u0431-\u0441\u0430\u0439\u0442\u044b, \u0440\u0435\u0441\u0443\u0440\u0441\u044b \u0438\u043b\u0438 \u0438\u043d\u0441\u0442\u0440\u0443\u043c\u0435\u043d\u0442\u044b, \u0443\u043f\u0440\u0430\u0432\u043b\u044f\u0435\u043c\u044b\u0435 \u0442\u0440\u0435\u0442\u044c\u0438\u043c\u0438 \u0441\u0442\u043e\u0440\u043e\u043d\u0430\u043c\u0438, \u0432 \u0442\u043e\u043c \u0447\u0438\u0441\u043b\u0435, \u043d\u043e \u043d\u0435 \u043e\u0433\u0440\u0430\u043d\u0438\u0447\u0438\u0432\u0430\u044f\u0441\u044c \u0438\u043c\u0438, \u0434\u0440\u0443\u0433\u0438\u043c\u0438 \u043e\u0440\u0433\u0430\u043d\u0438\u0437\u0430\u0446\u0438\u044f\u043c\u0438 \u0432 Avant Group \u0438\u043b\u0438 \u0438\u0445 \u043f\u0435\u0440\u0441\u043e\u043d\u0430\u043b\u043e\u043c, \u043a\u043e\u0442\u043e\u0440\u044b\u0435 \u043d\u0435 \u0438\u043c\u0435\u044e\u0442 \u043d\u0430\u0448\u0435\u0433\u043e \u043a\u043e\u043d\u0442\u0440\u043e\u043b\u044f \u043d\u0430\u0434 \u043d\u0438\u043c\u0438. Avant Group \u043d\u0435 \u0434\u0430\u0435\u0442 \u043d\u0438\u043a\u0430\u043a\u0438\u0445 \u0433\u0430\u0440\u0430\u043d\u0442\u0438\u0439 \u0434\u043e\u0441\u0442\u043e\u0432\u0435\u0440\u043d\u043e\u0441\u0442\u0438 \u0438 \u0434\u043e\u0441\u0442\u043e\u0432\u0435\u0440\u043d\u043e\u0441\u0442\u0438 \u0438\u043d\u0444\u043e\u0440\u043c\u0430\u0446\u0438\u0438 \u043f\u043e \u044d\u0442\u0438\u043c \u0441\u0441\u044b\u043b\u043a\u0430\u043c. \u042d\u0442\u0438 \u0441\u0441\u044b\u043b\u043a\u0438 \u043d\u043e\u0441\u044f\u0442 \u0438\u0441\u043a\u043b\u044e\u0447\u0438\u0442\u0435\u043b\u044c\u043d\u043e \u0438\u043d\u0444\u043e\u0440\u043c\u0430\u0446\u0438\u043e\u043d\u043d\u044b\u0439 \u0445\u0430\u0440\u0430\u043a\u0442\u0435\u0440 \u0438 \u043f\u0440\u0435\u0434\u043e\u0441\u0442\u0430\u0432\u043b\u044f\u044e\u0442\u0441\u044f \u0434\u043b\u044f \u0443\u0434\u043e\u0431\u0441\u0442\u0432\u0430 \u043f\u043e\u0441\u0435\u0442\u0438\u0442\u0435\u043b\u0435\u0439.\n<\/br><\/br>\n\u041c\u044b \u043e\u0441\u0442\u0430\u0432\u043b\u044f\u0435\u043c \u0437\u0430 \u0441\u043e\u0431\u043e\u0439 \u043f\u0440\u0430\u0432\u043e \u0442\u0440\u0435\u0431\u043e\u0432\u0430\u0442\u044c \u0443\u0434\u0430\u043b\u0435\u043d\u0438\u044f \u0432\u0441\u0435\u0445 \u0441\u0441\u044b\u043b\u043e\u043a \u0438\u043b\u0438 \u043b\u044e\u0431\u044b\u0445 \u043a\u043e\u043d\u043a\u0440\u0435\u0442\u043d\u044b\u0445 \u0441\u0441\u044b\u043b\u043e\u043a \u043d\u0430 \u043d\u0430\u0448 \u0432\u0435\u0431-\u0441\u0430\u0439\u0442 \u0432 \u043b\u044e\u0431\u043e\u0435 \u0432\u0440\u0435\u043c\u044f \u0438 \u043f\u043e \u043d\u0430\u0448\u0435\u043c\u0443 \u0441\u043e\u0431\u0441\u0442\u0432\u0435\u043d\u043d\u043e\u043c\u0443 \u0443\u0441\u043c\u043e\u0442\u0440\u0435\u043d\u0438\u044e. \u0412\u044b \u0442\u0430\u043a\u0436\u0435 \u0441\u043e\u0433\u043b\u0430\u0448\u0430\u0435\u0442\u0435\u0441\u044c \u0441 \u0442\u0435\u043c, \u0447\u0442\u043e \u043f\u0440\u0438 \u043f\u043e\u044f\u0432\u043b\u0435\u043d\u0438\u0438 \u0437\u0430\u043f\u0440\u043e\u0441\u0430 \u0432\u044b \u0431\u0443\u0434\u0435\u0442\u0435 \u0443\u0434\u0430\u043b\u044f\u0442\u044c \u0442\u0430\u043a\u0438\u0435 \u0441\u0441\u044b\u043b\u043a\u0438, \u0441\u0434\u0435\u043b\u0430\u043d\u043d\u044b\u0435 \u043d\u0430 \u043d\u0430\u0448 \u0441\u0430\u0439\u0442. \u041c\u044b \u0442\u0430\u043a\u0436\u0435 \u043e\u0441\u0442\u0430\u0432\u043b\u044f\u0435\u043c \u0437\u0430 \u0441\u043e\u0431\u043e\u0439 \u043f\u0440\u0430\u0432\u043e \u0438\u0437\u043c\u0435\u043d\u0438\u0442\u044c \u043d\u0430\u0441\u0442\u043e\u044f\u0449\u0438\u0435 \u0423\u0441\u043b\u043e\u0432\u0438\u044f \u0438\u0441\u043f\u043e\u043b\u044c\u0437\u043e\u0432\u0430\u043d\u0438\u044f \u0438 \u043f\u043e\u043b\u0438\u0442\u0438\u043a\u0443 \u043f\u0435\u0440\u0435\u0445\u043e\u0434\u0430 \u0432 \u043b\u044e\u0431\u043e\u0435 \u0432\u0440\u0435\u043c\u044f.\n\n<h2 class=\"title-level-2\">\u041f\u0440\u0430\u0432\u0430 \u0438\u043d\u0442\u0435\u043b\u043b\u0435\u043a\u0442\u0443\u0430\u043b\u044c\u043d\u043e\u0439 \u0441\u043e\u0431\u0441\u0442\u0432\u0435\u043d\u043d\u043e\u0441\u0442\u0438<\/h2>\n\u0423 \u0432\u0430\u0441 \u043d\u0435\u0442 \u0440\u0430\u0437\u0440\u0435\u0448\u0435\u043d\u0438\u044f \u043d\u0430 \u043a\u043e\u043f\u0438\u0440\u043e\u0432\u0430\u043d\u0438\u0435 \u0438\u043b\u0438 \u0438\u0441\u043f\u043e\u043b\u044c\u0437\u043e\u0432\u0430\u043d\u0438\u0435 \u043c\u0430\u0442\u0435\u0440\u0438\u0430\u043b\u043e\u0432, \u0437\u0430\u0449\u0438\u0449\u0435\u043d\u043d\u044b\u0445 \u043f\u0440\u0430\u0432\u0430\u043c\u0438 \u0438\u043d\u0442\u0435\u043b\u043b\u0435\u043a\u0442\u0443\u0430\u043b\u044c\u043d\u043e\u0439 \u0441\u043e\u0431\u0441\u0442\u0432\u0435\u043d\u043d\u043e\u0441\u0442\u0438, \u0434\u043e\u0441\u0442\u0443\u043f\u043d\u044b\u0445 \u0438\u043b\u0438 \u043e\u043f\u0438\u0441\u0430\u043d\u043d\u044b\u0445 \u043d\u0430 \u044d\u0442\u043e\u043c \u0432\u0435\u0431-\u0441\u0430\u0439\u0442\u0435.\n<\/br><\/br>\n\u041d\u0430 \u044d\u0442\u043e\u043c \u0432\u0435\u0431-\u0441\u0430\u0439\u0442\u0435 \u0441\u0441\u044b\u043b\u043a\u0438 \u043d\u0430 \u0442\u043e\u0432\u0430\u0440\u043d\u044b\u0435 \u0437\u043d\u0430\u043a\u0438, \u043f\u0440\u0438\u043d\u0430\u0434\u043b\u0435\u0436\u0430\u0449\u0438\u0435 \u0434\u0440\u0443\u0433\u0438\u043c \u0441\u0442\u043e\u0440\u043e\u043d\u0430\u043c \u0438\u043b\u0438 \u043a\u043e\u043c\u043f\u0430\u043d\u0438\u044f\u043c, \u0432\u0445\u043e\u0434\u044f\u0449\u0438\u043c \u0432 Avant Group, \u043f\u0440\u0435\u0434\u043e\u0441\u0442\u0430\u0432\u043b\u044f\u044e\u0442\u0441\u044f \u0442\u043e\u043b\u044c\u043a\u043e \u0432 \u0440\u0435\u043a\u043b\u0430\u043c\u043d\u044b\u0445 \u0446\u0435\u043b\u044f\u0445. \u041d\u0430\u0441\u0442\u043e\u044f\u0449\u0438\u0435 \u0423\u0441\u043b\u043e\u0432\u0438\u044f \u0438\u0441\u043f\u043e\u043b\u044c\u0437\u043e\u0432\u0430\u043d\u0438\u044f \u043d\u0435 \u0434\u0430\u044e\u0442 \u0432\u0430\u043c \u043f\u0440\u0430\u0432\u0430 \u0438\u0441\u043f\u043e\u043b\u044c\u0437\u043e\u0432\u0430\u0442\u044c \u0442\u043e\u0432\u0430\u0440\u043d\u044b\u0435 \u0437\u043d\u0430\u043a\u0438 \u0434\u0440\u0443\u0433\u0438\u0445 \u0441\u0442\u043e\u0440\u043e\u043d \u0438\u043b\u0438 \u043a\u043e\u043c\u043f\u0430\u043d\u0438\u0439, \u0432\u0445\u043e\u0434\u044f\u0449\u0438\u0445 \u0432 Avant Group.<\/div>\t\t<\/div>\n\t\t\t\t<\/div>\n\t\t\t\t\t<\/div>\n\t\t\t\t<\/div>\n\t\t\t\t<\/div>","protected":false},"excerpt":{"rendered":"<p>Ana S\u0259hif\u0259 . \u015e\u0259rtl\u0259r v\u0259 Qaydalar \u015e\u0259rtl\u0259r v\u0259 Qaydalar \u0130stifad\u0259 \u015e\u0259rtl\u0259rinin Q\u0259bulu Bu veb-sayta daxil olaraq v\u0259 onu n\u0259z\u0259rd\u0259n ke\u00e7ir\u0259r\u0259k a\u015fa\u011f\u0131dak\u0131 \u0130stifad\u0259 \u015e\u0259rtl\u0259rini q\u0259bul edirsiniz. \u018fg\u0259r bu \u0130stifad\u0259 \u015e\u0259rtl\u0259rini tam v\u0259 ya qism\u0259n q\u0259bul etmirsinizs\u0259, veb-saytdan istifad\u0259ni d\u0259rhal dayand\u0131rmal\u0131 v\u0259 sayt\u0131 t\u0259rk etm\u0259lisiniz. \u0130stifad\u0259 \u015e\u0259rtl\u0259ri \u0259vv\u0259lc\u0259d\u0259n x\u0259b\u0259rdarl\u0131q edilm\u0259d\u0259n ist\u0259nil\u0259n vaxt d\u0259yi\u015fdiril\u0259 bil\u0259r. H\u0259r hans\u0131 d\u0259yi\u015fiklikl\u0259r [&hellip;]<\/p>","protected":false},"author":1,"featured_media":0,"parent":0,"menu_order":20,"comment_status":"closed","ping_status":"closed","template":"elementor_header_footer","meta":{"_acf_changed":false,"footnotes":""},"class_list":["post-2585","page","type-page","status-publish","hentry"],"acf":[],"_links":{"self":[{"href":"https:\/\/avantgroup.az\/ru\/wp-json\/wp\/v2\/pages\/2585","targetHints":{"allow":["GET"]}}],"collection":[{"href":"https:\/\/avantgroup.az\/ru\/wp-json\/wp\/v2\/pages"}],"about":[{"href":"https:\/\/avantgroup.az\/ru\/wp-json\/wp\/v2\/types\/page"}],"author":[{"embeddable":true,"href":"https:\/\/avantgroup.az\/ru\/wp-json\/wp\/v2\/users\/1"}],"replies":[{"embeddable":true,"href":"https:\/\/avantgroup.az\/ru\/wp-json\/wp\/v2\/comments?post=2585"}],"version-history":[{"count":16,"href":"https:\/\/avantgroup.az\/ru\/wp-json\/wp\/v2\/pages\/2585\/revisions"}],"predecessor-version":[{"id":4387,"href":"https:\/\/avantgroup.az\/ru\/wp-json\/wp\/v2\/pages\/2585\/revisions\/4387"}],"wp:attachment":[{"href":"https:\/\/avantgroup.az\/ru\/wp-json\/wp\/v2\/media?parent=2585"}],"curies":[{"name":"wp","href":"https:\/\/api.w.org\/{rel}","templated":true}]}}