{"id":2553,"date":"2024-08-22T10:11:26","date_gmt":"2024-08-22T10:11:26","guid":{"rendered":"http:\/\/new-avant.avantgroup.az\/?page_id=2553"},"modified":"2024-09-23T15:41:36","modified_gmt":"2024-09-23T15:41:36","slug":"privacy","status":"publish","type":"page","link":"https:\/\/avantgroup.az\/ru\/privacy\/","title":{"rendered":"Privacy"},"content":{"rendered":"<div data-elementor-type=\"wp-page\" data-elementor-id=\"2553\" class=\"elementor elementor-2553\" data-elementor-post-type=\"page\">\n\t\t\t\t<div class=\"elementor-element elementor-element-61d9709 breadcrumbs e-flex e-con-boxed e-con e-parent\" data-id=\"61d9709\" data-element_type=\"container\">\n\t\t\t\t\t<div class=\"e-con-inner\">\n\t\t\t\t<div class=\"elementor-element elementor-element-1e2288f elementor-widget elementor-widget-heading\" data-id=\"1e2288f\" data-element_type=\"widget\" data-widget_type=\"heading.default\">\n\t\t\t\t<div class=\"elementor-widget-container\">\n\t\t\t<style>\/*! elementor - v3.23.0 - 05-08-2024 *\/\n.elementor-heading-title{padding:0;margin:0;line-height:1}.elementor-widget-heading .elementor-heading-title[class*=elementor-size-]>a{color:inherit;font-size:inherit;line-height:inherit}.elementor-widget-heading .elementor-heading-title.elementor-size-small{font-size:15px}.elementor-widget-heading .elementor-heading-title.elementor-size-medium{font-size:19px}.elementor-widget-heading .elementor-heading-title.elementor-size-large{font-size:29px}.elementor-widget-heading .elementor-heading-title.elementor-size-xl{font-size:39px}.elementor-widget-heading .elementor-heading-title.elementor-size-xxl{font-size:59px}<\/style><h2 class=\"elementor-heading-title elementor-size-default\"><a href=\"https:\/\/avantgroup.az\/ru\/\">\u0413\u043b\u0430\u0432\u043d\u0430\u044f<\/a><\/h2>\t\t<\/div>\n\t\t\t\t<\/div>\n\t\t\t\t<div class=\"elementor-element elementor-element-6b967a2 elementor-widget elementor-widget-heading\" data-id=\"6b967a2\" data-element_type=\"widget\" data-widget_type=\"heading.default\">\n\t\t\t\t<div class=\"elementor-widget-container\">\n\t\t\t<h2 class=\"elementor-heading-title elementor-size-default\">. \u0417\u0430\u044f\u0432\u043b\u0435\u043d\u0438\u0435 \u043e \u043a\u043e\u043d\u0444\u0438\u0434\u0435\u043d\u0446\u0438\u0430\u043b\u044c\u043d\u043e\u0441\u0442\u0438\n<\/h2>\t\t<\/div>\n\t\t\t\t<\/div>\n\t\t\t\t\t<\/div>\n\t\t\t\t<\/div>\n\t\t<div class=\"elementor-element elementor-element-354a334 e-flex e-con-boxed e-con e-parent\" data-id=\"354a334\" data-element_type=\"container\">\n\t\t\t\t\t<div class=\"e-con-inner\">\n\t\t\t\t<div class=\"elementor-element elementor-element-b8ff80e title-banner elementor-widget elementor-widget-heading\" data-id=\"b8ff80e\" data-element_type=\"widget\" data-settings=\"{&quot;_animation&quot;:&quot;none&quot;}\" data-widget_type=\"heading.default\">\n\t\t\t\t<div class=\"elementor-widget-container\">\n\t\t\t<h1 class=\"elementor-heading-title elementor-size-default\">\u0417\u0430\u044f\u0432\u043b\u0435\u043d\u0438\u0435 \u043e \u043a\u043e\u043d\u0444\u0438\u0434\u0435\u043d\u0446\u0438\u0430\u043b\u044c\u043d\u043e\u0441\u0442\u0438<\/h1>\t\t<\/div>\n\t\t\t\t<\/div>\n\t\t\t\t\t<\/div>\n\t\t\t\t<\/div>\n\t\t<div class=\"elementor-element elementor-element-160e861 e-flex e-con-boxed e-con e-parent\" data-id=\"160e861\" data-element_type=\"container\">\n\t\t\t\t\t<div class=\"e-con-inner\">\n\t\t\t\t<div class=\"elementor-element elementor-element-e014e54 elementor-widget__width-initial elementor-widget-tablet__width-inherit elementor-widget-mobile__width-inherit elementor-widget elementor-widget-heading\" data-id=\"e014e54\" data-element_type=\"widget\" data-widget_type=\"heading.default\">\n\t\t\t\t<div class=\"elementor-widget-container\">\n\t\t\t<div class=\"elementor-heading-title elementor-size-default\"><h2 class=\"title-level-2\">\u0421\u0431\u043e\u0440 \u0434\u0430\u043d\u043d\u044b\u0445<\/h2>\n\u041a\u0430\u043a Avant Group, \u043c\u044b \u0437\u0430\u0431\u043e\u0442\u0438\u043c\u0441\u044f \u0438 \u0443\u0432\u0430\u0436\u0430\u0435\u043c \u0432\u0430\u0448\u0443 \u043a\u043e\u043d\u0444\u0438\u0434\u0435\u043d\u0446\u0438\u0430\u043b\u044c\u043d\u043e\u0441\u0442\u044c. \u0427\u0442\u043e\u0431\u044b \u0438\u0441\u043f\u043e\u043b\u044c\u0437\u043e\u0432\u0430\u0442\u044c \u043d\u0430\u0448 \u0441\u0430\u0439\u0442, \u0432\u0430\u043c \u043d\u0435 \u043d\u0443\u0436\u043d\u043e \u043f\u0440\u0435\u0434\u043e\u0441\u0442\u0430\u0432\u043b\u044f\u0442\u044c \u043b\u0438\u0447\u043d\u0443\u044e \u0438\u043d\u0444\u043e\u0440\u043c\u0430\u0446\u0438\u044e \u0432 \u043a\u0430\u0447\u0435\u0441\u0442\u0432\u0435 \u043f\u043e\u0441\u0435\u0442\u0438\u0442\u0435\u043b\u044f. \u041e\u0434\u043d\u0430\u043a\u043e \u0432 \u043e\u043f\u0440\u0435\u0434\u0435\u043b\u0435\u043d\u043d\u044b\u0445 \u0441\u043b\u0443\u0447\u0430\u044f\u0445 \u043c\u044b \u043c\u043e\u0436\u0435\u043c \u0441\u043e\u0431\u0438\u0440\u0430\u0442\u044c \u0438\u043b\u0438 \u043f\u043e\u043b\u0443\u0447\u0430\u0442\u044c \u043b\u0438\u0447\u043d\u0443\u044e \u0438\u043d\u0444\u043e\u0440\u043c\u0430\u0446\u0438\u044e, \u0443\u043a\u0430\u0437\u0430\u043d\u043d\u0443\u044e \u043d\u0438\u0436\u0435:\n<\/br><\/br>\n<li>\n\u0410\u0434\u0440\u0435\u0441 \u044d\u043b\u0435\u043a\u0442\u0440\u043e\u043d\u043d\u043e\u0439 \u043f\u043e\u0447\u0442\u044b \u0438\u043b\u0438 \u043d\u043e\u043c\u0435\u0440 \u0442\u0435\u043b\u0435\u0444\u043e\u043d\u0430, \u043a\u043e\u0442\u043e\u0440\u044b\u0439 \u0432\u044b \u0438\u0441\u043f\u043e\u043b\u044c\u0437\u0443\u0435\u0442\u0435 \u0434\u043b\u044f \u0441\u0432\u044f\u0437\u0438 \u0441 \u043d\u0430\u043c\u0438\n<\/li>\n<li>\n\u0420\u0435\u0437\u044e\u043c\u0435, \u043a\u043e\u0442\u043e\u0440\u043e\u0435 \u0432\u044b \u043e\u0442\u043f\u0440\u0430\u0432\u043b\u044f\u0435\u0442\u0435 \u0434\u043b\u044f \u0440\u0430\u0441\u0441\u043c\u043e\u0442\u0440\u0435\u043d\u0438\u044f \u0432\u0430\u043a\u0430\u043d\u0441\u0438\u0439 \u0432 \u043d\u0430\u0448\u0435\u0439 \u043a\u043e\u043c\u043f\u0430\u043d\u0438\u0438\n<\/li>\n<\/br><\/br>\n\u041a\u0440\u043e\u043c\u0435 \u0442\u043e\u0433\u043e, \u0441\u0442\u0440\u0430\u043d\u0430, \u0432 \u043a\u043e\u0442\u043e\u0440\u043e\u0439 \u0432\u044b \u0436\u0438\u0432\u0435\u0442\u0435, \u043f\u0443\u0431\u043b\u0438\u043a\u0430\u0446\u0438\u0438, \u043a\u043e\u0442\u043e\u0440\u044b\u0435 \u0432\u044b \u0434\u0435\u043b\u0430\u0435\u0442\u0435 \u0432 \u0431\u043b\u043e\u0433\u0430\u0445, \u043d\u0430 \u0444\u043e\u0440\u0443\u043c\u0430\u0445, \u0412\u0438\u043a\u0438-\u0441\u0442\u0440\u0430\u043d\u0438\u0446\u0430\u0445 \u0438 \u0434\u0440\u0443\u0433\u0438\u0445 \u043f\u043b\u0430\u0442\u0444\u043e\u0440\u043c\u0430\u0445 \u0441\u043e\u0446\u0438\u0430\u043b\u044c\u043d\u044b\u0445 \u0441\u0435\u0442\u0435\u0439, \u043a\u043e\u0442\u043e\u0440\u044b\u0435 \u043c\u044b \u043f\u0440\u0435\u0434\u043e\u0441\u0442\u0430\u0432\u043b\u044f\u0435\u043c, \u0432\u0430\u0448 IP-\u0430\u0434\u0440\u0435\u0441, \u0442\u0438\u043f \u0438 \u044f\u0437\u044b\u043a \u0431\u0440\u0430\u0443\u0437\u0435\u0440\u0430, \u0432\u0440\u0435\u043c\u044f \u0432\u0445\u043e\u0434\u0430 \u0432 \u0441\u0438\u0441\u0442\u0435\u043c\u0443, \u0441\u0432\u0435\u0434\u0435\u043d\u0438\u044f \u043e \u0436\u0430\u043b\u043e\u0431\u0430\u0445, \u043f\u043e\u0434\u0440\u043e\u0431\u043d\u043e\u0441\u0442\u0438 \u043e \u0442\u043e\u043c, \u043a\u0430\u043a \u0432\u044b \u0445\u043e\u0442\u0438\u0442\u0435 \u0441 \u043d\u0430\u043c\u0438 \u0432\u0437\u0430\u0438\u043c\u043e\u0434\u0435\u0439\u0441\u0442\u0432\u043e\u0432\u0430\u0442\u044c, \u0438 \u0434\u0440\u0443\u0433\u0438\u0435 \u043f\u043e\u0434\u043e\u0431\u043d\u044b\u0435 \u0434\u0430\u043d\u043d\u044b\u0435 \u0442\u0430\u043a\u0436\u0435 \u043c\u043e\u0433\u0443\u0442 \u0431\u044b\u0442\u044c \u0441\u043e\u0431\u0440\u0430\u043d\u044b. \u042d\u0442\u0430 \u0438\u043d\u0444\u043e\u0440\u043c\u0430\u0446\u0438\u044f \u0441\u043e\u0431\u0438\u0440\u0430\u0435\u0442\u0441\u044f \u0434\u043b\u044f \u0443\u043b\u0443\u0447\u0448\u0435\u043d\u0438\u044f \u0432\u0430\u0448\u0435\u0433\u043e \u043e\u043f\u044b\u0442\u0430 \u0438\u0441\u043f\u043e\u043b\u044c\u0437\u043e\u0432\u0430\u043d\u0438\u044f \u043d\u0430\u0448\u0435\u0433\u043e \u0441\u0430\u0439\u0442\u0430 \u0438 \u043e\u0431\u0435\u0441\u043f\u0435\u0447\u0435\u043d\u0438\u044f \u0435\u0433\u043e \u044d\u0444\u0444\u0435\u043a\u0442\u0438\u0432\u043d\u043e\u0439 \u0440\u0430\u0431\u043e\u0442\u044b. \u0421\u043e\u0431\u0440\u0430\u043d\u043d\u044b\u0435 \u0434\u0430\u043d\u043d\u044b\u0435 \u043d\u0435 \u0431\u0443\u0434\u0443\u0442 \u043f\u0435\u0440\u0435\u0434\u0430\u043d\u044b \u0442\u0440\u0435\u0442\u044c\u0438\u043c \u043b\u0438\u0446\u0430\u043c.\n\n<h2 class=\"title-level-2\">\u041a\u0443\u043a\u0438<\/h2>\nAvant Group \u0438\u0441\u043f\u043e\u043b\u044c\u0437\u0443\u0435\u0442 \u0444\u0430\u0439\u043b\u044b cookie \u0434\u043b\u044f \u0443\u043b\u0443\u0447\u0448\u0435\u043d\u0438\u044f \u0432\u0430\u0448\u0435\u0433\u043e \u043e\u043d\u043b\u0430\u0439\u043d-\u043e\u043f\u044b\u0442\u0430, \u043e\u0442\u043e\u0431\u0440\u0430\u0436\u0435\u043d\u0438\u044f \u043f\u0435\u0440\u0441\u043e\u043d\u0430\u043b\u0438\u0437\u0438\u0440\u043e\u0432\u0430\u043d\u043d\u043e\u0433\u043e \u043a\u043e\u043d\u0442\u0435\u043d\u0442\u0430, \u0440\u0430\u0437\u043c\u0435\u0449\u0435\u043d\u0438\u044f \u0440\u0435\u043b\u0435\u0432\u0430\u043d\u0442\u043d\u043e\u0439 \u0440\u0435\u043a\u043b\u0430\u043c\u044b \u0438 \u0441\u043e\u0445\u0440\u0430\u043d\u0435\u043d\u0438\u044f \u0432\u0430\u0448\u0438\u0445 \u043f\u0440\u0435\u0434\u043f\u043e\u0447\u0442\u0435\u043d\u0438\u0439.\n<\/br><\/br>\n\u0415\u0441\u043b\u0438 \u0432\u044b \u043d\u0435 \u0445\u043e\u0442\u0438\u0442\u0435, \u0447\u0442\u043e\u0431\u044b \u0444\u0430\u0439\u043b\u044b cookie \u0440\u0430\u0437\u043c\u0435\u0449\u0430\u043b\u0438\u0441\u044c \u043d\u0430 \u0432\u0430\u0448\u0435\u043c \u043a\u043e\u043c\u043f\u044c\u044e\u0442\u0435\u0440\u0435, \u0432\u044b \u043c\u043e\u0436\u0435\u0442\u0435 \u0437\u0430\u043f\u0440\u0435\u0442\u0438\u0442\u044c \u0431\u0440\u0430\u0443\u0437\u0435\u0440\u0443 \u043f\u0440\u0438\u043d\u0438\u043c\u0430\u0442\u044c \u0444\u0430\u0439\u043b\u044b cookie \u043f\u0435\u0440\u0435\u0434 \u0438\u0441\u043f\u043e\u043b\u044c\u0437\u043e\u0432\u0430\u043d\u0438\u0435\u043c \u0441\u0430\u0439\u0442\u043e\u0432 Avant Group. \u041e\u0434\u043d\u0430\u043a\u043e \u0438\u043c\u0435\u0439\u0442\u0435 \u0432 \u0432\u0438\u0434\u0443, \u0447\u0442\u043e \u043d\u0435\u043a\u043e\u0442\u043e\u0440\u044b\u0435 \u0444\u0443\u043d\u043a\u0446\u0438\u0438 \u0441\u0430\u0439\u0442\u043e\u0432 Avant Group \u043c\u043e\u0433\u0443\u0442 \u0440\u0430\u0431\u043e\u0442\u0430\u0442\u044c \u043d\u0435\u043a\u043e\u0440\u0440\u0435\u043a\u0442\u043d\u043e \u0431\u0435\u0437 \u043f\u043e\u043c\u043e\u0449\u0438 \u0444\u0430\u0439\u043b\u043e\u0432 cookie. \u0412\u044b \u0441\u043e\u0433\u043b\u0430\u0448\u0430\u0435\u0442\u0435\u0441\u044c \u0441 \u0438\u0441\u043f\u043e\u043b\u044c\u0437\u043e\u0432\u0430\u043d\u0438\u0435\u043c \u0444\u0430\u0439\u043b\u043e\u0432 cookie Avant Group, \u043f\u0440\u043e\u0434\u043e\u043b\u0436\u0430\u044f \u043d\u0430\u0432\u0438\u0433\u0430\u0446\u0438\u044e \u043f\u043e \u043d\u0430\u0448\u0435\u043c\u0443 \u0432\u0435\u0431-\u0441\u0430\u0439\u0442\u0443 \u0431\u0435\u0437 \u0438\u0437\u043c\u0435\u043d\u0435\u043d\u0438\u044f \u043d\u0430\u0441\u0442\u0440\u043e\u0435\u043a \u0444\u0430\u0439\u043b\u043e\u0432 cookie.\n\n<h2 class=\"title-level-2\">\u0421\u0442\u043e\u0440\u043e\u043d\u043d\u0438\u0435 \u0442\u0435\u0445\u043d\u043e\u043b\u043e\u0433\u0438\u0438<\/h2>\n\u041d\u0430\u0448 \u0432\u0435\u0431-\u0441\u0430\u0439\u0442 \u0438\u0441\u043f\u043e\u043b\u044c\u0437\u0443\u0435\u0442 \u0440\u0430\u0437\u043b\u0438\u0447\u043d\u044b\u0435 \u0442\u0435\u0445\u043d\u043e\u043b\u043e\u0433\u0438\u0438 \u0440\u0435\u043c\u0430\u0440\u043a\u0435\u0442\u0438\u043d\u0433\u0430, \u0432 \u0442\u043e\u043c \u0447\u0438\u0441\u043b\u0435 Google, \u0432 \u0440\u0435\u043a\u043b\u0430\u043c\u043d\u044b\u0445 \u0446\u0435\u043b\u044f\u0445. \u042d\u0442\u043e \u043c\u043e\u0436\u0435\u0442 \u0431\u044b\u0442\u044c \u0432 \u0444\u043e\u0440\u043c\u0435 \u043e\u0442\u043e\u0431\u0440\u0430\u0436\u0435\u043d\u0438\u044f \u0440\u0435\u043a\u043b\u0430\u043c\u044b \u043d\u0430 \u0441\u0442\u0440\u0430\u043d\u0438\u0446\u0435 \u0440\u0435\u0437\u0443\u043b\u044c\u0442\u0430\u0442\u043e\u0432 \u043f\u043e\u0438\u0441\u043a\u0430 Google \u0438\u043b\u0438 \u043d\u0430 \u0441\u0430\u0439\u0442\u0435 \u0432 \u0441\u0435\u0442\u0438 Google Display Network. \u0424\u0430\u0439\u043b\u044b cookie \u0438\u0441\u043f\u043e\u043b\u044c\u0437\u0443\u044e\u0442\u0441\u044f \u0441\u0442\u043e\u0440\u043e\u043d\u043d\u0438\u043c\u0438 \u043f\u043e\u0441\u0442\u0430\u0432\u0449\u0438\u043a\u0430\u043c\u0438, \u0432\u043a\u043b\u044e\u0447\u0430\u044f Google, \u0434\u043b\u044f \u043f\u043e\u043a\u0430\u0437\u0430 \u0440\u0435\u043a\u043b\u0430\u043c\u044b \u043d\u0430 \u043e\u0441\u043d\u043e\u0432\u0435 \u0432\u0430\u0448\u0438\u0445 \u043f\u0440\u043e\u0448\u043b\u044b\u0445 \u043f\u043e\u0441\u0435\u0449\u0435\u043d\u0438\u0439. \u041b\u044e\u0431\u0430\u044f \u0438\u043d\u0444\u043e\u0440\u043c\u0430\u0446\u0438\u044f, \u0441\u043e\u0431\u0440\u0430\u043d\u043d\u0430\u044f \u0441 \u043f\u043e\u043c\u043e\u0449\u044c\u044e \u044d\u0442\u0438\u0445 \u0441\u0435\u0440\u0432\u0438\u0441\u043e\u0432, \u0431\u0443\u0434\u0435\u0442 \u0438\u0441\u043f\u043e\u043b\u044c\u0437\u043e\u0432\u0430\u0442\u044c\u0441\u044f \u0432 \u0441\u043e\u043e\u0442\u0432\u0435\u0442\u0441\u0442\u0432\u0438\u0438 \u0441 \u043d\u0430\u0448\u0435\u0439 \u043f\u043e\u043b\u0438\u0442\u0438\u043a\u043e\u0439 \u043a\u043e\u043d\u0444\u0438\u0434\u0435\u043d\u0446\u0438\u0430\u043b\u044c\u043d\u043e\u0441\u0442\u0438 \u0438 \u043f\u043e\u043b\u0438\u0442\u0438\u043a\u043e\u0439 \u043a\u043e\u043d\u0444\u0438\u0434\u0435\u043d\u0446\u0438\u0430\u043b\u044c\u043d\u043e\u0441\u0442\u0438 Google.\n<\/div>\t\t<\/div>\n\t\t\t\t<\/div>\n\t\t\t\t\t<\/div>\n\t\t\t\t<\/div>\n\t\t\t\t<\/div>","protected":false},"excerpt":{"rendered":"<p>Ana S\u0259hif\u0259 . M\u0259xfilik B\u0259yanat\u0131 M\u0259xfilik B\u0259yanat\u0131 M\u0259lumatlar\u0131n Toplanmas\u0131 Avant Group olaraq, m\u0259xfiliyinizi qorumas\u0131na diqq\u0259t edirik v\u0259 h\u00f6rm\u0259tl\u0259 yana\u015f\u0131r\u0131q. Sayt\u0131m\u0131zdan istifad\u0259 etm\u0259k \u00fc\u00e7\u00fcn ziyar\u0259t\u00e7i kimi \u015f\u0259xsi m\u0259lumatlar\u0131n\u0131z\u0131 t\u0259qdim etm\u0259yiniz t\u0259l\u0259b olunmur. Lakin m\u00fc\u0259yy\u0259n hallarda biz a\u015fa\u011f\u0131da g\u00f6st\u0259ril\u0259n \u015f\u0259xsi m\u0259lumatlar\u0131 toplaya v\u0259 ya \u0259ld\u0259 ed\u0259 bil\u0259rik: Biziml\u0259 \u0259laq\u0259 qurmaq \u00fc\u00e7\u00fcn istifad\u0259 etdiyiniz e-po\u00e7t \u00fcnvan\u0131 v\u0259 ya [&hellip;]<\/p>","protected":false},"author":1,"featured_media":0,"parent":0,"menu_order":21,"comment_status":"closed","ping_status":"closed","template":"elementor_header_footer","meta":{"_acf_changed":false,"footnotes":""},"class_list":["post-2553","page","type-page","status-publish","hentry"],"acf":[],"_links":{"self":[{"href":"https:\/\/avantgroup.az\/ru\/wp-json\/wp\/v2\/pages\/2553","targetHints":{"allow":["GET"]}}],"collection":[{"href":"https:\/\/avantgroup.az\/ru\/wp-json\/wp\/v2\/pages"}],"about":[{"href":"https:\/\/avantgroup.az\/ru\/wp-json\/wp\/v2\/types\/page"}],"author":[{"embeddable":true,"href":"https:\/\/avantgroup.az\/ru\/wp-json\/wp\/v2\/users\/1"}],"replies":[{"embeddable":true,"href":"https:\/\/avantgroup.az\/ru\/wp-json\/wp\/v2\/comments?post=2553"}],"version-history":[{"count":28,"href":"https:\/\/avantgroup.az\/ru\/wp-json\/wp\/v2\/pages\/2553\/revisions"}],"predecessor-version":[{"id":4384,"href":"https:\/\/avantgroup.az\/ru\/wp-json\/wp\/v2\/pages\/2553\/revisions\/4384"}],"wp:attachment":[{"href":"https:\/\/avantgroup.az\/ru\/wp-json\/wp\/v2\/media?parent=2553"}],"curies":[{"name":"wp","href":"https:\/\/api.w.org\/{rel}","templated":true}]}}