{"id":1540,"date":"2024-08-16T11:37:40","date_gmt":"2024-08-16T11:37:40","guid":{"rendered":"http:\/\/new-avant.avantgroup.az\/?page_id=1540"},"modified":"2024-10-02T17:09:26","modified_gmt":"2024-10-02T17:09:26","slug":"career","status":"publish","type":"page","link":"https:\/\/avantgroup.az\/ru\/career\/","title":{"rendered":"Career"},"content":{"rendered":"<div data-elementor-type=\"wp-page\" data-elementor-id=\"1540\" class=\"elementor elementor-1540\" data-elementor-post-type=\"page\">\n\t\t\t\t<div class=\"elementor-element elementor-element-20e9fc9 breadcrumbs e-flex e-con-boxed e-con e-parent\" data-id=\"20e9fc9\" data-element_type=\"container\">\n\t\t\t\t\t<div class=\"e-con-inner\">\n\t\t\t\t<div class=\"elementor-element elementor-element-72cd76d elementor-widget elementor-widget-heading\" data-id=\"72cd76d\" data-element_type=\"widget\" data-widget_type=\"heading.default\">\n\t\t\t\t<div class=\"elementor-widget-container\">\n\t\t\t<style>\/*! elementor - v3.23.0 - 05-08-2024 *\/\n.elementor-heading-title{padding:0;margin:0;line-height:1}.elementor-widget-heading .elementor-heading-title[class*=elementor-size-]>a{color:inherit;font-size:inherit;line-height:inherit}.elementor-widget-heading .elementor-heading-title.elementor-size-small{font-size:15px}.elementor-widget-heading .elementor-heading-title.elementor-size-medium{font-size:19px}.elementor-widget-heading .elementor-heading-title.elementor-size-large{font-size:29px}.elementor-widget-heading .elementor-heading-title.elementor-size-xl{font-size:39px}.elementor-widget-heading .elementor-heading-title.elementor-size-xxl{font-size:59px}<\/style><h2 class=\"elementor-heading-title elementor-size-default\"><a href=\"https:\/\/avantgroup.az\/ru\/\">\u0413\u043b\u0430\u0432\u043d\u0430\u044f<\/a><\/h2>\t\t<\/div>\n\t\t\t\t<\/div>\n\t\t\t\t<div class=\"elementor-element elementor-element-88a56ed elementor-widget elementor-widget-heading\" data-id=\"88a56ed\" data-element_type=\"widget\" data-widget_type=\"heading.default\">\n\t\t\t\t<div class=\"elementor-widget-container\">\n\t\t\t<h2 class=\"elementor-heading-title elementor-size-default\"><a href=\"https:\/\/avantgroup.az\/ru\/about\/\">. Avant Group<\/a><\/h2>\t\t<\/div>\n\t\t\t\t<\/div>\n\t\t\t\t<div class=\"elementor-element elementor-element-350528c elementor-widget elementor-widget-heading\" data-id=\"350528c\" data-element_type=\"widget\" data-widget_type=\"heading.default\">\n\t\t\t\t<div class=\"elementor-widget-container\">\n\t\t\t<h2 class=\"elementor-heading-title elementor-size-default\">. \u041a\u0430\u0440\u044c\u0435\u0440\u0430\n<\/h2>\t\t<\/div>\n\t\t\t\t<\/div>\n\t\t\t\t\t<\/div>\n\t\t\t\t<\/div>\n\t\t<div class=\"elementor-element elementor-element-7506ce7 e-flex e-con-boxed e-con e-parent\" data-id=\"7506ce7\" data-element_type=\"container\">\n\t\t\t\t\t<div class=\"e-con-inner\">\n\t\t\t\t<div class=\"elementor-element elementor-element-2ed49a4 title-banner elementor-widget elementor-widget-heading\" data-id=\"2ed49a4\" data-element_type=\"widget\" data-settings=\"{&quot;_animation&quot;:&quot;none&quot;}\" data-widget_type=\"heading.default\">\n\t\t\t\t<div class=\"elementor-widget-container\">\n\t\t\t<h1 class=\"elementor-heading-title elementor-size-default\">G\u0259l\u0259c\u0259k Karyeran\u0131 Biziml\u0259 Qur<\/h1>\t\t<\/div>\n\t\t\t\t<\/div>\n\t\t\t\t\t<\/div>\n\t\t\t\t<\/div>\n\t\t<div class=\"elementor-element elementor-element-ab511ce e-flex e-con-boxed e-con e-parent\" data-id=\"ab511ce\" data-element_type=\"container\">\n\t\t\t\t\t<div class=\"e-con-inner\">\n\t\t<div class=\"elementor-element elementor-element-3b3ca4c e-con-full e-flex e-con e-child\" data-id=\"3b3ca4c\" data-element_type=\"container\">\n\t\t\t\t<div class=\"elementor-element elementor-element-850e9c2 elementor-widget elementor-widget-image\" data-id=\"850e9c2\" data-element_type=\"widget\" data-widget_type=\"image.default\">\n\t\t\t\t<div class=\"elementor-widget-container\">\n\t\t\t\t\t\t\t\t\t\t\t\t\t<img fetchpriority=\"high\" decoding=\"async\" width=\"768\" height=\"1013\" src=\"https:\/\/avantgroup.az\/wp-content\/uploads\/2024\/09\/768x1013.jpg\" class=\"attachment-large size-large wp-image-4704\" alt=\"\" srcset=\"https:\/\/avantgroup.az\/wp-content\/uploads\/2024\/09\/768x1013.jpg 768w, https:\/\/avantgroup.az\/wp-content\/uploads\/2024\/09\/768x1013-227x300.jpg 227w, https:\/\/avantgroup.az\/wp-content\/uploads\/2024\/09\/768x1013-9x12.jpg 9w\" sizes=\"(max-width: 768px) 100vw, 768px\" \/>\t\t\t\t\t\t\t\t\t\t\t\t\t<\/div>\n\t\t\t\t<\/div>\n\t\t\t\t<\/div>\n\t\t<div class=\"elementor-element elementor-element-bb93f40 e-con-full e-flex e-con e-child\" data-id=\"bb93f40\" data-element_type=\"container\">\n\t\t\t\t<div class=\"elementor-element elementor-element-e00c668 elementor-widget__width-initial elementor-widget-tablet__width-inherit elementor-widget-mobile__width-inherit elementor-widget elementor-widget-heading\" data-id=\"e00c668\" data-element_type=\"widget\" data-widget_type=\"heading.default\">\n\t\t\t\t<div class=\"elementor-widget-container\">\n\t\t\t<h2 class=\"elementor-heading-title elementor-size-default\">Avant Group olaraq h\u0259r zaman f\u0259rq yaratmaq ist\u0259y\u0259n istedadl\u0131 \u015f\u0259xsl\u0259rin axtar\u0131\u015f\u0131nday\u0131q. Dinamik i\u015f m\u00fchitimiz yarad\u0131c\u0131l\u0131\u011f\u0131, innovasiyan\u0131 v\u0259 inki\u015faf\u0131 d\u0259st\u0259kl\u0259yir, karyeran\u0131z\u0131 ir\u0259li aparmaq \u00fc\u00e7\u00fcn m\u00fcxt\u0259lif imkanlar t\u0259qdim edir. S\u00fcr\u0259tl\u0259 b\u00f6y\u00fcy\u0259n komandam\u0131zda rol olaraq yerli v\u0259 regional layih\u0259l\u0259rd\u0259 i\u015ftirak ed\u0259, m\u00fcxt\u0259lif irimiqyasl\u0131 in\u015faat layih\u0259l\u0259rinin bir hiss\u0259si ola bil\u0259rsiniz. \u018fg\u0259r siz d\u0259 \u00e7al\u0131\u015fqan, \u0259m\u0259kda\u015fl\u0131\u011fa a\u00e7\u0131q v\u0259 maraql\u0131 layih\u0259l\u0259r\u0259 t\u00f6hf\u0259 verm\u0259kd\u0259 h\u0259v\u0259slisinizs\u0259, sizinl\u0259 tan\u0131\u015f olmaqdan m\u0259mnun olar\u0131q. M\u00fcraci\u0259t \u00fc\u00e7\u00fcn: hr@avantgroup.az<\/h2>\t\t<\/div>\n\t\t\t\t<\/div>\n\t\t<div class=\"elementor-element elementor-element-2212791 e-con-full e-flex e-con e-child\" data-id=\"2212791\" data-element_type=\"container\">\n\t\t\t\t<div class=\"elementor-element elementor-element-d0606aa elementor-align-left contained-btn elementor-widget elementor-widget-button\" data-id=\"d0606aa\" data-element_type=\"widget\" data-widget_type=\"button.default\">\n\t\t\t\t<div class=\"elementor-widget-container\">\n\t\t\t\t\t<div class=\"elementor-button-wrapper\">\n\t\t\t<a class=\"elementor-button elementor-button-link elementor-size-md\" href=\"#vacancy\">\n\t\t\t\t\t\t<span class=\"elementor-button-content-wrapper\">\n\t\t\t\t\t\t<span class=\"elementor-button-icon\">\n\t\t\t\t<svg xmlns=\"http:\/\/www.w3.org\/2000\/svg\" width=\"11\" height=\"44\" viewbox=\"0 0 11 44\"><path d=\"M0 0H4.33446V4.40233C4.33446 6.70285 4.95658 8.95923 6.1329 10.9256L9.60096 16.7237C11.4313 19.7834 11.4681 23.6134 9.69704 26.7087L6.00962 33.1532C4.91245 35.0707 4.33446 37.2485 4.33446 39.4659V44H0V39.7615C0 36.7741 0.779273 33.8401 2.25851 31.2577L6.06711 24.6091C7.09832 22.8088 7.07536 20.5797 6.00734 18.8016L2.43603 12.8554C0.842955 10.2027 0 7.15581 0 4.04905V0Z\"><\/path><\/svg>\t\t\t<\/span>\n\t\t\t\t\t\t\t\t\t<span class=\"elementor-button-text\"> \u0421\u043c\u043e\u0442\u0440\u0435\u0442\u044c \u0432\u0441\u0435 \u0432\u0430\u043a\u0430\u043d\u0441\u0438\u0438<\/span>\n\t\t\t\t\t<\/span>\n\t\t\t\t\t<\/a>\n\t\t<\/div>\n\t\t\t\t<\/div>\n\t\t\t\t<\/div>\n\t\t\t\t<\/div>\n\t\t\t\t<\/div>\n\t\t\t\t\t<\/div>\n\t\t\t\t<\/div>\n\t\t<div class=\"elementor-element elementor-element-f3e47c1 e-flex e-con-boxed e-con e-child\" data-id=\"f3e47c1\" data-element_type=\"container\" id=\"vacancy\" data-settings=\"{&quot;background_background&quot;:&quot;classic&quot;}\">\n\t\t\t\t\t<div class=\"e-con-inner\">\n\t\t<div class=\"elementor-element elementor-element-7db03d0 e-con-full e-flex e-con e-child\" data-id=\"7db03d0\" data-element_type=\"container\">\n\t\t<div class=\"elementor-element elementor-element-602cffd e-con-full e-flex e-con e-child\" data-id=\"602cffd\" data-element_type=\"container\">\n\t\t\t\t<div class=\"elementor-element elementor-element-b8a5214 elementor-widget elementor-widget-html\" data-id=\"b8a5214\" data-element_type=\"widget\" data-widget_type=\"html.default\">\n\t\t\t\t<div class=\"elementor-widget-container\">\n\t\t\t<svg width=\"11\" height=\"44\" viewbox=\"0 0 11 44\" xmlns=\"http:\/\/www.w3.org\/2000\/svg\">\r\n\t\t\t\t<path fill=\"#911436\" d=\"M0 0H4.33446V4.40233C4.33446 6.70285 4.95658 8.95923 6.1329 10.9256L9.60096 16.7237C11.4313 19.7834 11.4681 23.6134 9.69704 26.7087L6.00962 33.1532C4.91245 35.0707 4.33446 37.2485 4.33446 39.4659V44H0V39.7615C0 36.7741 0.779273 33.8401 2.25851 31.2577L6.06711 24.6091C7.09832 22.8088 7.07536 20.5797 6.00734 18.8016L2.43603 12.8554C0.842955 10.2027 0 7.15581 0 4.04905V0Z\"><\/path>\r\n\t\t\t<\/svg>\t\t<\/div>\n\t\t\t\t<\/div>\n\t\t\t\t<div class=\"elementor-element elementor-element-630ffd7 title-level-2-alt elementor-widget elementor-widget-heading\" data-id=\"630ffd7\" data-element_type=\"widget\" data-widget_type=\"heading.default\">\n\t\t\t\t<div class=\"elementor-widget-container\">\n\t\t\t<h2 class=\"elementor-heading-title elementor-size-default\">\u0422\u0435\u043a\u0443\u0449\u0438\u0435 \u0412\u0430\u043a\u0430\u043d\u0441\u0438\u0438\n<\/h2>\t\t<\/div>\n\t\t\t\t<\/div>\n\t\t\t\t<\/div>\n\t\t\t\t<\/div>\n\t\t<div class=\"elementor-element elementor-element-a8f4f68 e-con-full e-flex e-con e-child\" data-id=\"a8f4f68\" data-element_type=\"container\">\n\t\t\t\t<div class=\"elementor-element elementor-element-3680742 elementor-widget elementor-widget-toggle\" data-id=\"3680742\" data-element_type=\"widget\" data-widget_type=\"toggle.default\">\n\t\t\t\t<div class=\"elementor-widget-container\">\n\t\t\t<style>\/*! elementor - v3.23.0 - 05-08-2024 *\/\n.elementor-toggle{text-align:start}.elementor-toggle .elementor-tab-title{font-weight:700;line-height:1;margin:0;padding:15px;border-bottom:1px solid #d5d8dc;cursor:pointer;outline:none}.elementor-toggle .elementor-tab-title .elementor-toggle-icon{display:inline-block;width:1em}.elementor-toggle .elementor-tab-title .elementor-toggle-icon svg{margin-inline-start:-5px;width:1em;height:1em}.elementor-toggle .elementor-tab-title .elementor-toggle-icon.elementor-toggle-icon-right{float:right;text-align:right}.elementor-toggle .elementor-tab-title .elementor-toggle-icon.elementor-toggle-icon-left{float:left;text-align:left}.elementor-toggle .elementor-tab-title .elementor-toggle-icon .elementor-toggle-icon-closed{display:block}.elementor-toggle .elementor-tab-title .elementor-toggle-icon .elementor-toggle-icon-opened{display:none}.elementor-toggle .elementor-tab-title.elementor-active{border-bottom:none}.elementor-toggle .elementor-tab-title.elementor-active .elementor-toggle-icon-closed{display:none}.elementor-toggle .elementor-tab-title.elementor-active .elementor-toggle-icon-opened{display:block}.elementor-toggle .elementor-tab-content{padding:15px;border-bottom:1px solid #d5d8dc;display:none}@media (max-width:767px){.elementor-toggle .elementor-tab-title{padding:12px}.elementor-toggle .elementor-tab-content{padding:12px 10px}}.e-con-inner>.elementor-widget-toggle,.e-con>.elementor-widget-toggle{width:var(--container-widget-width);--flex-grow:var(--container-widget-flex-grow)}<\/style>\t\t<div class=\"elementor-toggle\">\n\t\t\t\t\t\t\t<div class=\"elementor-toggle-item\">\n\t\t\t\t\t<div id=\"elementor-tab-title-5711\" class=\"elementor-tab-title\" data-tab=\"1\" role=\"button\" aria-controls=\"elementor-tab-content-5711\" aria-expanded=\"false\">\n\t\t\t\t\t\t\t\t\t\t\t\t<span class=\"elementor-toggle-icon elementor-toggle-icon-right\" aria-hidden=\"true\">\n\t\t\t\t\t\t\t\t\t\t\t\t\t\t\t<span class=\"elementor-toggle-icon-closed\"><svg class=\"e-font-icon-svg e-fas-chevron-down\" viewbox=\"0 0 448 512\" xmlns=\"http:\/\/www.w3.org\/2000\/svg\"><path d=\"M207.029 381.476L12.686 187.132c-9.373-9.373-9.373-24.569 0-33.941l22.667-22.667c9.357-9.357 24.522-9.375 33.901-.04L224 284.505l154.745-154.021c9.379-9.335 24.544-9.317 33.901.04l22.667 22.667c9.373 9.373 9.373 24.569 0 33.941L240.971 381.476c-9.373 9.372-24.569 9.372-33.942 0z\"><\/path><\/svg><\/span>\n\t\t\t\t\t\t\t\t<span class=\"elementor-toggle-icon-opened\"><svg class=\"elementor-toggle-icon-opened e-font-icon-svg e-fas-chevron-up\" viewbox=\"0 0 448 512\" xmlns=\"http:\/\/www.w3.org\/2000\/svg\"><path d=\"M240.971 130.524l194.343 194.343c9.373 9.373 9.373 24.569 0 33.941l-22.667 22.667c-9.357 9.357-24.522 9.375-33.901.04L224 227.495 69.255 381.516c-9.379 9.335-24.544 9.317-33.901-.04l-22.667-22.667c-9.373-9.373-9.373-24.569 0-33.941L207.03 130.525c9.372-9.373 24.568-9.373 33.941-.001z\"><\/path><\/svg><\/span>\n\t\t\t\t\t\t\t\t\t\t\t\t\t<\/span>\n\t\t\t\t\t\t\t\t\t\t\t\t<a class=\"elementor-toggle-title\" tabindex=\"0\">S\u0259n\u0259dl\u0259rl\u0259 i\u015f \u00fczr\u0259 m\u00fct\u0259x\u0259ssis<\/a>\n\t\t\t\t\t<\/div>\n\n\t\t\t\t\t<div id=\"elementor-tab-content-5711\" class=\"elementor-tab-content elementor-clearfix\" data-tab=\"1\" role=\"region\" aria-labelledby=\"elementor-tab-title-5711\"><p><strong>V\u0259zif\u0259 funksiyalar\u0131:<\/strong><\/p><ul><li>M\u00fc\u0259ssis\u0259d\u0259 s\u0259n\u0259dl\u0259rin d\u00fczg\u00fcn idar\u0259 edilm\u0259sinin t\u0259\u015fkil ed\u0259r\u0259k daxil olan s\u0259n\u0259dl\u0259ri q\u0259bul etm\u0259k, qeyd\u0259 almaq v\u0259 aidiyyat\u0131 \u00fczr\u0259 b\u00f6l\u00fc\u015fd\u00fcrm\u0259k;<\/li><li>S\u0259n\u0259dl\u0259rin uy\u011funlu\u011funun yoxlan\u0131lmas\u0131, s\u0259n\u0259dl\u0259ri elektron qovluqlarda (serverd\u0259) d\u00fczg\u00fcn \u015f\u0259kild\u0259 yerl\u0259\u015fdirilm\u0259si v\u0259 qovluqlar\u0131n vahid struktur-sistem formas\u0131nda t\u0259\u015fkilin\u0259 n\u0259zar\u0259t edilm\u0259si.<\/li><li>Elektron s\u0259n\u0259d d\u00f6vriyy\u0259si sisteminin effektiv istifad\u0259sini t\u0259\u015fkil etm\u0259k\u00a0<\/li><li>Sifari\u015f\u00e7i il\u0259 Podrat\u00e7\u0131 \u015firk\u0259t aras\u0131nda sistemli olaraq s\u0259n\u0259d m\u00fcbadil\u0259sinin yerin\u0259 yetirilm\u0259si v\u0259 n\u0259zar\u0259t olunmas\u0131;<\/li><li>Sifari\u015f\u00e7i il\u0259 m\u00fct\u0259madi \u00fcnsiyy\u0259t t\u0259\u015fkil ed\u0259r\u0259k S\u0259n\u0259dl\u0259rin Sifari\u015f\u00e7inin keyfiyy\u0259t v\u0259 prosedur t\u0259l\u0259bl\u0259rin\u0259 uy\u011fun olaraq haz\u0131rlanmas\u0131n\u0131 raz\u0131la\u015fd\u0131rmaq v\u0259 t\u0259min etm\u0259k;<\/li><li>B\u00fct\u00fcn s\u0259n\u0259d v\u0259 m\u0259lumatlar\u0131n qeydiyyat sistemin\u0259 daxil edilm\u0259si, onlar\u0131n d\u0259qiq v\u0259 m\u00f6vcud tarix\u0259 uy\u011fun \u015f\u0259kild\u0259 s\u0131ralanmas\u0131n\u0131n t\u0259min edilm\u0259si, d\u00f6vriyy\u0259d\u0259 olan s\u0259n\u0259dl\u0259r bar\u0259d\u0259 m\u0259lumatlar\u0131n m\u00fcvafiq qaydada \u00f6t\u00fcr\u00fclm\u0259si v\u0259 q\u0259bul edilm\u0259si;<\/li><li>Sifari\u015f\u00e7i v\u0259 subpodrat\u00e7\u0131lar daxil olmaqla b\u00fct\u00fcn m\u00fcvafiq t\u0259r\u0259fl\u0259rd\u0259n s\u0259n\u0259d ax\u0131n\u0131n\u0131n qeydiyyat\u0131n\u0131 v\u0259 n\u0259zar\u0259tinin t\u0259\u015fkili;<\/li><li>S\u0259n\u0259d d\u00f6vriyy\u0259sinin u\u00e7ot-n\u0259zar\u0259t i\u015fini t\u0259\u015fkil etm\u0259kl\u0259 s\u0259n\u0259dl\u0259rin d\u00f6vriyy\u0259sin\u0259 v\u0259 icra m\u00fcdd\u0259tin\u0259 n\u0259zar\u0259t etm\u0259k, gecikm\u0259 hallar\u0131 bar\u0259d\u0259 r\u0259hb\u0259rliyi m\u0259lumatland\u0131rmaq;<\/li><li>S\u0259n\u0259dl\u0259rin t\u0259hl\u00fck\u0259sizliyinin t\u0259min olunmas\u0131 \u00fc\u00e7\u00fcn ehtiyat n\u00fcsx\u0259l\u0259rinin saxlanmas\u0131 v\u0259 arxivl\u0259\u015fdirm\u0259;<\/li><li>M\u00fc\u0259ssis\u0259d\u0259 t\u0259tbiq olunan proqram t\u0259minat\u0131nda s\u0259n\u0259d d\u00f6vriyy\u0259sind\u0259n v\u0259 m\u0259lumatlar\u0131n qeydiyyat\u0131ndan ir\u0259li g\u0259l\u0259n i\u015fl\u0259rin, s\u0259n\u0259dl\u0259rin, m\u0259lumatlar\u0131n proqrama daxil edilm\u0259si, izl\u0259nilm\u0259si.<\/li><\/ul><p><strong>V\u0259zif\u0259y\u0259 olan t\u0259l\u0259bl\u0259r:\u00a0<\/strong><\/p><ul><li>T\u0259hsil:\u00a0Ali t\u0259hsil<\/li><li>\u0130\u015f t\u0259cr\u00fcb\u0259si:\u00a0m\u00fcvafiq sah\u0259 \u00fczr\u0259 2 ild\u0259n az olmayaraq<\/li><li>Komp\u00fcter bilikl\u0259ri: Microsoft Office proqramlar\u0131<\/li><li>Dil bilikl\u0259ri:\u00a0Az\u0259rbaycan dili , Rus v\u0259 \u0130ngilis dili\u00a0<\/li><li>Korporativ yaz\u0131\u015fma v\u0259 i\u015fg\u00fczar dan\u0131\u015f\u0131qlar\u0131n apar\u0131lmas\u0131 bacar\u0131qlar\u0131<\/li><\/ul><p><strong>\u0130\u015f \u015e\u0259raiti:<\/strong><\/p><ul><li>\u0130\u015f yeri-\u00c7\u0131raq Plaza<\/li><li>\u0130\u015f qrafiki: 5 g\u00fcn (\u015f\u0259nb\u0259, bazar istirah\u0259t g\u00fcn\u00fc)<\/li><li>Nahar \u015firk\u0259t t\u0259r\u0259find\u0259n t\u0259min olunur<\/li><li>\u018fm\u0259k Haqq\u0131: 1000 -1300 AZN net<\/li><\/ul><p>M\u00fcraci\u0259t \u00fc\u00e7\u00fcn: hr@avantgroup.az<\/p><\/div>\n\t\t\t\t<\/div>\n\t\t\t\t\t\t\t\t\t\t<script type=\"application\/ld+json\">{\"@context\":\"https:\\\/\\\/schema.org\",\"@type\":\"FAQPage\",\"mainEntity\":[{\"@type\":\"Question\",\"name\":\"S\\u0259n\\u0259dl\\u0259rl\\u0259 i\\u015f \\u00fczr\\u0259 m\\u00fct\\u0259x\\u0259ssis\",\"acceptedAnswer\":{\"@type\":\"Answer\",\"text\":\"<p><strong>V\\u0259zif\\u0259 funksiyalar\\u0131:<\\\/strong><\\\/p><ul><li>M\\u00fc\\u0259ssis\\u0259d\\u0259 s\\u0259n\\u0259dl\\u0259rin d\\u00fczg\\u00fcn idar\\u0259 edilm\\u0259sinin t\\u0259\\u015fkil ed\\u0259r\\u0259k daxil olan s\\u0259n\\u0259dl\\u0259ri q\\u0259bul etm\\u0259k, qeyd\\u0259 almaq v\\u0259 aidiyyat\\u0131 \\u00fczr\\u0259 b\\u00f6l\\u00fc\\u015fd\\u00fcrm\\u0259k;<\\\/li><li>S\\u0259n\\u0259dl\\u0259rin uy\\u011funlu\\u011funun yoxlan\\u0131lmas\\u0131, s\\u0259n\\u0259dl\\u0259ri elektron qovluqlarda (serverd\\u0259) d\\u00fczg\\u00fcn \\u015f\\u0259kild\\u0259 yerl\\u0259\\u015fdirilm\\u0259si v\\u0259 qovluqlar\\u0131n vahid struktur-sistem formas\\u0131nda t\\u0259\\u015fkilin\\u0259 n\\u0259zar\\u0259t edilm\\u0259si.<\\\/li><li>Elektron s\\u0259n\\u0259d d\\u00f6vriyy\\u0259si sisteminin effektiv istifad\\u0259sini t\\u0259\\u015fkil etm\\u0259k\\u00a0<\\\/li><li>Sifari\\u015f\\u00e7i il\\u0259 Podrat\\u00e7\\u0131 \\u015firk\\u0259t aras\\u0131nda sistemli olaraq s\\u0259n\\u0259d m\\u00fcbadil\\u0259sinin yerin\\u0259 yetirilm\\u0259si v\\u0259 n\\u0259zar\\u0259t olunmas\\u0131;<\\\/li><li>Sifari\\u015f\\u00e7i il\\u0259 m\\u00fct\\u0259madi \\u00fcnsiyy\\u0259t t\\u0259\\u015fkil ed\\u0259r\\u0259k S\\u0259n\\u0259dl\\u0259rin Sifari\\u015f\\u00e7inin keyfiyy\\u0259t v\\u0259 prosedur t\\u0259l\\u0259bl\\u0259rin\\u0259 uy\\u011fun olaraq haz\\u0131rlanmas\\u0131n\\u0131 raz\\u0131la\\u015fd\\u0131rmaq v\\u0259 t\\u0259min etm\\u0259k;<\\\/li><li>B\\u00fct\\u00fcn s\\u0259n\\u0259d v\\u0259 m\\u0259lumatlar\\u0131n qeydiyyat sistemin\\u0259 daxil edilm\\u0259si, onlar\\u0131n d\\u0259qiq v\\u0259 m\\u00f6vcud tarix\\u0259 uy\\u011fun \\u015f\\u0259kild\\u0259 s\\u0131ralanmas\\u0131n\\u0131n t\\u0259min edilm\\u0259si, d\\u00f6vriyy\\u0259d\\u0259 olan s\\u0259n\\u0259dl\\u0259r bar\\u0259d\\u0259 m\\u0259lumatlar\\u0131n m\\u00fcvafiq qaydada \\u00f6t\\u00fcr\\u00fclm\\u0259si v\\u0259 q\\u0259bul edilm\\u0259si;<\\\/li><li>Sifari\\u015f\\u00e7i v\\u0259 subpodrat\\u00e7\\u0131lar daxil olmaqla b\\u00fct\\u00fcn m\\u00fcvafiq t\\u0259r\\u0259fl\\u0259rd\\u0259n s\\u0259n\\u0259d ax\\u0131n\\u0131n\\u0131n qeydiyyat\\u0131n\\u0131 v\\u0259 n\\u0259zar\\u0259tinin t\\u0259\\u015fkili;<\\\/li><li>S\\u0259n\\u0259d d\\u00f6vriyy\\u0259sinin u\\u00e7ot-n\\u0259zar\\u0259t i\\u015fini t\\u0259\\u015fkil etm\\u0259kl\\u0259 s\\u0259n\\u0259dl\\u0259rin d\\u00f6vriyy\\u0259sin\\u0259 v\\u0259 icra m\\u00fcdd\\u0259tin\\u0259 n\\u0259zar\\u0259t etm\\u0259k, gecikm\\u0259 hallar\\u0131 bar\\u0259d\\u0259 r\\u0259hb\\u0259rliyi m\\u0259lumatland\\u0131rmaq;<\\\/li><li>S\\u0259n\\u0259dl\\u0259rin t\\u0259hl\\u00fck\\u0259sizliyinin t\\u0259min olunmas\\u0131 \\u00fc\\u00e7\\u00fcn ehtiyat n\\u00fcsx\\u0259l\\u0259rinin saxlanmas\\u0131 v\\u0259 arxivl\\u0259\\u015fdirm\\u0259;<\\\/li><li>M\\u00fc\\u0259ssis\\u0259d\\u0259 t\\u0259tbiq olunan proqram t\\u0259minat\\u0131nda s\\u0259n\\u0259d d\\u00f6vriyy\\u0259sind\\u0259n v\\u0259 m\\u0259lumatlar\\u0131n qeydiyyat\\u0131ndan ir\\u0259li g\\u0259l\\u0259n i\\u015fl\\u0259rin, s\\u0259n\\u0259dl\\u0259rin, m\\u0259lumatlar\\u0131n proqrama daxil edilm\\u0259si, izl\\u0259nilm\\u0259si.<\\\/li><\\\/ul><p><strong>V\\u0259zif\\u0259y\\u0259 olan t\\u0259l\\u0259bl\\u0259r:\\u00a0<\\\/strong><\\\/p><ul><li>T\\u0259hsil:\\u00a0Ali t\\u0259hsil<\\\/li><li>\\u0130\\u015f t\\u0259cr\\u00fcb\\u0259si:\\u00a0m\\u00fcvafiq sah\\u0259 \\u00fczr\\u0259 2 ild\\u0259n az olmayaraq<\\\/li><li>Komp\\u00fcter bilikl\\u0259ri: Microsoft Office proqramlar\\u0131<\\\/li><li>Dil bilikl\\u0259ri:\\u00a0Az\\u0259rbaycan dili , Rus v\\u0259 \\u0130ngilis dili\\u00a0<\\\/li><li>Korporativ yaz\\u0131\\u015fma v\\u0259 i\\u015fg\\u00fczar dan\\u0131\\u015f\\u0131qlar\\u0131n apar\\u0131lmas\\u0131 bacar\\u0131qlar\\u0131<\\\/li><\\\/ul><p><strong>\\u0130\\u015f \\u015e\\u0259raiti:<\\\/strong><\\\/p><ul><li>\\u0130\\u015f yeri-\\u00c7\\u0131raq Plaza<\\\/li><li>\\u0130\\u015f qrafiki: 5 g\\u00fcn (\\u015f\\u0259nb\\u0259, bazar istirah\\u0259t g\\u00fcn\\u00fc)<\\\/li><li>Nahar \\u015firk\\u0259t t\\u0259r\\u0259find\\u0259n t\\u0259min olunur<\\\/li><li>\\u018fm\\u0259k Haqq\\u0131: 1000 -1300 AZN net<\\\/li><\\\/ul><p>M\\u00fcraci\\u0259t \\u00fc\\u00e7\\u00fcn: hr@avantgroup.az<\\\/p>\"}}]}<\/script>\n\t\t\t\t\t<\/div>\n\t\t\t\t<\/div>\n\t\t\t\t<\/div>\n\t\t\t\t<\/div>\n\t\t\t\t\t<\/div>\n\t\t\t\t<\/div>\n\t\t\t\t<\/div>","protected":false},"excerpt":{"rendered":"<p>Ana S\u0259hif\u0259 . Avant Qrup . Karyera G\u0259l\u0259c\u0259k Karyeran\u0131 Biziml\u0259 Qur Avant Group olaraq h\u0259r zaman f\u0259rq yaratmaq ist\u0259y\u0259n istedadl\u0131 \u015f\u0259xsl\u0259rin axtar\u0131\u015f\u0131nday\u0131q. Dinamik i\u015f m\u00fchitimiz yarad\u0131c\u0131l\u0131\u011f\u0131, innovasiyan\u0131 v\u0259 inki\u015faf\u0131 d\u0259st\u0259kl\u0259yir, karyeran\u0131z\u0131 ir\u0259li aparmaq \u00fc\u00e7\u00fcn m\u00fcxt\u0259lif imkanlar t\u0259qdim edir. S\u00fcr\u0259tl\u0259 b\u00f6y\u00fcy\u0259n komandam\u0131zda rol olaraq yerli v\u0259 regional layih\u0259l\u0259rd\u0259 i\u015ftirak ed\u0259, m\u00fcxt\u0259lif irimiqyasl\u0131 in\u015faat layih\u0259l\u0259rinin bir hiss\u0259si [&hellip;]<\/p>","protected":false},"author":1,"featured_media":0,"parent":0,"menu_order":37,"comment_status":"closed","ping_status":"closed","template":"elementor_header_footer","meta":{"_acf_changed":false,"footnotes":""},"class_list":["post-1540","page","type-page","status-publish","hentry"],"acf":[],"_links":{"self":[{"href":"https:\/\/avantgroup.az\/ru\/wp-json\/wp\/v2\/pages\/1540","targetHints":{"allow":["GET"]}}],"collection":[{"href":"https:\/\/avantgroup.az\/ru\/wp-json\/wp\/v2\/pages"}],"about":[{"href":"https:\/\/avantgroup.az\/ru\/wp-json\/wp\/v2\/types\/page"}],"author":[{"embeddable":true,"href":"https:\/\/avantgroup.az\/ru\/wp-json\/wp\/v2\/users\/1"}],"replies":[{"embeddable":true,"href":"https:\/\/avantgroup.az\/ru\/wp-json\/wp\/v2\/comments?post=1540"}],"version-history":[{"count":82,"href":"https:\/\/avantgroup.az\/ru\/wp-json\/wp\/v2\/pages\/1540\/revisions"}],"predecessor-version":[{"id":5204,"href":"https:\/\/avantgroup.az\/ru\/wp-json\/wp\/v2\/pages\/1540\/revisions\/5204"}],"wp:attachment":[{"href":"https:\/\/avantgroup.az\/ru\/wp-json\/wp\/v2\/media?parent=1540"}],"curies":[{"name":"wp","href":"https:\/\/api.w.org\/{rel}","templated":true}]}}