{"id":4901,"date":"2024-10-02T01:30:41","date_gmt":"2024-10-02T01:30:41","guid":{"rendered":"http:\/\/new-avant.avantgroup.az\/?page_id=4901"},"modified":"2025-09-08T12:30:08","modified_gmt":"2025-09-08T12:30:08","slug":"afiy%c9%99ddin","status":"publish","type":"page","link":"https:\/\/avantgroup.az\/en\/project-single\/afiy%c9%99ddin\/","title":{"rendered":"Avenue 8"},"content":{"rendered":"<div data-elementor-type=\"wp-page\" data-elementor-id=\"4901\" class=\"elementor elementor-4901\" data-elementor-post-type=\"page\">\n\t\t\t\t<div class=\"elementor-element elementor-element-128d7779 e-flex e-con-boxed e-con e-child\" data-id=\"128d7779\" data-element_type=\"container\" data-settings=\"{&quot;background_background&quot;:&quot;classic&quot;}\">\n\t\t\t\t\t<div class=\"e-con-inner\">\n\t\t<div class=\"elementor-element elementor-element-1763ca7e e-con-full e-flex e-con e-child\" data-id=\"1763ca7e\" data-element_type=\"container\">\n\t\t\t\t<div class=\"elementor-element elementor-element-566a676c elementor-widget__width-initial elementor-widget elementor-widget-heading\" data-id=\"566a676c\" data-element_type=\"widget\" data-widget_type=\"heading.default\">\n\t\t\t\t<div class=\"elementor-widget-container\">\n\t\t\t<style>\/*! elementor - v3.23.0 - 05-08-2024 *\/\n.elementor-heading-title{padding:0;margin:0;line-height:1}.elementor-widget-heading .elementor-heading-title[class*=elementor-size-]>a{color:inherit;font-size:inherit;line-height:inherit}.elementor-widget-heading .elementor-heading-title.elementor-size-small{font-size:15px}.elementor-widget-heading .elementor-heading-title.elementor-size-medium{font-size:19px}.elementor-widget-heading .elementor-heading-title.elementor-size-large{font-size:29px}.elementor-widget-heading .elementor-heading-title.elementor-size-xl{font-size:39px}.elementor-widget-heading .elementor-heading-title.elementor-size-xxl{font-size:59px}<\/style><h2 class=\"elementor-heading-title elementor-size-default\">Construction works<\/h2>\t\t<\/div>\n\t\t\t\t<\/div>\n\t\t\t\t<div class=\"elementor-element elementor-element-58415d6c elementor-widget__width-initial elementor-widget elementor-widget-heading\" data-id=\"58415d6c\" data-element_type=\"widget\" data-widget_type=\"heading.default\">\n\t\t\t\t<div class=\"elementor-widget-container\">\n\t\t\t<h2 class=\"elementor-heading-title elementor-size-default\">Accommodation<\/h2>\t\t<\/div>\n\t\t\t\t<\/div>\n\t\t\t\t<\/div>\n\t\t\t\t<div class=\"elementor-element elementor-element-6f6313e3 elementor-widget__width-initial title-banner elementor-widget elementor-widget-heading\" data-id=\"6f6313e3\" data-element_type=\"widget\" data-widget_type=\"heading.default\">\n\t\t\t\t<div class=\"elementor-widget-container\">\n\t\t\t<h1 class=\"elementor-heading-title elementor-size-default\">Avenue 8 Residence<\/h1>\t\t<\/div>\n\t\t\t\t<\/div>\n\t\t<div class=\"elementor-element elementor-element-690b0a32 e-con-full e-flex e-con e-child\" data-id=\"690b0a32\" data-element_type=\"container\">\n\t\t\t\t<div class=\"elementor-element elementor-element-3f6fd3ef elementor-widget elementor-widget-heading\" data-id=\"3f6fd3ef\" data-element_type=\"widget\" data-widget_type=\"heading.default\">\n\t\t\t\t<div class=\"elementor-widget-container\">\n\t\t\t<h2 class=\"elementor-heading-title elementor-size-default\">2025<\/h2>\t\t<\/div>\n\t\t\t\t<\/div>\n\t\t\t\t<div class=\"elementor-element elementor-element-14b38e8e elementor-widget elementor-widget-heading\" data-id=\"14b38e8e\" data-element_type=\"widget\" data-widget_type=\"heading.default\">\n\t\t\t\t<div class=\"elementor-widget-container\">\n\t\t\t<h2 class=\"elementor-heading-title elementor-size-default\">.<\/h2>\t\t<\/div>\n\t\t\t\t<\/div>\n\t\t\t\t<div class=\"elementor-element elementor-element-7703a8f1 elementor-widget elementor-widget-heading\" data-id=\"7703a8f1\" data-element_type=\"widget\" data-widget_type=\"heading.default\">\n\t\t\t\t<div class=\"elementor-widget-container\">\n\t\t\t<h2 class=\"elementor-heading-title elementor-size-default\">Baku<\/h2>\t\t<\/div>\n\t\t\t\t<\/div>\n\t\t\t\t<div class=\"elementor-element elementor-element-643847b5 elementor-widget elementor-widget-heading\" data-id=\"643847b5\" data-element_type=\"widget\" data-widget_type=\"heading.default\">\n\t\t\t\t<div class=\"elementor-widget-container\">\n\t\t\t<h2 class=\"elementor-heading-title elementor-size-default\">.<\/h2>\t\t<\/div>\n\t\t\t\t<\/div>\n\t\t\t\t<div class=\"elementor-element elementor-element-13a32409 elementor-widget elementor-widget-heading\" data-id=\"13a32409\" data-element_type=\"widget\" data-widget_type=\"heading.default\">\n\t\t\t\t<div class=\"elementor-widget-container\">\n\t\t\t<h2 class=\"elementor-heading-title elementor-size-default\">43 000 m<sup>2<\/sup><\/h2>\t\t<\/div>\n\t\t\t\t<\/div>\n\t\t\t\t<div class=\"elementor-element elementor-element-4fe37ae0 elementor-widget elementor-widget-heading\" data-id=\"4fe37ae0\" data-element_type=\"widget\" data-widget_type=\"heading.default\">\n\t\t\t\t<div class=\"elementor-widget-container\">\n\t\t\t<h2 class=\"elementor-heading-title elementor-size-default\">.<\/h2>\t\t<\/div>\n\t\t\t\t<\/div>\n\t\t\t\t<div class=\"elementor-element elementor-element-444a85b1 elementor-widget elementor-widget-heading\" data-id=\"444a85b1\" data-element_type=\"widget\" data-widget_type=\"heading.default\">\n\t\t\t\t<div class=\"elementor-widget-container\">\n\t\t\t<h2 class=\"elementor-heading-title elementor-size-default\">Residential Development<\/h2>\t\t<\/div>\n\t\t\t\t<\/div>\n\t\t\t\t<\/div>\n\t\t\t\t\t<\/div>\n\t\t\t\t<\/div>\n\t\t<div class=\"elementor-element elementor-element-fcd30b7 e-flex e-con-boxed e-con e-child\" data-id=\"fcd30b7\" data-element_type=\"container\" data-settings=\"{&quot;background_background&quot;:&quot;classic&quot;}\">\n\t\t\t\t\t<div class=\"e-con-inner\">\n\t\t<div class=\"elementor-element elementor-element-4633fcb e-con-full e-flex e-con e-child\" data-id=\"4633fcb\" data-element_type=\"container\">\n\t\t\t\t<div class=\"elementor-element elementor-element-11e3815 title-level-1 elementor-widget elementor-widget-heading\" data-id=\"11e3815\" data-element_type=\"widget\" data-widget_type=\"heading.default\">\n\t\t\t\t<div class=\"elementor-widget-container\">\n\t\t\t<h1 class=\"elementor-heading-title elementor-size-default\">Construction, Renovation and Facility Management<\/h1>\t\t<\/div>\n\t\t\t\t<\/div>\n\t\t\t\t<\/div>\n\t\t<div class=\"elementor-element elementor-element-570fb60 e-con-full e-flex e-con e-child\" data-id=\"570fb60\" data-element_type=\"container\">\n\t\t<div class=\"elementor-element elementor-element-4b2f641 e-con-full project-description e-flex e-con e-child\" data-id=\"4b2f641\" data-element_type=\"container\">\n\t\t\t\t<div class=\"elementor-element elementor-element-5097a69 title-level-5 elementor-widget elementor-widget-heading\" data-id=\"5097a69\" data-element_type=\"widget\" data-widget_type=\"heading.default\">\n\t\t\t\t<div class=\"elementor-widget-container\">\n\t\t\t<style>\/*! elementor - v3.23.0 - 05-08-2024 *\/\n.elementor-heading-title{padding:0;margin:0;line-height:1}.elementor-widget-heading .elementor-heading-title[class*=elementor-size-]>a{color:inherit;font-size:inherit;line-height:inherit}.elementor-widget-heading .elementor-heading-title.elementor-size-small{font-size:15px}.elementor-widget-heading .elementor-heading-title.elementor-size-medium{font-size:19px}.elementor-widget-heading .elementor-heading-title.elementor-size-large{font-size:29px}.elementor-widget-heading .elementor-heading-title.elementor-size-xl{font-size:39px}.elementor-widget-heading .elementor-heading-title.elementor-size-xxl{font-size:59px}<\/style><h5 class=\"elementor-heading-title elementor-size-default\">Project Overview<\/h5>\t\t<\/div>\n\t\t\t\t<\/div>\n\t\t\t\t<div class=\"elementor-element elementor-element-d532639 elementor-widget elementor-widget-heading\" data-id=\"d532639\" data-element_type=\"widget\" data-widget_type=\"heading.default\">\n\t\t\t\t<div class=\"elementor-widget-container\">\n\t\t\t<h2 class=\"elementor-heading-title elementor-size-default\">Avenue 8 Residence \u2013 m\u00fcasir memarl\u0131\u011f\u0131n v\u0259 y\u00fcks\u0259k ya\u015fay\u0131\u015f standartlar\u0131n\u0131n qovu\u015fdu\u011fu unikal layih\u0259dir. \u0130ki paralel binadan ibar\u0259t kompleks 27 v\u0259 30 m\u0259rt\u0259b\u0259li olmaqla, memarl\u0131q bax\u0131m\u0131ndan olduqca f\u0259rqlidir. Binalar tamamil\u0259 \u015f\u00fc\u015f\u0259 konstruksiyadan ibar\u0259tdir.\r\n\r\nAvenue 8 Residence h\u0259m d\u0259 \u0259lveri\u015fli yerl\u0259\u015fm\u0259si il\u0259 se\u00e7ilir \u2013 kompleksin yax\u0131nl\u0131\u011f\u0131nda bir \u00e7ox premium restoran, ticar\u0259t m\u0259rk\u0259zl\u0259ri v\u0259 i\u015fg\u00fczar obyektl\u0259r m\u00f6vcuddur.\r\n\r\nLayih\u0259nin sakinl\u0259ri \u00fc\u00e7\u00fcn m\u00fcxt\u0259lif premium xidm\u0259tl\u0259r n\u0259z\u0259rd\u0259 tutulub:\r\n\r\n\u2013 24 saat f\u0259aliyy\u0259t g\u00f6st\u0259r\u0259n front service\r\n\u2013 Infiniti hovuz v\u0259 fitnes zal\u0131\r\n\u2013 SPA v\u0259 yoqa m\u0259rk\u0259zi\r\n\u2013 U\u015faqlar \u00fc\u00e7\u00fcn t\u0259hl\u00fck\u0259siz v\u0259 \u0259yl\u0259nc\u0259li kids zona\r\n\u2013 \u0130\u015f g\u00f6r\u00fc\u015fm\u0259l\u0259ri v\u0259 f\u0259rdi i\u015f \u00fc\u00e7\u00fcn co-working zonas\u0131\r\n\u2013 M\u00fcxt\u0259lif m\u0259tb\u0259xl\u0259ri bir araya g\u0259tir\u0259n food court\r\n\u2013 Tennis court\r\n\r\nAvenue 8 \u2013 d\u0259niz m\u0259nz\u0259r\u0259si, \u015f\u0259h\u0259rin ritmi v\u0259 rahat ya\u015fay\u0131\u015f anlay\u0131\u015f\u0131n\u0131 bir araya g\u0259tir\u0259n ideal m\u0259kand\u0131r.\r\n\r\nLayih\u0259y\u0259 2025-ci ilin avqust ay\u0131ndan start verilib  2028-ci ilin sonunda t\u0259hvil verilm\u0259si planla\u015fd\u0131r\u0131l\u0131b.<\/h2>\t\t<\/div>\n\t\t\t\t<\/div>\n\t\t\t\t<\/div>\n\t\t<div class=\"elementor-element elementor-element-1830a53 e-con-full e-flex e-con e-child\" data-id=\"1830a53\" data-element_type=\"container\">\n\t\t\t\t<div class=\"elementor-element elementor-element-a5d5f2d title-level-5 elementor-widget elementor-widget-heading\" data-id=\"a5d5f2d\" data-element_type=\"widget\" data-widget_type=\"heading.default\">\n\t\t\t\t<div class=\"elementor-widget-container\">\n\t\t\t<h5 class=\"elementor-heading-title elementor-size-default\">What We Did<\/h5>\t\t<\/div>\n\t\t\t\t<\/div>\n\t\t\t\t<div class=\"elementor-element elementor-element-32ec4b1 elementor-widget elementor-widget-heading\" data-id=\"32ec4b1\" data-element_type=\"widget\" data-widget_type=\"heading.default\">\n\t\t\t\t<div class=\"elementor-widget-container\">\n\t\t\t<h2 class=\"elementor-heading-title elementor-size-default\">Design\r\n<\/br>\r\nConcrete\r\n<\/br>\r\nAll-phases construction \r\n<\/br>\r\nRenovation\r\n<\/br>\r\nFit-Out\r\n<\/br>\r\nTurnkey delivery\r\n<\/h2>\t\t<\/div>\n\t\t\t\t<\/div>\n\t\t\t\t<\/div>\n\t\t\t\t<\/div>\n\t\t\t\t\t<\/div>\n\t\t\t\t<\/div>\n\t\t<div class=\"elementor-element elementor-element-2379178c e-con-full e-flex e-con e-parent\" data-id=\"2379178c\" data-element_type=\"container\">\n\t\t\t\t<div class=\"elementor-element elementor-element-7874db8e project-gallery elementor-widget elementor-widget-image-carousel\" data-id=\"7874db8e\" data-element_type=\"widget\" data-settings=\"{&quot;slides_to_show&quot;:&quot;3&quot;,&quot;slides_to_show_mobile&quot;:&quot;2&quot;,&quot;slides_to_scroll&quot;:&quot;1&quot;,&quot;navigation&quot;:&quot;none&quot;,&quot;autoplay_speed&quot;:30000,&quot;speed&quot;:1000,&quot;image_spacing_custom&quot;:{&quot;unit&quot;:&quot;px&quot;,&quot;size&quot;:60,&quot;sizes&quot;:[]},&quot;image_spacing_custom_tablet&quot;:{&quot;unit&quot;:&quot;rem&quot;,&quot;size&quot;:&quot;&quot;,&quot;sizes&quot;:[]},&quot;image_spacing_custom_mobile&quot;:{&quot;unit&quot;:&quot;rem&quot;,&quot;size&quot;:&quot;&quot;,&quot;sizes&quot;:[]},&quot;autoplay&quot;:&quot;yes&quot;,&quot;pause_on_hover&quot;:&quot;yes&quot;,&quot;pause_on_interaction&quot;:&quot;yes&quot;,&quot;infinite&quot;:&quot;yes&quot;}\" data-widget_type=\"image-carousel.default\">\n\t\t\t\t<div class=\"elementor-widget-container\">\n\t\t\t<style>\/*! elementor - v3.23.0 - 05-08-2024 *\/\n.elementor-widget-image-carousel .swiper,.elementor-widget-image-carousel .swiper-container{position:static}.elementor-widget-image-carousel .swiper-container .swiper-slide figure,.elementor-widget-image-carousel .swiper .swiper-slide figure{line-height:inherit}.elementor-widget-image-carousel .swiper-slide{text-align:center}.elementor-image-carousel-wrapper:not(.swiper-container-initialized):not(.swiper-initialized) .swiper-slide{max-width:calc(100% \/ var(--e-image-carousel-slides-to-show, 3))}<\/style>\t\t<div class=\"elementor-image-carousel-wrapper swiper\" dir=\"ltr\">\n\t\t\t<div class=\"elementor-image-carousel swiper-wrapper\" aria-live=\"off\">\n\t\t\t\t\t\t\t\t<div class=\"swiper-slide\" role=\"group\" aria-roledescription=\"slide\" aria-label=\"1 \u0438\u0437 10\" data-no-translation-aria-label=\"\"><a data-elementor-open-lightbox=\"yes\" data-elementor-lightbox-slideshow=\"7874db8e\" data-elementor-lightbox-title=\"FGR_Torre_Verde_1\" data-e-action-hash=\"#elementor-action%3Aaction%3Dlightbox%26settings%3DeyJpZCI6NDkwNCwidXJsIjoiaHR0cHM6XC9cL2F2YW50Z3JvdXAuYXpcL3dwLWNvbnRlbnRcL3VwbG9hZHNcLzIwMjRcLzA5XC9GR1JfVG9ycmVfVmVyZGVfMS1zY2FsZWQuanBnIiwic2xpZGVzaG93IjoiNzg3NGRiOGUifQ%3D%3D\" href=\"https:\/\/avantgroup.az\/wp-content\/uploads\/2024\/09\/FGR_Torre_Verde_1-scaled.jpg\"><figure class=\"swiper-slide-inner\"><img decoding=\"async\" class=\"swiper-slide-image\" src=\"https:\/\/avantgroup.az\/wp-content\/uploads\/2024\/09\/FGR_Torre_Verde_1-scaled.jpg\" alt=\"FGR_Torre_Verde_1\" \/><\/figure><\/a><\/div><div class=\"swiper-slide\" role=\"group\" aria-roledescription=\"slide\" aria-label=\"2 \u0438\u0437 10\" data-no-translation-aria-label=\"\"><a data-elementor-open-lightbox=\"yes\" data-elementor-lightbox-slideshow=\"7874db8e\" data-elementor-lightbox-title=\"FGR_Torre_Verde_2\" data-e-action-hash=\"#elementor-action%3Aaction%3Dlightbox%26settings%3DeyJpZCI6NDkwNSwidXJsIjoiaHR0cHM6XC9cL2F2YW50Z3JvdXAuYXpcL3dwLWNvbnRlbnRcL3VwbG9hZHNcLzIwMjRcLzA5XC9GR1JfVG9ycmVfVmVyZGVfMi1zY2FsZWQuanBnIiwic2xpZGVzaG93IjoiNzg3NGRiOGUifQ%3D%3D\" href=\"https:\/\/avantgroup.az\/wp-content\/uploads\/2024\/09\/FGR_Torre_Verde_2-scaled.jpg\"><figure class=\"swiper-slide-inner\"><img decoding=\"async\" class=\"swiper-slide-image\" src=\"https:\/\/avantgroup.az\/wp-content\/uploads\/2024\/09\/FGR_Torre_Verde_2-scaled.jpg\" alt=\"FGR_Torre_Verde_2\" \/><\/figure><\/a><\/div><div class=\"swiper-slide\" role=\"group\" aria-roledescription=\"slide\" aria-label=\"3 \u0438\u0437 10\" data-no-translation-aria-label=\"\"><a data-elementor-open-lightbox=\"yes\" data-elementor-lightbox-slideshow=\"7874db8e\" data-elementor-lightbox-title=\"FGR_Torre_Verde_3\" data-e-action-hash=\"#elementor-action%3Aaction%3Dlightbox%26settings%3DeyJpZCI6NDkwNiwidXJsIjoiaHR0cHM6XC9cL2F2YW50Z3JvdXAuYXpcL3dwLWNvbnRlbnRcL3VwbG9hZHNcLzIwMjRcLzA5XC9GR1JfVG9ycmVfVmVyZGVfMy1zY2FsZWQuanBnIiwic2xpZGVzaG93IjoiNzg3NGRiOGUifQ%3D%3D\" href=\"https:\/\/avantgroup.az\/wp-content\/uploads\/2024\/09\/FGR_Torre_Verde_3-scaled.jpg\"><figure class=\"swiper-slide-inner\"><img decoding=\"async\" class=\"swiper-slide-image\" src=\"https:\/\/avantgroup.az\/wp-content\/uploads\/2024\/09\/FGR_Torre_Verde_3-scaled.jpg\" alt=\"FGR_Torre_Verde_3\" \/><\/figure><\/a><\/div><div class=\"swiper-slide\" role=\"group\" aria-roledescription=\"slide\" aria-label=\"4 \u0438\u0437 10\" data-no-translation-aria-label=\"\"><a data-elementor-open-lightbox=\"yes\" data-elementor-lightbox-slideshow=\"7874db8e\" data-elementor-lightbox-title=\"FGR_Torre_Verde_3_1\" data-e-action-hash=\"#elementor-action%3Aaction%3Dlightbox%26settings%3DeyJpZCI6NDkwNywidXJsIjoiaHR0cHM6XC9cL2F2YW50Z3JvdXAuYXpcL3dwLWNvbnRlbnRcL3VwbG9hZHNcLzIwMjRcLzA5XC9GR1JfVG9ycmVfVmVyZGVfM18xLXNjYWxlZC5qcGciLCJzbGlkZXNob3ciOiI3ODc0ZGI4ZSJ9\" href=\"https:\/\/avantgroup.az\/wp-content\/uploads\/2024\/09\/FGR_Torre_Verde_3_1-scaled.jpg\"><figure class=\"swiper-slide-inner\"><img decoding=\"async\" class=\"swiper-slide-image\" src=\"https:\/\/avantgroup.az\/wp-content\/uploads\/2024\/09\/FGR_Torre_Verde_3_1-scaled.jpg\" alt=\"FGR_Torre_Verde_3_1\" \/><\/figure><\/a><\/div><div class=\"swiper-slide\" role=\"group\" aria-roledescription=\"slide\" aria-label=\"5 \u0438\u0437 10\" data-no-translation-aria-label=\"\"><a data-elementor-open-lightbox=\"yes\" data-elementor-lightbox-slideshow=\"7874db8e\" data-elementor-lightbox-title=\"FGR_Torre_Verde_4\" data-e-action-hash=\"#elementor-action%3Aaction%3Dlightbox%26settings%3DeyJpZCI6NDkwOCwidXJsIjoiaHR0cHM6XC9cL2F2YW50Z3JvdXAuYXpcL3dwLWNvbnRlbnRcL3VwbG9hZHNcLzIwMjRcLzA5XC9GR1JfVG9ycmVfVmVyZGVfNC1zY2FsZWQuanBnIiwic2xpZGVzaG93IjoiNzg3NGRiOGUifQ%3D%3D\" href=\"https:\/\/avantgroup.az\/wp-content\/uploads\/2024\/09\/FGR_Torre_Verde_4-scaled.jpg\"><figure class=\"swiper-slide-inner\"><img decoding=\"async\" class=\"swiper-slide-image\" src=\"https:\/\/avantgroup.az\/wp-content\/uploads\/2024\/09\/FGR_Torre_Verde_4-scaled.jpg\" alt=\"FGR_Torre_Verde_4\" \/><\/figure><\/a><\/div><div class=\"swiper-slide\" role=\"group\" aria-roledescription=\"slide\" aria-label=\"6 \u0438\u0437 10\" data-no-translation-aria-label=\"\"><a data-elementor-open-lightbox=\"yes\" data-elementor-lightbox-slideshow=\"7874db8e\" data-elementor-lightbox-title=\"FGR_Torre_Verde_6\" data-e-action-hash=\"#elementor-action%3Aaction%3Dlightbox%26settings%3DeyJpZCI6NDkwOSwidXJsIjoiaHR0cHM6XC9cL2F2YW50Z3JvdXAuYXpcL3dwLWNvbnRlbnRcL3VwbG9hZHNcLzIwMjRcLzA5XC9GR1JfVG9ycmVfVmVyZGVfNi1zY2FsZWQuanBnIiwic2xpZGVzaG93IjoiNzg3NGRiOGUifQ%3D%3D\" href=\"https:\/\/avantgroup.az\/wp-content\/uploads\/2024\/09\/FGR_Torre_Verde_6-scaled.jpg\"><figure class=\"swiper-slide-inner\"><img decoding=\"async\" class=\"swiper-slide-image\" src=\"https:\/\/avantgroup.az\/wp-content\/uploads\/2024\/09\/FGR_Torre_Verde_6-scaled.jpg\" alt=\"FGR_Torre_Verde_6\" \/><\/figure><\/a><\/div><div class=\"swiper-slide\" role=\"group\" aria-roledescription=\"slide\" aria-label=\"7 \u0438\u0437 10\" data-no-translation-aria-label=\"\"><a data-elementor-open-lightbox=\"yes\" data-elementor-lightbox-slideshow=\"7874db8e\" data-elementor-lightbox-title=\"FGR_Torre_Verde_8\" data-e-action-hash=\"#elementor-action%3Aaction%3Dlightbox%26settings%3DeyJpZCI6NDkxMSwidXJsIjoiaHR0cHM6XC9cL2F2YW50Z3JvdXAuYXpcL3dwLWNvbnRlbnRcL3VwbG9hZHNcLzIwMjRcLzA5XC9GR1JfVG9ycmVfVmVyZGVfOC1zY2FsZWQuanBnIiwic2xpZGVzaG93IjoiNzg3NGRiOGUifQ%3D%3D\" href=\"https:\/\/avantgroup.az\/wp-content\/uploads\/2024\/09\/FGR_Torre_Verde_8-scaled.jpg\"><figure class=\"swiper-slide-inner\"><img decoding=\"async\" class=\"swiper-slide-image\" src=\"https:\/\/avantgroup.az\/wp-content\/uploads\/2024\/09\/FGR_Torre_Verde_8-scaled.jpg\" alt=\"FGR_Torre_Verde_8\" \/><\/figure><\/a><\/div><div class=\"swiper-slide\" role=\"group\" aria-roledescription=\"slide\" aria-label=\"8 \u0438\u0437 10\" data-no-translation-aria-label=\"\"><a data-elementor-open-lightbox=\"yes\" data-elementor-lightbox-slideshow=\"7874db8e\" data-elementor-lightbox-title=\"FGR_Torre_Verde_9\" data-e-action-hash=\"#elementor-action%3Aaction%3Dlightbox%26settings%3DeyJpZCI6NDkxMiwidXJsIjoiaHR0cHM6XC9cL2F2YW50Z3JvdXAuYXpcL3dwLWNvbnRlbnRcL3VwbG9hZHNcLzIwMjRcLzA5XC9GR1JfVG9ycmVfVmVyZGVfOS1zY2FsZWQuanBnIiwic2xpZGVzaG93IjoiNzg3NGRiOGUifQ%3D%3D\" href=\"https:\/\/avantgroup.az\/wp-content\/uploads\/2024\/09\/FGR_Torre_Verde_9-scaled.jpg\"><figure class=\"swiper-slide-inner\"><img decoding=\"async\" class=\"swiper-slide-image\" src=\"https:\/\/avantgroup.az\/wp-content\/uploads\/2024\/09\/FGR_Torre_Verde_9-scaled.jpg\" alt=\"FGR_Torre_Verde_9\" \/><\/figure><\/a><\/div><div class=\"swiper-slide\" role=\"group\" aria-roledescription=\"slide\" aria-label=\"9 \u0438\u0437 10\" data-no-translation-aria-label=\"\"><a data-elementor-open-lightbox=\"yes\" data-elementor-lightbox-slideshow=\"7874db8e\" data-elementor-lightbox-title=\"FGR_Torre_Verde_10\" data-e-action-hash=\"#elementor-action%3Aaction%3Dlightbox%26settings%3DeyJpZCI6NDkxMywidXJsIjoiaHR0cHM6XC9cL2F2YW50Z3JvdXAuYXpcL3dwLWNvbnRlbnRcL3VwbG9hZHNcLzIwMjRcLzA5XC9GR1JfVG9ycmVfVmVyZGVfMTAtc2NhbGVkLmpwZyIsInNsaWRlc2hvdyI6Ijc4NzRkYjhlIn0%3D\" href=\"https:\/\/avantgroup.az\/wp-content\/uploads\/2024\/09\/FGR_Torre_Verde_10-scaled.jpg\"><figure class=\"swiper-slide-inner\"><img decoding=\"async\" class=\"swiper-slide-image\" src=\"https:\/\/avantgroup.az\/wp-content\/uploads\/2024\/09\/FGR_Torre_Verde_10-scaled.jpg\" alt=\"FGR_Torre_Verde_10\" \/><\/figure><\/a><\/div><div class=\"swiper-slide\" role=\"group\" aria-roledescription=\"slide\" aria-label=\"10 \u0438\u0437 10\" data-no-translation-aria-label=\"\"><a data-elementor-open-lightbox=\"yes\" data-elementor-lightbox-slideshow=\"7874db8e\" data-elementor-lightbox-title=\"FGR_Torre_Verde_11\" data-e-action-hash=\"#elementor-action%3Aaction%3Dlightbox%26settings%3DeyJpZCI6NDkxNCwidXJsIjoiaHR0cHM6XC9cL2F2YW50Z3JvdXAuYXpcL3dwLWNvbnRlbnRcL3VwbG9hZHNcLzIwMjRcLzA5XC9GR1JfVG9ycmVfVmVyZGVfMTEtc2NhbGVkLmpwZyIsInNsaWRlc2hvdyI6Ijc4NzRkYjhlIn0%3D\" href=\"https:\/\/avantgroup.az\/wp-content\/uploads\/2024\/09\/FGR_Torre_Verde_11-scaled.jpg\"><figure class=\"swiper-slide-inner\"><img decoding=\"async\" class=\"swiper-slide-image\" src=\"https:\/\/avantgroup.az\/wp-content\/uploads\/2024\/09\/FGR_Torre_Verde_11-scaled.jpg\" alt=\"FGR_Torre_Verde_11\" \/><\/figure><\/a><\/div>\t\t\t<\/div>\n\t\t\t\t\t\t\t\n\t\t\t\t\t\t\t\t\t<\/div>\n\t\t\t\t<\/div>\n\t\t\t\t<\/div>\n\t\t\t\t<\/div>\n\t\t\t\t<\/div>","protected":false},"excerpt":{"rendered":"<p>. . . Layih\u0259 Haqq\u0131nda Etdikl\u0259rimiz<\/p>","protected":false},"author":1,"featured_media":5457,"parent":3171,"menu_order":14,"comment_status":"closed","ping_status":"closed","template":"","meta":{"_acf_changed":false,"footnotes":""},"class_list":["post-4901","page","type-page","status-publish","has-post-thumbnail","hentry"],"acf":[],"_links":{"self":[{"href":"https:\/\/avantgroup.az\/en\/wp-json\/wp\/v2\/pages\/4901","targetHints":{"allow":["GET"]}}],"collection":[{"href":"https:\/\/avantgroup.az\/en\/wp-json\/wp\/v2\/pages"}],"about":[{"href":"https:\/\/avantgroup.az\/en\/wp-json\/wp\/v2\/types\/page"}],"author":[{"embeddable":true,"href":"https:\/\/avantgroup.az\/en\/wp-json\/wp\/v2\/users\/1"}],"replies":[{"embeddable":true,"href":"https:\/\/avantgroup.az\/en\/wp-json\/wp\/v2\/comments?post=4901"}],"version-history":[{"count":12,"href":"https:\/\/avantgroup.az\/en\/wp-json\/wp\/v2\/pages\/4901\/revisions"}],"predecessor-version":[{"id":5456,"href":"https:\/\/avantgroup.az\/en\/wp-json\/wp\/v2\/pages\/4901\/revisions\/5456"}],"up":[{"embeddable":true,"href":"https:\/\/avantgroup.az\/en\/wp-json\/wp\/v2\/pages\/3171"}],"wp:featuredmedia":[{"embeddable":true,"href":"https:\/\/avantgroup.az\/en\/wp-json\/wp\/v2\/media\/5457"}],"wp:attachment":[{"href":"https:\/\/avantgroup.az\/en\/wp-json\/wp\/v2\/media?parent=4901"}],"curies":[{"name":"wp","href":"https:\/\/api.w.org\/{rel}","templated":true}]}}