{"id":2585,"date":"2024-08-22T10:26:55","date_gmt":"2024-08-22T10:26:55","guid":{"rendered":"http:\/\/new-avant.avantgroup.az\/?page_id=2585"},"modified":"2024-09-23T15:41:42","modified_gmt":"2024-09-23T15:41:42","slug":"terms-and-conditions","status":"publish","type":"page","link":"https:\/\/avantgroup.az\/en\/terms-and-conditions\/","title":{"rendered":"Terms &amp; Conditions"},"content":{"rendered":"<div data-elementor-type=\"wp-page\" data-elementor-id=\"2585\" class=\"elementor elementor-2585\" data-elementor-post-type=\"page\">\n\t\t\t\t<div class=\"elementor-element elementor-element-61d9709 breadcrumbs e-flex e-con-boxed e-con e-parent\" data-id=\"61d9709\" data-element_type=\"container\">\n\t\t\t\t\t<div class=\"e-con-inner\">\n\t\t\t\t<div class=\"elementor-element elementor-element-1e2288f elementor-widget elementor-widget-heading\" data-id=\"1e2288f\" data-element_type=\"widget\" data-widget_type=\"heading.default\">\n\t\t\t\t<div class=\"elementor-widget-container\">\n\t\t\t<style>\/*! elementor - v3.23.0 - 05-08-2024 *\/\n.elementor-heading-title{padding:0;margin:0;line-height:1}.elementor-widget-heading .elementor-heading-title[class*=elementor-size-]>a{color:inherit;font-size:inherit;line-height:inherit}.elementor-widget-heading .elementor-heading-title.elementor-size-small{font-size:15px}.elementor-widget-heading .elementor-heading-title.elementor-size-medium{font-size:19px}.elementor-widget-heading .elementor-heading-title.elementor-size-large{font-size:29px}.elementor-widget-heading .elementor-heading-title.elementor-size-xl{font-size:39px}.elementor-widget-heading .elementor-heading-title.elementor-size-xxl{font-size:59px}<\/style><h2 class=\"elementor-heading-title elementor-size-default\"><a href=\"https:\/\/avantgroup.az\/en\/\">Home<\/a><\/h2>\t\t<\/div>\n\t\t\t\t<\/div>\n\t\t\t\t<div class=\"elementor-element elementor-element-6b967a2 elementor-widget elementor-widget-heading\" data-id=\"6b967a2\" data-element_type=\"widget\" data-widget_type=\"heading.default\">\n\t\t\t\t<div class=\"elementor-widget-container\">\n\t\t\t<h2 class=\"elementor-heading-title elementor-size-default\">. Terms &amp; Conditions <\/h2>\t\t<\/div>\n\t\t\t\t<\/div>\n\t\t\t\t\t<\/div>\n\t\t\t\t<\/div>\n\t\t<div class=\"elementor-element elementor-element-354a334 e-flex e-con-boxed e-con e-parent\" data-id=\"354a334\" data-element_type=\"container\">\n\t\t\t\t\t<div class=\"e-con-inner\">\n\t\t\t\t<div class=\"elementor-element elementor-element-b8ff80e title-banner elementor-widget elementor-widget-heading\" data-id=\"b8ff80e\" data-element_type=\"widget\" data-settings=\"{&quot;_animation&quot;:&quot;none&quot;}\" data-widget_type=\"heading.default\">\n\t\t\t\t<div class=\"elementor-widget-container\">\n\t\t\t<h1 class=\"elementor-heading-title elementor-size-default\">Terms &amp; Conditions <\/h1>\t\t<\/div>\n\t\t\t\t<\/div>\n\t\t\t\t\t<\/div>\n\t\t\t\t<\/div>\n\t\t<div class=\"elementor-element elementor-element-160e861 e-flex e-con-boxed e-con e-parent\" data-id=\"160e861\" data-element_type=\"container\">\n\t\t\t\t\t<div class=\"e-con-inner\">\n\t\t\t\t<div class=\"elementor-element elementor-element-e014e54 elementor-widget__width-initial elementor-widget-tablet__width-inherit elementor-widget-mobile__width-inherit elementor-widget elementor-widget-heading\" data-id=\"e014e54\" data-element_type=\"widget\" data-widget_type=\"heading.default\">\n\t\t\t\t<div class=\"elementor-widget-container\">\n\t\t\t<div class=\"elementor-heading-title elementor-size-default\"><h2 class=\"title-level-2\">Acceptance of Terms of Use\n<\/h2>\nBy accessing and using this website, you agree to the following Terms and Conditions. If you do not fully or partially accept these Terms and Conditions, you must immediately cease using the website and leave it.\n<\/br><\/br>\nThese Terms and Conditions may be changed at any time without prior notice. Any changes will take effect after they are posted on this website. It is your responsibility to review the updated Terms and Conditions. We recommend that you periodically review the Terms and Conditions to stay informed of any changes.\n\n<h2 class=\"title-level-2\">Use of Content; Restrictions; Privacy Statement\n<\/h2>\nYou are permitted to view, copy, print, and distribute the content on this website (but not modify it) only if you adhere to the following conditions:\n<\/br><\/br>\n<li>Such use must be for informational and non-commercial purposes only.<\/li>\n<li>Any copies of the content you make must include copyright notices and other relevant attributions.<\/li>\n<\/br><\/br>\n\nBy using this website, you also agree that we may use your personal and other information in accordance with our Privacy and Cookie Policy, which is incorporated by reference into these Terms and Conditions. \n\n<h2 class=\"title-level-2\">External Links and Limitation of Liability\n<\/h2>\nThis website may contain links to websites, resources, or tools managed by third parties, including but not limited to other entities within Avant Group or their individual staff, over which we have no control. Avant Group makes no warranties regarding the accuracy or reliability of information on these links. These links are provided solely for informational purposes and convenience for visitors.\n<\/br><\/br>\nWe reserve the right to request the removal of any or all links to our website at any time and at our discretion. You also agree to remove such links from your site if requested. We further reserve the right to modify these Terms and Conditions and the link policy at any time.\n\n<h2 class=\"title-level-2\">Intellectual Property Rights<\/h2>\nYou are not permitted to copy or use any materials protected by intellectual property rights that are available on or described in this website without permission.\n<\/br><\/br>\nReferences to trademarks owned by other parties within Avant Group or affiliated companies are provided for promotional purposes only. These Terms and Conditions do not grant you the right to use any trademarks owned by other parties within Avant Group or affiliated companies.<\/div>\t\t<\/div>\n\t\t\t\t<\/div>\n\t\t\t\t\t<\/div>\n\t\t\t\t<\/div>\n\t\t\t\t<\/div>","protected":false},"excerpt":{"rendered":"<p>Ana S\u0259hif\u0259 . \u015e\u0259rtl\u0259r v\u0259 Qaydalar \u015e\u0259rtl\u0259r v\u0259 Qaydalar \u0130stifad\u0259 \u015e\u0259rtl\u0259rinin Q\u0259bulu Bu veb-sayta daxil olaraq v\u0259 onu n\u0259z\u0259rd\u0259n ke\u00e7ir\u0259r\u0259k a\u015fa\u011f\u0131dak\u0131 \u0130stifad\u0259 \u015e\u0259rtl\u0259rini q\u0259bul edirsiniz. \u018fg\u0259r bu \u0130stifad\u0259 \u015e\u0259rtl\u0259rini tam v\u0259 ya qism\u0259n q\u0259bul etmirsinizs\u0259, veb-saytdan istifad\u0259ni d\u0259rhal dayand\u0131rmal\u0131 v\u0259 sayt\u0131 t\u0259rk etm\u0259lisiniz. \u0130stifad\u0259 \u015e\u0259rtl\u0259ri \u0259vv\u0259lc\u0259d\u0259n x\u0259b\u0259rdarl\u0131q edilm\u0259d\u0259n ist\u0259nil\u0259n vaxt d\u0259yi\u015fdiril\u0259 bil\u0259r. H\u0259r hans\u0131 d\u0259yi\u015fiklikl\u0259r [&hellip;]<\/p>","protected":false},"author":1,"featured_media":0,"parent":0,"menu_order":20,"comment_status":"closed","ping_status":"closed","template":"elementor_header_footer","meta":{"_acf_changed":false,"footnotes":""},"class_list":["post-2585","page","type-page","status-publish","hentry"],"acf":[],"_links":{"self":[{"href":"https:\/\/avantgroup.az\/en\/wp-json\/wp\/v2\/pages\/2585","targetHints":{"allow":["GET"]}}],"collection":[{"href":"https:\/\/avantgroup.az\/en\/wp-json\/wp\/v2\/pages"}],"about":[{"href":"https:\/\/avantgroup.az\/en\/wp-json\/wp\/v2\/types\/page"}],"author":[{"embeddable":true,"href":"https:\/\/avantgroup.az\/en\/wp-json\/wp\/v2\/users\/1"}],"replies":[{"embeddable":true,"href":"https:\/\/avantgroup.az\/en\/wp-json\/wp\/v2\/comments?post=2585"}],"version-history":[{"count":16,"href":"https:\/\/avantgroup.az\/en\/wp-json\/wp\/v2\/pages\/2585\/revisions"}],"predecessor-version":[{"id":4387,"href":"https:\/\/avantgroup.az\/en\/wp-json\/wp\/v2\/pages\/2585\/revisions\/4387"}],"wp:attachment":[{"href":"https:\/\/avantgroup.az\/en\/wp-json\/wp\/v2\/media?parent=2585"}],"curies":[{"name":"wp","href":"https:\/\/api.w.org\/{rel}","templated":true}]}}