{"id":2553,"date":"2024-08-22T10:11:26","date_gmt":"2024-08-22T10:11:26","guid":{"rendered":"http:\/\/new-avant.avantgroup.az\/?page_id=2553"},"modified":"2024-09-23T15:41:36","modified_gmt":"2024-09-23T15:41:36","slug":"privacy","status":"publish","type":"page","link":"https:\/\/avantgroup.az\/en\/privacy\/","title":{"rendered":"Privacy"},"content":{"rendered":"<div data-elementor-type=\"wp-page\" data-elementor-id=\"2553\" class=\"elementor elementor-2553\" data-elementor-post-type=\"page\">\n\t\t\t\t<div class=\"elementor-element elementor-element-61d9709 breadcrumbs e-flex e-con-boxed e-con e-parent\" data-id=\"61d9709\" data-element_type=\"container\">\n\t\t\t\t\t<div class=\"e-con-inner\">\n\t\t\t\t<div class=\"elementor-element elementor-element-1e2288f elementor-widget elementor-widget-heading\" data-id=\"1e2288f\" data-element_type=\"widget\" data-widget_type=\"heading.default\">\n\t\t\t\t<div class=\"elementor-widget-container\">\n\t\t\t<style>\/*! elementor - v3.23.0 - 05-08-2024 *\/\n.elementor-heading-title{padding:0;margin:0;line-height:1}.elementor-widget-heading .elementor-heading-title[class*=elementor-size-]>a{color:inherit;font-size:inherit;line-height:inherit}.elementor-widget-heading .elementor-heading-title.elementor-size-small{font-size:15px}.elementor-widget-heading .elementor-heading-title.elementor-size-medium{font-size:19px}.elementor-widget-heading .elementor-heading-title.elementor-size-large{font-size:29px}.elementor-widget-heading .elementor-heading-title.elementor-size-xl{font-size:39px}.elementor-widget-heading .elementor-heading-title.elementor-size-xxl{font-size:59px}<\/style><h2 class=\"elementor-heading-title elementor-size-default\"><a href=\"https:\/\/avantgroup.az\/en\/\">Home<\/a><\/h2>\t\t<\/div>\n\t\t\t\t<\/div>\n\t\t\t\t<div class=\"elementor-element elementor-element-6b967a2 elementor-widget elementor-widget-heading\" data-id=\"6b967a2\" data-element_type=\"widget\" data-widget_type=\"heading.default\">\n\t\t\t\t<div class=\"elementor-widget-container\">\n\t\t\t<h2 class=\"elementor-heading-title elementor-size-default\">. Privacy Statement\n<\/h2>\t\t<\/div>\n\t\t\t\t<\/div>\n\t\t\t\t\t<\/div>\n\t\t\t\t<\/div>\n\t\t<div class=\"elementor-element elementor-element-354a334 e-flex e-con-boxed e-con e-parent\" data-id=\"354a334\" data-element_type=\"container\">\n\t\t\t\t\t<div class=\"e-con-inner\">\n\t\t\t\t<div class=\"elementor-element elementor-element-b8ff80e title-banner elementor-widget elementor-widget-heading\" data-id=\"b8ff80e\" data-element_type=\"widget\" data-settings=\"{&quot;_animation&quot;:&quot;none&quot;}\" data-widget_type=\"heading.default\">\n\t\t\t\t<div class=\"elementor-widget-container\">\n\t\t\t<h1 class=\"elementor-heading-title elementor-size-default\">Privacy Statement<\/h1>\t\t<\/div>\n\t\t\t\t<\/div>\n\t\t\t\t\t<\/div>\n\t\t\t\t<\/div>\n\t\t<div class=\"elementor-element elementor-element-160e861 e-flex e-con-boxed e-con e-parent\" data-id=\"160e861\" data-element_type=\"container\">\n\t\t\t\t\t<div class=\"e-con-inner\">\n\t\t\t\t<div class=\"elementor-element elementor-element-e014e54 elementor-widget__width-initial elementor-widget-tablet__width-inherit elementor-widget-mobile__width-inherit elementor-widget elementor-widget-heading\" data-id=\"e014e54\" data-element_type=\"widget\" data-widget_type=\"heading.default\">\n\t\t\t\t<div class=\"elementor-widget-container\">\n\t\t\t<div class=\"elementor-heading-title elementor-size-default\"><h2 class=\"title-level-2\">Information Collection<\/h2>\nAt Avant Group, we are committed to protecting and respecting your privacy. You are not required to provide personal information to use our website. However, in certain cases, we may collect or obtain the following personal information:\n<\/br><\/br>\n<li>\nThe email address or phone number you use to contact us\n<\/li>\n<li>\nCVs submitted for job vacancies at our company\n<\/li>\n<\/br><\/br>\nAdditionally, information such as your country of residence, posts on blogs, forums, wiki pages, and other social media platforms we offer, your IP address, browser type and language, login times, details of any complaints, and how you wish to interact with us may also be collected. This information is collected to improve your experience on our site and ensure its effective operation. Collected data will not be shared with any third parties.\n\n<h2 class=\"title-level-2\">Cookies<\/h2>\nAvant Group uses cookies to enhance your online experience, display personalized content, serve relevant ads, and remember your preferences.\n<\/br><\/br>\nIf you do not wish to have cookies placed on your computer, you can choose to disable cookies in your browser settings before using Avant Group websites. However, please note that some features of our websites may not function properly without cookies. By continuing to navigate our website without changing your cookie settings, you consent to Avant Group\u2019s use of cookies.\n\n<h2 class=\"title-level-2\">Third-Party Technologies<\/h2>\nOur website uses various remarketing technologies for advertising purposes, including Google. This may involve displaying ads on Google search results pages or on websites within the Google Display Network.\nCookies are used by Google and other third-party providers to deliver ads based on your previous visits. Any data collected through these services will be used in accordance with our privacy policy and Google\u2019s privacy policy.\n<\/div>\t\t<\/div>\n\t\t\t\t<\/div>\n\t\t\t\t\t<\/div>\n\t\t\t\t<\/div>\n\t\t\t\t<\/div>","protected":false},"excerpt":{"rendered":"<p>Ana S\u0259hif\u0259 . M\u0259xfilik B\u0259yanat\u0131 M\u0259xfilik B\u0259yanat\u0131 M\u0259lumatlar\u0131n Toplanmas\u0131 Avant Group olaraq, m\u0259xfiliyinizi qorumas\u0131na diqq\u0259t edirik v\u0259 h\u00f6rm\u0259tl\u0259 yana\u015f\u0131r\u0131q. Sayt\u0131m\u0131zdan istifad\u0259 etm\u0259k \u00fc\u00e7\u00fcn ziyar\u0259t\u00e7i kimi \u015f\u0259xsi m\u0259lumatlar\u0131n\u0131z\u0131 t\u0259qdim etm\u0259yiniz t\u0259l\u0259b olunmur. Lakin m\u00fc\u0259yy\u0259n hallarda biz a\u015fa\u011f\u0131da g\u00f6st\u0259ril\u0259n \u015f\u0259xsi m\u0259lumatlar\u0131 toplaya v\u0259 ya \u0259ld\u0259 ed\u0259 bil\u0259rik: Biziml\u0259 \u0259laq\u0259 qurmaq \u00fc\u00e7\u00fcn istifad\u0259 etdiyiniz e-po\u00e7t \u00fcnvan\u0131 v\u0259 ya [&hellip;]<\/p>","protected":false},"author":1,"featured_media":0,"parent":0,"menu_order":21,"comment_status":"closed","ping_status":"closed","template":"elementor_header_footer","meta":{"_acf_changed":false,"footnotes":""},"class_list":["post-2553","page","type-page","status-publish","hentry"],"acf":[],"_links":{"self":[{"href":"https:\/\/avantgroup.az\/en\/wp-json\/wp\/v2\/pages\/2553","targetHints":{"allow":["GET"]}}],"collection":[{"href":"https:\/\/avantgroup.az\/en\/wp-json\/wp\/v2\/pages"}],"about":[{"href":"https:\/\/avantgroup.az\/en\/wp-json\/wp\/v2\/types\/page"}],"author":[{"embeddable":true,"href":"https:\/\/avantgroup.az\/en\/wp-json\/wp\/v2\/users\/1"}],"replies":[{"embeddable":true,"href":"https:\/\/avantgroup.az\/en\/wp-json\/wp\/v2\/comments?post=2553"}],"version-history":[{"count":28,"href":"https:\/\/avantgroup.az\/en\/wp-json\/wp\/v2\/pages\/2553\/revisions"}],"predecessor-version":[{"id":4384,"href":"https:\/\/avantgroup.az\/en\/wp-json\/wp\/v2\/pages\/2553\/revisions\/4384"}],"wp:attachment":[{"href":"https:\/\/avantgroup.az\/en\/wp-json\/wp\/v2\/media?parent=2553"}],"curies":[{"name":"wp","href":"https:\/\/api.w.org\/{rel}","templated":true}]}}