{"id":4393,"date":"2024-07-23T15:48:44","date_gmt":"2024-07-23T15:48:44","guid":{"rendered":"http:\/\/new-avant.avantgroup.az\/?page_id=4393"},"modified":"2024-10-09T10:44:20","modified_gmt":"2024-10-09T10:44:20","slug":"apex-clinic","status":"publish","type":"page","link":"https:\/\/avantgroup.az\/az\/project-single\/apex-clinic\/","title":{"rendered":"Apex Clinic"},"content":{"rendered":"\t\t<div data-elementor-type=\"wp-page\" data-elementor-id=\"4393\" class=\"elementor elementor-4393\" data-elementor-post-type=\"page\">\n\t\t\t\t<div class=\"elementor-element elementor-element-275a071a e-flex e-con-boxed e-con e-child\" data-id=\"275a071a\" data-element_type=\"container\" data-settings=\"{&quot;background_background&quot;:&quot;classic&quot;}\">\n\t\t\t\t\t<div class=\"e-con-inner\">\n\t\t<div class=\"elementor-element elementor-element-58e7e22a e-con-full e-flex e-con e-child\" data-id=\"58e7e22a\" data-element_type=\"container\">\n\t\t\t\t<div class=\"elementor-element elementor-element-297d8c41 elementor-widget__width-initial elementor-widget elementor-widget-heading\" data-id=\"297d8c41\" data-element_type=\"widget\" data-widget_type=\"heading.default\">\n\t\t\t\t<div class=\"elementor-widget-container\">\n\t\t\t<style>\/*! elementor - v3.23.0 - 05-08-2024 *\/\n.elementor-heading-title{padding:0;margin:0;line-height:1}.elementor-widget-heading .elementor-heading-title[class*=elementor-size-]>a{color:inherit;font-size:inherit;line-height:inherit}.elementor-widget-heading .elementor-heading-title.elementor-size-small{font-size:15px}.elementor-widget-heading .elementor-heading-title.elementor-size-medium{font-size:19px}.elementor-widget-heading .elementor-heading-title.elementor-size-large{font-size:29px}.elementor-widget-heading .elementor-heading-title.elementor-size-xl{font-size:39px}.elementor-widget-heading .elementor-heading-title.elementor-size-xxl{font-size:59px}<\/style><h2 class=\"elementor-heading-title elementor-size-default\">T\u0259mir i\u015fl\u0259ri<\/h2>\t\t<\/div>\n\t\t\t\t<\/div>\n\t\t\t\t<div class=\"elementor-element elementor-element-28e5e3f elementor-widget__width-initial elementor-widget elementor-widget-heading\" data-id=\"28e5e3f\" data-element_type=\"widget\" data-widget_type=\"heading.default\">\n\t\t\t\t<div class=\"elementor-widget-container\">\n\t\t\t<h2 class=\"elementor-heading-title elementor-size-default\">Estetik Klinika<\/h2>\t\t<\/div>\n\t\t\t\t<\/div>\n\t\t\t\t<\/div>\n\t\t\t\t<div class=\"elementor-element elementor-element-251f00bd elementor-widget__width-initial title-banner elementor-widget elementor-widget-heading\" data-id=\"251f00bd\" data-element_type=\"widget\" data-widget_type=\"heading.default\">\n\t\t\t\t<div class=\"elementor-widget-container\">\n\t\t\t<h1 class=\"elementor-heading-title elementor-size-default\">Apex Clinic<\/h1>\t\t<\/div>\n\t\t\t\t<\/div>\n\t\t<div class=\"elementor-element elementor-element-37459ce1 e-con-full e-flex e-con e-child\" data-id=\"37459ce1\" data-element_type=\"container\">\n\t\t\t\t<div class=\"elementor-element elementor-element-757078d3 elementor-widget elementor-widget-heading\" data-id=\"757078d3\" data-element_type=\"widget\" data-widget_type=\"heading.default\">\n\t\t\t\t<div class=\"elementor-widget-container\">\n\t\t\t<h2 class=\"elementor-heading-title elementor-size-default\">2020<\/h2>\t\t<\/div>\n\t\t\t\t<\/div>\n\t\t\t\t<div class=\"elementor-element elementor-element-6b7fd633 elementor-widget elementor-widget-heading\" data-id=\"6b7fd633\" data-element_type=\"widget\" data-widget_type=\"heading.default\">\n\t\t\t\t<div class=\"elementor-widget-container\">\n\t\t\t<h2 class=\"elementor-heading-title elementor-size-default\">.<\/h2>\t\t<\/div>\n\t\t\t\t<\/div>\n\t\t\t\t<div class=\"elementor-element elementor-element-4e861d89 elementor-widget elementor-widget-heading\" data-id=\"4e861d89\" data-element_type=\"widget\" data-widget_type=\"heading.default\">\n\t\t\t\t<div class=\"elementor-widget-container\">\n\t\t\t<h2 class=\"elementor-heading-title elementor-size-default\">Bak\u0131<\/h2>\t\t<\/div>\n\t\t\t\t<\/div>\n\t\t\t\t<div class=\"elementor-element elementor-element-6fb51bb5 elementor-widget elementor-widget-heading\" data-id=\"6fb51bb5\" data-element_type=\"widget\" data-widget_type=\"heading.default\">\n\t\t\t\t<div class=\"elementor-widget-container\">\n\t\t\t<h2 class=\"elementor-heading-title elementor-size-default\">.<\/h2>\t\t<\/div>\n\t\t\t\t<\/div>\n\t\t\t\t<div class=\"elementor-element elementor-element-778e2950 elementor-widget elementor-widget-heading\" data-id=\"778e2950\" data-element_type=\"widget\" data-widget_type=\"heading.default\">\n\t\t\t\t<div class=\"elementor-widget-container\">\n\t\t\t<h2 class=\"elementor-heading-title elementor-size-default\">412 m<sup>2<\/sup><\/h2>\t\t<\/div>\n\t\t\t\t<\/div>\n\t\t\t\t<div class=\"elementor-element elementor-element-51669f8e elementor-widget elementor-widget-heading\" data-id=\"51669f8e\" data-element_type=\"widget\" data-widget_type=\"heading.default\">\n\t\t\t\t<div class=\"elementor-widget-container\">\n\t\t\t<h2 class=\"elementor-heading-title elementor-size-default\">.<\/h2>\t\t<\/div>\n\t\t\t\t<\/div>\n\t\t\t\t<div class=\"elementor-element elementor-element-dd07faf elementor-widget elementor-widget-heading\" data-id=\"dd07faf\" data-element_type=\"widget\" data-widget_type=\"heading.default\">\n\t\t\t\t<div class=\"elementor-widget-container\">\n\t\t\t<h2 class=\"elementor-heading-title elementor-size-default\">Tibb m\u0259rk\u0259zi <\/h2>\t\t<\/div>\n\t\t\t\t<\/div>\n\t\t\t\t<\/div>\n\t\t\t\t\t<\/div>\n\t\t\t\t<\/div>\n\t\t<div class=\"elementor-element elementor-element-8de45cc e-flex e-con-boxed e-con e-child\" data-id=\"8de45cc\" data-element_type=\"container\" data-settings=\"{&quot;background_background&quot;:&quot;classic&quot;}\">\n\t\t\t\t\t<div class=\"e-con-inner\">\n\t\t<div class=\"elementor-element elementor-element-fb7a635 e-con-full e-flex e-con e-child\" data-id=\"fb7a635\" data-element_type=\"container\">\n\t\t\t\t<div class=\"elementor-element elementor-element-cd78617 title-level-1 elementor-widget elementor-widget-heading\" data-id=\"cd78617\" data-element_type=\"widget\" data-widget_type=\"heading.default\">\n\t\t\t\t<div class=\"elementor-widget-container\">\n\t\t\t<h1 class=\"elementor-heading-title elementor-size-default\">Tibb M\u0259rk\u0259zinin T\u0259miri v\u0259 Tam Daxili T\u0259minat\u0131<\/h1>\t\t<\/div>\n\t\t\t\t<\/div>\n\t\t\t\t<\/div>\n\t\t<div class=\"elementor-element elementor-element-d39277c e-con-full e-flex e-con e-child\" data-id=\"d39277c\" data-element_type=\"container\">\n\t\t<div class=\"elementor-element elementor-element-9c98630 e-con-full project-description e-flex e-con e-child\" data-id=\"9c98630\" data-element_type=\"container\">\n\t\t\t\t<div class=\"elementor-element elementor-element-679f705 title-level-5 elementor-widget elementor-widget-heading\" data-id=\"679f705\" data-element_type=\"widget\" data-widget_type=\"heading.default\">\n\t\t\t\t<div class=\"elementor-widget-container\">\n\t\t\t<style>\/*! elementor - v3.23.0 - 05-08-2024 *\/\n.elementor-heading-title{padding:0;margin:0;line-height:1}.elementor-widget-heading .elementor-heading-title[class*=elementor-size-]>a{color:inherit;font-size:inherit;line-height:inherit}.elementor-widget-heading .elementor-heading-title.elementor-size-small{font-size:15px}.elementor-widget-heading .elementor-heading-title.elementor-size-medium{font-size:19px}.elementor-widget-heading .elementor-heading-title.elementor-size-large{font-size:29px}.elementor-widget-heading .elementor-heading-title.elementor-size-xl{font-size:39px}.elementor-widget-heading .elementor-heading-title.elementor-size-xxl{font-size:59px}<\/style><h5 class=\"elementor-heading-title elementor-size-default\">Layih\u0259 Haqq\u0131nda<\/h5>\t\t<\/div>\n\t\t\t\t<\/div>\n\t\t\t\t<div class=\"elementor-element elementor-element-889b4ae elementor-widget elementor-widget-heading\" data-id=\"889b4ae\" data-element_type=\"widget\" data-widget_type=\"heading.default\">\n\t\t\t\t<div class=\"elementor-widget-container\">\n\t\t\t<h2 class=\"elementor-heading-title elementor-size-default\">Apex Clinics stomatologiya, estetik c\u0259rrahiyy\u0259 v\u0259 kosmetologiya xidm\u0259tl\u0259ri g\u00f6st\u0259r\u0259n sa\u011flaml\u0131q m\u0259rk\u0259zidir.  M\u0259rk\u0259zin interyer dizayn\u0131, t\u0259miri v\u0259 mebell\u0259 t\u0259minat\u0131 Avant Group t\u0259r\u0259find\u0259n yerin\u0259 yetirilmi\u015fdir.\r\n\r\nLayih\u0259 2019-cu ilin noyabr ay\u0131nda ba\u015flad\u0131 - 2020-ci ilin ilin noyabr ay\u0131nda t\u0259hvil verildi.\r\n\r\n<\/h2>\t\t<\/div>\n\t\t\t\t<\/div>\n\t\t\t\t<\/div>\n\t\t<div class=\"elementor-element elementor-element-821786d e-con-full e-flex e-con e-child\" data-id=\"821786d\" data-element_type=\"container\">\n\t\t\t\t<div class=\"elementor-element elementor-element-474a409 title-level-5 elementor-widget elementor-widget-heading\" data-id=\"474a409\" data-element_type=\"widget\" data-widget_type=\"heading.default\">\n\t\t\t\t<div class=\"elementor-widget-container\">\n\t\t\t<h5 class=\"elementor-heading-title elementor-size-default\">Etdikl\u0259rimiz<\/h5>\t\t<\/div>\n\t\t\t\t<\/div>\n\t\t\t\t<div class=\"elementor-element elementor-element-60de514 elementor-widget elementor-widget-heading\" data-id=\"60de514\" data-element_type=\"widget\" data-widget_type=\"heading.default\">\n\t\t\t\t<div class=\"elementor-widget-container\">\n\t\t\t<h2 class=\"elementor-heading-title elementor-size-default\">T\u0259mir\r\n<\/br>\r\nDaxili dizayn \r\n<\/br>\r\nMebel<\/h2>\t\t<\/div>\n\t\t\t\t<\/div>\n\t\t\t\t<\/div>\n\t\t\t\t<\/div>\n\t\t\t\t\t<\/div>\n\t\t\t\t<\/div>\n\t\t<div class=\"elementor-element elementor-element-3cdeb8ba e-con-full e-flex e-con e-parent\" data-id=\"3cdeb8ba\" data-element_type=\"container\">\n\t\t\t\t<div class=\"elementor-element elementor-element-3ad5cb38 project-gallery elementor-widget elementor-widget-image-carousel\" data-id=\"3ad5cb38\" data-element_type=\"widget\" data-settings=\"{&quot;slides_to_show&quot;:&quot;3&quot;,&quot;slides_to_show_mobile&quot;:&quot;2&quot;,&quot;slides_to_scroll&quot;:&quot;1&quot;,&quot;navigation&quot;:&quot;none&quot;,&quot;autoplay_speed&quot;:30000,&quot;speed&quot;:1000,&quot;image_spacing_custom&quot;:{&quot;unit&quot;:&quot;px&quot;,&quot;size&quot;:60,&quot;sizes&quot;:[]},&quot;image_spacing_custom_tablet&quot;:{&quot;unit&quot;:&quot;rem&quot;,&quot;size&quot;:&quot;&quot;,&quot;sizes&quot;:[]},&quot;image_spacing_custom_mobile&quot;:{&quot;unit&quot;:&quot;rem&quot;,&quot;size&quot;:&quot;&quot;,&quot;sizes&quot;:[]},&quot;autoplay&quot;:&quot;yes&quot;,&quot;pause_on_hover&quot;:&quot;yes&quot;,&quot;pause_on_interaction&quot;:&quot;yes&quot;,&quot;infinite&quot;:&quot;yes&quot;}\" data-widget_type=\"image-carousel.default\">\n\t\t\t\t<div class=\"elementor-widget-container\">\n\t\t\t<style>\/*! elementor - v3.23.0 - 05-08-2024 *\/\n.elementor-widget-image-carousel .swiper,.elementor-widget-image-carousel .swiper-container{position:static}.elementor-widget-image-carousel .swiper-container .swiper-slide figure,.elementor-widget-image-carousel .swiper .swiper-slide figure{line-height:inherit}.elementor-widget-image-carousel .swiper-slide{text-align:center}.elementor-image-carousel-wrapper:not(.swiper-container-initialized):not(.swiper-initialized) .swiper-slide{max-width:calc(100% \/ var(--e-image-carousel-slides-to-show, 3))}<\/style>\t\t<div class=\"elementor-image-carousel-wrapper swiper\" dir=\"ltr\">\n\t\t\t<div class=\"elementor-image-carousel swiper-wrapper\" aria-live=\"off\">\n\t\t\t\t\t\t\t\t<div class=\"swiper-slide\" role=\"group\" aria-roledescription=\"slide\" aria-label=\"<trp-gettext data-trpgettextoriginal=1156>1 of 9<\/trp-gettext>\"><a data-elementor-open-lightbox=\"yes\" data-elementor-lightbox-slideshow=\"3ad5cb38\" data-elementor-lightbox-title=\"Apex Clinic - Presentation 03.03.2020 (1)_pages-to-jpg-0009\" data-e-action-hash=\"#elementor-action%3Aaction%3Dlightbox%26settings%3DeyJpZCI6NDQ0MSwidXJsIjoiaHR0cHM6XC9cL2F2YW50Z3JvdXAuYXpcL3dwLWNvbnRlbnRcL3VwbG9hZHNcLzIwMjRcLzA5XC9BcGV4LUNsaW5pYy1QcmVzZW50YXRpb24tMDMuMDMuMjAyMC0xX3BhZ2VzLXRvLWpwZy0wMDA5LmpwZyIsInNsaWRlc2hvdyI6IjNhZDVjYjM4In0%3D\" href=\"https:\/\/avantgroup.az\/wp-content\/uploads\/2024\/09\/Apex-Clinic-Presentation-03.03.2020-1_pages-to-jpg-0009.jpg\"><figure class=\"swiper-slide-inner\"><img decoding=\"async\" class=\"swiper-slide-image\" src=\"https:\/\/avantgroup.az\/wp-content\/uploads\/2024\/09\/Apex-Clinic-Presentation-03.03.2020-1_pages-to-jpg-0009.jpg\" alt=\"Apex Clinic - Presentation 03.03.2020 (1)_pages-to-jpg-0009\" \/><\/figure><\/a><\/div><div class=\"swiper-slide\" role=\"group\" aria-roledescription=\"slide\" aria-label=\"<trp-gettext data-trpgettextoriginal=1156>2 of 9<\/trp-gettext>\"><a data-elementor-open-lightbox=\"yes\" data-elementor-lightbox-slideshow=\"3ad5cb38\" data-elementor-lightbox-title=\"Apex Clinic - Presentation 03.03.2020 (1)_pages-to-jpg-0022\" data-e-action-hash=\"#elementor-action%3Aaction%3Dlightbox%26settings%3DeyJpZCI6NDQ0MiwidXJsIjoiaHR0cHM6XC9cL2F2YW50Z3JvdXAuYXpcL3dwLWNvbnRlbnRcL3VwbG9hZHNcLzIwMjRcLzA5XC9BcGV4LUNsaW5pYy1QcmVzZW50YXRpb24tMDMuMDMuMjAyMC0xX3BhZ2VzLXRvLWpwZy0wMDIyLmpwZyIsInNsaWRlc2hvdyI6IjNhZDVjYjM4In0%3D\" href=\"https:\/\/avantgroup.az\/wp-content\/uploads\/2024\/09\/Apex-Clinic-Presentation-03.03.2020-1_pages-to-jpg-0022.jpg\"><figure class=\"swiper-slide-inner\"><img decoding=\"async\" class=\"swiper-slide-image\" src=\"https:\/\/avantgroup.az\/wp-content\/uploads\/2024\/09\/Apex-Clinic-Presentation-03.03.2020-1_pages-to-jpg-0022.jpg\" alt=\"Apex Clinic - Presentation 03.03.2020 (1)_pages-to-jpg-0022\" \/><\/figure><\/a><\/div><div class=\"swiper-slide\" role=\"group\" aria-roledescription=\"slide\" aria-label=\"<trp-gettext data-trpgettextoriginal=1156>3 of 9<\/trp-gettext>\"><a data-elementor-open-lightbox=\"yes\" data-elementor-lightbox-slideshow=\"3ad5cb38\" data-elementor-lightbox-title=\"Apex Clinic - Presentation 03.03.2020 (1)_pages-to-jpg-0023\" data-e-action-hash=\"#elementor-action%3Aaction%3Dlightbox%26settings%3DeyJpZCI6NDQ0MywidXJsIjoiaHR0cHM6XC9cL2F2YW50Z3JvdXAuYXpcL3dwLWNvbnRlbnRcL3VwbG9hZHNcLzIwMjRcLzA5XC9BcGV4LUNsaW5pYy1QcmVzZW50YXRpb24tMDMuMDMuMjAyMC0xX3BhZ2VzLXRvLWpwZy0wMDIzLmpwZyIsInNsaWRlc2hvdyI6IjNhZDVjYjM4In0%3D\" href=\"https:\/\/avantgroup.az\/wp-content\/uploads\/2024\/09\/Apex-Clinic-Presentation-03.03.2020-1_pages-to-jpg-0023.jpg\"><figure class=\"swiper-slide-inner\"><img decoding=\"async\" class=\"swiper-slide-image\" src=\"https:\/\/avantgroup.az\/wp-content\/uploads\/2024\/09\/Apex-Clinic-Presentation-03.03.2020-1_pages-to-jpg-0023.jpg\" alt=\"Apex Clinic - Presentation 03.03.2020 (1)_pages-to-jpg-0023\" \/><\/figure><\/a><\/div><div class=\"swiper-slide\" role=\"group\" aria-roledescription=\"slide\" aria-label=\"<trp-gettext data-trpgettextoriginal=1156>4 of 9<\/trp-gettext>\"><a data-elementor-open-lightbox=\"yes\" data-elementor-lightbox-slideshow=\"3ad5cb38\" data-elementor-lightbox-title=\"Apex Clinic - Presentation 03.03.2020 (1)_pages-to-jpg-0025\" data-e-action-hash=\"#elementor-action%3Aaction%3Dlightbox%26settings%3DeyJpZCI6NDQ0NCwidXJsIjoiaHR0cHM6XC9cL2F2YW50Z3JvdXAuYXpcL3dwLWNvbnRlbnRcL3VwbG9hZHNcLzIwMjRcLzA5XC9BcGV4LUNsaW5pYy1QcmVzZW50YXRpb24tMDMuMDMuMjAyMC0xX3BhZ2VzLXRvLWpwZy0wMDI1LmpwZyIsInNsaWRlc2hvdyI6IjNhZDVjYjM4In0%3D\" href=\"https:\/\/avantgroup.az\/wp-content\/uploads\/2024\/09\/Apex-Clinic-Presentation-03.03.2020-1_pages-to-jpg-0025.jpg\"><figure class=\"swiper-slide-inner\"><img decoding=\"async\" class=\"swiper-slide-image\" src=\"https:\/\/avantgroup.az\/wp-content\/uploads\/2024\/09\/Apex-Clinic-Presentation-03.03.2020-1_pages-to-jpg-0025.jpg\" alt=\"Apex Clinic - Presentation 03.03.2020 (1)_pages-to-jpg-0025\" \/><\/figure><\/a><\/div><div class=\"swiper-slide\" role=\"group\" aria-roledescription=\"slide\" aria-label=\"<trp-gettext data-trpgettextoriginal=1156>5 of 9<\/trp-gettext>\"><a data-elementor-open-lightbox=\"yes\" data-elementor-lightbox-slideshow=\"3ad5cb38\" data-elementor-lightbox-title=\"Apex Clinic - Presentation 03.03.2020 (1)_pages-to-jpg-0044\" data-e-action-hash=\"#elementor-action%3Aaction%3Dlightbox%26settings%3DeyJpZCI6NDQ0NSwidXJsIjoiaHR0cHM6XC9cL2F2YW50Z3JvdXAuYXpcL3dwLWNvbnRlbnRcL3VwbG9hZHNcLzIwMjRcLzA5XC9BcGV4LUNsaW5pYy1QcmVzZW50YXRpb24tMDMuMDMuMjAyMC0xX3BhZ2VzLXRvLWpwZy0wMDQ0LmpwZyIsInNsaWRlc2hvdyI6IjNhZDVjYjM4In0%3D\" href=\"https:\/\/avantgroup.az\/wp-content\/uploads\/2024\/09\/Apex-Clinic-Presentation-03.03.2020-1_pages-to-jpg-0044.jpg\"><figure class=\"swiper-slide-inner\"><img decoding=\"async\" class=\"swiper-slide-image\" src=\"https:\/\/avantgroup.az\/wp-content\/uploads\/2024\/09\/Apex-Clinic-Presentation-03.03.2020-1_pages-to-jpg-0044.jpg\" alt=\"Apex Clinic - Presentation 03.03.2020 (1)_pages-to-jpg-0044\" \/><\/figure><\/a><\/div><div class=\"swiper-slide\" role=\"group\" aria-roledescription=\"slide\" aria-label=\"<trp-gettext data-trpgettextoriginal=1156>6 of 9<\/trp-gettext>\"><a data-elementor-open-lightbox=\"yes\" data-elementor-lightbox-slideshow=\"3ad5cb38\" data-elementor-lightbox-title=\"Apex Clinic - Presentation 03.03.2020 (1)_pages-to-jpg-0048\" data-e-action-hash=\"#elementor-action%3Aaction%3Dlightbox%26settings%3DeyJpZCI6NDQ0NiwidXJsIjoiaHR0cHM6XC9cL2F2YW50Z3JvdXAuYXpcL3dwLWNvbnRlbnRcL3VwbG9hZHNcLzIwMjRcLzA5XC9BcGV4LUNsaW5pYy1QcmVzZW50YXRpb24tMDMuMDMuMjAyMC0xX3BhZ2VzLXRvLWpwZy0wMDQ4LmpwZyIsInNsaWRlc2hvdyI6IjNhZDVjYjM4In0%3D\" href=\"https:\/\/avantgroup.az\/wp-content\/uploads\/2024\/09\/Apex-Clinic-Presentation-03.03.2020-1_pages-to-jpg-0048.jpg\"><figure class=\"swiper-slide-inner\"><img decoding=\"async\" class=\"swiper-slide-image\" src=\"https:\/\/avantgroup.az\/wp-content\/uploads\/2024\/09\/Apex-Clinic-Presentation-03.03.2020-1_pages-to-jpg-0048.jpg\" alt=\"Apex Clinic - Presentation 03.03.2020 (1)_pages-to-jpg-0048\" \/><\/figure><\/a><\/div><div class=\"swiper-slide\" role=\"group\" aria-roledescription=\"slide\" aria-label=\"<trp-gettext data-trpgettextoriginal=1156>7 of 9<\/trp-gettext>\"><a data-elementor-open-lightbox=\"yes\" data-elementor-lightbox-slideshow=\"3ad5cb38\" data-elementor-lightbox-title=\"Apex Clinic - Presentation 03.03.2020 (1)_pages-to-jpg-0050\" data-e-action-hash=\"#elementor-action%3Aaction%3Dlightbox%26settings%3DeyJpZCI6NDQ0NywidXJsIjoiaHR0cHM6XC9cL2F2YW50Z3JvdXAuYXpcL3dwLWNvbnRlbnRcL3VwbG9hZHNcLzIwMjRcLzA5XC9BcGV4LUNsaW5pYy1QcmVzZW50YXRpb24tMDMuMDMuMjAyMC0xX3BhZ2VzLXRvLWpwZy0wMDUwLmpwZyIsInNsaWRlc2hvdyI6IjNhZDVjYjM4In0%3D\" href=\"https:\/\/avantgroup.az\/wp-content\/uploads\/2024\/09\/Apex-Clinic-Presentation-03.03.2020-1_pages-to-jpg-0050.jpg\"><figure class=\"swiper-slide-inner\"><img decoding=\"async\" class=\"swiper-slide-image\" src=\"https:\/\/avantgroup.az\/wp-content\/uploads\/2024\/09\/Apex-Clinic-Presentation-03.03.2020-1_pages-to-jpg-0050.jpg\" alt=\"Apex Clinic - Presentation 03.03.2020 (1)_pages-to-jpg-0050\" \/><\/figure><\/a><\/div><div class=\"swiper-slide\" role=\"group\" aria-roledescription=\"slide\" aria-label=\"<trp-gettext data-trpgettextoriginal=1156>8 of 9<\/trp-gettext>\"><a data-elementor-open-lightbox=\"yes\" data-elementor-lightbox-slideshow=\"3ad5cb38\" data-elementor-lightbox-title=\"Cover\" data-e-action-hash=\"#elementor-action%3Aaction%3Dlightbox%26settings%3DeyJpZCI6NDQ0OCwidXJsIjoiaHR0cHM6XC9cL2F2YW50Z3JvdXAuYXpcL3dwLWNvbnRlbnRcL3VwbG9hZHNcLzIwMjRcLzA5XC9Db3Zlci53ZWJwIiwic2xpZGVzaG93IjoiM2FkNWNiMzgifQ%3D%3D\" href=\"https:\/\/avantgroup.az\/wp-content\/uploads\/2024\/09\/Cover.webp\"><figure class=\"swiper-slide-inner\"><img decoding=\"async\" class=\"swiper-slide-image\" src=\"https:\/\/avantgroup.az\/wp-content\/uploads\/2024\/09\/Cover.webp\" alt=\"Cover\" \/><\/figure><\/a><\/div><div class=\"swiper-slide\" role=\"group\" aria-roledescription=\"slide\" aria-label=\"<trp-gettext data-trpgettextoriginal=1156>9 of 9<\/trp-gettext>\"><a data-elementor-open-lightbox=\"yes\" data-elementor-lightbox-slideshow=\"3ad5cb38\" data-elementor-lightbox-title=\"Apex Clinic - Presentation 03.03.2020 (1)_pages-to-jpg-0002\" data-e-action-hash=\"#elementor-action%3Aaction%3Dlightbox%26settings%3DeyJpZCI6NDQ0OSwidXJsIjoiaHR0cHM6XC9cL2F2YW50Z3JvdXAuYXpcL3dwLWNvbnRlbnRcL3VwbG9hZHNcLzIwMjRcLzA5XC9BcGV4LUNsaW5pYy1QcmVzZW50YXRpb24tMDMuMDMuMjAyMC0xX3BhZ2VzLXRvLWpwZy0wMDAyLmpwZyIsInNsaWRlc2hvdyI6IjNhZDVjYjM4In0%3D\" href=\"https:\/\/avantgroup.az\/wp-content\/uploads\/2024\/09\/Apex-Clinic-Presentation-03.03.2020-1_pages-to-jpg-0002.jpg\"><figure class=\"swiper-slide-inner\"><img decoding=\"async\" class=\"swiper-slide-image\" src=\"https:\/\/avantgroup.az\/wp-content\/uploads\/2024\/09\/Apex-Clinic-Presentation-03.03.2020-1_pages-to-jpg-0002.jpg\" alt=\"Apex Clinic - Presentation 03.03.2020 (1)_pages-to-jpg-0002\" \/><\/figure><\/a><\/div>\t\t\t<\/div>\n\t\t\t\t\t\t\t\n\t\t\t\t\t\t\t\t\t<\/div>\n\t\t\t\t<\/div>\n\t\t\t\t<\/div>\n\t\t\t\t<\/div>\n\t\t\t\t<\/div>\n\t\t","protected":false},"excerpt":{"rendered":"<p>. . . Layih\u0259 Haqq\u0131nda Etdikl\u0259rimiz<\/p>\n","protected":false},"author":1,"featured_media":4738,"parent":3171,"menu_order":43,"comment_status":"closed","ping_status":"closed","template":"elementor_header_footer","meta":{"_acf_changed":false,"footnotes":""},"class_list":["post-4393","page","type-page","status-publish","has-post-thumbnail","hentry"],"acf":[],"_links":{"self":[{"href":"https:\/\/avantgroup.az\/az\/wp-json\/wp\/v2\/pages\/4393","targetHints":{"allow":["GET"]}}],"collection":[{"href":"https:\/\/avantgroup.az\/az\/wp-json\/wp\/v2\/pages"}],"about":[{"href":"https:\/\/avantgroup.az\/az\/wp-json\/wp\/v2\/types\/page"}],"author":[{"embeddable":true,"href":"https:\/\/avantgroup.az\/az\/wp-json\/wp\/v2\/users\/1"}],"replies":[{"embeddable":true,"href":"https:\/\/avantgroup.az\/az\/wp-json\/wp\/v2\/comments?post=4393"}],"version-history":[{"count":10,"href":"https:\/\/avantgroup.az\/az\/wp-json\/wp\/v2\/pages\/4393\/revisions"}],"predecessor-version":[{"id":5327,"href":"https:\/\/avantgroup.az\/az\/wp-json\/wp\/v2\/pages\/4393\/revisions\/5327"}],"up":[{"embeddable":true,"href":"https:\/\/avantgroup.az\/az\/wp-json\/wp\/v2\/pages\/3171"}],"wp:featuredmedia":[{"embeddable":true,"href":"https:\/\/avantgroup.az\/az\/wp-json\/wp\/v2\/media\/4738"}],"wp:attachment":[{"href":"https:\/\/avantgroup.az\/az\/wp-json\/wp\/v2\/media?parent=4393"}],"curies":[{"name":"wp","href":"https:\/\/api.w.org\/{rel}","templated":true}]}}