{"id":3351,"date":"2024-08-27T10:24:39","date_gmt":"2024-08-27T10:24:39","guid":{"rendered":"http:\/\/new-avant.avantgroup.az\/?page_id=3351"},"modified":"2024-10-08T08:55:28","modified_gmt":"2024-10-08T08:55:28","slug":"facility-management","status":"publish","type":"page","link":"https:\/\/avantgroup.az\/az\/business-directions\/facility-management\/","title":{"rendered":"Facility Management"},"content":{"rendered":"\t\t<div data-elementor-type=\"wp-page\" data-elementor-id=\"3351\" class=\"elementor elementor-3351\" data-elementor-post-type=\"page\">\n\t\t\t\t<div class=\"elementor-element elementor-element-380e0018 breadcrumbs e-flex e-con-boxed e-con e-parent\" data-id=\"380e0018\" data-element_type=\"container\">\n\t\t\t\t\t<div class=\"e-con-inner\">\n\t\t\t\t<div class=\"elementor-element elementor-element-5ab8d4ec elementor-widget elementor-widget-heading\" data-id=\"5ab8d4ec\" data-element_type=\"widget\" data-widget_type=\"heading.default\">\n\t\t\t\t<div class=\"elementor-widget-container\">\n\t\t\t<style>\/*! elementor - v3.23.0 - 05-08-2024 *\/\n.elementor-heading-title{padding:0;margin:0;line-height:1}.elementor-widget-heading .elementor-heading-title[class*=elementor-size-]>a{color:inherit;font-size:inherit;line-height:inherit}.elementor-widget-heading .elementor-heading-title.elementor-size-small{font-size:15px}.elementor-widget-heading .elementor-heading-title.elementor-size-medium{font-size:19px}.elementor-widget-heading .elementor-heading-title.elementor-size-large{font-size:29px}.elementor-widget-heading .elementor-heading-title.elementor-size-xl{font-size:39px}.elementor-widget-heading .elementor-heading-title.elementor-size-xxl{font-size:59px}<\/style><h2 class=\"elementor-heading-title elementor-size-default\"><a href=\"\/\">Ana S\u0259hif\u0259<\/a><\/h2>\t\t<\/div>\n\t\t\t\t<\/div>\n\t\t\t\t<div class=\"elementor-element elementor-element-4757b2f2 elementor-widget elementor-widget-heading\" data-id=\"4757b2f2\" data-element_type=\"widget\" data-widget_type=\"heading.default\">\n\t\t\t\t<div class=\"elementor-widget-container\">\n\t\t\t<h2 class=\"elementor-heading-title elementor-size-default\"><a href=\"\/business-directions\">. Biznes \u0130stiqam\u0259tl\u0259ri\n<\/a><\/h2>\t\t<\/div>\n\t\t\t\t<\/div>\n\t\t\t\t<div class=\"elementor-element elementor-element-cde5190 elementor-widget elementor-widget-heading\" data-id=\"cde5190\" data-element_type=\"widget\" data-widget_type=\"heading.default\">\n\t\t\t\t<div class=\"elementor-widget-container\">\n\t\t\t<h2 class=\"elementor-heading-title elementor-size-default\">.\n<\/h2>\t\t<\/div>\n\t\t\t\t<\/div>\n\t\t\t\t<div class=\"elementor-element elementor-element-7b42cdca elementor-widget elementor-widget-heading\" data-id=\"7b42cdca\" data-element_type=\"widget\" data-widget_type=\"heading.default\">\n\t\t\t\t<div class=\"elementor-widget-container\">\n\t\t\t<style>\/*! elementor - v3.23.0 - 05-08-2024 *\/\n.elementor-heading-title{padding:0;margin:0;line-height:1}.elementor-widget-heading .elementor-heading-title[class*=elementor-size-]>a{color:inherit;font-size:inherit;line-height:inherit}.elementor-widget-heading .elementor-heading-title.elementor-size-small{font-size:15px}.elementor-widget-heading .elementor-heading-title.elementor-size-medium{font-size:19px}.elementor-widget-heading .elementor-heading-title.elementor-size-large{font-size:29px}.elementor-widget-heading .elementor-heading-title.elementor-size-xl{font-size:39px}.elementor-widget-heading .elementor-heading-title.elementor-size-xxl{font-size:59px}<\/style><h2 class=\"elementor-heading-title elementor-size-default\">Da\u015f\u0131nmaz \u018fmlak \u0130dar\u0259etm\u0259si<\/h2>\t\t<\/div>\n\t\t\t\t<\/div>\n\t\t\t\t\t<\/div>\n\t\t\t\t<\/div>\n\t\t<div class=\"elementor-element elementor-element-b4b56cc directions-titles e-flex e-con-boxed e-con e-parent\" data-id=\"b4b56cc\" data-element_type=\"container\">\n\t\t\t\t\t<div class=\"e-con-inner\">\n\t\t\t\t<div class=\"elementor-element elementor-element-c823908 elementor-widget__width-initial elementor-widget elementor-widget-heading\" data-id=\"c823908\" data-element_type=\"widget\" data-widget_type=\"heading.default\">\n\t\t\t\t<div class=\"elementor-widget-container\">\n\t\t\t<h2 class=\"elementor-heading-title elementor-size-default\">Da\u015f\u0131nmaz \u018fmlak \u0130dar\u0259etm\u0259si<\/h2>\t\t<\/div>\n\t\t\t\t<\/div>\n\t\t\t\t\t<\/div>\n\t\t\t\t<\/div>\n\t\t<div class=\"elementor-element elementor-element-4f753a6e e-con-full e-flex e-con e-parent\" data-id=\"4f753a6e\" data-element_type=\"container\">\n\t\t\t\t<div class=\"elementor-element elementor-element-60565bd6 elementor-widget elementor-widget-image\" data-id=\"60565bd6\" data-element_type=\"widget\" data-widget_type=\"image.default\">\n\t\t\t\t<div class=\"elementor-widget-container\">\n\t\t\t<style>\/*! elementor - v3.23.0 - 05-08-2024 *\/\n.elementor-widget-image{text-align:center}.elementor-widget-image a{display:inline-block}.elementor-widget-image a img[src$=\".svg\"]{width:48px}.elementor-widget-image img{vertical-align:middle;display:inline-block}<\/style>\t\t\t\t\t\t\t\t\t\t<img fetchpriority=\"high\" decoding=\"async\" width=\"1536\" height=\"640\" src=\"https:\/\/avantgroup.az\/wp-content\/uploads\/2024\/09\/Facility-Management-1536x640-1.jpg\" class=\"attachment-full size-full wp-image-4713\" alt=\"\" srcset=\"https:\/\/avantgroup.az\/wp-content\/uploads\/2024\/09\/Facility-Management-1536x640-1.jpg 1536w, https:\/\/avantgroup.az\/wp-content\/uploads\/2024\/09\/Facility-Management-1536x640-1-300x125.jpg 300w, https:\/\/avantgroup.az\/wp-content\/uploads\/2024\/09\/Facility-Management-1536x640-1-1024x427.jpg 1024w, https:\/\/avantgroup.az\/wp-content\/uploads\/2024\/09\/Facility-Management-1536x640-1-768x320.jpg 768w, https:\/\/avantgroup.az\/wp-content\/uploads\/2024\/09\/Facility-Management-1536x640-1-18x8.jpg 18w\" sizes=\"(max-width: 1536px) 100vw, 1536px\" \/>\t\t\t\t\t\t\t\t\t\t\t\t\t<\/div>\n\t\t\t\t<\/div>\n\t\t<div class=\"elementor-element elementor-element-44874cc e-flex e-con-boxed e-con e-child\" data-id=\"44874cc\" data-element_type=\"container\" data-settings=\"{&quot;background_background&quot;:&quot;classic&quot;}\">\n\t\t\t\t\t<div class=\"e-con-inner\">\n\t\t<div class=\"elementor-element elementor-element-7fc6c9a e-con-full e-flex e-con e-child\" data-id=\"7fc6c9a\" data-element_type=\"container\">\n\t\t\t\t<div class=\"elementor-element elementor-element-7eaa6a8 elementor-widget elementor-widget-image\" data-id=\"7eaa6a8\" data-element_type=\"widget\" data-widget_type=\"image.default\">\n\t\t\t\t<div class=\"elementor-widget-container\">\n\t\t\t\t\t\t\t\t\t\t\t\t\t<img decoding=\"async\" src=\"https:\/\/avantgroup.az\/wp-content\/uploads\/2024\/09\/logo-e1724252155251-white.png\" title=\"\" alt=\"\" loading=\"lazy\" \/>\t\t\t\t\t\t\t\t\t\t\t\t\t<\/div>\n\t\t\t\t<\/div>\n\t\t\t\t<\/div>\n\t\t\t\t<div class=\"elementor-element elementor-element-d9d073b elementor-widget__width-initial elementor-widget-mobile__width-inherit elementor-widget elementor-widget-heading\" data-id=\"d9d073b\" data-element_type=\"widget\" data-widget_type=\"heading.default\">\n\t\t\t\t<div class=\"elementor-widget-container\">\n\t\t\t<h4 class=\"elementor-heading-title elementor-size-default\"><a href=\"#vision\">Administrativ i\u015fl\u0259rin icras\u0131n\u0131 biz \u00f6z \u00fcz\u0259rimiz\u0259 g\u00f6t\u00fcr\u00fcr\u00fck, sakinl\u0259rimiz is\u0259, rahat v\u0259 qay\u011f\u0131s\u0131z h\u0259yatdan z\u00f6vq al\u0131rlar.<\/a><\/h4>\t\t<\/div>\n\t\t\t\t<\/div>\n\t\t\t\t\t<\/div>\n\t\t\t\t<\/div>\n\t\t\t\t<\/div>\n\t\t<div class=\"elementor-element elementor-element-c83c49b e-flex e-con-boxed e-con e-parent\" data-id=\"c83c49b\" data-element_type=\"container\">\n\t\t\t\t\t<div class=\"e-con-inner\">\n\t\t<div class=\"elementor-element elementor-element-0f6ae61 e-con-full e-flex e-con e-child\" data-id=\"0f6ae61\" data-element_type=\"container\">\n\t\t\t\t<div class=\"elementor-element elementor-element-b3ab8ce title-level-2 elementor-widget elementor-widget-heading\" data-id=\"b3ab8ce\" data-element_type=\"widget\" data-widget_type=\"heading.default\">\n\t\t\t\t<div class=\"elementor-widget-container\">\n\t\t\t<h2 class=\"elementor-heading-title elementor-size-default\">G\u00f6st\u0259rdiyimiz xidm\u0259tll\u0259r<\/h2>\t\t<\/div>\n\t\t\t\t<\/div>\n\t\t\t\t<div class=\"elementor-element elementor-element-92edce5 elementor-widget elementor-widget-heading\" data-id=\"92edce5\" data-element_type=\"widget\" data-widget_type=\"heading.default\">\n\t\t\t\t<div class=\"elementor-widget-container\">\n\t\t\t<h2 class=\"elementor-heading-title elementor-size-default\">Ya\u015fay\u0131\u015f infrastrukturunun inki\u015faf\u0131 \r\n<\/br>\r\nT\u0259hl\u00fck\u0259sizlik \r\n<\/br>\r\nBina texniki bax\u0131\u015f\u0131 v\u0259 t\u0259miri \r\n<\/br>\r\nSakinl\u0259r\u0259 xidm\u0259t m\u0259rk\u0259zl\u0259ri \r\n<\/br>\r\nT\u0259mizlik xidm\u0259ti \r\n<\/br>\r\nYan\u011f\u0131n t\u0259hl\u00fck\u0259sizliyi \r\n<\/br>\r\nEnerji idar\u0259etm\u0259 sisteml\u0259ri <\/h2>\t\t<\/div>\n\t\t\t\t<\/div>\n\t\t\t\t<\/div>\n\t\t<div class=\"elementor-element elementor-element-9c3c5d7 e-con-full e-flex e-con e-child\" data-id=\"9c3c5d7\" data-element_type=\"container\">\n\t\t\t\t<div class=\"elementor-element elementor-element-152c703 elementor-widget elementor-widget-heading\" data-id=\"152c703\" data-element_type=\"widget\" data-widget_type=\"heading.default\">\n\t\t\t\t<div class=\"elementor-widget-container\">\n\t\t\t<h2 class=\"elementor-heading-title elementor-size-default\">Da\u015f\u0131nmaz \u0259mlak idar\u0259edilm\u0259si sah\u0259sind\u0259 sakinl\u0259r \u00fc\u00e7\u00fcn y\u00fcks\u0259k ya\u015fay\u0131\u015f \u015f\u0259raitinin yarad\u0131lmas\u0131na nail olmaq \u0259sas h\u0259d\u0259fimizdir. \u0130n\u015fa etdiyimiz ya\u015fay\u0131\u015f kompleksl\u0259rind\u0259 y\u00fcks\u0259k standartlara uy\u011fun geni\u015f infrastrukturun t\u0259min olunmas\u0131, t\u0259hl\u00fck\u0259siz v\u0259 ekoloji m\u00fchitin yarad\u0131lmas\u0131 \u0259sas m\u0259qs\u0259dl\u0259rimizd\u0259ndir. \r\n<\/br>\r\n<\/br>\r\nAvant Group olaraq da\u015f\u0131nmaz \u0259mlak idar\u0259etm\u0259si sah\u0259sind\u0259 g\u00f6st\u0259rdiyimiz xidm\u0259tl\u0259rin keyfiyy\u0259tini art\u0131rmaq m\u0259qs\u0259dil\u0259 m\u00fcasir konseptl\u0259ri yax\u0131ndan izl\u0259yir, sakinl\u0259rin m\u0259mnunlu\u011funu art\u0131rmaq v\u0259 onlar\u0131n t\u0259hvil verdiyimiz binalarda daha rahat v\u0259 t\u0259hl\u00fck\u0259siz ya\u015famas\u0131n\u0131 t\u0259min edirik. \r\n<\/h2>\t\t<\/div>\n\t\t\t\t<\/div>\n\t\t\t\t<\/div>\n\t\t\t\t\t<\/div>\n\t\t\t\t<\/div>\n\t\t\t\t<\/div>\n\t\t","protected":false},"excerpt":{"rendered":"<p>Ana S\u0259hif\u0259 . Biznes \u0130stiqam\u0259tl\u0259ri . G\u00f6st\u0259rdiyimiz xidm\u0259tll\u0259r<\/p>\n","protected":false},"author":1,"featured_media":4713,"parent":3220,"menu_order":1,"comment_status":"closed","ping_status":"closed","template":"elementor_header_footer","meta":{"_acf_changed":false,"footnotes":""},"class_list":["post-3351","page","type-page","status-publish","has-post-thumbnail","hentry"],"acf":[],"_links":{"self":[{"href":"https:\/\/avantgroup.az\/az\/wp-json\/wp\/v2\/pages\/3351","targetHints":{"allow":["GET"]}}],"collection":[{"href":"https:\/\/avantgroup.az\/az\/wp-json\/wp\/v2\/pages"}],"about":[{"href":"https:\/\/avantgroup.az\/az\/wp-json\/wp\/v2\/types\/page"}],"author":[{"embeddable":true,"href":"https:\/\/avantgroup.az\/az\/wp-json\/wp\/v2\/users\/1"}],"replies":[{"embeddable":true,"href":"https:\/\/avantgroup.az\/az\/wp-json\/wp\/v2\/comments?post=3351"}],"version-history":[{"count":49,"href":"https:\/\/avantgroup.az\/az\/wp-json\/wp\/v2\/pages\/3351\/revisions"}],"predecessor-version":[{"id":5287,"href":"https:\/\/avantgroup.az\/az\/wp-json\/wp\/v2\/pages\/3351\/revisions\/5287"}],"up":[{"embeddable":true,"href":"https:\/\/avantgroup.az\/az\/wp-json\/wp\/v2\/pages\/3220"}],"wp:featuredmedia":[{"embeddable":true,"href":"https:\/\/avantgroup.az\/az\/wp-json\/wp\/v2\/media\/4713"}],"wp:attachment":[{"href":"https:\/\/avantgroup.az\/az\/wp-json\/wp\/v2\/media?parent=3351"}],"curies":[{"name":"wp","href":"https:\/\/api.w.org\/{rel}","templated":true}]}}