{"id":3341,"date":"2024-08-27T10:18:06","date_gmt":"2024-08-27T10:18:06","guid":{"rendered":"http:\/\/new-avant.avantgroup.az\/?page_id=3341"},"modified":"2024-10-08T08:51:30","modified_gmt":"2024-10-08T08:51:30","slug":"production","status":"publish","type":"page","link":"https:\/\/avantgroup.az\/az\/business-directions\/production\/","title":{"rendered":"Production"},"content":{"rendered":"\t\t<div data-elementor-type=\"wp-page\" data-elementor-id=\"3341\" class=\"elementor elementor-3341\" data-elementor-post-type=\"page\">\n\t\t\t\t<div class=\"elementor-element elementor-element-1a0142c0 breadcrumbs e-flex e-con-boxed e-con e-parent\" data-id=\"1a0142c0\" data-element_type=\"container\">\n\t\t\t\t\t<div class=\"e-con-inner\">\n\t\t\t\t<div class=\"elementor-element elementor-element-4278d7ed elementor-widget elementor-widget-heading\" data-id=\"4278d7ed\" data-element_type=\"widget\" data-widget_type=\"heading.default\">\n\t\t\t\t<div class=\"elementor-widget-container\">\n\t\t\t<style>\/*! elementor - v3.23.0 - 05-08-2024 *\/\n.elementor-heading-title{padding:0;margin:0;line-height:1}.elementor-widget-heading .elementor-heading-title[class*=elementor-size-]>a{color:inherit;font-size:inherit;line-height:inherit}.elementor-widget-heading .elementor-heading-title.elementor-size-small{font-size:15px}.elementor-widget-heading .elementor-heading-title.elementor-size-medium{font-size:19px}.elementor-widget-heading .elementor-heading-title.elementor-size-large{font-size:29px}.elementor-widget-heading .elementor-heading-title.elementor-size-xl{font-size:39px}.elementor-widget-heading .elementor-heading-title.elementor-size-xxl{font-size:59px}<\/style><h2 class=\"elementor-heading-title elementor-size-default\"><a href=\"\/\">Ana S\u0259hif\u0259<\/a><\/h2>\t\t<\/div>\n\t\t\t\t<\/div>\n\t\t\t\t<div class=\"elementor-element elementor-element-302ed2f6 elementor-widget elementor-widget-heading\" data-id=\"302ed2f6\" data-element_type=\"widget\" data-widget_type=\"heading.default\">\n\t\t\t\t<div class=\"elementor-widget-container\">\n\t\t\t<h2 class=\"elementor-heading-title elementor-size-default\"><a href=\"\/business-directions\">. Biznes \u0130stiqam\u0259tl\u0259ri\n<\/a><\/h2>\t\t<\/div>\n\t\t\t\t<\/div>\n\t\t\t\t<div class=\"elementor-element elementor-element-bbc0e36 elementor-widget elementor-widget-heading\" data-id=\"bbc0e36\" data-element_type=\"widget\" data-widget_type=\"heading.default\">\n\t\t\t\t<div class=\"elementor-widget-container\">\n\t\t\t<h2 class=\"elementor-heading-title elementor-size-default\">.\n<\/h2>\t\t<\/div>\n\t\t\t\t<\/div>\n\t\t\t\t<div class=\"elementor-element elementor-element-7440b67 elementor-widget elementor-widget-heading\" data-id=\"7440b67\" data-element_type=\"widget\" data-widget_type=\"heading.default\">\n\t\t\t\t<div class=\"elementor-widget-container\">\n\t\t\t<style>\/*! elementor - v3.23.0 - 05-08-2024 *\/\n.elementor-heading-title{padding:0;margin:0;line-height:1}.elementor-widget-heading .elementor-heading-title[class*=elementor-size-]>a{color:inherit;font-size:inherit;line-height:inherit}.elementor-widget-heading .elementor-heading-title.elementor-size-small{font-size:15px}.elementor-widget-heading .elementor-heading-title.elementor-size-medium{font-size:19px}.elementor-widget-heading .elementor-heading-title.elementor-size-large{font-size:29px}.elementor-widget-heading .elementor-heading-title.elementor-size-xl{font-size:39px}.elementor-widget-heading .elementor-heading-title.elementor-size-xxl{font-size:59px}<\/style><h2 class=\"elementor-heading-title elementor-size-default\">\u0130stehsal<\/h2>\t\t<\/div>\n\t\t\t\t<\/div>\n\t\t\t\t\t<\/div>\n\t\t\t\t<\/div>\n\t\t<div class=\"elementor-element elementor-element-833b944 directions-titles e-flex e-con-boxed e-con e-parent\" data-id=\"833b944\" data-element_type=\"container\">\n\t\t\t\t\t<div class=\"e-con-inner\">\n\t\t\t\t<div class=\"elementor-element elementor-element-dec3890 elementor-widget__width-initial elementor-widget elementor-widget-heading\" data-id=\"dec3890\" data-element_type=\"widget\" data-widget_type=\"heading.default\">\n\t\t\t\t<div class=\"elementor-widget-container\">\n\t\t\t<h2 class=\"elementor-heading-title elementor-size-default\">\u0130stehsal<\/h2>\t\t<\/div>\n\t\t\t\t<\/div>\n\t\t\t\t\t<\/div>\n\t\t\t\t<\/div>\n\t\t<div class=\"elementor-element elementor-element-14d5321a e-con-full e-flex e-con e-parent\" data-id=\"14d5321a\" data-element_type=\"container\">\n\t\t\t\t<div class=\"elementor-element elementor-element-addc182 elementor-widget elementor-widget-image\" data-id=\"addc182\" data-element_type=\"widget\" data-widget_type=\"image.default\">\n\t\t\t\t<div class=\"elementor-widget-container\">\n\t\t\t<style>\/*! elementor - v3.23.0 - 05-08-2024 *\/\n.elementor-widget-image{text-align:center}.elementor-widget-image a{display:inline-block}.elementor-widget-image a img[src$=\".svg\"]{width:48px}.elementor-widget-image img{vertical-align:middle;display:inline-block}<\/style>\t\t\t\t\t\t\t\t\t\t<img fetchpriority=\"high\" decoding=\"async\" width=\"1536\" height=\"640\" src=\"https:\/\/avantgroup.az\/wp-content\/uploads\/2024\/09\/Production-1536x640-1.jpg\" class=\"attachment-full size-full wp-image-4714\" alt=\"\" srcset=\"https:\/\/avantgroup.az\/wp-content\/uploads\/2024\/09\/Production-1536x640-1.jpg 1536w, https:\/\/avantgroup.az\/wp-content\/uploads\/2024\/09\/Production-1536x640-1-300x125.jpg 300w, https:\/\/avantgroup.az\/wp-content\/uploads\/2024\/09\/Production-1536x640-1-1024x427.jpg 1024w, https:\/\/avantgroup.az\/wp-content\/uploads\/2024\/09\/Production-1536x640-1-768x320.jpg 768w, https:\/\/avantgroup.az\/wp-content\/uploads\/2024\/09\/Production-1536x640-1-18x8.jpg 18w\" sizes=\"(max-width: 1536px) 100vw, 1536px\" \/>\t\t\t\t\t\t\t\t\t\t\t\t\t<\/div>\n\t\t\t\t<\/div>\n\t\t<div class=\"elementor-element elementor-element-014ae82 e-flex e-con-boxed e-con e-child\" data-id=\"014ae82\" data-element_type=\"container\" data-settings=\"{&quot;background_background&quot;:&quot;classic&quot;}\">\n\t\t\t\t\t<div class=\"e-con-inner\">\n\t\t<div class=\"elementor-element elementor-element-f49bba7 e-con-full e-flex e-con e-child\" data-id=\"f49bba7\" data-element_type=\"container\">\n\t\t\t\t<div class=\"elementor-element elementor-element-77bd630 elementor-widget elementor-widget-image\" data-id=\"77bd630\" data-element_type=\"widget\" data-widget_type=\"image.default\">\n\t\t\t\t<div class=\"elementor-widget-container\">\n\t\t\t\t\t\t\t\t\t\t\t\t\t<img decoding=\"async\" src=\"https:\/\/avantgroup.az\/wp-content\/uploads\/2024\/09\/Avant-Production-Logo.png\" title=\"\" alt=\"\" loading=\"lazy\" \/>\t\t\t\t\t\t\t\t\t\t\t\t\t<\/div>\n\t\t\t\t<\/div>\n\t\t\t\t<\/div>\n\t\t\t\t<div class=\"elementor-element elementor-element-83bde80 elementor-widget__width-initial elementor-widget-mobile__width-inherit elementor-widget elementor-widget-heading\" data-id=\"83bde80\" data-element_type=\"widget\" data-widget_type=\"heading.default\">\n\t\t\t\t<div class=\"elementor-widget-container\">\n\t\t\t<h4 class=\"elementor-heading-title elementor-size-default\"><a href=\"#vision\">M\u00fcxt\u0259lif tikinti materiallar\u0131n\u0131n v\u0259 mebell\u0259rin y\u00fcks\u0259k keyfiyy\u0259tli istehsal\u0131 say\u0259sind\u0259 m\u00fc\u015ft\u0259ril\u0259rimiz\u0259 pe\u015f\u0259kar dizayn h\u0259ll\u0259ri t\u0259qdim edirik. <\/a><\/h4>\t\t<\/div>\n\t\t\t\t<\/div>\n\t\t\t\t\t<\/div>\n\t\t\t\t<\/div>\n\t\t\t\t<\/div>\n\t\t<div class=\"elementor-element elementor-element-60ecf77 e-flex e-con-boxed e-con e-parent\" data-id=\"60ecf77\" data-element_type=\"container\">\n\t\t\t\t\t<div class=\"e-con-inner\">\n\t\t<div class=\"elementor-element elementor-element-94cb010 e-con-full e-flex e-con e-child\" data-id=\"94cb010\" data-element_type=\"container\">\n\t\t\t\t<div class=\"elementor-element elementor-element-aa871eb title-level-2 elementor-widget elementor-widget-heading\" data-id=\"aa871eb\" data-element_type=\"widget\" data-widget_type=\"heading.default\">\n\t\t\t\t<div class=\"elementor-widget-container\">\n\t\t\t<h2 class=\"elementor-heading-title elementor-size-default\">G\u00f6st\u0259rdiyimiz xidm\u0259tll\u0259r<\/h2>\t\t<\/div>\n\t\t\t\t<\/div>\n\t\t\t\t<div class=\"elementor-element elementor-element-75c52c9 elementor-widget elementor-widget-heading\" data-id=\"75c52c9\" data-element_type=\"widget\" data-widget_type=\"heading.default\">\n\t\t\t\t<div class=\"elementor-widget-container\">\n\t\t\t<h2 class=\"elementor-heading-title elementor-size-default\">\u0130n\u015faat materiallar\u0131n\u0131n istehsal\u0131\r\n<\/br>\r\nMebel istehsal\u0131 \r\n<\/br>\r\nFiber beton materiallar\u0131n\u0131n istehsal\u0131 \r\n<\/br>\r\n\u0130nteryer v\u0259 dekor materiallar\u0131n\u0131n istehsal\u0131 \r\n<\/h2>\t\t<\/div>\n\t\t\t\t<\/div>\n\t\t\t\t<\/div>\n\t\t<div class=\"elementor-element elementor-element-76bba35 e-con-full e-flex e-con e-child\" data-id=\"76bba35\" data-element_type=\"container\">\n\t\t\t\t<div class=\"elementor-element elementor-element-330f976 elementor-widget elementor-widget-heading\" data-id=\"330f976\" data-element_type=\"widget\" data-widget_type=\"heading.default\">\n\t\t\t\t<div class=\"elementor-widget-container\">\n\t\t\t<h2 class=\"elementor-heading-title elementor-size-default\">Avant Group istehsal sah\u0259sind\u0259 y\u00fcks\u0259k keyfiyy\u0259tli fasad materiallar\u0131n\u0131n, h\u0259m\u00e7inin mebel v\u0259 dekorasiya m\u0259hsullar\u0131n\u0131n haz\u0131rlanmas\u0131n\u0131 h\u0259yata ke\u00e7irir. Bu sah\u0259nin f\u0259aliyy\u0259t m\u0259qs\u0259di icra olunan layih\u0259l\u0259ri b\u00fct\u00fcn m\u0259rh\u0259l\u0259l\u0259rd\u0259 etibarl\u0131 tikinti materiallar\u0131 v\u0259 m\u00fcasir interyer-dizayn avadanl\u0131qlar\u0131 il\u0259 t\u0259chiz etm\u0259kdir.\r\n<\/h2>\t\t<\/div>\n\t\t\t\t<\/div>\n\t\t\t\t<\/div>\n\t\t\t\t\t<\/div>\n\t\t\t\t<\/div>\n\t\t\t\t<\/div>\n\t\t","protected":false},"excerpt":{"rendered":"<p>Ana S\u0259hif\u0259 . Biznes \u0130stiqam\u0259tl\u0259ri . G\u00f6st\u0259rdiyimiz xidm\u0259tll\u0259r<\/p>\n","protected":false},"author":1,"featured_media":4714,"parent":3220,"menu_order":2,"comment_status":"closed","ping_status":"closed","template":"elementor_header_footer","meta":{"_acf_changed":false,"footnotes":""},"class_list":["post-3341","page","type-page","status-publish","has-post-thumbnail","hentry"],"acf":[],"_links":{"self":[{"href":"https:\/\/avantgroup.az\/az\/wp-json\/wp\/v2\/pages\/3341","targetHints":{"allow":["GET"]}}],"collection":[{"href":"https:\/\/avantgroup.az\/az\/wp-json\/wp\/v2\/pages"}],"about":[{"href":"https:\/\/avantgroup.az\/az\/wp-json\/wp\/v2\/types\/page"}],"author":[{"embeddable":true,"href":"https:\/\/avantgroup.az\/az\/wp-json\/wp\/v2\/users\/1"}],"replies":[{"embeddable":true,"href":"https:\/\/avantgroup.az\/az\/wp-json\/wp\/v2\/comments?post=3341"}],"version-history":[{"count":52,"href":"https:\/\/avantgroup.az\/az\/wp-json\/wp\/v2\/pages\/3341\/revisions"}],"predecessor-version":[{"id":5290,"href":"https:\/\/avantgroup.az\/az\/wp-json\/wp\/v2\/pages\/3341\/revisions\/5290"}],"up":[{"embeddable":true,"href":"https:\/\/avantgroup.az\/az\/wp-json\/wp\/v2\/pages\/3220"}],"wp:featuredmedia":[{"embeddable":true,"href":"https:\/\/avantgroup.az\/az\/wp-json\/wp\/v2\/media\/4714"}],"wp:attachment":[{"href":"https:\/\/avantgroup.az\/az\/wp-json\/wp\/v2\/media?parent=3341"}],"curies":[{"name":"wp","href":"https:\/\/api.w.org\/{rel}","templated":true}]}}