{"id":3327,"date":"2024-08-27T10:09:42","date_gmt":"2024-08-27T10:09:42","guid":{"rendered":"http:\/\/new-avant.avantgroup.az\/?page_id=3327"},"modified":"2024-10-08T07:56:14","modified_gmt":"2024-10-08T07:56:14","slug":"real-estate-development","status":"publish","type":"page","link":"https:\/\/avantgroup.az\/az\/business-directions\/real-estate-development\/","title":{"rendered":"Real Estate Development"},"content":{"rendered":"\t\t<div data-elementor-type=\"wp-page\" data-elementor-id=\"3327\" class=\"elementor elementor-3327\" data-elementor-post-type=\"page\">\n\t\t\t\t<div class=\"elementor-element elementor-element-2b358469 breadcrumbs e-flex e-con-boxed e-con e-parent\" data-id=\"2b358469\" data-element_type=\"container\">\n\t\t\t\t\t<div class=\"e-con-inner\">\n\t\t\t\t<div class=\"elementor-element elementor-element-6afa74c8 elementor-widget elementor-widget-heading\" data-id=\"6afa74c8\" data-element_type=\"widget\" data-widget_type=\"heading.default\">\n\t\t\t\t<div class=\"elementor-widget-container\">\n\t\t\t<style>\/*! elementor - v3.23.0 - 05-08-2024 *\/\n.elementor-heading-title{padding:0;margin:0;line-height:1}.elementor-widget-heading .elementor-heading-title[class*=elementor-size-]>a{color:inherit;font-size:inherit;line-height:inherit}.elementor-widget-heading .elementor-heading-title.elementor-size-small{font-size:15px}.elementor-widget-heading .elementor-heading-title.elementor-size-medium{font-size:19px}.elementor-widget-heading .elementor-heading-title.elementor-size-large{font-size:29px}.elementor-widget-heading .elementor-heading-title.elementor-size-xl{font-size:39px}.elementor-widget-heading .elementor-heading-title.elementor-size-xxl{font-size:59px}<\/style><h2 class=\"elementor-heading-title elementor-size-default\"><a href=\"\/\">Ana S\u0259hif\u0259<\/a><\/h2>\t\t<\/div>\n\t\t\t\t<\/div>\n\t\t\t\t<div class=\"elementor-element elementor-element-2e271445 elementor-widget elementor-widget-heading\" data-id=\"2e271445\" data-element_type=\"widget\" data-widget_type=\"heading.default\">\n\t\t\t\t<div class=\"elementor-widget-container\">\n\t\t\t<h2 class=\"elementor-heading-title elementor-size-default\"><a href=\"\/business-directions\">. Biznes \u0130stiqam\u0259tl\u0259ri\n<\/a><\/h2>\t\t<\/div>\n\t\t\t\t<\/div>\n\t\t\t\t<div class=\"elementor-element elementor-element-6faa8b97 elementor-widget elementor-widget-heading\" data-id=\"6faa8b97\" data-element_type=\"widget\" data-widget_type=\"heading.default\">\n\t\t\t\t<div class=\"elementor-widget-container\">\n\t\t\t<h2 class=\"elementor-heading-title elementor-size-default\">.\n<\/h2>\t\t<\/div>\n\t\t\t\t<\/div>\n\t\t\t\t<div class=\"elementor-element elementor-element-32eb5f0 elementor-widget elementor-widget-heading\" data-id=\"32eb5f0\" data-element_type=\"widget\" data-widget_type=\"heading.default\">\n\t\t\t\t<div class=\"elementor-widget-container\">\n\t\t\t<style>\/*! elementor - v3.23.0 - 05-08-2024 *\/\n.elementor-heading-title{padding:0;margin:0;line-height:1}.elementor-widget-heading .elementor-heading-title[class*=elementor-size-]>a{color:inherit;font-size:inherit;line-height:inherit}.elementor-widget-heading .elementor-heading-title.elementor-size-small{font-size:15px}.elementor-widget-heading .elementor-heading-title.elementor-size-medium{font-size:19px}.elementor-widget-heading .elementor-heading-title.elementor-size-large{font-size:29px}.elementor-widget-heading .elementor-heading-title.elementor-size-xl{font-size:39px}.elementor-widget-heading .elementor-heading-title.elementor-size-xxl{font-size:59px}<\/style><h2 class=\"elementor-heading-title elementor-size-default\">Da\u015f\u0131nmaz \u018fmlak Layih\u0259l\u0259rinin \u0130n\u015fas\u0131<\/h2>\t\t<\/div>\n\t\t\t\t<\/div>\n\t\t\t\t\t<\/div>\n\t\t\t\t<\/div>\n\t\t<div class=\"elementor-element elementor-element-9981a5a directions-titles e-flex e-con-boxed e-con e-parent\" data-id=\"9981a5a\" data-element_type=\"container\">\n\t\t\t\t\t<div class=\"e-con-inner\">\n\t\t\t\t<div class=\"elementor-element elementor-element-bf57a9f elementor-widget__width-initial elementor-widget elementor-widget-heading\" data-id=\"bf57a9f\" data-element_type=\"widget\" data-widget_type=\"heading.default\">\n\t\t\t\t<div class=\"elementor-widget-container\">\n\t\t\t<h2 class=\"elementor-heading-title elementor-size-default\">Da\u015f\u0131nmaz \u018fmlak Layih\u0259l\u0259rinin \u0130n\u015fas\u0131<\/h2>\t\t<\/div>\n\t\t\t\t<\/div>\n\t\t\t\t\t<\/div>\n\t\t\t\t<\/div>\n\t\t<div class=\"elementor-element elementor-element-527908de e-con-full e-flex e-con e-parent\" data-id=\"527908de\" data-element_type=\"container\">\n\t\t\t\t<div class=\"elementor-element elementor-element-3431ff4f elementor-widget elementor-widget-image\" data-id=\"3431ff4f\" data-element_type=\"widget\" data-widget_type=\"image.default\">\n\t\t\t\t<div class=\"elementor-widget-container\">\n\t\t\t<style>\/*! elementor - v3.23.0 - 05-08-2024 *\/\n.elementor-widget-image{text-align:center}.elementor-widget-image a{display:inline-block}.elementor-widget-image a img[src$=\".svg\"]{width:48px}.elementor-widget-image img{vertical-align:middle;display:inline-block}<\/style>\t\t\t\t\t\t\t\t\t\t<img fetchpriority=\"high\" decoding=\"async\" width=\"2560\" height=\"1440\" src=\"https:\/\/avantgroup.az\/wp-content\/uploads\/2024\/09\/Armani_Residences_birdview4-1-copy-scaled.jpg\" class=\"attachment-full size-full wp-image-4923\" alt=\"\" srcset=\"https:\/\/avantgroup.az\/wp-content\/uploads\/2024\/09\/Armani_Residences_birdview4-1-copy-scaled.jpg 2560w, https:\/\/avantgroup.az\/wp-content\/uploads\/2024\/09\/Armani_Residences_birdview4-1-copy-300x169.jpg 300w, https:\/\/avantgroup.az\/wp-content\/uploads\/2024\/09\/Armani_Residences_birdview4-1-copy-1024x576.jpg 1024w, https:\/\/avantgroup.az\/wp-content\/uploads\/2024\/09\/Armani_Residences_birdview4-1-copy-768x432.jpg 768w, https:\/\/avantgroup.az\/wp-content\/uploads\/2024\/09\/Armani_Residences_birdview4-1-copy-1536x864.jpg 1536w, https:\/\/avantgroup.az\/wp-content\/uploads\/2024\/09\/Armani_Residences_birdview4-1-copy-2048x1152.jpg 2048w, https:\/\/avantgroup.az\/wp-content\/uploads\/2024\/09\/Armani_Residences_birdview4-1-copy-18x10.jpg 18w\" sizes=\"(max-width: 2560px) 100vw, 2560px\" \/>\t\t\t\t\t\t\t\t\t\t\t\t\t<\/div>\n\t\t\t\t<\/div>\n\t\t<div class=\"elementor-element elementor-element-7daf8a7 e-flex e-con-boxed e-con e-child\" data-id=\"7daf8a7\" data-element_type=\"container\" data-settings=\"{&quot;background_background&quot;:&quot;classic&quot;}\">\n\t\t\t\t\t<div class=\"e-con-inner\">\n\t\t<div class=\"elementor-element elementor-element-ed8cb25 e-con-full e-flex e-con e-child\" data-id=\"ed8cb25\" data-element_type=\"container\">\n\t\t\t\t<div class=\"elementor-element elementor-element-7632afc elementor-widget elementor-widget-image\" data-id=\"7632afc\" data-element_type=\"widget\" data-widget_type=\"image.default\">\n\t\t\t\t<div class=\"elementor-widget-container\">\n\t\t\t\t\t\t\t\t\t\t\t\t\t<img decoding=\"async\" src=\"https:\/\/avantgroup.az\/wp-content\/uploads\/2024\/09\/Avant-Development-Logo-1.png\" title=\"\" alt=\"\" loading=\"lazy\" \/>\t\t\t\t\t\t\t\t\t\t\t\t\t<\/div>\n\t\t\t\t<\/div>\n\t\t\t\t<\/div>\n\t\t\t\t<div class=\"elementor-element elementor-element-6269d1f elementor-widget__width-initial elementor-widget-mobile__width-inherit elementor-widget elementor-widget-heading\" data-id=\"6269d1f\" data-element_type=\"widget\" data-widget_type=\"heading.default\">\n\t\t\t\t<div class=\"elementor-widget-container\">\n\t\t\t<h4 class=\"elementor-heading-title elementor-size-default\"><a href=\"#vision\">Regionda da\u015f\u0131nmaz \u0259mlak layih\u0259l\u0259rinin in\u015fas\u0131 sektorundak\u0131 geni\u015f t\u0259cr\u00fcb\u0259miz biz\u0259 y\u00fcks\u0259k dizayn v\u0259 keyfiyy\u0259t standartlar\u0131na cavab ver\u0259n binalar\u0131n tikintisini h\u0259yata ke\u00e7irm\u0259y\u0259 imkan yarad\u0131r.<\/a><\/h4>\t\t<\/div>\n\t\t\t\t<\/div>\n\t\t\t\t\t<\/div>\n\t\t\t\t<\/div>\n\t\t\t\t<\/div>\n\t\t<div class=\"elementor-element elementor-element-617c002 e-flex e-con-boxed e-con e-parent\" data-id=\"617c002\" data-element_type=\"container\">\n\t\t\t\t\t<div class=\"e-con-inner\">\n\t\t<div class=\"elementor-element elementor-element-10f615e e-con-full e-flex e-con e-child\" data-id=\"10f615e\" data-element_type=\"container\">\n\t\t\t\t<div class=\"elementor-element elementor-element-3002305 elementor-widget elementor-widget-heading\" data-id=\"3002305\" data-element_type=\"widget\" data-widget_type=\"heading.default\">\n\t\t\t\t<div class=\"elementor-widget-container\">\n\t\t\t<h2 class=\"elementor-heading-title elementor-size-default\">Da\u015f\u0131nmaz \u0259mlak layih\u0259l\u0259rinin in\u015fat\u0131 biznesi istiqam\u0259tind\u0259 Avant Development l\u00fcks, premium v\u0259 komfort seqmentind\u0259 ya\u015fay\u0131\u015f kompleksl\u0259rini in\u015fa edir. Bu istiqam\u0259td\u0259 istehlak\u00e7\u0131larla 4800-d\u0259n \u00e7ox m\u0259nzil t\u0259hvil verilmi\u015fdir. Geni\u015f ya\u015f\u0131ll\u0131q sah\u0259l\u0259ri v\u0259 y\u00fcks\u0259k komfort standartlar\u0131na malik kompleksl\u0259rimizd\u0259 art\u0131q 14 000-d\u0259n \u00e7ox m\u0259mnun sakin ya\u015fay\u0131r. <\/h2>\t\t<\/div>\n\t\t\t\t<\/div>\n\t\t\t\t<\/div>\n\t\t<div class=\"elementor-element elementor-element-3a57220 e-con-full e-flex e-con e-child\" data-id=\"3a57220\" data-element_type=\"container\">\n\t\t\t\t<div class=\"elementor-element elementor-element-735408f elementor-widget elementor-widget-heading\" data-id=\"735408f\" data-element_type=\"widget\" data-widget_type=\"heading.default\">\n\t\t\t\t<div class=\"elementor-widget-container\">\n\t\t\t<h2 class=\"elementor-heading-title elementor-size-default\">Da\u015f\u0131nmaz \u0259mlak idar\u0259edilm\u0259si sah\u0259sind\u0259 sakinl\u0259r \u00fc\u00e7\u00fcn y\u00fcks\u0259k ya\u015fay\u0131\u015f \u015f\u0259raitinin yarad\u0131lmas\u0131 \u0259sas h\u0259d\u0259fimizdir. \u0130n\u015fa etdiyimiz ya\u015fay\u0131\u015f kompleksl\u0259rind\u0259 y\u00fcks\u0259k standartlara uy\u011fun geni\u015f infrastrukturun t\u0259min olunmas\u0131, t\u0259hl\u00fck\u0259siz v\u0259 ekoloji m\u00fchitin yarad\u0131lmas\u0131 \u0259sas m\u0259qs\u0259dl\u0259rimizd\u0259ndir. \r\n<\/h2>\t\t<\/div>\n\t\t\t\t<\/div>\n\t\t\t\t<\/div>\n\t\t\t\t\t<\/div>\n\t\t\t\t<\/div>\n\t\t<div class=\"elementor-element elementor-element-7282cc86 project-description e-flex e-con-boxed e-con e-parent\" data-id=\"7282cc86\" data-element_type=\"container\" data-settings=\"{&quot;background_background&quot;:&quot;classic&quot;}\">\n\t\t\t\t\t<div class=\"e-con-inner\">\n\t\t<div class=\"elementor-element elementor-element-1c7b684 e-flex e-con-boxed e-con e-child\" data-id=\"1c7b684\" data-element_type=\"container\">\n\t\t\t\t\t<div class=\"e-con-inner\">\n\t\t<div class=\"elementor-element elementor-element-34ee9634 e-con-full e-flex e-con e-child\" data-id=\"34ee9634\" data-element_type=\"container\">\n\t\t\t\t<div class=\"elementor-element elementor-element-167bd245 elementor-widget elementor-widget-html\" data-id=\"167bd245\" data-element_type=\"widget\" data-widget_type=\"html.default\">\n\t\t\t\t<div class=\"elementor-widget-container\">\n\t\t\t<svg width=\"11\" height=\"44\" viewBox=\"0 0 11 44\" xmlns=\"http:\/\/www.w3.org\/2000\/svg\">\r\n\t\t\t\t<path fill=\"#911436\" d=\"M0 0H4.33446V4.40233C4.33446 6.70285 4.95658 8.95923 6.1329 10.9256L9.60096 16.7237C11.4313 19.7834 11.4681 23.6134 9.69704 26.7087L6.00962 33.1532C4.91245 35.0707 4.33446 37.2485 4.33446 39.4659V44H0V39.7615C0 36.7741 0.779273 33.8401 2.25851 31.2577L6.06711 24.6091C7.09832 22.8088 7.07536 20.5797 6.00734 18.8016L2.43603 12.8554C0.842955 10.2027 0 7.15581 0 4.04905V0Z\"><\/path>\r\n\t\t\t<\/svg>\t\t<\/div>\n\t\t\t\t<\/div>\n\t\t\t\t<div class=\"elementor-element elementor-element-a46c469 title-level-2-alt elementor-widget elementor-widget-heading\" data-id=\"a46c469\" data-element_type=\"widget\" data-widget_type=\"heading.default\">\n\t\t\t\t<div class=\"elementor-widget-container\">\n\t\t\t<h2 class=\"elementor-heading-title elementor-size-default\">Da\u015f\u0131nmaz \u018fmlak Layih\u0259l\u0259rimiz<\/h2>\t\t<\/div>\n\t\t\t\t<\/div>\n\t\t\t\t<\/div>\n\t\t\t\t<div class=\"elementor-element elementor-element-5e127b81 projects-list light elementor-grid-mobile-2 elementor-grid-2 elementor-grid-tablet-2 elementor-posts--thumbnail-top elementor-widget elementor-widget-posts\" data-id=\"5e127b81\" data-element_type=\"widget\" data-settings=\"{&quot;pagination_type&quot;:&quot;load_more_infinite_scroll&quot;,&quot;classic_columns_mobile&quot;:&quot;2&quot;,&quot;classic_row_gap_mobile&quot;:{&quot;unit&quot;:&quot;px&quot;,&quot;size&quot;:30,&quot;sizes&quot;:[]},&quot;classic_columns&quot;:&quot;2&quot;,&quot;classic_columns_tablet&quot;:&quot;2&quot;,&quot;classic_row_gap&quot;:{&quot;unit&quot;:&quot;px&quot;,&quot;size&quot;:35,&quot;sizes&quot;:[]},&quot;classic_row_gap_tablet&quot;:{&quot;unit&quot;:&quot;px&quot;,&quot;size&quot;:&quot;&quot;,&quot;sizes&quot;:[]},&quot;load_more_spinner&quot;:{&quot;value&quot;:&quot;fas fa-spinner&quot;,&quot;library&quot;:&quot;fa-solid&quot;}}\" data-widget_type=\"posts.classic\">\n\t\t\t\t<div class=\"elementor-widget-container\">\n\t\t\t<link rel=\"stylesheet\" href=\"https:\/\/avantgroup.az\/wp-content\/plugins\/elementor-pro\/assets\/css\/widget-posts.min.css?ver=1722858917\">\t\t<div class=\"elementor-posts-container elementor-posts elementor-posts--skin-classic elementor-grid\">\n\t\t\t\t<article class=\"elementor-post elementor-grid-item post-2521 page type-page status-publish has-post-thumbnail hentry\">\n\t\t\t\t<a class=\"elementor-post__thumbnail__link\" href=\"https:\/\/avantgroup.az\/az\/project-single\/avant-park\/\" tabindex=\"-1\" target=&quot;_blank&quot;>\n\t\t\t<div class=\"elementor-post__thumbnail\"><img decoding=\"async\" width=\"580\" height=\"775\" src=\"https:\/\/avantgroup.az\/wp-content\/uploads\/2024\/09\/Cover-6.png\" class=\"attachment-full size-full wp-image-4938\" alt=\"\" srcset=\"https:\/\/avantgroup.az\/wp-content\/uploads\/2024\/09\/Cover-6.png 580w, https:\/\/avantgroup.az\/wp-content\/uploads\/2024\/09\/Cover-6-225x300.png 225w, https:\/\/avantgroup.az\/wp-content\/uploads\/2024\/09\/Cover-6-9x12.png 9w\" sizes=\"(max-width: 580px) 100vw, 580px\" \/><\/div>\n\t\t<\/a>\n\t\t\t\t<div class=\"elementor-post__text\">\n\t\t\t\t<h3 class=\"elementor-post__title\">\n\t\t\t<a href=\"https:\/\/avantgroup.az\/az\/project-single\/avant-park\/\" target=&quot;_blank&quot;>\n\t\t\t\tAvant Park\t\t\t<\/a>\n\t\t<\/h3>\n\t\t\t\t<\/div>\n\t\t\t\t<\/article>\n\t\t\t\t<article class=\"elementor-post elementor-grid-item post-2523 page type-page status-publish has-post-thumbnail hentry\">\n\t\t\t\t<a class=\"elementor-post__thumbnail__link\" href=\"https:\/\/avantgroup.az\/az\/project-single\/avant-vista\/\" tabindex=\"-1\" target=&quot;_blank&quot;>\n\t\t\t<div class=\"elementor-post__thumbnail\"><img decoding=\"async\" width=\"2417\" height=\"3229\" src=\"https:\/\/avantgroup.az\/wp-content\/uploads\/2024\/09\/Cover-alternativ-1.png\" class=\"attachment-full size-full wp-image-4937\" alt=\"\" srcset=\"https:\/\/avantgroup.az\/wp-content\/uploads\/2024\/09\/Cover-alternativ-1.png 2417w, https:\/\/avantgroup.az\/wp-content\/uploads\/2024\/09\/Cover-alternativ-1-225x300.png 225w, https:\/\/avantgroup.az\/wp-content\/uploads\/2024\/09\/Cover-alternativ-1-766x1024.png 766w, https:\/\/avantgroup.az\/wp-content\/uploads\/2024\/09\/Cover-alternativ-1-768x1026.png 768w, https:\/\/avantgroup.az\/wp-content\/uploads\/2024\/09\/Cover-alternativ-1-1150x1536.png 1150w, https:\/\/avantgroup.az\/wp-content\/uploads\/2024\/09\/Cover-alternativ-1-1533x2048.png 1533w, https:\/\/avantgroup.az\/wp-content\/uploads\/2024\/09\/Cover-alternativ-1-9x12.png 9w\" sizes=\"(max-width: 2417px) 100vw, 2417px\" \/><\/div>\n\t\t<\/a>\n\t\t\t\t<div class=\"elementor-post__text\">\n\t\t\t\t<h3 class=\"elementor-post__title\">\n\t\t\t<a href=\"https:\/\/avantgroup.az\/az\/project-single\/avant-vista\/\" target=&quot;_blank&quot;>\n\t\t\t\tAvant Vista\t\t\t<\/a>\n\t\t<\/h3>\n\t\t\t\t<\/div>\n\t\t\t\t<\/article>\n\t\t\t\t<article class=\"elementor-post elementor-grid-item post-3204 page type-page status-publish has-post-thumbnail hentry\">\n\t\t\t\t<a class=\"elementor-post__thumbnail__link\" href=\"https:\/\/avantgroup.az\/az\/project-single\/moma-liv-yasayis-kompleksi\/\" tabindex=\"-1\" target=&quot;_blank&quot;>\n\t\t\t<div class=\"elementor-post__thumbnail\"><img loading=\"lazy\" decoding=\"async\" width=\"1536\" height=\"1040\" src=\"https:\/\/avantgroup.az\/wp-content\/uploads\/2024\/09\/Moma-Liv-768x520-1.jpg\" class=\"attachment-full size-full wp-image-4745\" alt=\"\" srcset=\"https:\/\/avantgroup.az\/wp-content\/uploads\/2024\/09\/Moma-Liv-768x520-1.jpg 1536w, https:\/\/avantgroup.az\/wp-content\/uploads\/2024\/09\/Moma-Liv-768x520-1-300x203.jpg 300w, https:\/\/avantgroup.az\/wp-content\/uploads\/2024\/09\/Moma-Liv-768x520-1-1024x693.jpg 1024w, https:\/\/avantgroup.az\/wp-content\/uploads\/2024\/09\/Moma-Liv-768x520-1-768x520.jpg 768w, https:\/\/avantgroup.az\/wp-content\/uploads\/2024\/09\/Moma-Liv-768x520-1-18x12.jpg 18w\" sizes=\"(max-width: 1536px) 100vw, 1536px\" \/><\/div>\n\t\t<\/a>\n\t\t\t\t<div class=\"elementor-post__text\">\n\t\t\t\t<h3 class=\"elementor-post__title\">\n\t\t\t<a href=\"https:\/\/avantgroup.az\/az\/project-single\/moma-liv-yasayis-kompleksi\/\" target=&quot;_blank&quot;>\n\t\t\t\tMoMA Liv\u00a0\t\t\t<\/a>\n\t\t<\/h3>\n\t\t\t\t<\/div>\n\t\t\t\t<\/article>\n\t\t\t\t<article class=\"elementor-post elementor-grid-item post-4901 page type-page status-publish has-post-thumbnail hentry\">\n\t\t\t\t<a class=\"elementor-post__thumbnail__link\" href=\"https:\/\/avantgroup.az\/az\/project-single\/afiy%c9%99ddin\/\" tabindex=\"-1\" target=&quot;_blank&quot;>\n\t\t\t<div class=\"elementor-post__thumbnail\"><img loading=\"lazy\" decoding=\"async\" width=\"2560\" height=\"1440\" src=\"https:\/\/avantgroup.az\/wp-content\/uploads\/2025\/09\/A20-1-scaled.jpg\" class=\"attachment-full size-full wp-image-5457\" alt=\"Avenue 8 Residence\" srcset=\"https:\/\/avantgroup.az\/wp-content\/uploads\/2025\/09\/A20-1-scaled.jpg 2560w, https:\/\/avantgroup.az\/wp-content\/uploads\/2025\/09\/A20-1-300x169.jpg 300w, https:\/\/avantgroup.az\/wp-content\/uploads\/2025\/09\/A20-1-1024x576.jpg 1024w, https:\/\/avantgroup.az\/wp-content\/uploads\/2025\/09\/A20-1-768x432.jpg 768w, https:\/\/avantgroup.az\/wp-content\/uploads\/2025\/09\/A20-1-1536x864.jpg 1536w, https:\/\/avantgroup.az\/wp-content\/uploads\/2025\/09\/A20-1-2048x1152.jpg 2048w, https:\/\/avantgroup.az\/wp-content\/uploads\/2025\/09\/A20-1-18x10.jpg 18w\" sizes=\"(max-width: 2560px) 100vw, 2560px\" \/><\/div>\n\t\t<\/a>\n\t\t\t\t<div class=\"elementor-post__text\">\n\t\t\t\t<h3 class=\"elementor-post__title\">\n\t\t\t<a href=\"https:\/\/avantgroup.az\/az\/project-single\/afiy%c9%99ddin\/\" target=&quot;_blank&quot;>\n\t\t\t\tAvenue 8\t\t\t<\/a>\n\t\t<\/h3>\n\t\t\t\t<\/div>\n\t\t\t\t<\/article>\n\t\t\t\t<\/div>\n\t\t\t\t\t<span class=\"e-load-more-spinner\">\n\t\t\t\t<svg aria-hidden=\"true\" class=\"e-font-icon-svg e-fas-spinner\" viewBox=\"0 0 512 512\" xmlns=\"http:\/\/www.w3.org\/2000\/svg\"><path d=\"M304 48c0 26.51-21.49 48-48 48s-48-21.49-48-48 21.49-48 48-48 48 21.49 48 48zm-48 368c-26.51 0-48 21.49-48 48s21.49 48 48 48 48-21.49 48-48-21.49-48-48-48zm208-208c-26.51 0-48 21.49-48 48s21.49 48 48 48 48-21.49 48-48-21.49-48-48-48zM96 256c0-26.51-21.49-48-48-48S0 229.49 0 256s21.49 48 48 48 48-21.49 48-48zm12.922 99.078c-26.51 0-48 21.49-48 48s21.49 48 48 48 48-21.49 48-48c0-26.509-21.491-48-48-48zm294.156 0c-26.51 0-48 21.49-48 48s21.49 48 48 48 48-21.49 48-48c0-26.509-21.49-48-48-48zM108.922 60.922c-26.51 0-48 21.49-48 48s21.49 48 48 48 48-21.49 48-48-21.491-48-48-48z\"><\/path><\/svg>\t\t\t<\/span>\n\t\t\n\t\t\t\t<div class=\"e-load-more-anchor\" data-page=\"1\" data-max-page=\"2\" data-next-page=\"https:\/\/avantgroup.az\/az\/wp-json\/wp\/v2\/pages\/3327\/page\/2\/\"><\/div>\n\t\t\t\t<div class=\"e-load-more-message\"><\/div>\n\t\t\t\t<\/div>\n\t\t\t\t<\/div>\n\t\t\t\t<div class=\"elementor-element elementor-element-1e8d64ad elementor-align-left contained-btn elementor-hidden-mobile elementor-widget elementor-widget-button\" data-id=\"1e8d64ad\" data-element_type=\"widget\" data-widget_type=\"button.default\">\n\t\t\t\t<div class=\"elementor-widget-container\">\n\t\t\t\t\t<div class=\"elementor-button-wrapper\">\n\t\t\t<a class=\"elementor-button elementor-button-link elementor-size-md\" href=\"\/projects\/\" target=\"_blank\">\n\t\t\t\t\t\t<span class=\"elementor-button-content-wrapper\">\n\t\t\t\t\t\t<span class=\"elementor-button-icon\">\n\t\t\t\t<svg xmlns=\"http:\/\/www.w3.org\/2000\/svg\" width=\"11\" height=\"44\" viewBox=\"0 0 11 44\"><path d=\"M0 0H4.33446V4.40233C4.33446 6.70285 4.95658 8.95923 6.1329 10.9256L9.60096 16.7237C11.4313 19.7834 11.4681 23.6134 9.69704 26.7087L6.00962 33.1532C4.91245 35.0707 4.33446 37.2485 4.33446 39.4659V44H0V39.7615C0 36.7741 0.779273 33.8401 2.25851 31.2577L6.06711 24.6091C7.09832 22.8088 7.07536 20.5797 6.00734 18.8016L2.43603 12.8554C0.842955 10.2027 0 7.15581 0 4.04905V0Z\"><\/path><\/svg>\t\t\t<\/span>\n\t\t\t\t\t\t\t\t\t<span class=\"elementor-button-text\">B\u00fct\u00fcn layih\u0259l\u0259r\u0259 bax\u0131n<\/span>\n\t\t\t\t\t<\/span>\n\t\t\t\t\t<\/a>\n\t\t<\/div>\n\t\t\t\t<\/div>\n\t\t\t\t<\/div>\n\t\t\t\t\t<\/div>\n\t\t\t\t<\/div>\n\t\t\t\t\t<\/div>\n\t\t\t\t<\/div>\n\t\t\t\t<\/div>\n\t\t","protected":false},"excerpt":{"rendered":"<p>Ana S\u0259hif\u0259 . Biznes \u0130stiqam\u0259tl\u0259ri . B\u00fct\u00fcn layih\u0259l\u0259r\u0259 bax\u0131n<\/p>\n","protected":false},"author":1,"featured_media":4923,"parent":3220,"menu_order":3,"comment_status":"closed","ping_status":"closed","template":"elementor_header_footer","meta":{"_acf_changed":false,"footnotes":""},"class_list":["post-3327","page","type-page","status-publish","has-post-thumbnail","hentry"],"acf":[],"_links":{"self":[{"href":"https:\/\/avantgroup.az\/az\/wp-json\/wp\/v2\/pages\/3327","targetHints":{"allow":["GET"]}}],"collection":[{"href":"https:\/\/avantgroup.az\/az\/wp-json\/wp\/v2\/pages"}],"about":[{"href":"https:\/\/avantgroup.az\/az\/wp-json\/wp\/v2\/types\/page"}],"author":[{"embeddable":true,"href":"https:\/\/avantgroup.az\/az\/wp-json\/wp\/v2\/users\/1"}],"replies":[{"embeddable":true,"href":"https:\/\/avantgroup.az\/az\/wp-json\/wp\/v2\/comments?post=3327"}],"version-history":[{"count":98,"href":"https:\/\/avantgroup.az\/az\/wp-json\/wp\/v2\/pages\/3327\/revisions"}],"predecessor-version":[{"id":5276,"href":"https:\/\/avantgroup.az\/az\/wp-json\/wp\/v2\/pages\/3327\/revisions\/5276"}],"up":[{"embeddable":true,"href":"https:\/\/avantgroup.az\/az\/wp-json\/wp\/v2\/pages\/3220"}],"wp:featuredmedia":[{"embeddable":true,"href":"https:\/\/avantgroup.az\/az\/wp-json\/wp\/v2\/media\/4923"}],"wp:attachment":[{"href":"https:\/\/avantgroup.az\/az\/wp-json\/wp\/v2\/media?parent=3327"}],"curies":[{"name":"wp","href":"https:\/\/api.w.org\/{rel}","templated":true}]}}