{"id":3263,"date":"2024-08-27T08:57:02","date_gmt":"2024-08-27T08:57:02","guid":{"rendered":"http:\/\/new-avant.avantgroup.az\/?page_id=3263"},"modified":"2024-10-08T07:52:03","modified_gmt":"2024-10-08T07:52:03","slug":"construction","status":"publish","type":"page","link":"https:\/\/avantgroup.az\/az\/business-directions\/construction\/","title":{"rendered":"Construction"},"content":{"rendered":"\t\t<div data-elementor-type=\"wp-page\" data-elementor-id=\"3263\" class=\"elementor elementor-3263\" data-elementor-post-type=\"page\">\n\t\t\t\t<div class=\"elementor-element elementor-element-68cd6572 breadcrumbs e-flex e-con-boxed e-con e-parent\" data-id=\"68cd6572\" data-element_type=\"container\">\n\t\t\t\t\t<div class=\"e-con-inner\">\n\t\t\t\t<div class=\"elementor-element elementor-element-3488bfb9 elementor-widget elementor-widget-heading\" data-id=\"3488bfb9\" data-element_type=\"widget\" data-widget_type=\"heading.default\">\n\t\t\t\t<div class=\"elementor-widget-container\">\n\t\t\t<style>\/*! elementor - v3.23.0 - 05-08-2024 *\/\n.elementor-heading-title{padding:0;margin:0;line-height:1}.elementor-widget-heading .elementor-heading-title[class*=elementor-size-]>a{color:inherit;font-size:inherit;line-height:inherit}.elementor-widget-heading .elementor-heading-title.elementor-size-small{font-size:15px}.elementor-widget-heading .elementor-heading-title.elementor-size-medium{font-size:19px}.elementor-widget-heading .elementor-heading-title.elementor-size-large{font-size:29px}.elementor-widget-heading .elementor-heading-title.elementor-size-xl{font-size:39px}.elementor-widget-heading .elementor-heading-title.elementor-size-xxl{font-size:59px}<\/style><h2 class=\"elementor-heading-title elementor-size-default\"><a href=\"\/\">Ana S\u0259hif\u0259<\/a><\/h2>\t\t<\/div>\n\t\t\t\t<\/div>\n\t\t\t\t<div class=\"elementor-element elementor-element-5937d717 elementor-widget elementor-widget-heading\" data-id=\"5937d717\" data-element_type=\"widget\" data-widget_type=\"heading.default\">\n\t\t\t\t<div class=\"elementor-widget-container\">\n\t\t\t<h2 class=\"elementor-heading-title elementor-size-default\"><a href=\"\/business-directions\">. Biznes \u0130stiqam\u0259tl\u0259ri\n<\/a><\/h2>\t\t<\/div>\n\t\t\t\t<\/div>\n\t\t\t\t<div class=\"elementor-element elementor-element-5fb756c elementor-widget elementor-widget-heading\" data-id=\"5fb756c\" data-element_type=\"widget\" data-widget_type=\"heading.default\">\n\t\t\t\t<div class=\"elementor-widget-container\">\n\t\t\t<h2 class=\"elementor-heading-title elementor-size-default\">.\n<\/h2>\t\t<\/div>\n\t\t\t\t<\/div>\n\t\t\t\t<div class=\"elementor-element elementor-element-3bceb701 elementor-widget elementor-widget-heading\" data-id=\"3bceb701\" data-element_type=\"widget\" data-widget_type=\"heading.default\">\n\t\t\t\t<div class=\"elementor-widget-container\">\n\t\t\t<style>\/*! elementor - v3.23.0 - 05-08-2024 *\/\n.elementor-heading-title{padding:0;margin:0;line-height:1}.elementor-widget-heading .elementor-heading-title[class*=elementor-size-]>a{color:inherit;font-size:inherit;line-height:inherit}.elementor-widget-heading .elementor-heading-title.elementor-size-small{font-size:15px}.elementor-widget-heading .elementor-heading-title.elementor-size-medium{font-size:19px}.elementor-widget-heading .elementor-heading-title.elementor-size-large{font-size:29px}.elementor-widget-heading .elementor-heading-title.elementor-size-xl{font-size:39px}.elementor-widget-heading .elementor-heading-title.elementor-size-xxl{font-size:59px}<\/style><h2 class=\"elementor-heading-title elementor-size-default\">\u0130n\u015faat<\/h2>\t\t<\/div>\n\t\t\t\t<\/div>\n\t\t\t\t\t<\/div>\n\t\t\t\t<\/div>\n\t\t<div class=\"elementor-element elementor-element-48e1db1 directions-titles e-flex e-con-boxed e-con e-parent\" data-id=\"48e1db1\" data-element_type=\"container\">\n\t\t\t\t\t<div class=\"e-con-inner\">\n\t\t\t\t<div class=\"elementor-element elementor-element-b0464f1 elementor-widget__width-initial elementor-widget elementor-widget-heading\" data-id=\"b0464f1\" data-element_type=\"widget\" data-widget_type=\"heading.default\">\n\t\t\t\t<div class=\"elementor-widget-container\">\n\t\t\t<h2 class=\"elementor-heading-title elementor-size-default\">\u0130n\u015faat<\/h2>\t\t<\/div>\n\t\t\t\t<\/div>\n\t\t\t\t\t<\/div>\n\t\t\t\t<\/div>\n\t\t<div class=\"elementor-element elementor-element-2240bc96 e-con-full e-flex e-con e-parent\" data-id=\"2240bc96\" data-element_type=\"container\">\n\t\t\t\t<div class=\"elementor-element elementor-element-10c08004 elementor-widget elementor-widget-image\" data-id=\"10c08004\" data-element_type=\"widget\" data-widget_type=\"image.default\">\n\t\t\t\t<div class=\"elementor-widget-container\">\n\t\t\t<style>\/*! elementor - v3.23.0 - 05-08-2024 *\/\n.elementor-widget-image{text-align:center}.elementor-widget-image a{display:inline-block}.elementor-widget-image a img[src$=\".svg\"]{width:48px}.elementor-widget-image img{vertical-align:middle;display:inline-block}<\/style>\t\t\t\t\t\t\t\t\t\t<img fetchpriority=\"high\" decoding=\"async\" width=\"1536\" height=\"640\" src=\"https:\/\/avantgroup.az\/wp-content\/uploads\/2024\/09\/Construction-1536x640-1.jpg\" class=\"attachment-full size-full wp-image-4712\" alt=\"\" srcset=\"https:\/\/avantgroup.az\/wp-content\/uploads\/2024\/09\/Construction-1536x640-1.jpg 1536w, https:\/\/avantgroup.az\/wp-content\/uploads\/2024\/09\/Construction-1536x640-1-300x125.jpg 300w, https:\/\/avantgroup.az\/wp-content\/uploads\/2024\/09\/Construction-1536x640-1-1024x427.jpg 1024w, https:\/\/avantgroup.az\/wp-content\/uploads\/2024\/09\/Construction-1536x640-1-768x320.jpg 768w, https:\/\/avantgroup.az\/wp-content\/uploads\/2024\/09\/Construction-1536x640-1-18x8.jpg 18w\" sizes=\"(max-width: 1536px) 100vw, 1536px\" \/>\t\t\t\t\t\t\t\t\t\t\t\t\t<\/div>\n\t\t\t\t<\/div>\n\t\t<div class=\"elementor-element elementor-element-7bfb09ad e-flex e-con-boxed e-con e-child\" data-id=\"7bfb09ad\" data-element_type=\"container\" data-settings=\"{&quot;background_background&quot;:&quot;classic&quot;}\">\n\t\t\t\t\t<div class=\"e-con-inner\">\n\t\t<div class=\"elementor-element elementor-element-9195f98 e-con-full e-flex e-con e-child\" data-id=\"9195f98\" data-element_type=\"container\">\n\t\t\t\t<div class=\"elementor-element elementor-element-65c8fb2 elementor-widget elementor-widget-image\" data-id=\"65c8fb2\" data-element_type=\"widget\" data-widget_type=\"image.default\">\n\t\t\t\t<div class=\"elementor-widget-container\">\n\t\t\t\t\t\t\t\t\t\t\t\t\t<img decoding=\"async\" src=\"https:\/\/avantgroup.az\/wp-content\/uploads\/2024\/09\/Avant-Construction-Logo-2.png\" title=\"\" alt=\"\" loading=\"lazy\" \/>\t\t\t\t\t\t\t\t\t\t\t\t\t<\/div>\n\t\t\t\t<\/div>\n\t\t\t\t<\/div>\n\t\t\t\t<div class=\"elementor-element elementor-element-4b3252cc elementor-widget__width-initial elementor-widget-mobile__width-inherit elementor-widget elementor-widget-heading\" data-id=\"4b3252cc\" data-element_type=\"widget\" data-widget_type=\"heading.default\">\n\t\t\t\t<div class=\"elementor-widget-container\">\n\t\t\t<h4 class=\"elementor-heading-title elementor-size-default\"><a href=\"#vision\">Pe\u015f\u0259kar layih\u0259l\u0259ndirm\u0259 v\u0259 in\u015faat xidm\u0259timiz n\u0259tic\u0259sind\u0259 ideyan\u0131z reall\u0131\u011fa \u00e7evrilir.<\/a><\/h4>\t\t<\/div>\n\t\t\t\t<\/div>\n\t\t\t\t\t<\/div>\n\t\t\t\t<\/div>\n\t\t\t\t<\/div>\n\t\t<div class=\"elementor-element elementor-element-7f06c77 e-flex e-con-boxed e-con e-parent\" data-id=\"7f06c77\" data-element_type=\"container\">\n\t\t\t\t\t<div class=\"e-con-inner\">\n\t\t<div class=\"elementor-element elementor-element-7d27285 e-con-full e-flex e-con e-child\" data-id=\"7d27285\" data-element_type=\"container\">\n\t\t\t\t<div class=\"elementor-element elementor-element-216dd84 title-level-2 elementor-widget elementor-widget-heading\" data-id=\"216dd84\" data-element_type=\"widget\" data-widget_type=\"heading.default\">\n\t\t\t\t<div class=\"elementor-widget-container\">\n\t\t\t<h2 class=\"elementor-heading-title elementor-size-default\">G\u00f6st\u0259rdiyimiz xidm\u0259tll\u0259r<\/h2>\t\t<\/div>\n\t\t\t\t<\/div>\n\t\t\t\t<div class=\"elementor-element elementor-element-d258bf1 elementor-widget elementor-widget-heading\" data-id=\"d258bf1\" data-element_type=\"widget\" data-widget_type=\"heading.default\">\n\t\t\t\t<div class=\"elementor-widget-container\">\n\t\t\t<h2 class=\"elementor-heading-title elementor-size-default\">Memarl\u0131q layih\u0259l\u0259ndirilm\u0259si v\u0259 interyer dizayn\r\n<\/br>\r\nLayih\u0259 idar\u0259etm\u0259si\r\n<\/br>\r\nTikinti\r\n<\/br> \r\nT\u0259mir-b\u0259rpa\r\n<\/br>\r\nFiber betonla fasad i\u015fl\u0259ri<\/h2>\t\t<\/div>\n\t\t\t\t<\/div>\n\t\t\t\t<\/div>\n\t\t<div class=\"elementor-element elementor-element-4826a37 e-con-full e-flex e-con e-child\" data-id=\"4826a37\" data-element_type=\"container\">\n\t\t\t\t<div class=\"elementor-element elementor-element-044f0de elementor-widget elementor-widget-heading\" data-id=\"044f0de\" data-element_type=\"widget\" data-widget_type=\"heading.default\">\n\t\t\t\t<div class=\"elementor-widget-container\">\n\t\t\t<h2 class=\"elementor-heading-title elementor-size-default\">Avant Group-un in\u015faat sah\u0259sind\u0259 g\u00f6st\u0259rdiyi f\u0259aliyy\u0259t \u00e7ox\u015fax\u0259li infrastruktura malik irimiqyasl\u0131 layih\u0259l\u0259ri \u0259hat\u0259 edir. \u015eirk\u0259t l\u00fcks v\u0259 premium otell\u0259r, ya\u015fay\u0131\u015f kompleksl\u0259ri, el\u0259c\u0259 d\u0259 ticar\u0259t obyektl\u0259rinin tikintisi v\u0259 t\u0259miri daxil olmaqla, 30-dan \u00e7ox d\u00f6vl\u0259t v\u0259 ictimai \u0259h\u0259miyy\u0259tli layih\u0259l\u0259rin icras\u0131n\u0131 h\u0259yata ke\u00e7irmi\u015fdir. Layih\u0259l\u0259r x\u00fcsusi diqq\u0259t v\u0259 z\u00f6vql\u0259 icra olunur, h\u0259r m\u0259rh\u0259l\u0259d\u0259 unikal dizayn h\u0259ll\u0259ri v\u0259 m\u00fc\u015ft\u0259ril\u0259rin f\u0259rdi t\u0259l\u0259bl\u0259ri n\u0259z\u0259r\u0259 al\u0131n\u0131r. Bu layih\u0259l\u0259r m\u00fcasir tikinti yana\u015fmas\u0131n\u0131 \u0259ks etdirir, burada h\u0259r bir detal ya\u015fay\u0131\u015f, istirah\u0259t v\u0259 ya i\u015f m\u00fchitinin rahat v\u0259 z\u00f6vql\u00fc olmas\u0131 \u00fc\u00e7\u00fcn vacib rol oynay\u0131r.\r\n<\/h2>\t\t<\/div>\n\t\t\t\t<\/div>\n\t\t\t\t<\/div>\n\t\t\t\t\t<\/div>\n\t\t\t\t<\/div>\n\t\t<div class=\"elementor-element elementor-element-17a8edcb project-description e-flex e-con-boxed e-con e-parent\" data-id=\"17a8edcb\" data-element_type=\"container\" data-settings=\"{&quot;background_background&quot;:&quot;classic&quot;}\">\n\t\t\t\t\t<div class=\"e-con-inner\">\n\t\t<div class=\"elementor-element elementor-element-51d73b11 e-flex e-con-boxed e-con e-child\" data-id=\"51d73b11\" data-element_type=\"container\">\n\t\t\t\t\t<div class=\"e-con-inner\">\n\t\t<div class=\"elementor-element elementor-element-7a287fb0 e-con-full e-flex e-con e-child\" data-id=\"7a287fb0\" data-element_type=\"container\">\n\t\t\t\t<div class=\"elementor-element elementor-element-109bbcc2 elementor-widget elementor-widget-html\" data-id=\"109bbcc2\" data-element_type=\"widget\" data-widget_type=\"html.default\">\n\t\t\t\t<div class=\"elementor-widget-container\">\n\t\t\t<svg width=\"11\" height=\"44\" viewBox=\"0 0 11 44\" xmlns=\"http:\/\/www.w3.org\/2000\/svg\">\r\n\t\t\t\t<path fill=\"#911436\" d=\"M0 0H4.33446V4.40233C4.33446 6.70285 4.95658 8.95923 6.1329 10.9256L9.60096 16.7237C11.4313 19.7834 11.4681 23.6134 9.69704 26.7087L6.00962 33.1532C4.91245 35.0707 4.33446 37.2485 4.33446 39.4659V44H0V39.7615C0 36.7741 0.779273 33.8401 2.25851 31.2577L6.06711 24.6091C7.09832 22.8088 7.07536 20.5797 6.00734 18.8016L2.43603 12.8554C0.842955 10.2027 0 7.15581 0 4.04905V0Z\"><\/path>\r\n\t\t\t<\/svg>\t\t<\/div>\n\t\t\t\t<\/div>\n\t\t\t\t<div class=\"elementor-element elementor-element-493d0815 title-level-2-alt elementor-widget elementor-widget-heading\" data-id=\"493d0815\" data-element_type=\"widget\" data-widget_type=\"heading.default\">\n\t\t\t\t<div class=\"elementor-widget-container\">\n\t\t\t<h2 class=\"elementor-heading-title elementor-size-default\"> \u0130n\u015faat layih\u0259l\u0259rimiz<\/h2>\t\t<\/div>\n\t\t\t\t<\/div>\n\t\t\t\t<\/div>\n\t\t\t\t<div class=\"elementor-element elementor-element-4b5703a0 projects-list light elementor-grid-mobile-2 elementor-grid-2 elementor-grid-tablet-2 elementor-posts--thumbnail-top elementor-widget elementor-widget-posts\" data-id=\"4b5703a0\" data-element_type=\"widget\" data-settings=\"{&quot;pagination_type&quot;:&quot;load_more_infinite_scroll&quot;,&quot;classic_columns_mobile&quot;:&quot;2&quot;,&quot;classic_row_gap_mobile&quot;:{&quot;unit&quot;:&quot;px&quot;,&quot;size&quot;:30,&quot;sizes&quot;:[]},&quot;classic_columns&quot;:&quot;2&quot;,&quot;classic_columns_tablet&quot;:&quot;2&quot;,&quot;classic_row_gap&quot;:{&quot;unit&quot;:&quot;px&quot;,&quot;size&quot;:35,&quot;sizes&quot;:[]},&quot;classic_row_gap_tablet&quot;:{&quot;unit&quot;:&quot;px&quot;,&quot;size&quot;:&quot;&quot;,&quot;sizes&quot;:[]},&quot;load_more_spinner&quot;:{&quot;value&quot;:&quot;fas fa-spinner&quot;,&quot;library&quot;:&quot;fa-solid&quot;}}\" data-widget_type=\"posts.classic\">\n\t\t\t\t<div class=\"elementor-widget-container\">\n\t\t\t<link rel=\"stylesheet\" href=\"https:\/\/avantgroup.az\/wp-content\/plugins\/elementor-pro\/assets\/css\/widget-posts.min.css?ver=1722858917\">\t\t<div class=\"elementor-posts-container elementor-posts elementor-posts--skin-classic elementor-grid\">\n\t\t\t\t<article class=\"elementor-post elementor-grid-item post-3197 page type-page status-publish has-post-thumbnail hentry\">\n\t\t\t\t<a class=\"elementor-post__thumbnail__link\" href=\"https:\/\/avantgroup.az\/az\/project-single\/flame-towers\/\" tabindex=\"-1\" target=&quot;_blank&quot;>\n\t\t\t<div class=\"elementor-post__thumbnail\"><img decoding=\"async\" width=\"1536\" height=\"1040\" src=\"https:\/\/avantgroup.az\/wp-content\/uploads\/2024\/09\/Flame-Towers-768x520-1.jpg\" class=\"attachment-full size-full wp-image-4737\" alt=\"\" srcset=\"https:\/\/avantgroup.az\/wp-content\/uploads\/2024\/09\/Flame-Towers-768x520-1.jpg 1536w, https:\/\/avantgroup.az\/wp-content\/uploads\/2024\/09\/Flame-Towers-768x520-1-300x203.jpg 300w, https:\/\/avantgroup.az\/wp-content\/uploads\/2024\/09\/Flame-Towers-768x520-1-1024x693.jpg 1024w, https:\/\/avantgroup.az\/wp-content\/uploads\/2024\/09\/Flame-Towers-768x520-1-768x520.jpg 768w, https:\/\/avantgroup.az\/wp-content\/uploads\/2024\/09\/Flame-Towers-768x520-1-18x12.jpg 18w\" sizes=\"(max-width: 1536px) 100vw, 1536px\" \/><\/div>\n\t\t<\/a>\n\t\t\t\t<div class=\"elementor-post__text\">\n\t\t\t\t<h3 class=\"elementor-post__title\">\n\t\t\t<a href=\"https:\/\/avantgroup.az\/az\/project-single\/flame-towers\/\" target=&quot;_blank&quot;>\n\t\t\t\tFlame Towers\t\t\t<\/a>\n\t\t<\/h3>\n\t\t\t\t<\/div>\n\t\t\t\t<\/article>\n\t\t\t\t<article class=\"elementor-post elementor-grid-item post-2274 page type-page status-publish has-post-thumbnail hentry\">\n\t\t\t\t<a class=\"elementor-post__thumbnail__link\" href=\"https:\/\/avantgroup.az\/az\/project-single\/gulustan-palace\/\" tabindex=\"-1\" target=&quot;_blank&quot;>\n\t\t\t<div class=\"elementor-post__thumbnail\"><img decoding=\"async\" width=\"1536\" height=\"1040\" src=\"https:\/\/avantgroup.az\/wp-content\/uploads\/2024\/09\/Gulustan-Palace-768x520-1.jpg\" class=\"attachment-full size-full wp-image-4743\" alt=\"\" srcset=\"https:\/\/avantgroup.az\/wp-content\/uploads\/2024\/09\/Gulustan-Palace-768x520-1.jpg 1536w, https:\/\/avantgroup.az\/wp-content\/uploads\/2024\/09\/Gulustan-Palace-768x520-1-300x203.jpg 300w, https:\/\/avantgroup.az\/wp-content\/uploads\/2024\/09\/Gulustan-Palace-768x520-1-1024x693.jpg 1024w, https:\/\/avantgroup.az\/wp-content\/uploads\/2024\/09\/Gulustan-Palace-768x520-1-768x520.jpg 768w, https:\/\/avantgroup.az\/wp-content\/uploads\/2024\/09\/Gulustan-Palace-768x520-1-18x12.jpg 18w\" sizes=\"(max-width: 1536px) 100vw, 1536px\" \/><\/div>\n\t\t<\/a>\n\t\t\t\t<div class=\"elementor-post__text\">\n\t\t\t\t<h3 class=\"elementor-post__title\">\n\t\t\t<a href=\"https:\/\/avantgroup.az\/az\/project-single\/gulustan-palace\/\" target=&quot;_blank&quot;>\n\t\t\t\tG\u00fcl\u00fcstan Saray\u0131\u00a0\t\t\t<\/a>\n\t\t<\/h3>\n\t\t\t\t<\/div>\n\t\t\t\t<\/article>\n\t\t\t\t<article class=\"elementor-post elementor-grid-item post-2125 page type-page status-publish has-post-thumbnail hentry\">\n\t\t\t\t<a class=\"elementor-post__thumbnail__link\" href=\"https:\/\/avantgroup.az\/az\/project-single\/shabran-wellbeing-resort-spa\/\" tabindex=\"-1\" target=&quot;_blank&quot;>\n\t\t\t<div class=\"elementor-post__thumbnail\"><img loading=\"lazy\" decoding=\"async\" width=\"1536\" height=\"1040\" src=\"https:\/\/avantgroup.az\/wp-content\/uploads\/2024\/09\/Shabran-768x520-1.jpg\" class=\"attachment-full size-full wp-image-4748\" alt=\"\" srcset=\"https:\/\/avantgroup.az\/wp-content\/uploads\/2024\/09\/Shabran-768x520-1.jpg 1536w, https:\/\/avantgroup.az\/wp-content\/uploads\/2024\/09\/Shabran-768x520-1-300x203.jpg 300w, https:\/\/avantgroup.az\/wp-content\/uploads\/2024\/09\/Shabran-768x520-1-1024x693.jpg 1024w, https:\/\/avantgroup.az\/wp-content\/uploads\/2024\/09\/Shabran-768x520-1-768x520.jpg 768w, https:\/\/avantgroup.az\/wp-content\/uploads\/2024\/09\/Shabran-768x520-1-18x12.jpg 18w\" sizes=\"(max-width: 1536px) 100vw, 1536px\" \/><\/div>\n\t\t<\/a>\n\t\t\t\t<div class=\"elementor-post__text\">\n\t\t\t\t<h3 class=\"elementor-post__title\">\n\t\t\t<a href=\"https:\/\/avantgroup.az\/az\/project-single\/shabran-wellbeing-resort-spa\/\" target=&quot;_blank&quot;>\n\t\t\t\tShabran Wellbeing Resort &amp; SPA\u00a0\t\t\t<\/a>\n\t\t<\/h3>\n\t\t\t\t<\/div>\n\t\t\t\t<\/article>\n\t\t\t\t<article class=\"elementor-post elementor-grid-item post-2271 page type-page status-publish has-post-thumbnail hentry\">\n\t\t\t\t<a class=\"elementor-post__thumbnail__link\" href=\"https:\/\/avantgroup.az\/az\/project-single\/basqal-resort-spa-hotel\/\" tabindex=\"-1\" target=&quot;_blank&quot;>\n\t\t\t<div class=\"elementor-post__thumbnail\"><img loading=\"lazy\" decoding=\"async\" width=\"1536\" height=\"1040\" src=\"https:\/\/avantgroup.az\/wp-content\/uploads\/2024\/09\/Basqal-768x520-1.jpg\" class=\"attachment-full size-full wp-image-4741\" alt=\"\" srcset=\"https:\/\/avantgroup.az\/wp-content\/uploads\/2024\/09\/Basqal-768x520-1.jpg 1536w, https:\/\/avantgroup.az\/wp-content\/uploads\/2024\/09\/Basqal-768x520-1-300x203.jpg 300w, https:\/\/avantgroup.az\/wp-content\/uploads\/2024\/09\/Basqal-768x520-1-1024x693.jpg 1024w, https:\/\/avantgroup.az\/wp-content\/uploads\/2024\/09\/Basqal-768x520-1-768x520.jpg 768w, https:\/\/avantgroup.az\/wp-content\/uploads\/2024\/09\/Basqal-768x520-1-18x12.jpg 18w\" sizes=\"(max-width: 1536px) 100vw, 1536px\" \/><\/div>\n\t\t<\/a>\n\t\t\t\t<div class=\"elementor-post__text\">\n\t\t\t\t<h3 class=\"elementor-post__title\">\n\t\t\t<a href=\"https:\/\/avantgroup.az\/az\/project-single\/basqal-resort-spa-hotel\/\" target=&quot;_blank&quot;>\n\t\t\t\tBasqal Resort &amp; SPA Hotel\t\t\t<\/a>\n\t\t<\/h3>\n\t\t\t\t<\/div>\n\t\t\t\t<\/article>\n\t\t\t\t<\/div>\n\t\t\t\t\t<span class=\"e-load-more-spinner\">\n\t\t\t\t<svg aria-hidden=\"true\" class=\"e-font-icon-svg e-fas-spinner\" viewBox=\"0 0 512 512\" xmlns=\"http:\/\/www.w3.org\/2000\/svg\"><path d=\"M304 48c0 26.51-21.49 48-48 48s-48-21.49-48-48 21.49-48 48-48 48 21.49 48 48zm-48 368c-26.51 0-48 21.49-48 48s21.49 48 48 48 48-21.49 48-48-21.49-48-48-48zm208-208c-26.51 0-48 21.49-48 48s21.49 48 48 48 48-21.49 48-48-21.49-48-48-48zM96 256c0-26.51-21.49-48-48-48S0 229.49 0 256s21.49 48 48 48 48-21.49 48-48zm12.922 99.078c-26.51 0-48 21.49-48 48s21.49 48 48 48 48-21.49 48-48c0-26.509-21.491-48-48-48zm294.156 0c-26.51 0-48 21.49-48 48s21.49 48 48 48 48-21.49 48-48c0-26.509-21.49-48-48-48zM108.922 60.922c-26.51 0-48 21.49-48 48s21.49 48 48 48 48-21.49 48-48-21.491-48-48-48z\"><\/path><\/svg>\t\t\t<\/span>\n\t\t\n\t\t\t\t<div class=\"e-load-more-anchor\" data-page=\"1\" data-max-page=\"4\" data-next-page=\"https:\/\/avantgroup.az\/az\/wp-json\/wp\/v2\/pages\/3263\/page\/2\/\"><\/div>\n\t\t\t\t<div class=\"e-load-more-message\"><\/div>\n\t\t\t\t<\/div>\n\t\t\t\t<\/div>\n\t\t\t\t<div class=\"elementor-element elementor-element-611ff472 elementor-align-left contained-btn elementor-hidden-mobile elementor-widget elementor-widget-button\" data-id=\"611ff472\" data-element_type=\"widget\" data-widget_type=\"button.default\">\n\t\t\t\t<div class=\"elementor-widget-container\">\n\t\t\t\t\t<div class=\"elementor-button-wrapper\">\n\t\t\t<a class=\"elementor-button elementor-button-link elementor-size-md\" href=\"\/projects\/\" target=\"_blank\">\n\t\t\t\t\t\t<span class=\"elementor-button-content-wrapper\">\n\t\t\t\t\t\t<span class=\"elementor-button-icon\">\n\t\t\t\t<svg xmlns=\"http:\/\/www.w3.org\/2000\/svg\" width=\"11\" height=\"44\" viewBox=\"0 0 11 44\"><path d=\"M0 0H4.33446V4.40233C4.33446 6.70285 4.95658 8.95923 6.1329 10.9256L9.60096 16.7237C11.4313 19.7834 11.4681 23.6134 9.69704 26.7087L6.00962 33.1532C4.91245 35.0707 4.33446 37.2485 4.33446 39.4659V44H0V39.7615C0 36.7741 0.779273 33.8401 2.25851 31.2577L6.06711 24.6091C7.09832 22.8088 7.07536 20.5797 6.00734 18.8016L2.43603 12.8554C0.842955 10.2027 0 7.15581 0 4.04905V0Z\"><\/path><\/svg>\t\t\t<\/span>\n\t\t\t\t\t\t\t\t\t<span class=\"elementor-button-text\">B\u00fct\u00fcn layih\u0259l\u0259r\u0259 bax\u0131n<\/span>\n\t\t\t\t\t<\/span>\n\t\t\t\t\t<\/a>\n\t\t<\/div>\n\t\t\t\t<\/div>\n\t\t\t\t<\/div>\n\t\t\t\t\t<\/div>\n\t\t\t\t<\/div>\n\t\t\t\t\t<\/div>\n\t\t\t\t<\/div>\n\t\t\t\t<\/div>\n\t\t","protected":false},"excerpt":{"rendered":"<p>Ana S\u0259hif\u0259 . Biznes \u0130stiqam\u0259tl\u0259ri . G\u00f6st\u0259rdiyimiz xidm\u0259tll\u0259r B\u00fct\u00fcn layih\u0259l\u0259r\u0259 bax\u0131n<\/p>\n","protected":false},"author":1,"featured_media":4712,"parent":3220,"menu_order":4,"comment_status":"closed","ping_status":"closed","template":"elementor_header_footer","meta":{"_acf_changed":false,"footnotes":""},"class_list":["post-3263","page","type-page","status-publish","has-post-thumbnail","hentry"],"acf":[],"_links":{"self":[{"href":"https:\/\/avantgroup.az\/az\/wp-json\/wp\/v2\/pages\/3263","targetHints":{"allow":["GET"]}}],"collection":[{"href":"https:\/\/avantgroup.az\/az\/wp-json\/wp\/v2\/pages"}],"about":[{"href":"https:\/\/avantgroup.az\/az\/wp-json\/wp\/v2\/types\/page"}],"author":[{"embeddable":true,"href":"https:\/\/avantgroup.az\/az\/wp-json\/wp\/v2\/users\/1"}],"replies":[{"embeddable":true,"href":"https:\/\/avantgroup.az\/az\/wp-json\/wp\/v2\/comments?post=3263"}],"version-history":[{"count":152,"href":"https:\/\/avantgroup.az\/az\/wp-json\/wp\/v2\/pages\/3263\/revisions"}],"predecessor-version":[{"id":5270,"href":"https:\/\/avantgroup.az\/az\/wp-json\/wp\/v2\/pages\/3263\/revisions\/5270"}],"up":[{"embeddable":true,"href":"https:\/\/avantgroup.az\/az\/wp-json\/wp\/v2\/pages\/3220"}],"wp:featuredmedia":[{"embeddable":true,"href":"https:\/\/avantgroup.az\/az\/wp-json\/wp\/v2\/media\/4712"}],"wp:attachment":[{"href":"https:\/\/avantgroup.az\/az\/wp-json\/wp\/v2\/media?parent=3263"}],"curies":[{"name":"wp","href":"https:\/\/api.w.org\/{rel}","templated":true}]}}