{"id":3220,"date":"2024-08-27T07:06:07","date_gmt":"2024-08-27T07:06:07","guid":{"rendered":"http:\/\/new-avant.avantgroup.az\/?page_id=3220"},"modified":"2024-10-01T15:33:55","modified_gmt":"2024-10-01T15:33:55","slug":"business-directions","status":"publish","type":"page","link":"https:\/\/avantgroup.az\/az\/business-directions\/","title":{"rendered":"Business Directions"},"content":{"rendered":"\t\t<div data-elementor-type=\"wp-page\" data-elementor-id=\"3220\" class=\"elementor elementor-3220\" data-elementor-post-type=\"page\">\n\t\t\t\t<div class=\"elementor-element elementor-element-f7a1dd5 breadcrumbs e-flex e-con-boxed e-con e-parent\" data-id=\"f7a1dd5\" data-element_type=\"container\">\n\t\t\t\t\t<div class=\"e-con-inner\">\n\t\t\t\t<div class=\"elementor-element elementor-element-51f20e9 elementor-widget elementor-widget-heading\" data-id=\"51f20e9\" data-element_type=\"widget\" data-widget_type=\"heading.default\">\n\t\t\t\t<div class=\"elementor-widget-container\">\n\t\t\t<style>\/*! elementor - v3.23.0 - 05-08-2024 *\/\n.elementor-heading-title{padding:0;margin:0;line-height:1}.elementor-widget-heading .elementor-heading-title[class*=elementor-size-]>a{color:inherit;font-size:inherit;line-height:inherit}.elementor-widget-heading .elementor-heading-title.elementor-size-small{font-size:15px}.elementor-widget-heading .elementor-heading-title.elementor-size-medium{font-size:19px}.elementor-widget-heading .elementor-heading-title.elementor-size-large{font-size:29px}.elementor-widget-heading .elementor-heading-title.elementor-size-xl{font-size:39px}.elementor-widget-heading .elementor-heading-title.elementor-size-xxl{font-size:59px}<\/style><h2 class=\"elementor-heading-title elementor-size-default\"><a href=\"\/\">Ana S\u0259hif\u0259<\/a><\/h2>\t\t<\/div>\n\t\t\t\t<\/div>\n\t\t\t\t<div class=\"elementor-element elementor-element-eac6d09 elementor-widget elementor-widget-heading\" data-id=\"eac6d09\" data-element_type=\"widget\" data-widget_type=\"heading.default\">\n\t\t\t\t<div class=\"elementor-widget-container\">\n\t\t\t<h2 class=\"elementor-heading-title elementor-size-default\">. Biznes \u0130stiqam\u0259tl\u0259ri\n<\/h2>\t\t<\/div>\n\t\t\t\t<\/div>\n\t\t\t\t\t<\/div>\n\t\t\t\t<\/div>\n\t\t<div class=\"elementor-element elementor-element-feaa4a2 e-flex e-con-boxed e-con e-parent\" data-id=\"feaa4a2\" data-element_type=\"container\">\n\t\t\t\t\t<div class=\"e-con-inner\">\n\t\t\t\t<div class=\"elementor-element elementor-element-72ab8b1 title-banner elementor-widget elementor-widget-heading\" data-id=\"72ab8b1\" data-element_type=\"widget\" data-settings=\"{&quot;_animation&quot;:&quot;none&quot;}\" data-widget_type=\"heading.default\">\n\t\t\t\t<div class=\"elementor-widget-container\">\n\t\t\t<h1 class=\"elementor-heading-title elementor-size-default\">Biznes \u0130stiqam\u0259tl\u0259ri<\/h1>\t\t<\/div>\n\t\t\t\t<\/div>\n\t\t\t\t\t<\/div>\n\t\t\t\t<\/div>\n\t\t<div class=\"elementor-element elementor-element-c709029 e-flex e-con-boxed e-con e-parent\" data-id=\"c709029\" data-element_type=\"container\">\n\t\t\t\t\t<div class=\"e-con-inner\">\n\t\t\t\t<div class=\"elementor-element elementor-element-2e20962 elementor-widget__width-initial elementor-widget-mobile__width-inherit elementor-widget elementor-widget-heading\" data-id=\"2e20962\" data-element_type=\"widget\" data-widget_type=\"heading.default\">\n\t\t\t\t<div class=\"elementor-widget-container\">\n\t\t\t<h2 class=\"elementor-heading-title elementor-size-default\">Avant Group olaraq 4 istiqam\u0259td\u0259 g\u00f6st\u0259rdiyimiz xidm\u0259tl\u0259rl\u0259 in\u015faat layih\u0259l\u0259rinizin layih\u0259l\u0259ndirilm\u0259sind\u0259n a\u00e7ar t\u0259hvilin\u0259 q\u0259d\u0259r b\u00fct\u00fcn m\u0259rh\u0259l\u0259l\u0259rini \u0259hat\u0259 edirik.\n<\/h2>\t\t<\/div>\n\t\t\t\t<\/div>\n\t\t\t\t\t<\/div>\n\t\t\t\t<\/div>\n\t\t<div class=\"elementor-element elementor-element-375d8b5 e-flex e-con-boxed e-con e-child\" data-id=\"375d8b5\" data-element_type=\"container\">\n\t\t\t\t\t<div class=\"e-con-inner\">\n\t\t\t\t<div class=\"elementor-element elementor-element-5379b1c elementor-widget elementor-widget-html\" data-id=\"5379b1c\" data-element_type=\"widget\" data-widget_type=\"html.default\">\n\t\t\t\t<div class=\"elementor-widget-container\">\n\t\t\t<div class=\"block block-expertises\">\r\n    <ul class=\"listing-expertises\" data-mh-container=\"\">\r\n\t\t\t\t\t\t\t\t\t\t\t<a href=\"\/business-directions\/construction\/\" class=\"stretched-link\" target=\"_blank\">\t\t\t\t<li class=\"expertises-arrow-container\">\r\n\t\t\t\t\t\t<div class=\"item-image\">\r\n\t\t\t\t\t\t\t\t\t\t\t\t\t\t<img fetchpriority=\"high\" decoding=\"async\" sizes=\"90vw\" alt=\"\" class=\" ls-is-cached lazyloaded\" width=\"3200\" height=\"1333\" data-expertise=\"1\" src=\"\/wp-content\/uploads\/2024\/09\/Construction-1536x640-1.jpg\">\r\n\t\t\t\t\t\t<\/div>\r\n\t\t\t\t\t\t<div class=\"item-inner\" data-mh=\"\" style=\"height: 220px;\">\r\n\t\t\t\t\t\t\t<h3 class=\"expertise-name\">\r\n\t\t\t\t\t\t\t\r\n\t\t\t\t\t\t\t\t\t<span class=\"translatable\">\u0130n\u015faat <\/span>\r\n\t\t\t\t\t\t\t\t\r\n\t\t\t\t\t\t\t<\/h3>\r\n\r\n\t\t\t\t\t\t\t\t\t\t\t\t\t\t\t<p class=\"translatable\"> D\u00f6vl\u0259t v\u0259 \u00f6z\u0259l sifari\u015f\u00e7il\u0259r \u00fc\u00e7\u00fcn m\u00fcxt\u0259lif layih\u0259l\u0259rin tikintisi v\u0259 ya t\u0259mir-b\u0259rpa i\u015fl\u0259ri\r\n<\/p>\r\n\t\t\t\t\t\t\t\t\t\t\t\t\t<\/div>\r\n\t\t\t\t\t\t<div class=\"expertises-arrow\" style=\"left: 146px; top: 199px; translate: none; rotate: none; scale: none; transform: translate(-50%, -50%) translate(-0.075px, -0.075px) scale(0, 0); opacity: 0;\"><canvas width=\"171.25\" height=\"171.25\"><\/canvas><\/div>\r\n\t\t\t\t\t<\/li>\r\n\t\t\t\t\t<\/a>\t\t\t\t\t\r\n\t\t\t\t\t\t<a href=\"\/business-directions\/real-estate-development\/\" class=\"stretched-link\" target=\"_blank\">\r\n\t\t\t\t\t\t    <li class=\"expertises-arrow-container\">\r\n\t\t\t\t\t\t<div class=\"item-image\">\r\n\t\t\t\t\t\t\t\t\t\t\t\t\t\t<img decoding=\"async\" sizes=\"90vw\" alt=\"\" class=\" ls-is-cached lazyloaded\" width=\"3200\" height=\"1333\" data-expertise=\"2\"  src=\"\/wp-content\/uploads\/2024\/09\/FGR_Torre_Verde_3_1-scaled.jpg\">\r\n\t\t\t\t\t\t<\/div>\r\n\t\t\t\t\t\t<div class=\"item-inner\" data-mh=\"\" style=\"height: 240px;\">\r\n\t\t\t\t\t\t\t<h3 class=\"expertise-name\">\r\n\t\t\t\t\t\t\t\r\n\t\t\t\t\t\t\t\t\t<span class=\"translatable\">Da\u015f\u0131nmaz \u018fmlak Layih\u0259l\u0259rinin \u0130n\u015fas\u0131<\/span>\r\n\t\t\t\t\t\t\t\r\n\t\t\t\t\t\t\t<\/h3>\r\n\r\n\t\t\t\t\t\t\t\t\t\t\t\t\t\t\t<p class=\"translatable\">\u00c7oxfunksiyal\u0131, geni\u015f infrastrukturlu v\u0259 irimiqyasl\u0131 ya\u015fay\u0131\u015f kompleksl\u0259rinin in\u015faat\u0131\r\n<\/p>\r\n\t\t\t\t\t\t\t\t\t\t\t\t\t<\/div>\r\n\t\t\t\t\t\t<div class=\"expertises-arrow\" style=\"left: 146px; top: 199px; translate: none; rotate: none; scale: none; transform: translate(-50%, -50%) translate(-0.075px, -0.075px) scale(0, 0); opacity: 0;\"><canvas width=\"171.25\" height=\"171.25\"><\/canvas><\/div>\r\n\t\t\t\t\t<\/li>\r\n\t\t\t\t\t\t<\/a>\t\t\t\t\r\n\t\t\t\t\t\t\t<a href=\"\/business-directions\/production\/\" class=\"stretched-link\" target=\"_blank\">\r\n\t\t\t\t\t\t\t    <li class=\"expertises-arrow-container\">\r\n\t\t\t\t\t\t<div class=\"item-image\">\r\n\t\t\t\t\t\t\t\t\t\t\t\t\t\t<img decoding=\"async\" sizes=\"90vw\" alt=\"\" class=\" ls-is-cached lazyloaded\" width=\"3199\" height=\"1333\"  data-expertise=\"3\"  src=\"\/wp-content\/uploads\/2024\/09\/Production-1536x640-1.jpg\">\r\n\t\t\t\t\t\t<\/div>\r\n\t\t\t\t\t\t<div class=\"item-inner\" data-mh=\"\" style=\"height: 220px;\">\r\n\t\t\t\t\t\t\t<h3 class=\"expertise-name\">\r\n\t\t\t\t\t\t\t\r\n\t\t\t\t\t\t\t\t\t<span class=\"translatable\">\u0130stehsal <\/span>\r\n\t\t\t\t\t\t\t\r\n\t\t\t\t\t\t\t<\/h3>\r\n\r\n\t\t\t\t\t\t\t\t\t\t\t\t\t\t\t<p class=\"translatable\"> Interyer v\u0259 eksteryer dekorasiyalar\u0131 v\u0259 y\u00fcks\u0259k keyfiyy\u0259tli mebel istehsal\u0131\r\n<\/p>\r\n\t\t\t\t\t\t\t\t\t\t\t\t\t<\/div>\r\n\t\t\t\t\t\t<div class=\"expertises-arrow\" style=\"left: 141px; top: 197px; translate: none; rotate: none; scale: none; transform: translate(-50%, -50%) translate(-0.075px, -0.075px) scale(0, 0); opacity: 0;\"><canvas width=\"171.25\" height=\"171.25\"><\/canvas><\/div>\r\n\t\t\t\t\t<\/li>\r\n\t\t\t\t\t\t<\/a>\t\t\t\t\r\n\t\t\t\t\t\t\t<a href=\"\/business-directions\/facility-management\/\" class=\"stretched-link\" target=\"_blank\">\r\n\t\t\t\t\t\t\t    <li class=\"expertises-arrow-container\">\r\n\t\t\t\t\t\t<div class=\"item-image\">\r\n\t\t\t\t\t\t\t\t\t\t\t\t\t\t<img loading=\"lazy\" decoding=\"async\" sizes=\"90vw\" alt=\"\" class=\" ls-is-cached lazyloaded\" width=\"3200\" height=\"1333\" data-expertise=\"4\"  src=\"\/wp-content\/uploads\/2024\/09\/Facility-Management-1536x640-1.jpg\">\r\n\t\t\t\t\t\t<\/div>\r\n\t\t\t\t\t\t<div class=\"item-inner\" data-mh=\"\" style=\"height: 220px;\">\r\n\t\t\t\t\t\t\t<h3 class=\"expertise-name\">\r\n\t\t\t\t\t\t\t\r\n\t\t\t\t\t\t\t\t\t<span class=\"translatable\">Da\u015f\u0131nmaz \u018fmlak \u0130dar\u0259etm\u0259si<\/span>\r\n\t\t\t\t\t\t\t\r\n\t\t\t\t\t\t\t<\/h3>\r\n\r\n\t\t\t\t\t\t\t\t\t\t\t\t\t\t\t<p class=\"translatable\">Sakinl\u0259rin rahat ya\u015fam\u0131 \u00fc\u00e7\u00fcn administrasiya v\u0259 \u0259mlak idar\u0259etm\u0259si\r\n<\/p>\r\n\t\t\t\t\t\t\t\t\t\t\t\t\t<\/div>\r\n\t\t\t\t\t\t<div class=\"expertises-arrow\" style=\"left: 138px; top: 227px; translate: none; rotate: none; scale: none; transform: translate(-50%, -50%) translate(-0.075px, -0.075px) scale(0, 0); opacity: 0;\"><canvas width=\"171.25\" height=\"171.25\"><\/canvas><\/div>\r\n\t\t\t\t\t<\/li>\r\n\t\t\t\t\t\t<\/a>\r\n\t\t\t\t\t\t\r\n\t\t\t\t\t\t\t<\/ul>\r\n<\/div>\t\t<\/div>\n\t\t\t\t<\/div>\n\t\t\t\t\t<\/div>\n\t\t\t\t<\/div>\n\t\t<div class=\"elementor-element elementor-element-58588a1 e-flex e-con-boxed e-con e-parent\" data-id=\"58588a1\" data-element_type=\"container\" data-section-name=\"team\">\n\t\t\t\t\t<div class=\"e-con-inner\">\n\t\t<div class=\"elementor-element elementor-element-4e26b97 e-con-full e-flex e-con e-child\" data-id=\"4e26b97\" data-element_type=\"container\">\n\t\t\t\t<\/div>\n\t\t<div class=\"elementor-element elementor-element-06cd942 e-con-full e-flex e-con e-child\" data-id=\"06cd942\" data-element_type=\"container\">\n\t\t\t\t<div class=\"elementor-element elementor-element-5f69182 projects-desc-icon elementor-widget elementor-widget-html\" data-id=\"5f69182\" data-element_type=\"widget\" data-widget_type=\"html.default\">\n\t\t\t\t<div class=\"elementor-widget-container\">\n\t\t\t<svg width=\"23\" height=\"92\" viewBox=\"0 0 11 44\" xmlns=\"http:\/\/www.w3.org\/2000\/svg\">\r\n\t\t\t\t<path fill=\"#911436\" d=\"M0 0H4.33446V4.40233C4.33446 6.70285 4.95658 8.95923 6.1329 10.9256L9.60096 16.7237C11.4313 19.7834 11.4681 23.6134 9.69704 26.7087L6.00962 33.1532C4.91245 35.0707 4.33446 37.2485 4.33446 39.4659V44H0V39.7615C0 36.7741 0.779273 33.8401 2.25851 31.2577L6.06711 24.6091C7.09832 22.8088 7.07536 20.5797 6.00734 18.8016L2.43603 12.8554C0.842955 10.2027 0 7.15581 0 4.04905V0Z\"><\/path>\r\n\t\t\t<\/svg>\t\t<\/div>\n\t\t\t\t<\/div>\n\t\t\t\t<div class=\"elementor-element elementor-element-71478c5 elementor-widget elementor-widget-heading\" data-id=\"71478c5\" data-element_type=\"widget\" data-widget_type=\"heading.default\">\n\t\t\t\t<div class=\"elementor-widget-container\">\n\t\t\t<h1 class=\"elementor-heading-title elementor-size-default\">A\u011fl\u0131n\u0131zda olan ideyan\u0131n layih\u0259l\u0259ndirilm\u0259sind\u0259n, h\u00fcnd\u00fcrm\u0259rt\u0259b\u0259li binalar\u0131n beton, metal-konstruksiya i\u015fl\u0259rin\u0259 v\u0259 sonda tam t\u0259mir olunub a\u00e7ar t\u0259hvil olunmas\u0131na q\u0259d\u0259r in\u015faat prossesinin b\u00fct\u00fcn m\u0259rh\u0259l\u0259l\u0259rini yerin\u0259 yetiririk. T\u0259qdim etdiyimiz m\u00fcxt\u0259lif in\u015faat & istehsal xidm\u0259tl\u0259rimiz v\u0259 pe\u015f\u0259kar komandam\u0131z say\u0259sind\u0259 b\u00fct\u00fcn n\u00f6v in\u015faat layih\u0259l\u0259rinizi d\u00fcnya standartlar\u0131na uy\u011fun olaraq h\u0259yata ke\u00e7ir\u0259 bil\u0259rik.<\/h1>\t\t<\/div>\n\t\t\t\t<\/div>\n\t\t\t\t<\/div>\n\t\t\t\t\t<\/div>\n\t\t\t\t<\/div>\n\t\t\t\t<\/div>\n\t\t","protected":false},"excerpt":{"rendered":"<p>Ana S\u0259hif\u0259 . Biznes \u0130stiqam\u0259tl\u0259ri Biznes \u0130stiqam\u0259tl\u0259ri Avant Group olaraq 4 istiqam\u0259td\u0259 g\u00f6st\u0259rdiyimiz xidm\u0259tl\u0259rl\u0259 in\u015faat layih\u0259l\u0259rinizin layih\u0259l\u0259ndirilm\u0259sind\u0259n a\u00e7ar t\u0259hvilin\u0259 q\u0259d\u0259r b\u00fct\u00fcn m\u0259rh\u0259l\u0259l\u0259rini \u0259hat\u0259 edirik. \u0130n\u015faat D\u00f6vl\u0259t v\u0259 \u00f6z\u0259l sifari\u015f\u00e7il\u0259r \u00fc\u00e7\u00fcn m\u00fcxt\u0259lif layih\u0259l\u0259rin tikintisi v\u0259 ya t\u0259mir-b\u0259rpa i\u015fl\u0259ri Da\u015f\u0131nmaz \u018fmlak Layih\u0259l\u0259rinin \u0130n\u015fas\u0131 \u00c7oxfunksiyal\u0131, geni\u015f infrastrukturlu v\u0259 irimiqyasl\u0131 ya\u015fay\u0131\u015f kompleksl\u0259rinin in\u015faat\u0131 \u0130stehsal Interyer v\u0259 eksteryer dekorasiyalar\u0131 v\u0259 [&hellip;]<\/p>\n","protected":false},"author":1,"featured_media":0,"parent":0,"menu_order":0,"comment_status":"closed","ping_status":"closed","template":"elementor_header_footer","meta":{"_acf_changed":false,"footnotes":""},"class_list":["post-3220","page","type-page","status-publish","hentry"],"acf":[],"_links":{"self":[{"href":"https:\/\/avantgroup.az\/az\/wp-json\/wp\/v2\/pages\/3220","targetHints":{"allow":["GET"]}}],"collection":[{"href":"https:\/\/avantgroup.az\/az\/wp-json\/wp\/v2\/pages"}],"about":[{"href":"https:\/\/avantgroup.az\/az\/wp-json\/wp\/v2\/types\/page"}],"author":[{"embeddable":true,"href":"https:\/\/avantgroup.az\/az\/wp-json\/wp\/v2\/users\/1"}],"replies":[{"embeddable":true,"href":"https:\/\/avantgroup.az\/az\/wp-json\/wp\/v2\/comments?post=3220"}],"version-history":[{"count":43,"href":"https:\/\/avantgroup.az\/az\/wp-json\/wp\/v2\/pages\/3220\/revisions"}],"predecessor-version":[{"id":5160,"href":"https:\/\/avantgroup.az\/az\/wp-json\/wp\/v2\/pages\/3220\/revisions\/5160"}],"wp:attachment":[{"href":"https:\/\/avantgroup.az\/az\/wp-json\/wp\/v2\/media?parent=3220"}],"curies":[{"name":"wp","href":"https:\/\/api.w.org\/{rel}","templated":true}]}}