{"id":3204,"date":"2024-10-02T02:00:53","date_gmt":"2024-10-02T02:00:53","guid":{"rendered":"http:\/\/new-avant.avantgroup.az\/?page_id=3204"},"modified":"2024-10-08T13:18:52","modified_gmt":"2024-10-08T13:18:52","slug":"moma-liv-yasayis-kompleksi","status":"publish","type":"page","link":"https:\/\/avantgroup.az\/az\/project-single\/moma-liv-yasayis-kompleksi\/","title":{"rendered":"MoMA Liv\u00a0"},"content":{"rendered":"\t\t<div data-elementor-type=\"wp-page\" data-elementor-id=\"3204\" class=\"elementor elementor-3204\" data-elementor-post-type=\"page\">\n\t\t\t\t<div class=\"elementor-element elementor-element-275a071a e-flex e-con-boxed e-con e-child\" data-id=\"275a071a\" data-element_type=\"container\" data-settings=\"{&quot;background_background&quot;:&quot;classic&quot;}\">\n\t\t\t\t\t<div class=\"e-con-inner\">\n\t\t<div class=\"elementor-element elementor-element-58e7e22a e-con-full e-flex e-con e-child\" data-id=\"58e7e22a\" data-element_type=\"container\">\n\t\t\t\t<div class=\"elementor-element elementor-element-297d8c41 elementor-widget__width-initial elementor-widget elementor-widget-heading\" data-id=\"297d8c41\" data-element_type=\"widget\" data-widget_type=\"heading.default\">\n\t\t\t\t<div class=\"elementor-widget-container\">\n\t\t\t<style>\/*! elementor - v3.23.0 - 05-08-2024 *\/\n.elementor-heading-title{padding:0;margin:0;line-height:1}.elementor-widget-heading .elementor-heading-title[class*=elementor-size-]>a{color:inherit;font-size:inherit;line-height:inherit}.elementor-widget-heading .elementor-heading-title.elementor-size-small{font-size:15px}.elementor-widget-heading .elementor-heading-title.elementor-size-medium{font-size:19px}.elementor-widget-heading .elementor-heading-title.elementor-size-large{font-size:29px}.elementor-widget-heading .elementor-heading-title.elementor-size-xl{font-size:39px}.elementor-widget-heading .elementor-heading-title.elementor-size-xxl{font-size:59px}<\/style><h2 class=\"elementor-heading-title elementor-size-default\">Tikinti i\u015fl\u0259ri<\/h2>\t\t<\/div>\n\t\t\t\t<\/div>\n\t\t\t\t<div class=\"elementor-element elementor-element-28e5e3f elementor-widget__width-initial elementor-widget elementor-widget-heading\" data-id=\"28e5e3f\" data-element_type=\"widget\" data-widget_type=\"heading.default\">\n\t\t\t\t<div class=\"elementor-widget-container\">\n\t\t\t<h2 class=\"elementor-heading-title elementor-size-default\"> Premium m\u0259nzill\u0259r<\/h2>\t\t<\/div>\n\t\t\t\t<\/div>\n\t\t\t\t<\/div>\n\t\t\t\t<div class=\"elementor-element elementor-element-251f00bd elementor-widget__width-initial title-banner elementor-widget elementor-widget-heading\" data-id=\"251f00bd\" data-element_type=\"widget\" data-widget_type=\"heading.default\">\n\t\t\t\t<div class=\"elementor-widget-container\">\n\t\t\t<h1 class=\"elementor-heading-title elementor-size-default\">MoMA Liv <\/h1>\t\t<\/div>\n\t\t\t\t<\/div>\n\t\t<div class=\"elementor-element elementor-element-37459ce1 e-con-full e-flex e-con e-child\" data-id=\"37459ce1\" data-element_type=\"container\">\n\t\t\t\t<div class=\"elementor-element elementor-element-757078d3 elementor-widget elementor-widget-heading\" data-id=\"757078d3\" data-element_type=\"widget\" data-widget_type=\"heading.default\">\n\t\t\t\t<div class=\"elementor-widget-container\">\n\t\t\t<h2 class=\"elementor-heading-title elementor-size-default\">2025<\/h2>\t\t<\/div>\n\t\t\t\t<\/div>\n\t\t\t\t<div class=\"elementor-element elementor-element-6b7fd633 elementor-widget elementor-widget-heading\" data-id=\"6b7fd633\" data-element_type=\"widget\" data-widget_type=\"heading.default\">\n\t\t\t\t<div class=\"elementor-widget-container\">\n\t\t\t<h2 class=\"elementor-heading-title elementor-size-default\">.<\/h2>\t\t<\/div>\n\t\t\t\t<\/div>\n\t\t\t\t<div class=\"elementor-element elementor-element-4e861d89 elementor-widget elementor-widget-heading\" data-id=\"4e861d89\" data-element_type=\"widget\" data-widget_type=\"heading.default\">\n\t\t\t\t<div class=\"elementor-widget-container\">\n\t\t\t<h2 class=\"elementor-heading-title elementor-size-default\">Tbilisi<\/h2>\t\t<\/div>\n\t\t\t\t<\/div>\n\t\t\t\t<div class=\"elementor-element elementor-element-6fb51bb5 elementor-widget elementor-widget-heading\" data-id=\"6fb51bb5\" data-element_type=\"widget\" data-widget_type=\"heading.default\">\n\t\t\t\t<div class=\"elementor-widget-container\">\n\t\t\t<h2 class=\"elementor-heading-title elementor-size-default\">.<\/h2>\t\t<\/div>\n\t\t\t\t<\/div>\n\t\t\t\t<div class=\"elementor-element elementor-element-778e2950 elementor-widget elementor-widget-heading\" data-id=\"778e2950\" data-element_type=\"widget\" data-widget_type=\"heading.default\">\n\t\t\t\t<div class=\"elementor-widget-container\">\n\t\t\t<h2 class=\"elementor-heading-title elementor-size-default\">11 000 m<sup>2<\/sup><\/h2>\t\t<\/div>\n\t\t\t\t<\/div>\n\t\t\t\t<div class=\"elementor-element elementor-element-51669f8e elementor-widget elementor-widget-heading\" data-id=\"51669f8e\" data-element_type=\"widget\" data-widget_type=\"heading.default\">\n\t\t\t\t<div class=\"elementor-widget-container\">\n\t\t\t<h2 class=\"elementor-heading-title elementor-size-default\">.<\/h2>\t\t<\/div>\n\t\t\t\t<\/div>\n\t\t\t\t<div class=\"elementor-element elementor-element-dd07faf elementor-widget elementor-widget-heading\" data-id=\"dd07faf\" data-element_type=\"widget\" data-widget_type=\"heading.default\">\n\t\t\t\t<div class=\"elementor-widget-container\">\n\t\t\t<h2 class=\"elementor-heading-title elementor-size-default\">Ya\u015fay\u0131\u015f Kompleksl\u0259ri<\/h2>\t\t<\/div>\n\t\t\t\t<\/div>\n\t\t\t\t<\/div>\n\t\t\t\t\t<\/div>\n\t\t\t\t<\/div>\n\t\t<div class=\"elementor-element elementor-element-935041f e-flex e-con-boxed e-con e-child\" data-id=\"935041f\" data-element_type=\"container\" data-settings=\"{&quot;background_background&quot;:&quot;classic&quot;}\">\n\t\t\t\t\t<div class=\"e-con-inner\">\n\t\t<div class=\"elementor-element elementor-element-c691994 e-con-full e-flex e-con e-child\" data-id=\"c691994\" data-element_type=\"container\">\n\t\t\t\t<div class=\"elementor-element elementor-element-890d4db title-level-1 elementor-widget elementor-widget-heading\" data-id=\"890d4db\" data-element_type=\"widget\" data-widget_type=\"heading.default\">\n\t\t\t\t<div class=\"elementor-widget-container\">\n\t\t\t<h1 class=\"elementor-heading-title elementor-size-default\">Tikinti, T\u0259mir v\u0259 Da\u015f\u0131nmaz \u018fmlak \u0130dar\u0259etm\u0259si<\/h1>\t\t<\/div>\n\t\t\t\t<\/div>\n\t\t\t\t<\/div>\n\t\t<div class=\"elementor-element elementor-element-e147bb5 e-con-full e-flex e-con e-child\" data-id=\"e147bb5\" data-element_type=\"container\">\n\t\t<div class=\"elementor-element elementor-element-4d6b3c4 e-con-full project-description e-flex e-con e-child\" data-id=\"4d6b3c4\" data-element_type=\"container\">\n\t\t\t\t<div class=\"elementor-element elementor-element-c49f04d title-level-5 elementor-widget elementor-widget-heading\" data-id=\"c49f04d\" data-element_type=\"widget\" data-widget_type=\"heading.default\">\n\t\t\t\t<div class=\"elementor-widget-container\">\n\t\t\t<style>\/*! elementor - v3.23.0 - 05-08-2024 *\/\n.elementor-heading-title{padding:0;margin:0;line-height:1}.elementor-widget-heading .elementor-heading-title[class*=elementor-size-]>a{color:inherit;font-size:inherit;line-height:inherit}.elementor-widget-heading .elementor-heading-title.elementor-size-small{font-size:15px}.elementor-widget-heading .elementor-heading-title.elementor-size-medium{font-size:19px}.elementor-widget-heading .elementor-heading-title.elementor-size-large{font-size:29px}.elementor-widget-heading .elementor-heading-title.elementor-size-xl{font-size:39px}.elementor-widget-heading .elementor-heading-title.elementor-size-xxl{font-size:59px}<\/style><h5 class=\"elementor-heading-title elementor-size-default\">Layih\u0259 Haqq\u0131nda<\/h5>\t\t<\/div>\n\t\t\t\t<\/div>\n\t\t\t\t<div class=\"elementor-element elementor-element-533523b elementor-widget elementor-widget-heading\" data-id=\"533523b\" data-element_type=\"widget\" data-widget_type=\"heading.default\">\n\t\t\t\t<div class=\"elementor-widget-container\">\n\t\t\t<h2 class=\"elementor-heading-title elementor-size-default\">Avant Group-un \u0259h\u0259miyy\u0259tli layih\u0259l\u0259rind\u0259n biri olan MoMA Liv Tbilisi \u015f\u0259h\u0259rinin tarixi m\u0259rk\u0259zind\u0259 in\u015fa edilir. Premium ya\u015fay\u0131\u015f kompleksinin innovativ dizayn h\u0259lli, \u00f6z\u00fcn\u0259m\u0259xsus atmosferi v\u0259 \u015f\u0259h\u0259rin \u0259n \u0259lveri\u015fli \u0259razisind\u0259 yerl\u0259\u015fm\u0259si sakinl\u0259rin rahatl\u0131\u011f\u0131n\u0131 t\u0259min ed\u0259c\u0259k.\r\n\r\nLayih\u0259y\u0259 2023-c\u00fc ilin noyabr ba\u015flam\u0131\u015f\u0131q v\u0259 2025-ci ild\u0259 t\u0259hvil ver\u0259c\u0259yik.\r\n<\/h2>\t\t<\/div>\n\t\t\t\t<\/div>\n\t\t\t\t<\/div>\n\t\t<div class=\"elementor-element elementor-element-4eb36bb e-con-full e-flex e-con e-child\" data-id=\"4eb36bb\" data-element_type=\"container\">\n\t\t\t\t<div class=\"elementor-element elementor-element-5393469 title-level-5 elementor-widget elementor-widget-heading\" data-id=\"5393469\" data-element_type=\"widget\" data-widget_type=\"heading.default\">\n\t\t\t\t<div class=\"elementor-widget-container\">\n\t\t\t<h5 class=\"elementor-heading-title elementor-size-default\">Etdikl\u0259rimiz<\/h5>\t\t<\/div>\n\t\t\t\t<\/div>\n\t\t\t\t<div class=\"elementor-element elementor-element-5229e69 elementor-widget elementor-widget-heading\" data-id=\"5229e69\" data-element_type=\"widget\" data-widget_type=\"heading.default\">\n\t\t\t\t<div class=\"elementor-widget-container\">\n\t\t\t<h2 class=\"elementor-heading-title elementor-size-default\">Layih\u0259l\u0259ndirm\u0259\r\n<\/br>\r\nTikinti\r\n<\/br>\r\nT\u0259mir\r\n<\/br>\r\nDa\u015f\u0131nmaz \u0259mlak\u0131n idar\u0259 olunmas\u0131\r\n<\/h2>\t\t<\/div>\n\t\t\t\t<\/div>\n\t\t\t\t<\/div>\n\t\t\t\t<\/div>\n\t\t\t\t\t<\/div>\n\t\t\t\t<\/div>\n\t\t<div class=\"elementor-element elementor-element-3cdeb8ba e-con-full e-flex e-con e-parent\" data-id=\"3cdeb8ba\" data-element_type=\"container\">\n\t\t\t\t<div class=\"elementor-element elementor-element-3ad5cb38 project-gallery elementor-widget elementor-widget-image-carousel\" data-id=\"3ad5cb38\" data-element_type=\"widget\" data-settings=\"{&quot;slides_to_show&quot;:&quot;3&quot;,&quot;slides_to_show_mobile&quot;:&quot;2&quot;,&quot;slides_to_scroll&quot;:&quot;1&quot;,&quot;navigation&quot;:&quot;none&quot;,&quot;autoplay_speed&quot;:30000,&quot;speed&quot;:1000,&quot;image_spacing_custom&quot;:{&quot;unit&quot;:&quot;px&quot;,&quot;size&quot;:60,&quot;sizes&quot;:[]},&quot;image_spacing_custom_tablet&quot;:{&quot;unit&quot;:&quot;rem&quot;,&quot;size&quot;:&quot;&quot;,&quot;sizes&quot;:[]},&quot;image_spacing_custom_mobile&quot;:{&quot;unit&quot;:&quot;rem&quot;,&quot;size&quot;:&quot;&quot;,&quot;sizes&quot;:[]},&quot;autoplay&quot;:&quot;yes&quot;,&quot;pause_on_hover&quot;:&quot;yes&quot;,&quot;pause_on_interaction&quot;:&quot;yes&quot;,&quot;infinite&quot;:&quot;yes&quot;}\" data-widget_type=\"image-carousel.default\">\n\t\t\t\t<div class=\"elementor-widget-container\">\n\t\t\t<style>\/*! elementor - v3.23.0 - 05-08-2024 *\/\n.elementor-widget-image-carousel .swiper,.elementor-widget-image-carousel .swiper-container{position:static}.elementor-widget-image-carousel .swiper-container .swiper-slide figure,.elementor-widget-image-carousel .swiper .swiper-slide figure{line-height:inherit}.elementor-widget-image-carousel .swiper-slide{text-align:center}.elementor-image-carousel-wrapper:not(.swiper-container-initialized):not(.swiper-initialized) .swiper-slide{max-width:calc(100% \/ var(--e-image-carousel-slides-to-show, 3))}<\/style>\t\t<div class=\"elementor-image-carousel-wrapper swiper\" dir=\"ltr\">\n\t\t\t<div class=\"elementor-image-carousel swiper-wrapper\" aria-live=\"off\">\n\t\t\t\t\t\t\t\t<div class=\"swiper-slide\" role=\"group\" aria-roledescription=\"slide\" aria-label=\"1 of 9\"><a data-elementor-open-lightbox=\"yes\" data-elementor-lightbox-slideshow=\"3ad5cb38\" data-elementor-lightbox-title=\"1A (5)\" data-e-action-hash=\"#elementor-action%3Aaction%3Dlightbox%26settings%3DeyJpZCI6NDUzOSwidXJsIjoiaHR0cHM6XC9cL2F2YW50Z3JvdXAuYXpcL3dwLWNvbnRlbnRcL3VwbG9hZHNcLzIwMjRcLzA5XC8xQS01LmpwZyIsInNsaWRlc2hvdyI6IjNhZDVjYjM4In0%3D\" href=\"https:\/\/avantgroup.az\/wp-content\/uploads\/2024\/09\/1A-5.jpg\"><figure class=\"swiper-slide-inner\"><img decoding=\"async\" class=\"swiper-slide-image\" src=\"https:\/\/avantgroup.az\/wp-content\/uploads\/2024\/09\/1A-5.jpg\" alt=\"1A (5)\" \/><\/figure><\/a><\/div><div class=\"swiper-slide\" role=\"group\" aria-roledescription=\"slide\" aria-label=\"2 of 9\"><a data-elementor-open-lightbox=\"yes\" data-elementor-lightbox-slideshow=\"3ad5cb38\" data-elementor-lightbox-title=\"2\" data-e-action-hash=\"#elementor-action%3Aaction%3Dlightbox%26settings%3DeyJpZCI6NDU0MCwidXJsIjoiaHR0cHM6XC9cL2F2YW50Z3JvdXAuYXpcL3dwLWNvbnRlbnRcL3VwbG9hZHNcLzIwMjRcLzA5XC8yLmpwZyIsInNsaWRlc2hvdyI6IjNhZDVjYjM4In0%3D\" href=\"https:\/\/avantgroup.az\/wp-content\/uploads\/2024\/09\/2.jpg\"><figure class=\"swiper-slide-inner\"><img decoding=\"async\" class=\"swiper-slide-image\" src=\"https:\/\/avantgroup.az\/wp-content\/uploads\/2024\/09\/2.jpg\" alt=\"2\" \/><\/figure><\/a><\/div><div class=\"swiper-slide\" role=\"group\" aria-roledescription=\"slide\" aria-label=\"3 of 9\"><a data-elementor-open-lightbox=\"yes\" data-elementor-lightbox-slideshow=\"3ad5cb38\" data-elementor-lightbox-title=\"4 copy\" data-e-action-hash=\"#elementor-action%3Aaction%3Dlightbox%26settings%3DeyJpZCI6NDU0MSwidXJsIjoiaHR0cHM6XC9cL2F2YW50Z3JvdXAuYXpcL3dwLWNvbnRlbnRcL3VwbG9hZHNcLzIwMjRcLzA5XC80LWNvcHktc2NhbGVkLmpwZyIsInNsaWRlc2hvdyI6IjNhZDVjYjM4In0%3D\" href=\"https:\/\/avantgroup.az\/wp-content\/uploads\/2024\/09\/4-copy-scaled.jpg\"><figure class=\"swiper-slide-inner\"><img decoding=\"async\" class=\"swiper-slide-image\" src=\"https:\/\/avantgroup.az\/wp-content\/uploads\/2024\/09\/4-copy-scaled.jpg\" alt=\"4 copy\" \/><\/figure><\/a><\/div><div class=\"swiper-slide\" role=\"group\" aria-roledescription=\"slide\" aria-label=\"4 of 9\"><a data-elementor-open-lightbox=\"yes\" data-elementor-lightbox-slideshow=\"3ad5cb38\" data-elementor-lightbox-title=\"6\" data-e-action-hash=\"#elementor-action%3Aaction%3Dlightbox%26settings%3DeyJpZCI6NDU0MiwidXJsIjoiaHR0cHM6XC9cL2F2YW50Z3JvdXAuYXpcL3dwLWNvbnRlbnRcL3VwbG9hZHNcLzIwMjRcLzA5XC82LTIuanBnIiwic2xpZGVzaG93IjoiM2FkNWNiMzgifQ%3D%3D\" href=\"https:\/\/avantgroup.az\/wp-content\/uploads\/2024\/09\/6-2.jpg\"><figure class=\"swiper-slide-inner\"><img decoding=\"async\" class=\"swiper-slide-image\" src=\"https:\/\/avantgroup.az\/wp-content\/uploads\/2024\/09\/6-2.jpg\" alt=\"6\" \/><\/figure><\/a><\/div><div class=\"swiper-slide\" role=\"group\" aria-roledescription=\"slide\" aria-label=\"5 of 9\"><a data-elementor-open-lightbox=\"yes\" data-elementor-lightbox-slideshow=\"3ad5cb38\" data-elementor-lightbox-title=\"32 copy\" data-e-action-hash=\"#elementor-action%3Aaction%3Dlightbox%26settings%3DeyJpZCI6NDU0MywidXJsIjoiaHR0cHM6XC9cL2F2YW50Z3JvdXAuYXpcL3dwLWNvbnRlbnRcL3VwbG9hZHNcLzIwMjRcLzA5XC8zMi1jb3B5LXNjYWxlZC5qcGciLCJzbGlkZXNob3ciOiIzYWQ1Y2IzOCJ9\" href=\"https:\/\/avantgroup.az\/wp-content\/uploads\/2024\/09\/32-copy-scaled.jpg\"><figure class=\"swiper-slide-inner\"><img decoding=\"async\" class=\"swiper-slide-image\" src=\"https:\/\/avantgroup.az\/wp-content\/uploads\/2024\/09\/32-copy-scaled.jpg\" alt=\"32 copy\" \/><\/figure><\/a><\/div><div class=\"swiper-slide\" role=\"group\" aria-roledescription=\"slide\" aria-label=\"6 of 9\"><a data-elementor-open-lightbox=\"yes\" data-elementor-lightbox-slideshow=\"3ad5cb38\" data-elementor-lightbox-title=\"33 copy\" data-e-action-hash=\"#elementor-action%3Aaction%3Dlightbox%26settings%3DeyJpZCI6NDU0NCwidXJsIjoiaHR0cHM6XC9cL2F2YW50Z3JvdXAuYXpcL3dwLWNvbnRlbnRcL3VwbG9hZHNcLzIwMjRcLzA5XC8zMy1jb3B5LXNjYWxlZC5qcGciLCJzbGlkZXNob3ciOiIzYWQ1Y2IzOCJ9\" href=\"https:\/\/avantgroup.az\/wp-content\/uploads\/2024\/09\/33-copy-scaled.jpg\"><figure class=\"swiper-slide-inner\"><img decoding=\"async\" class=\"swiper-slide-image\" src=\"https:\/\/avantgroup.az\/wp-content\/uploads\/2024\/09\/33-copy-scaled.jpg\" alt=\"33 copy\" \/><\/figure><\/a><\/div><div class=\"swiper-slide\" role=\"group\" aria-roledescription=\"slide\" aria-label=\"7 of 9\"><a data-elementor-open-lightbox=\"yes\" data-elementor-lightbox-slideshow=\"3ad5cb38\" data-elementor-lightbox-title=\"36 copy\" data-e-action-hash=\"#elementor-action%3Aaction%3Dlightbox%26settings%3DeyJpZCI6NDU0NSwidXJsIjoiaHR0cHM6XC9cL2F2YW50Z3JvdXAuYXpcL3dwLWNvbnRlbnRcL3VwbG9hZHNcLzIwMjRcLzA5XC8zNi1jb3B5LXNjYWxlZC5qcGciLCJzbGlkZXNob3ciOiIzYWQ1Y2IzOCJ9\" href=\"https:\/\/avantgroup.az\/wp-content\/uploads\/2024\/09\/36-copy-scaled.jpg\"><figure class=\"swiper-slide-inner\"><img decoding=\"async\" class=\"swiper-slide-image\" src=\"https:\/\/avantgroup.az\/wp-content\/uploads\/2024\/09\/36-copy-scaled.jpg\" alt=\"36 copy\" \/><\/figure><\/a><\/div><div class=\"swiper-slide\" role=\"group\" aria-roledescription=\"slide\" aria-label=\"8 of 9\"><a data-elementor-open-lightbox=\"yes\" data-elementor-lightbox-slideshow=\"3ad5cb38\" data-elementor-lightbox-title=\"Cover\" data-e-action-hash=\"#elementor-action%3Aaction%3Dlightbox%26settings%3DeyJpZCI6NDU0NiwidXJsIjoiaHR0cHM6XC9cL2F2YW50Z3JvdXAuYXpcL3dwLWNvbnRlbnRcL3VwbG9hZHNcLzIwMjRcLzA5XC9Db3Zlci03LXNjYWxlZC5qcGciLCJzbGlkZXNob3ciOiIzYWQ1Y2IzOCJ9\" href=\"https:\/\/avantgroup.az\/wp-content\/uploads\/2024\/09\/Cover-7-scaled.jpg\"><figure class=\"swiper-slide-inner\"><img decoding=\"async\" class=\"swiper-slide-image\" src=\"https:\/\/avantgroup.az\/wp-content\/uploads\/2024\/09\/Cover-7-scaled.jpg\" alt=\"Cover\" \/><\/figure><\/a><\/div><div class=\"swiper-slide\" role=\"group\" aria-roledescription=\"slide\" aria-label=\"9 of 9\"><a data-elementor-open-lightbox=\"yes\" data-elementor-lightbox-slideshow=\"3ad5cb38\" data-elementor-lightbox-title=\"POOL (4)\" data-e-action-hash=\"#elementor-action%3Aaction%3Dlightbox%26settings%3DeyJpZCI6NDU0NywidXJsIjoiaHR0cHM6XC9cL2F2YW50Z3JvdXAuYXpcL3dwLWNvbnRlbnRcL3VwbG9hZHNcLzIwMjRcLzA5XC9QT09MLTQtc2NhbGVkLmpwZyIsInNsaWRlc2hvdyI6IjNhZDVjYjM4In0%3D\" href=\"https:\/\/avantgroup.az\/wp-content\/uploads\/2024\/09\/POOL-4-scaled.jpg\"><figure class=\"swiper-slide-inner\"><img decoding=\"async\" class=\"swiper-slide-image\" src=\"https:\/\/avantgroup.az\/wp-content\/uploads\/2024\/09\/POOL-4-scaled.jpg\" alt=\"POOL (4)\" \/><\/figure><\/a><\/div>\t\t\t<\/div>\n\t\t\t\t\t\t\t\n\t\t\t\t\t\t\t\t\t<\/div>\n\t\t\t\t<\/div>\n\t\t\t\t<\/div>\n\t\t\t\t<\/div>\n\t\t\t\t<\/div>\n\t\t","protected":false},"excerpt":{"rendered":"<p>. . . Layih\u0259 Haqq\u0131nda Etdikl\u0259rimiz<\/p>\n","protected":false},"author":1,"featured_media":4745,"parent":3171,"menu_order":13,"comment_status":"closed","ping_status":"closed","template":"elementor_header_footer","meta":{"_acf_changed":false,"footnotes":""},"class_list":["post-3204","page","type-page","status-publish","has-post-thumbnail","hentry"],"acf":[],"_links":{"self":[{"href":"https:\/\/avantgroup.az\/az\/wp-json\/wp\/v2\/pages\/3204","targetHints":{"allow":["GET"]}}],"collection":[{"href":"https:\/\/avantgroup.az\/az\/wp-json\/wp\/v2\/pages"}],"about":[{"href":"https:\/\/avantgroup.az\/az\/wp-json\/wp\/v2\/types\/page"}],"author":[{"embeddable":true,"href":"https:\/\/avantgroup.az\/az\/wp-json\/wp\/v2\/users\/1"}],"replies":[{"embeddable":true,"href":"https:\/\/avantgroup.az\/az\/wp-json\/wp\/v2\/comments?post=3204"}],"version-history":[{"count":14,"href":"https:\/\/avantgroup.az\/az\/wp-json\/wp\/v2\/pages\/3204\/revisions"}],"predecessor-version":[{"id":5308,"href":"https:\/\/avantgroup.az\/az\/wp-json\/wp\/v2\/pages\/3204\/revisions\/5308"}],"up":[{"embeddable":true,"href":"https:\/\/avantgroup.az\/az\/wp-json\/wp\/v2\/pages\/3171"}],"wp:featuredmedia":[{"embeddable":true,"href":"https:\/\/avantgroup.az\/az\/wp-json\/wp\/v2\/media\/4745"}],"wp:attachment":[{"href":"https:\/\/avantgroup.az\/az\/wp-json\/wp\/v2\/media?parent=3204"}],"curies":[{"name":"wp","href":"https:\/\/api.w.org\/{rel}","templated":true}]}}