{"id":3197,"date":"2024-10-02T05:00:06","date_gmt":"2024-10-02T05:00:06","guid":{"rendered":"http:\/\/new-avant.avantgroup.az\/?page_id=3197"},"modified":"2024-10-08T11:57:48","modified_gmt":"2024-10-08T11:57:48","slug":"flame-towers","status":"publish","type":"page","link":"https:\/\/avantgroup.az\/az\/project-single\/flame-towers\/","title":{"rendered":"Flame Towers"},"content":{"rendered":"\t\t<div data-elementor-type=\"wp-page\" data-elementor-id=\"3197\" class=\"elementor elementor-3197\" data-elementor-post-type=\"page\">\n\t\t\t\t<div class=\"elementor-element elementor-element-275a071a e-flex e-con-boxed e-con e-child\" data-id=\"275a071a\" data-element_type=\"container\" data-settings=\"{&quot;background_background&quot;:&quot;classic&quot;}\">\n\t\t\t\t\t<div class=\"e-con-inner\">\n\t\t<div class=\"elementor-element elementor-element-58e7e22a e-con-full e-flex e-con e-child\" data-id=\"58e7e22a\" data-element_type=\"container\">\n\t\t\t\t<div class=\"elementor-element elementor-element-297d8c41 elementor-widget__width-initial elementor-widget elementor-widget-heading\" data-id=\"297d8c41\" data-element_type=\"widget\" data-widget_type=\"heading.default\">\n\t\t\t\t<div class=\"elementor-widget-container\">\n\t\t\t<style>\/*! elementor - v3.23.0 - 05-08-2024 *\/\n.elementor-heading-title{padding:0;margin:0;line-height:1}.elementor-widget-heading .elementor-heading-title[class*=elementor-size-]>a{color:inherit;font-size:inherit;line-height:inherit}.elementor-widget-heading .elementor-heading-title.elementor-size-small{font-size:15px}.elementor-widget-heading .elementor-heading-title.elementor-size-medium{font-size:19px}.elementor-widget-heading .elementor-heading-title.elementor-size-large{font-size:29px}.elementor-widget-heading .elementor-heading-title.elementor-size-xl{font-size:39px}.elementor-widget-heading .elementor-heading-title.elementor-size-xxl{font-size:59px}<\/style><h2 class=\"elementor-heading-title elementor-size-default\">T\u0259mir-tikinti<\/h2>\t\t<\/div>\n\t\t\t\t<\/div>\n\t\t\t\t<div class=\"elementor-element elementor-element-28e5e3f elementor-widget__width-initial elementor-widget elementor-widget-heading\" data-id=\"28e5e3f\" data-element_type=\"widget\" data-widget_type=\"heading.default\">\n\t\t\t\t<div class=\"elementor-widget-container\">\n\t\t\t<h2 class=\"elementor-heading-title elementor-size-default\">Qonaqlama<\/h2>\t\t<\/div>\n\t\t\t\t<\/div>\n\t\t\t\t<\/div>\n\t\t\t\t<div class=\"elementor-element elementor-element-251f00bd elementor-widget__width-initial title-banner elementor-widget elementor-widget-heading\" data-id=\"251f00bd\" data-element_type=\"widget\" data-widget_type=\"heading.default\">\n\t\t\t\t<div class=\"elementor-widget-container\">\n\t\t\t<h1 class=\"elementor-heading-title elementor-size-default\">Flame Towers<\/h1>\t\t<\/div>\n\t\t\t\t<\/div>\n\t\t<div class=\"elementor-element elementor-element-37459ce1 e-con-full e-flex e-con e-child\" data-id=\"37459ce1\" data-element_type=\"container\">\n\t\t\t\t<div class=\"elementor-element elementor-element-757078d3 elementor-widget elementor-widget-heading\" data-id=\"757078d3\" data-element_type=\"widget\" data-widget_type=\"heading.default\">\n\t\t\t\t<div class=\"elementor-widget-container\">\n\t\t\t<h2 class=\"elementor-heading-title elementor-size-default\">2021<\/h2>\t\t<\/div>\n\t\t\t\t<\/div>\n\t\t\t\t<div class=\"elementor-element elementor-element-6b7fd633 elementor-widget elementor-widget-heading\" data-id=\"6b7fd633\" data-element_type=\"widget\" data-widget_type=\"heading.default\">\n\t\t\t\t<div class=\"elementor-widget-container\">\n\t\t\t<h2 class=\"elementor-heading-title elementor-size-default\">.<\/h2>\t\t<\/div>\n\t\t\t\t<\/div>\n\t\t\t\t<div class=\"elementor-element elementor-element-4e861d89 elementor-widget elementor-widget-heading\" data-id=\"4e861d89\" data-element_type=\"widget\" data-widget_type=\"heading.default\">\n\t\t\t\t<div class=\"elementor-widget-container\">\n\t\t\t<h2 class=\"elementor-heading-title elementor-size-default\">Bak\u0131<\/h2>\t\t<\/div>\n\t\t\t\t<\/div>\n\t\t\t\t<div class=\"elementor-element elementor-element-6fb51bb5 elementor-widget elementor-widget-heading\" data-id=\"6fb51bb5\" data-element_type=\"widget\" data-widget_type=\"heading.default\">\n\t\t\t\t<div class=\"elementor-widget-container\">\n\t\t\t<h2 class=\"elementor-heading-title elementor-size-default\">.<\/h2>\t\t<\/div>\n\t\t\t\t<\/div>\n\t\t\t\t<div class=\"elementor-element elementor-element-778e2950 elementor-widget elementor-widget-heading\" data-id=\"778e2950\" data-element_type=\"widget\" data-widget_type=\"heading.default\">\n\t\t\t\t<div class=\"elementor-widget-container\">\n\t\t\t<h2 class=\"elementor-heading-title elementor-size-default\">41 000 m<sup>2<\/sup><\/h2>\t\t<\/div>\n\t\t\t\t<\/div>\n\t\t\t\t<div class=\"elementor-element elementor-element-51669f8e elementor-widget elementor-widget-heading\" data-id=\"51669f8e\" data-element_type=\"widget\" data-widget_type=\"heading.default\">\n\t\t\t\t<div class=\"elementor-widget-container\">\n\t\t\t<h2 class=\"elementor-heading-title elementor-size-default\">.<\/h2>\t\t<\/div>\n\t\t\t\t<\/div>\n\t\t\t\t<div class=\"elementor-element elementor-element-dd07faf elementor-widget elementor-widget-heading\" data-id=\"dd07faf\" data-element_type=\"widget\" data-widget_type=\"heading.default\">\n\t\t\t\t<div class=\"elementor-widget-container\">\n\t\t\t<h2 class=\"elementor-heading-title elementor-size-default\"> \u0130stirah\u0259t M\u0259rk\u0259zl\u0259ri v\u0259 Otel kompleksl\u0259ri<\/h2>\t\t<\/div>\n\t\t\t\t<\/div>\n\t\t\t\t<\/div>\n\t\t\t\t\t<\/div>\n\t\t\t\t<\/div>\n\t\t<div class=\"elementor-element elementor-element-179c70e e-flex e-con-boxed e-con e-child\" data-id=\"179c70e\" data-element_type=\"container\" data-settings=\"{&quot;background_background&quot;:&quot;classic&quot;}\">\n\t\t\t\t\t<div class=\"e-con-inner\">\n\t\t<div class=\"elementor-element elementor-element-9dabe68 e-con-full e-flex e-con e-child\" data-id=\"9dabe68\" data-element_type=\"container\">\n\t\t\t\t<div class=\"elementor-element elementor-element-61353dd title-level-1 elementor-widget elementor-widget-heading\" data-id=\"61353dd\" data-element_type=\"widget\" data-widget_type=\"heading.default\">\n\t\t\t\t<div class=\"elementor-widget-container\">\n\t\t\t<h1 class=\"elementor-heading-title elementor-size-default\"> L\u00fcks Otelin \u0130nteryer Dizayn v\u0259 Mebell\u0259 T\u0259minat\u0131<\/h1>\t\t<\/div>\n\t\t\t\t<\/div>\n\t\t\t\t<\/div>\n\t\t<div class=\"elementor-element elementor-element-b955f08 e-con-full e-flex e-con e-child\" data-id=\"b955f08\" data-element_type=\"container\">\n\t\t<div class=\"elementor-element elementor-element-875474b e-con-full project-description e-flex e-con e-child\" data-id=\"875474b\" data-element_type=\"container\">\n\t\t\t\t<div class=\"elementor-element elementor-element-585010c title-level-5 elementor-widget elementor-widget-heading\" data-id=\"585010c\" data-element_type=\"widget\" data-widget_type=\"heading.default\">\n\t\t\t\t<div class=\"elementor-widget-container\">\n\t\t\t<style>\/*! elementor - v3.23.0 - 05-08-2024 *\/\n.elementor-heading-title{padding:0;margin:0;line-height:1}.elementor-widget-heading .elementor-heading-title[class*=elementor-size-]>a{color:inherit;font-size:inherit;line-height:inherit}.elementor-widget-heading .elementor-heading-title.elementor-size-small{font-size:15px}.elementor-widget-heading .elementor-heading-title.elementor-size-medium{font-size:19px}.elementor-widget-heading .elementor-heading-title.elementor-size-large{font-size:29px}.elementor-widget-heading .elementor-heading-title.elementor-size-xl{font-size:39px}.elementor-widget-heading .elementor-heading-title.elementor-size-xxl{font-size:59px}<\/style><h5 class=\"elementor-heading-title elementor-size-default\">Layih\u0259 Haqq\u0131nda<\/h5>\t\t<\/div>\n\t\t\t\t<\/div>\n\t\t\t\t<div class=\"elementor-element elementor-element-e9172e6 elementor-widget elementor-widget-heading\" data-id=\"e9172e6\" data-element_type=\"widget\" data-widget_type=\"heading.default\">\n\t\t\t\t<div class=\"elementor-widget-container\">\n\t\t\t<h2 class=\"elementor-heading-title elementor-size-default\">X\u00fcsusi d\u0259bd\u0259b\u0259si v\u0259 keyfiyy\u0259tli ya\u015fam \u015f\u0259rtl\u0259ri il\u0259 se\u00e7il\u0259n \u00f6lk\u0259nin l\u00fcks otell\u0259rind\u0259n biri olan Flame Towers layih\u0259sinin bir q\u00fcll\u0259sinin interyer-dizayn h\u0259lli v\u0259 mebell\u0259 t\u0259minat\u0131 Avant Group t\u0259r\u0259find\u0259n yerin\u0259 yetirilmi\u015fdir. Layih\u0259 \u00e7\u0259r\u00e7iv\u0259sind\u0259 y\u00fcks\u0259k keyfiyy\u0259tli materiallardan v\u0259 dekorasiya m\u0259hsullar\u0131ndan istifad\u0259 edilmi\u015fdir.\r\n\r\nLayih\u0259y\u0259 2017-ci ilin avqust ay\u0131nda ba\u015flad\u0131q v\u0259 2021-ci ilin avqust ay\u0131nda t\u0259hvil verdik.\r\n<\/h2>\t\t<\/div>\n\t\t\t\t<\/div>\n\t\t\t\t<\/div>\n\t\t<div class=\"elementor-element elementor-element-4c1163f e-con-full e-flex e-con e-child\" data-id=\"4c1163f\" data-element_type=\"container\">\n\t\t\t\t<div class=\"elementor-element elementor-element-ed4e129 title-level-5 elementor-widget elementor-widget-heading\" data-id=\"ed4e129\" data-element_type=\"widget\" data-widget_type=\"heading.default\">\n\t\t\t\t<div class=\"elementor-widget-container\">\n\t\t\t<h5 class=\"elementor-heading-title elementor-size-default\">Etdikl\u0259rimiz<\/h5>\t\t<\/div>\n\t\t\t\t<\/div>\n\t\t\t\t<div class=\"elementor-element elementor-element-8223d44 elementor-widget elementor-widget-heading\" data-id=\"8223d44\" data-element_type=\"widget\" data-widget_type=\"heading.default\">\n\t\t\t\t<div class=\"elementor-widget-container\">\n\t\t\t<h2 class=\"elementor-heading-title elementor-size-default\">\u0130nteryer dizayn\r\n<\/br>\r\n\u0130nteryer t\u0259mir\r\n<\/br>\r\nMebell\u0259 t\u0259minat i\u015fl\u0259ri\r\n<\/h2>\t\t<\/div>\n\t\t\t\t<\/div>\n\t\t\t\t<\/div>\n\t\t\t\t<\/div>\n\t\t\t\t\t<\/div>\n\t\t\t\t<\/div>\n\t\t<div class=\"elementor-element elementor-element-3cdeb8ba e-con-full e-flex e-con e-parent\" data-id=\"3cdeb8ba\" data-element_type=\"container\">\n\t\t\t\t<div class=\"elementor-element elementor-element-3ad5cb38 project-gallery elementor-widget elementor-widget-image-carousel\" data-id=\"3ad5cb38\" data-element_type=\"widget\" data-settings=\"{&quot;slides_to_show&quot;:&quot;3&quot;,&quot;slides_to_show_mobile&quot;:&quot;2&quot;,&quot;slides_to_scroll&quot;:&quot;1&quot;,&quot;navigation&quot;:&quot;none&quot;,&quot;autoplay_speed&quot;:30000,&quot;speed&quot;:1000,&quot;image_spacing_custom&quot;:{&quot;unit&quot;:&quot;px&quot;,&quot;size&quot;:60,&quot;sizes&quot;:[]},&quot;image_spacing_custom_tablet&quot;:{&quot;unit&quot;:&quot;rem&quot;,&quot;size&quot;:&quot;&quot;,&quot;sizes&quot;:[]},&quot;image_spacing_custom_mobile&quot;:{&quot;unit&quot;:&quot;rem&quot;,&quot;size&quot;:&quot;&quot;,&quot;sizes&quot;:[]},&quot;autoplay&quot;:&quot;yes&quot;,&quot;pause_on_hover&quot;:&quot;yes&quot;,&quot;pause_on_interaction&quot;:&quot;yes&quot;,&quot;infinite&quot;:&quot;yes&quot;}\" data-widget_type=\"image-carousel.default\">\n\t\t\t\t<div class=\"elementor-widget-container\">\n\t\t\t<style>\/*! elementor - v3.23.0 - 05-08-2024 *\/\n.elementor-widget-image-carousel .swiper,.elementor-widget-image-carousel .swiper-container{position:static}.elementor-widget-image-carousel .swiper-container .swiper-slide figure,.elementor-widget-image-carousel .swiper .swiper-slide figure{line-height:inherit}.elementor-widget-image-carousel .swiper-slide{text-align:center}.elementor-image-carousel-wrapper:not(.swiper-container-initialized):not(.swiper-initialized) .swiper-slide{max-width:calc(100% \/ var(--e-image-carousel-slides-to-show, 3))}<\/style>\t\t<div class=\"elementor-image-carousel-wrapper swiper\" dir=\"ltr\">\n\t\t\t<div class=\"elementor-image-carousel swiper-wrapper\" aria-live=\"off\">\n\t\t\t\t\t\t\t\t<div class=\"swiper-slide\" role=\"group\" aria-roledescription=\"slide\" aria-label=\"<trp-gettext data-trpgettextoriginal=1156>1 of 10<\/trp-gettext>\"><a data-elementor-open-lightbox=\"yes\" data-elementor-lightbox-slideshow=\"3ad5cb38\" data-elementor-lightbox-title=\"Layihenin cover fotosu olacaq\" data-e-action-hash=\"#elementor-action%3Aaction%3Dlightbox%26settings%3DeyJpZCI6NDQ5MywidXJsIjoiaHR0cHM6XC9cL2F2YW50Z3JvdXAuYXpcL3dwLWNvbnRlbnRcL3VwbG9hZHNcLzIwMjRcLzA5XC9MYXlpaGVuaW4tY292ZXItZm90b3N1LW9sYWNhcS53ZWJwIiwic2xpZGVzaG93IjoiM2FkNWNiMzgifQ%3D%3D\" href=\"https:\/\/avantgroup.az\/wp-content\/uploads\/2024\/09\/Layihenin-cover-fotosu-olacaq.webp\"><figure class=\"swiper-slide-inner\"><img decoding=\"async\" class=\"swiper-slide-image\" src=\"https:\/\/avantgroup.az\/wp-content\/uploads\/2024\/09\/Layihenin-cover-fotosu-olacaq.webp\" alt=\"Layihenin cover fotosu olacaq\" \/><\/figure><\/a><\/div><div class=\"swiper-slide\" role=\"group\" aria-roledescription=\"slide\" aria-label=\"<trp-gettext data-trpgettextoriginal=1156>2 of 10<\/trp-gettext>\"><a data-elementor-open-lightbox=\"yes\" data-elementor-lightbox-slideshow=\"3ad5cb38\" data-elementor-lightbox-title=\"8\" data-e-action-hash=\"#elementor-action%3Aaction%3Dlightbox%26settings%3DeyJpZCI6MzYyOSwidXJsIjoiaHR0cHM6XC9cL2F2YW50Z3JvdXAuYXpcL3dwLWNvbnRlbnRcL3VwbG9hZHNcLzIwMjRcLzA4XC84LnBuZyIsInNsaWRlc2hvdyI6IjNhZDVjYjM4In0%3D\" href=\"https:\/\/avantgroup.az\/wp-content\/uploads\/2024\/08\/8.png\"><figure class=\"swiper-slide-inner\"><img decoding=\"async\" class=\"swiper-slide-image\" src=\"https:\/\/avantgroup.az\/wp-content\/uploads\/2024\/08\/8.png\" alt=\"8\" \/><\/figure><\/a><\/div><div class=\"swiper-slide\" role=\"group\" aria-roledescription=\"slide\" aria-label=\"<trp-gettext data-trpgettextoriginal=1156>3 of 10<\/trp-gettext>\"><a data-elementor-open-lightbox=\"yes\" data-elementor-lightbox-slideshow=\"3ad5cb38\" data-elementor-lightbox-title=\"1\" data-e-action-hash=\"#elementor-action%3Aaction%3Dlightbox%26settings%3DeyJpZCI6MzYzMCwidXJsIjoiaHR0cHM6XC9cL2F2YW50Z3JvdXAuYXpcL3dwLWNvbnRlbnRcL3VwbG9hZHNcLzIwMjRcLzA4XC8xLTMucG5nIiwic2xpZGVzaG93IjoiM2FkNWNiMzgifQ%3D%3D\" href=\"https:\/\/avantgroup.az\/wp-content\/uploads\/2024\/08\/1-3.png\"><figure class=\"swiper-slide-inner\"><img decoding=\"async\" class=\"swiper-slide-image\" src=\"https:\/\/avantgroup.az\/wp-content\/uploads\/2024\/08\/1-3.png\" alt=\"1\" \/><\/figure><\/a><\/div><div class=\"swiper-slide\" role=\"group\" aria-roledescription=\"slide\" aria-label=\"<trp-gettext data-trpgettextoriginal=1156>4 of 10<\/trp-gettext>\"><a data-elementor-open-lightbox=\"yes\" data-elementor-lightbox-slideshow=\"3ad5cb38\" data-elementor-lightbox-title=\"2\" data-e-action-hash=\"#elementor-action%3Aaction%3Dlightbox%26settings%3DeyJpZCI6MzYzMSwidXJsIjoiaHR0cHM6XC9cL2F2YW50Z3JvdXAuYXpcL3dwLWNvbnRlbnRcL3VwbG9hZHNcLzIwMjRcLzA4XC8yLTMucG5nIiwic2xpZGVzaG93IjoiM2FkNWNiMzgifQ%3D%3D\" href=\"https:\/\/avantgroup.az\/wp-content\/uploads\/2024\/08\/2-3.png\"><figure class=\"swiper-slide-inner\"><img decoding=\"async\" class=\"swiper-slide-image\" src=\"https:\/\/avantgroup.az\/wp-content\/uploads\/2024\/08\/2-3.png\" alt=\"2\" \/><\/figure><\/a><\/div><div class=\"swiper-slide\" role=\"group\" aria-roledescription=\"slide\" aria-label=\"<trp-gettext data-trpgettextoriginal=1156>5 of 10<\/trp-gettext>\"><a data-elementor-open-lightbox=\"yes\" data-elementor-lightbox-slideshow=\"3ad5cb38\" data-elementor-lightbox-title=\"3\" data-e-action-hash=\"#elementor-action%3Aaction%3Dlightbox%26settings%3DeyJpZCI6MzYzMiwidXJsIjoiaHR0cHM6XC9cL2F2YW50Z3JvdXAuYXpcL3dwLWNvbnRlbnRcL3VwbG9hZHNcLzIwMjRcLzA4XC8zLTMucG5nIiwic2xpZGVzaG93IjoiM2FkNWNiMzgifQ%3D%3D\" href=\"https:\/\/avantgroup.az\/wp-content\/uploads\/2024\/08\/3-3.png\"><figure class=\"swiper-slide-inner\"><img decoding=\"async\" class=\"swiper-slide-image\" src=\"https:\/\/avantgroup.az\/wp-content\/uploads\/2024\/08\/3-3.png\" alt=\"3\" \/><\/figure><\/a><\/div><div class=\"swiper-slide\" role=\"group\" aria-roledescription=\"slide\" aria-label=\"<trp-gettext data-trpgettextoriginal=1156>6 of 10<\/trp-gettext>\"><a data-elementor-open-lightbox=\"yes\" data-elementor-lightbox-slideshow=\"3ad5cb38\" data-elementor-lightbox-title=\"4\" data-e-action-hash=\"#elementor-action%3Aaction%3Dlightbox%26settings%3DeyJpZCI6MzYzMywidXJsIjoiaHR0cHM6XC9cL2F2YW50Z3JvdXAuYXpcL3dwLWNvbnRlbnRcL3VwbG9hZHNcLzIwMjRcLzA4XC80LTMucG5nIiwic2xpZGVzaG93IjoiM2FkNWNiMzgifQ%3D%3D\" href=\"https:\/\/avantgroup.az\/wp-content\/uploads\/2024\/08\/4-3.png\"><figure class=\"swiper-slide-inner\"><img decoding=\"async\" class=\"swiper-slide-image\" src=\"https:\/\/avantgroup.az\/wp-content\/uploads\/2024\/08\/4-3.png\" alt=\"4\" \/><\/figure><\/a><\/div><div class=\"swiper-slide\" role=\"group\" aria-roledescription=\"slide\" aria-label=\"<trp-gettext data-trpgettextoriginal=1156>7 of 10<\/trp-gettext>\"><a data-elementor-open-lightbox=\"yes\" data-elementor-lightbox-slideshow=\"3ad5cb38\" data-elementor-lightbox-title=\"5\" data-e-action-hash=\"#elementor-action%3Aaction%3Dlightbox%26settings%3DeyJpZCI6MzYzNCwidXJsIjoiaHR0cHM6XC9cL2F2YW50Z3JvdXAuYXpcL3dwLWNvbnRlbnRcL3VwbG9hZHNcLzIwMjRcLzA4XC81LTIucG5nIiwic2xpZGVzaG93IjoiM2FkNWNiMzgifQ%3D%3D\" href=\"https:\/\/avantgroup.az\/wp-content\/uploads\/2024\/08\/5-2.png\"><figure class=\"swiper-slide-inner\"><img decoding=\"async\" class=\"swiper-slide-image\" src=\"https:\/\/avantgroup.az\/wp-content\/uploads\/2024\/08\/5-2.png\" alt=\"5\" \/><\/figure><\/a><\/div><div class=\"swiper-slide\" role=\"group\" aria-roledescription=\"slide\" aria-label=\"<trp-gettext data-trpgettextoriginal=1156>8 of 10<\/trp-gettext>\"><a data-elementor-open-lightbox=\"yes\" data-elementor-lightbox-slideshow=\"3ad5cb38\" data-elementor-lightbox-title=\"6\" data-e-action-hash=\"#elementor-action%3Aaction%3Dlightbox%26settings%3DeyJpZCI6MzYzNSwidXJsIjoiaHR0cHM6XC9cL2F2YW50Z3JvdXAuYXpcL3dwLWNvbnRlbnRcL3VwbG9hZHNcLzIwMjRcLzA4XC82LTIucG5nIiwic2xpZGVzaG93IjoiM2FkNWNiMzgifQ%3D%3D\" href=\"https:\/\/avantgroup.az\/wp-content\/uploads\/2024\/08\/6-2.png\"><figure class=\"swiper-slide-inner\"><img decoding=\"async\" class=\"swiper-slide-image\" src=\"https:\/\/avantgroup.az\/wp-content\/uploads\/2024\/08\/6-2.png\" alt=\"6\" \/><\/figure><\/a><\/div><div class=\"swiper-slide\" role=\"group\" aria-roledescription=\"slide\" aria-label=\"<trp-gettext data-trpgettextoriginal=1156>9 of 10<\/trp-gettext>\"><a data-elementor-open-lightbox=\"yes\" data-elementor-lightbox-slideshow=\"3ad5cb38\" data-elementor-lightbox-title=\"7\" data-e-action-hash=\"#elementor-action%3Aaction%3Dlightbox%26settings%3DeyJpZCI6MzYzNiwidXJsIjoiaHR0cHM6XC9cL2F2YW50Z3JvdXAuYXpcL3dwLWNvbnRlbnRcL3VwbG9hZHNcLzIwMjRcLzA4XC83LTIucG5nIiwic2xpZGVzaG93IjoiM2FkNWNiMzgifQ%3D%3D\" href=\"https:\/\/avantgroup.az\/wp-content\/uploads\/2024\/08\/7-2.png\"><figure class=\"swiper-slide-inner\"><img decoding=\"async\" class=\"swiper-slide-image\" src=\"https:\/\/avantgroup.az\/wp-content\/uploads\/2024\/08\/7-2.png\" alt=\"7\" \/><\/figure><\/a><\/div><div class=\"swiper-slide\" role=\"group\" aria-roledescription=\"slide\" aria-label=\"<trp-gettext data-trpgettextoriginal=1156>10 of 10<\/trp-gettext>\"><a data-elementor-open-lightbox=\"yes\" data-elementor-lightbox-slideshow=\"3ad5cb38\" data-elementor-lightbox-title=\"IMG_4746\" data-e-action-hash=\"#elementor-action%3Aaction%3Dlightbox%26settings%3DeyJpZCI6NDUwMCwidXJsIjoiaHR0cHM6XC9cL2F2YW50Z3JvdXAuYXpcL3dwLWNvbnRlbnRcL3VwbG9hZHNcLzIwMjRcLzA5XC9JTUdfNDc0Ni1zY2FsZWQuanBnIiwic2xpZGVzaG93IjoiM2FkNWNiMzgifQ%3D%3D\" href=\"https:\/\/avantgroup.az\/wp-content\/uploads\/2024\/09\/IMG_4746-scaled.jpg\"><figure class=\"swiper-slide-inner\"><img decoding=\"async\" class=\"swiper-slide-image\" src=\"https:\/\/avantgroup.az\/wp-content\/uploads\/2024\/09\/IMG_4746-scaled.jpg\" alt=\"IMG_4746\" \/><\/figure><\/a><\/div>\t\t\t<\/div>\n\t\t\t\t\t\t\t\n\t\t\t\t\t\t\t\t\t<\/div>\n\t\t\t\t<\/div>\n\t\t\t\t<\/div>\n\t\t\t\t<\/div>\n\t\t\t\t<\/div>\n\t\t","protected":false},"excerpt":{"rendered":"<p>. . . Layih\u0259 Haqq\u0131nda Etdikl\u0259rimiz<\/p>\n","protected":false},"author":1,"featured_media":4737,"parent":3171,"menu_order":6,"comment_status":"closed","ping_status":"closed","template":"elementor_header_footer","meta":{"_acf_changed":false,"footnotes":""},"class_list":["post-3197","page","type-page","status-publish","has-post-thumbnail","hentry"],"acf":[],"_links":{"self":[{"href":"https:\/\/avantgroup.az\/az\/wp-json\/wp\/v2\/pages\/3197","targetHints":{"allow":["GET"]}}],"collection":[{"href":"https:\/\/avantgroup.az\/az\/wp-json\/wp\/v2\/pages"}],"about":[{"href":"https:\/\/avantgroup.az\/az\/wp-json\/wp\/v2\/types\/page"}],"author":[{"embeddable":true,"href":"https:\/\/avantgroup.az\/az\/wp-json\/wp\/v2\/users\/1"}],"replies":[{"embeddable":true,"href":"https:\/\/avantgroup.az\/az\/wp-json\/wp\/v2\/comments?post=3197"}],"version-history":[{"count":23,"href":"https:\/\/avantgroup.az\/az\/wp-json\/wp\/v2\/pages\/3197\/revisions"}],"predecessor-version":[{"id":5302,"href":"https:\/\/avantgroup.az\/az\/wp-json\/wp\/v2\/pages\/3197\/revisions\/5302"}],"up":[{"embeddable":true,"href":"https:\/\/avantgroup.az\/az\/wp-json\/wp\/v2\/pages\/3171"}],"wp:featuredmedia":[{"embeddable":true,"href":"https:\/\/avantgroup.az\/az\/wp-json\/wp\/v2\/media\/4737"}],"wp:attachment":[{"href":"https:\/\/avantgroup.az\/az\/wp-json\/wp\/v2\/media?parent=3197"}],"curies":[{"name":"wp","href":"https:\/\/api.w.org\/{rel}","templated":true}]}}