{"id":2585,"date":"2024-08-22T10:26:55","date_gmt":"2024-08-22T10:26:55","guid":{"rendered":"http:\/\/new-avant.avantgroup.az\/?page_id=2585"},"modified":"2024-09-23T15:41:42","modified_gmt":"2024-09-23T15:41:42","slug":"terms-and-conditions","status":"publish","type":"page","link":"https:\/\/avantgroup.az\/az\/terms-and-conditions\/","title":{"rendered":"Terms &amp; Conditions"},"content":{"rendered":"\t\t<div data-elementor-type=\"wp-page\" data-elementor-id=\"2585\" class=\"elementor elementor-2585\" data-elementor-post-type=\"page\">\n\t\t\t\t<div class=\"elementor-element elementor-element-61d9709 breadcrumbs e-flex e-con-boxed e-con e-parent\" data-id=\"61d9709\" data-element_type=\"container\">\n\t\t\t\t\t<div class=\"e-con-inner\">\n\t\t\t\t<div class=\"elementor-element elementor-element-1e2288f elementor-widget elementor-widget-heading\" data-id=\"1e2288f\" data-element_type=\"widget\" data-widget_type=\"heading.default\">\n\t\t\t\t<div class=\"elementor-widget-container\">\n\t\t\t<style>\/*! elementor - v3.23.0 - 05-08-2024 *\/\n.elementor-heading-title{padding:0;margin:0;line-height:1}.elementor-widget-heading .elementor-heading-title[class*=elementor-size-]>a{color:inherit;font-size:inherit;line-height:inherit}.elementor-widget-heading .elementor-heading-title.elementor-size-small{font-size:15px}.elementor-widget-heading .elementor-heading-title.elementor-size-medium{font-size:19px}.elementor-widget-heading .elementor-heading-title.elementor-size-large{font-size:29px}.elementor-widget-heading .elementor-heading-title.elementor-size-xl{font-size:39px}.elementor-widget-heading .elementor-heading-title.elementor-size-xxl{font-size:59px}<\/style><h2 class=\"elementor-heading-title elementor-size-default\"><a href=\"\/\">Ana S\u0259hif\u0259<\/a><\/h2>\t\t<\/div>\n\t\t\t\t<\/div>\n\t\t\t\t<div class=\"elementor-element elementor-element-6b967a2 elementor-widget elementor-widget-heading\" data-id=\"6b967a2\" data-element_type=\"widget\" data-widget_type=\"heading.default\">\n\t\t\t\t<div class=\"elementor-widget-container\">\n\t\t\t<h2 class=\"elementor-heading-title elementor-size-default\">. \u015e\u0259rtl\u0259r v\u0259 Qaydalar <\/h2>\t\t<\/div>\n\t\t\t\t<\/div>\n\t\t\t\t\t<\/div>\n\t\t\t\t<\/div>\n\t\t<div class=\"elementor-element elementor-element-354a334 e-flex e-con-boxed e-con e-parent\" data-id=\"354a334\" data-element_type=\"container\">\n\t\t\t\t\t<div class=\"e-con-inner\">\n\t\t\t\t<div class=\"elementor-element elementor-element-b8ff80e title-banner elementor-widget elementor-widget-heading\" data-id=\"b8ff80e\" data-element_type=\"widget\" data-settings=\"{&quot;_animation&quot;:&quot;none&quot;}\" data-widget_type=\"heading.default\">\n\t\t\t\t<div class=\"elementor-widget-container\">\n\t\t\t<h1 class=\"elementor-heading-title elementor-size-default\">\u015e\u0259rtl\u0259r v\u0259 Qaydalar <\/h1>\t\t<\/div>\n\t\t\t\t<\/div>\n\t\t\t\t\t<\/div>\n\t\t\t\t<\/div>\n\t\t<div class=\"elementor-element elementor-element-160e861 e-flex e-con-boxed e-con e-parent\" data-id=\"160e861\" data-element_type=\"container\">\n\t\t\t\t\t<div class=\"e-con-inner\">\n\t\t\t\t<div class=\"elementor-element elementor-element-e014e54 elementor-widget__width-initial elementor-widget-tablet__width-inherit elementor-widget-mobile__width-inherit elementor-widget elementor-widget-heading\" data-id=\"e014e54\" data-element_type=\"widget\" data-widget_type=\"heading.default\">\n\t\t\t\t<div class=\"elementor-widget-container\">\n\t\t\t<div class=\"elementor-heading-title elementor-size-default\"><h2 class=\"title-level-2\">\u0130stifad\u0259 \u015e\u0259rtl\u0259rinin Q\u0259bulu\n<\/h2>\nBu veb-sayta daxil olaraq v\u0259 onu n\u0259z\u0259rd\u0259n ke\u00e7ir\u0259r\u0259k a\u015fa\u011f\u0131dak\u0131 \u0130stifad\u0259 \u015e\u0259rtl\u0259rini q\u0259bul edirsiniz. \u018fg\u0259r bu \u0130stifad\u0259 \u015e\u0259rtl\u0259rini tam v\u0259 ya qism\u0259n q\u0259bul etmirsinizs\u0259, veb-saytdan istifad\u0259ni d\u0259rhal dayand\u0131rmal\u0131 v\u0259 sayt\u0131 t\u0259rk etm\u0259lisiniz.\n<\/br><\/br>\n\u0130stifad\u0259 \u015e\u0259rtl\u0259ri \u0259vv\u0259lc\u0259d\u0259n x\u0259b\u0259rdarl\u0131q edilm\u0259d\u0259n ist\u0259nil\u0259n vaxt d\u0259yi\u015fdiril\u0259 bil\u0259r. H\u0259r hans\u0131 d\u0259yi\u015fiklikl\u0259r bu veb-saytda yerl\u0259\u015fdirildikd\u0259n sonra q\u00fcvv\u0259y\u0259 minir. Yenil\u0259nmi\u015f \u0130stifad\u0259 \u015e\u0259rtl\u0259ri il\u0259 tan\u0131\u015f olmaq sizin m\u0259suliyy\u0259tinizd\u0259dir. Siz\u0259 \u0259n son d\u0259yi\u015fiklikl\u0259rd\u0259n x\u0259b\u0259rdar olmaq \u00fc\u00e7\u00fcn veb-sayt\u0131n istifad\u0259sini t\u0259nziml\u0259y\u0259n \u0130stifad\u0259 \u015e\u0259rtl\u0259rini m\u00fct\u0259madi olaraq n\u0259z\u0259rd\u0259n ke\u00e7irm\u0259yi t\u00f6vsiy\u0259 edirik.\n\n<h2 class=\"title-level-2\">M\u0259zmundan \u0130stifad\u0259; M\u0259hdudiyy\u0259tl\u0259r; M\u0259xfilik Siyas\u0259ti\n<\/h2>\nSiz\u0259 bu veb-saytdak\u0131 m\u0259zmunu n\u0259z\u0259rd\u0259n ke\u00e7irm\u0259k, kopyalamaq, \u00e7ap etm\u0259k v\u0259 yaymaq (lakin d\u0259yi\u015fdirm\u0259m\u0259k) yaln\u0131z a\u015fa\u011f\u0131dak\u0131 \u00f6hd\u0259likl\u0259ri yerin\u0259 yetirdiyiniz t\u0259qdird\u0259 icaz\u0259si verilir:\n<\/br><\/br>\n<li>Bel\u0259 istifad\u0259 yaln\u0131z m\u0259lumat xarakterli v\u0259 qeyri-kommersiya m\u0259qs\u0259dl\u0259ri \u00fc\u00e7\u00fcn olmal\u0131d\u0131r.<\/li>\n<li>M\u0259zmundan etdiyiniz h\u0259r hans\u0131 kopya m\u00fc\u0259llif h\u00fcququ bildiri\u015fini v\u0259 ya m\u0259zmuna aid dig\u0259r atributlar\u0131 \u0259ks etm\u0259lidir.<\/li>\n<\/br><\/br>\n\nEyni zamanda veb-saytdan istifad\u0259 ed\u0259r\u0259k siz q\u0259bul edirsiniz ki, biz \u015f\u0259xsi v\u0259 dig\u0259r m\u0259lumatlar\u0131n\u0131z\u0131 bu \u0130stifad\u0259 \u015e\u0259rtl\u0259rin\u0259 istinad kimi daxil edilmi\u015f M\u0259xfilik v\u0259 Kukil\u0259r Siyas\u0259timiz\u0259 uy\u011fun olaraq istifad\u0259 ed\u0259 bil\u0259rik. \n\n<h2 class=\"title-level-2\">Xarici Ke\u00e7idl\u0259r v\u0259 M\u0259suliyy\u0259tin M\u0259hdudla\u015fd\u0131r\u0131lmas\u0131\n<\/h2>\nBu veb-sayt \u00fc\u00e7\u00fcnc\u00fc t\u0259r\u0259fl\u0259r t\u0259r\u0259find\u0259n idar\u0259 olunan, o c\u00fcml\u0259d\u0259n, lakin bunlarla m\u0259hdudla\u015fmayaraq, Avant Group daxilind\u0259 olan dig\u0259r qurumlar v\u0259 ya onlar\u0131n f\u0259rdi hey\u0259ti t\u0259r\u0259find\u0259n idar\u0259 olunan veb-saytlara, resurslara v\u0259 ya al\u0259tl\u0259r\u0259 ke\u00e7idl\u0259r ehtiva ed\u0259 bil\u0259r ki, onlar\u0131n \u00fcz\u0259rind\u0259 bizim n\u0259zar\u0259timiz yoxdur. Avant Group bu ke\u00e7idl\u0259rd\u0259ki m\u0259lumatlar\u0131n do\u011frulu\u011fu v\u0259 h\u0259qiqiliyi \u00fc\u00e7\u00fcn he\u00e7 bir z\u0259man\u0259t vermir. Bu ke\u00e7idl\u0259r yaln\u0131z m\u0259lumat xarakterli v\u0259 ziyar\u0259t\u00e7il\u0259rin rahatl\u0131\u011f\u0131 \u00fc\u00e7\u00fcn t\u0259qdim olunur.\n<\/br><\/br>\nBiz ist\u0259nil\u0259n vaxt v\u0259 \u00f6z q\u0259rar\u0131m\u0131za \u0259sas\u0259n b\u00fct\u00fcn ke\u00e7idl\u0259rin v\u0259 ya veb-sayt\u0131m\u0131za olan h\u0259r hans\u0131 x\u00fcsusi ke\u00e7idin silinm\u0259sini t\u0259l\u0259b etm\u0259k h\u00fcququnu \u00f6z\u00fcm\u00fczd\u0259 saxlay\u0131r\u0131q. Siz h\u0259m d\u0259 raz\u0131l\u0131q verirsiniz ki, t\u0259l\u0259b olunduqda veb-sayt\u0131m\u0131za edil\u0259n bu c\u00fcr ke\u00e7idl\u0259ri sil\u0259c\u0259ksiniz. Biz h\u0259m\u00e7inin ist\u0259nil\u0259n vaxt bu \u0130stifad\u0259 \u015e\u0259rtl\u0259rini v\u0259 ke\u00e7id siyas\u0259tini d\u0259yi\u015fdirm\u0259k h\u00fcququnu \u00f6z\u00fcm\u00fczd\u0259 saxlay\u0131r\u0131q.\n\n<h2 class=\"title-level-2\">\u018fqli M\u00fclkiyy\u0259t H\u00fcquqlar\u0131<\/h2>\nBu veb-saytda m\u00f6vcud olan v\u0259 ya t\u0259svir edilmi\u015f \u0259qli m\u00fclkiyy\u0259t h\u00fcquqlar\u0131 il\u0259 qorunan materiallar\u0131 kopyalamaq v\u0259 ya istifad\u0259 etm\u0259k icaz\u0259niz yoxdur.\n<\/br><\/br>\nBu veb-saytda Avant Group daxilind\u0259 olan dig\u0259r t\u0259r\u0259fl\u0259r\u0259 v\u0259 ya \u015firk\u0259tl\u0259r\u0259 m\u0259xsus ticar\u0259t ni\u015fanlar\u0131na istinadlar yaln\u0131z tan\u0131tma m\u0259qs\u0259di il\u0259 verilir. Bu \u0130stifad\u0259 \u015e\u0259rtl\u0259ri siz\u0259 Avant Group daxilind\u0259 olan dig\u0259r t\u0259r\u0259fl\u0259rin v\u0259 ya \u015firk\u0259tl\u0259rin ticar\u0259t ni\u015fanlar\u0131n\u0131 istifad\u0259 etm\u0259k h\u00fcququ vermir.<\/div>\t\t<\/div>\n\t\t\t\t<\/div>\n\t\t\t\t\t<\/div>\n\t\t\t\t<\/div>\n\t\t\t\t<\/div>\n\t\t","protected":false},"excerpt":{"rendered":"<p>Ana S\u0259hif\u0259 . \u015e\u0259rtl\u0259r v\u0259 Qaydalar \u015e\u0259rtl\u0259r v\u0259 Qaydalar \u0130stifad\u0259 \u015e\u0259rtl\u0259rinin Q\u0259bulu Bu veb-sayta daxil olaraq v\u0259 onu n\u0259z\u0259rd\u0259n ke\u00e7ir\u0259r\u0259k a\u015fa\u011f\u0131dak\u0131 \u0130stifad\u0259 \u015e\u0259rtl\u0259rini q\u0259bul edirsiniz. \u018fg\u0259r bu \u0130stifad\u0259 \u015e\u0259rtl\u0259rini tam v\u0259 ya qism\u0259n q\u0259bul etmirsinizs\u0259, veb-saytdan istifad\u0259ni d\u0259rhal dayand\u0131rmal\u0131 v\u0259 sayt\u0131 t\u0259rk etm\u0259lisiniz. \u0130stifad\u0259 \u015e\u0259rtl\u0259ri \u0259vv\u0259lc\u0259d\u0259n x\u0259b\u0259rdarl\u0131q edilm\u0259d\u0259n ist\u0259nil\u0259n vaxt d\u0259yi\u015fdiril\u0259 bil\u0259r. H\u0259r hans\u0131 d\u0259yi\u015fiklikl\u0259r [&hellip;]<\/p>\n","protected":false},"author":1,"featured_media":0,"parent":0,"menu_order":20,"comment_status":"closed","ping_status":"closed","template":"elementor_header_footer","meta":{"_acf_changed":false,"footnotes":""},"class_list":["post-2585","page","type-page","status-publish","hentry"],"acf":[],"_links":{"self":[{"href":"https:\/\/avantgroup.az\/az\/wp-json\/wp\/v2\/pages\/2585","targetHints":{"allow":["GET"]}}],"collection":[{"href":"https:\/\/avantgroup.az\/az\/wp-json\/wp\/v2\/pages"}],"about":[{"href":"https:\/\/avantgroup.az\/az\/wp-json\/wp\/v2\/types\/page"}],"author":[{"embeddable":true,"href":"https:\/\/avantgroup.az\/az\/wp-json\/wp\/v2\/users\/1"}],"replies":[{"embeddable":true,"href":"https:\/\/avantgroup.az\/az\/wp-json\/wp\/v2\/comments?post=2585"}],"version-history":[{"count":16,"href":"https:\/\/avantgroup.az\/az\/wp-json\/wp\/v2\/pages\/2585\/revisions"}],"predecessor-version":[{"id":4387,"href":"https:\/\/avantgroup.az\/az\/wp-json\/wp\/v2\/pages\/2585\/revisions\/4387"}],"wp:attachment":[{"href":"https:\/\/avantgroup.az\/az\/wp-json\/wp\/v2\/media?parent=2585"}],"curies":[{"name":"wp","href":"https:\/\/api.w.org\/{rel}","templated":true}]}}