{"id":2553,"date":"2024-08-22T10:11:26","date_gmt":"2024-08-22T10:11:26","guid":{"rendered":"http:\/\/new-avant.avantgroup.az\/?page_id=2553"},"modified":"2024-09-23T15:41:36","modified_gmt":"2024-09-23T15:41:36","slug":"privacy","status":"publish","type":"page","link":"https:\/\/avantgroup.az\/az\/privacy\/","title":{"rendered":"Privacy"},"content":{"rendered":"\t\t<div data-elementor-type=\"wp-page\" data-elementor-id=\"2553\" class=\"elementor elementor-2553\" data-elementor-post-type=\"page\">\n\t\t\t\t<div class=\"elementor-element elementor-element-61d9709 breadcrumbs e-flex e-con-boxed e-con e-parent\" data-id=\"61d9709\" data-element_type=\"container\">\n\t\t\t\t\t<div class=\"e-con-inner\">\n\t\t\t\t<div class=\"elementor-element elementor-element-1e2288f elementor-widget elementor-widget-heading\" data-id=\"1e2288f\" data-element_type=\"widget\" data-widget_type=\"heading.default\">\n\t\t\t\t<div class=\"elementor-widget-container\">\n\t\t\t<style>\/*! elementor - v3.23.0 - 05-08-2024 *\/\n.elementor-heading-title{padding:0;margin:0;line-height:1}.elementor-widget-heading .elementor-heading-title[class*=elementor-size-]>a{color:inherit;font-size:inherit;line-height:inherit}.elementor-widget-heading .elementor-heading-title.elementor-size-small{font-size:15px}.elementor-widget-heading .elementor-heading-title.elementor-size-medium{font-size:19px}.elementor-widget-heading .elementor-heading-title.elementor-size-large{font-size:29px}.elementor-widget-heading .elementor-heading-title.elementor-size-xl{font-size:39px}.elementor-widget-heading .elementor-heading-title.elementor-size-xxl{font-size:59px}<\/style><h2 class=\"elementor-heading-title elementor-size-default\"><a href=\"\/\">Ana S\u0259hif\u0259<\/a><\/h2>\t\t<\/div>\n\t\t\t\t<\/div>\n\t\t\t\t<div class=\"elementor-element elementor-element-6b967a2 elementor-widget elementor-widget-heading\" data-id=\"6b967a2\" data-element_type=\"widget\" data-widget_type=\"heading.default\">\n\t\t\t\t<div class=\"elementor-widget-container\">\n\t\t\t<h2 class=\"elementor-heading-title elementor-size-default\">. M\u0259xfilik B\u0259yanat\u0131\n<\/h2>\t\t<\/div>\n\t\t\t\t<\/div>\n\t\t\t\t\t<\/div>\n\t\t\t\t<\/div>\n\t\t<div class=\"elementor-element elementor-element-354a334 e-flex e-con-boxed e-con e-parent\" data-id=\"354a334\" data-element_type=\"container\">\n\t\t\t\t\t<div class=\"e-con-inner\">\n\t\t\t\t<div class=\"elementor-element elementor-element-b8ff80e title-banner elementor-widget elementor-widget-heading\" data-id=\"b8ff80e\" data-element_type=\"widget\" data-settings=\"{&quot;_animation&quot;:&quot;none&quot;}\" data-widget_type=\"heading.default\">\n\t\t\t\t<div class=\"elementor-widget-container\">\n\t\t\t<h1 class=\"elementor-heading-title elementor-size-default\">M\u0259xfilik B\u0259yanat\u0131<\/h1>\t\t<\/div>\n\t\t\t\t<\/div>\n\t\t\t\t\t<\/div>\n\t\t\t\t<\/div>\n\t\t<div class=\"elementor-element elementor-element-160e861 e-flex e-con-boxed e-con e-parent\" data-id=\"160e861\" data-element_type=\"container\">\n\t\t\t\t\t<div class=\"e-con-inner\">\n\t\t\t\t<div class=\"elementor-element elementor-element-e014e54 elementor-widget__width-initial elementor-widget-tablet__width-inherit elementor-widget-mobile__width-inherit elementor-widget elementor-widget-heading\" data-id=\"e014e54\" data-element_type=\"widget\" data-widget_type=\"heading.default\">\n\t\t\t\t<div class=\"elementor-widget-container\">\n\t\t\t<div class=\"elementor-heading-title elementor-size-default\"><h2 class=\"title-level-2\">M\u0259lumatlar\u0131n Toplanmas\u0131<\/h2>\nAvant Group olaraq, m\u0259xfiliyinizi qorumas\u0131na diqq\u0259t edirik v\u0259 h\u00f6rm\u0259tl\u0259 yana\u015f\u0131r\u0131q. Sayt\u0131m\u0131zdan istifad\u0259 etm\u0259k \u00fc\u00e7\u00fcn ziyar\u0259t\u00e7i kimi \u015f\u0259xsi m\u0259lumatlar\u0131n\u0131z\u0131 t\u0259qdim etm\u0259yiniz t\u0259l\u0259b olunmur. Lakin m\u00fc\u0259yy\u0259n hallarda biz a\u015fa\u011f\u0131da g\u00f6st\u0259ril\u0259n \u015f\u0259xsi m\u0259lumatlar\u0131 toplaya v\u0259 ya \u0259ld\u0259 ed\u0259 bil\u0259rik:\n<\/br><\/br>\n<li>\nBiziml\u0259 \u0259laq\u0259 qurmaq \u00fc\u00e7\u00fcn istifad\u0259 etdiyiniz e-po\u00e7t \u00fcnvan\u0131 v\u0259 ya telefon n\u00f6mr\u0259si\n<\/li>\n<li>\n\u015eirk\u0259timizd\u0259 m\u00f6vcud olan vakansiyalar \u00fc\u00e7\u00fcn g\u00f6nd\u0259rdiyiniz CV-l\u0259r\n<\/li>\n<\/br><\/br>\nBundan \u0259lav\u0259, ya\u015fad\u0131\u011f\u0131n\u0131z \u00f6lk\u0259, bloglarda, forumlarda, viki s\u0259hif\u0259l\u0259rind\u0259 v\u0259 bizim t\u0259qdim etdiyimiz dig\u0259r sosial media platformalar\u0131nda etdiyiniz payla\u015f\u0131mlar, IP \u00fcnvan\u0131n\u0131z, brauzerinizin tipi v\u0259 dili, giri\u015f vaxtlar\u0131, \u015fikay\u0259t detallar\u0131, biziml\u0259 nec\u0259 qar\u015f\u0131l\u0131ql\u0131 \u0259laq\u0259 qurmaq ist\u0259diyinizin t\u0259f\u0259rr\u00fcatlar\u0131 v\u0259 dig\u0259r ox\u015far m\u0259lumatlar da toplana bil\u0259r. Bu m\u0259lumatlar sayt\u0131m\u0131zdan istifad\u0259 ed\u0259rk\u0259n t\u0259cr\u00fcb\u0259nizi yax\u015f\u0131la\u015fd\u0131rmaq v\u0259 onun effektiv i\u015fl\u0259m\u0259sini t\u0259min etm\u0259k \u00fc\u00e7\u00fcn toplan\u0131r. Toplanm\u0131\u015f m\u0259lumatlar he\u00e7 bir \u00fc\u00e7\u00fcnc\u00fc t\u0259r\u0259fl\u0259 payla\u015f\u0131lmayacaqd\u0131r.\n\n<h2 class=\"title-level-2\">Kukil\u0259r<\/h2>\nAvant Group onlayn t\u0259cr\u00fcb\u0259nizi m\u00fck\u0259mm\u0259ll\u0259\u015fdirm\u0259k, f\u0259rdil\u0259\u015fdirilmi\u015f m\u0259zmunu g\u00f6st\u0259rm\u0259k, uy\u011fun reklamlar yerl\u0259\u015fdirm\u0259k v\u0259 sizin se\u00e7iml\u0259rinizi saxlamaq \u00fc\u00e7\u00fcn kukil\u0259rd\u0259n istifad\u0259 edir.\n<\/br><\/br>\n\u018fg\u0259r komp\u00fcterinizd\u0259 kukil\u0259rin yerl\u0259\u015fdirilm\u0259sini ist\u0259mirsinizs\u0259, Avant Group saytlar\u0131ndan istifad\u0259 etm\u0259zd\u0259n \u0259vv\u0259l brauzerinizi kukil\u0259ri q\u0259bul etm\u0259m\u0259k se\u00e7imini ed\u0259 bil\u0259rsiniz. Lakin n\u0259z\u0259r\u0259 al\u0131n ki, kukil\u0259rin k\u00f6m\u0259yi olmadan Avant Group saytlar\u0131n\u0131n b\u0259zi funksiyalar\u0131 d\u00fczg\u00fcn i\u015fl\u0259m\u0259y\u0259 bil\u0259r. Kukil\u0259rin parametrl\u0259rini d\u0259yi\u015fm\u0259d\u0259n veb sayt\u0131m\u0131zda naviqasiyan\u0131 davam etdirm\u0259kl\u0259 Avant Group-un kukil\u0259rd\u0259n istifad\u0259sini q\u0259bul edirsiniz.\n\n<h2 class=\"title-level-2\">\u00dc\u00e7\u00fcnc\u00fc t\u0259r\u0259f texnologiyalar<\/h2>\nVeb sayt\u0131m\u0131z reklam m\u0259qs\u0259dl\u0259ri \u00fc\u00e7\u00fcn Google da daxil olmaqla m\u00fcxt\u0259lif remarketing texnologiyalar\u0131ndan istifad\u0259 edir. Bu, Google axtar\u0131\u015f n\u0259tic\u0259l\u0259ri s\u0259hif\u0259sind\u0259 v\u0259 ya Google Display Network \u015f\u0259b\u0259k\u0259sind\u0259ki bir saytda reklam\u0131n g\u00f6st\u0259rilm\u0259si formas\u0131nda ola bil\u0259r. \nKukil\u0259r Google da daxil olmaqla \u00fc\u00e7\u00fcnc\u00fc t\u0259r\u0259f t\u0259minat\u00e7\u0131larda ke\u00e7mi\u015f ziyar\u0259tl\u0259riniz\u0259 \u0259sas\u0259n reklamlar t\u0259qdim etm\u0259k \u00fc\u00e7\u00fcn istifad\u0259 edilir. Bu xidm\u0259tl\u0259r vasit\u0259sil\u0259 toplanan h\u0259r hans\u0131 m\u0259lumat bizim m\u0259xfilik siyas\u0259timiz\u0259 v\u0259 Google-un m\u0259xfilik siyas\u0259tin\u0259 uy\u011fun olaraq istifad\u0259 edil\u0259c\u0259kdir.\n<\/div>\t\t<\/div>\n\t\t\t\t<\/div>\n\t\t\t\t\t<\/div>\n\t\t\t\t<\/div>\n\t\t\t\t<\/div>\n\t\t","protected":false},"excerpt":{"rendered":"<p>Ana S\u0259hif\u0259 . M\u0259xfilik B\u0259yanat\u0131 M\u0259xfilik B\u0259yanat\u0131 M\u0259lumatlar\u0131n Toplanmas\u0131 Avant Group olaraq, m\u0259xfiliyinizi qorumas\u0131na diqq\u0259t edirik v\u0259 h\u00f6rm\u0259tl\u0259 yana\u015f\u0131r\u0131q. Sayt\u0131m\u0131zdan istifad\u0259 etm\u0259k \u00fc\u00e7\u00fcn ziyar\u0259t\u00e7i kimi \u015f\u0259xsi m\u0259lumatlar\u0131n\u0131z\u0131 t\u0259qdim etm\u0259yiniz t\u0259l\u0259b olunmur. Lakin m\u00fc\u0259yy\u0259n hallarda biz a\u015fa\u011f\u0131da g\u00f6st\u0259ril\u0259n \u015f\u0259xsi m\u0259lumatlar\u0131 toplaya v\u0259 ya \u0259ld\u0259 ed\u0259 bil\u0259rik: Biziml\u0259 \u0259laq\u0259 qurmaq \u00fc\u00e7\u00fcn istifad\u0259 etdiyiniz e-po\u00e7t \u00fcnvan\u0131 v\u0259 ya [&hellip;]<\/p>\n","protected":false},"author":1,"featured_media":0,"parent":0,"menu_order":21,"comment_status":"closed","ping_status":"closed","template":"elementor_header_footer","meta":{"_acf_changed":false,"footnotes":""},"class_list":["post-2553","page","type-page","status-publish","hentry"],"acf":[],"_links":{"self":[{"href":"https:\/\/avantgroup.az\/az\/wp-json\/wp\/v2\/pages\/2553","targetHints":{"allow":["GET"]}}],"collection":[{"href":"https:\/\/avantgroup.az\/az\/wp-json\/wp\/v2\/pages"}],"about":[{"href":"https:\/\/avantgroup.az\/az\/wp-json\/wp\/v2\/types\/page"}],"author":[{"embeddable":true,"href":"https:\/\/avantgroup.az\/az\/wp-json\/wp\/v2\/users\/1"}],"replies":[{"embeddable":true,"href":"https:\/\/avantgroup.az\/az\/wp-json\/wp\/v2\/comments?post=2553"}],"version-history":[{"count":28,"href":"https:\/\/avantgroup.az\/az\/wp-json\/wp\/v2\/pages\/2553\/revisions"}],"predecessor-version":[{"id":4384,"href":"https:\/\/avantgroup.az\/az\/wp-json\/wp\/v2\/pages\/2553\/revisions\/4384"}],"wp:attachment":[{"href":"https:\/\/avantgroup.az\/az\/wp-json\/wp\/v2\/media?parent=2553"}],"curies":[{"name":"wp","href":"https:\/\/api.w.org\/{rel}","templated":true}]}}