{"id":2537,"date":"2024-08-22T09:44:57","date_gmt":"2024-08-22T09:44:57","guid":{"rendered":"http:\/\/new-avant.avantgroup.az\/?page_id=2537"},"modified":"2024-10-04T07:47:35","modified_gmt":"2024-10-04T07:47:35","slug":"message","status":"publish","type":"page","link":"https:\/\/avantgroup.az\/az\/message\/","title":{"rendered":"Message"},"content":{"rendered":"\t\t<div data-elementor-type=\"wp-page\" data-elementor-id=\"2537\" class=\"elementor elementor-2537\" data-elementor-post-type=\"page\">\n\t\t\t\t<div class=\"elementor-element elementor-element-c83dcb5 breadcrumbs e-flex e-con-boxed e-con e-parent\" data-id=\"c83dcb5\" data-element_type=\"container\">\n\t\t\t\t\t<div class=\"e-con-inner\">\n\t\t\t\t<div class=\"elementor-element elementor-element-c371a65 elementor-widget elementor-widget-heading\" data-id=\"c371a65\" data-element_type=\"widget\" data-widget_type=\"heading.default\">\n\t\t\t\t<div class=\"elementor-widget-container\">\n\t\t\t<style>\/*! elementor - v3.23.0 - 05-08-2024 *\/\n.elementor-heading-title{padding:0;margin:0;line-height:1}.elementor-widget-heading .elementor-heading-title[class*=elementor-size-]>a{color:inherit;font-size:inherit;line-height:inherit}.elementor-widget-heading .elementor-heading-title.elementor-size-small{font-size:15px}.elementor-widget-heading .elementor-heading-title.elementor-size-medium{font-size:19px}.elementor-widget-heading .elementor-heading-title.elementor-size-large{font-size:29px}.elementor-widget-heading .elementor-heading-title.elementor-size-xl{font-size:39px}.elementor-widget-heading .elementor-heading-title.elementor-size-xxl{font-size:59px}<\/style><h2 class=\"elementor-heading-title elementor-size-default\"><a href=\"\/\">Ana S\u0259hif\u0259<\/a><\/h2>\t\t<\/div>\n\t\t\t\t<\/div>\n\t\t\t\t<div class=\"elementor-element elementor-element-c600af5 elementor-widget elementor-widget-heading\" data-id=\"c600af5\" data-element_type=\"widget\" data-widget_type=\"heading.default\">\n\t\t\t\t<div class=\"elementor-widget-container\">\n\t\t\t<h2 class=\"elementor-heading-title elementor-size-default\"><a href=\"\/about\">. Avant Qrup<\/a><\/h2>\t\t<\/div>\n\t\t\t\t<\/div>\n\t\t\t\t<div class=\"elementor-element elementor-element-62f3d6d elementor-widget elementor-widget-heading\" data-id=\"62f3d6d\" data-element_type=\"widget\" data-widget_type=\"heading.default\">\n\t\t\t\t<div class=\"elementor-widget-container\">\n\t\t\t<h2 class=\"elementor-heading-title elementor-size-default\">. Direktorlar \u015euras\u0131 S\u0259drinin M\u00fcraci\u0259ti\n<\/h2>\t\t<\/div>\n\t\t\t\t<\/div>\n\t\t\t\t\t<\/div>\n\t\t\t\t<\/div>\n\t\t<div class=\"elementor-element elementor-element-b2827d6 e-flex e-con-boxed e-con e-parent\" data-id=\"b2827d6\" data-element_type=\"container\">\n\t\t\t\t\t<div class=\"e-con-inner\">\n\t\t\t\t<div class=\"elementor-element elementor-element-722f774 title-banner elementor-widget elementor-widget-heading\" data-id=\"722f774\" data-element_type=\"widget\" data-settings=\"{&quot;_animation&quot;:&quot;none&quot;}\" data-widget_type=\"heading.default\">\n\t\t\t\t<div class=\"elementor-widget-container\">\n\t\t\t<h1 class=\"elementor-heading-title elementor-size-default\">Direktorlar \u015euras\u0131 S\u0259drinin M\u00fcraci\u0259ti<\/h1>\t\t<\/div>\n\t\t\t\t<\/div>\n\t\t\t\t\t<\/div>\n\t\t\t\t<\/div>\n\t\t<div class=\"elementor-element elementor-element-22df12d e-flex e-con-boxed e-con e-parent\" data-id=\"22df12d\" data-element_type=\"container\">\n\t\t\t\t\t<div class=\"e-con-inner\">\n\t\t<div class=\"elementor-element elementor-element-ca7a85a e-con-full e-flex e-con e-child\" data-id=\"ca7a85a\" data-element_type=\"container\">\n\t\t\t\t<div class=\"elementor-element elementor-element-6ba6ad0 elementor-widget elementor-widget-image\" data-id=\"6ba6ad0\" data-element_type=\"widget\" data-widget_type=\"image.default\">\n\t\t\t\t<div class=\"elementor-widget-container\">\n\t\t\t\t\t\t\t\t\t\t\t\t\t<img fetchpriority=\"high\" decoding=\"async\" width=\"768\" height=\"1013\" src=\"https:\/\/avantgroup.az\/wp-content\/uploads\/2024\/09\/Chairman-768x1013-1.jpg\" class=\"attachment-large size-large wp-image-4681\" alt=\"\" srcset=\"https:\/\/avantgroup.az\/wp-content\/uploads\/2024\/09\/Chairman-768x1013-1.jpg 768w, https:\/\/avantgroup.az\/wp-content\/uploads\/2024\/09\/Chairman-768x1013-1-227x300.jpg 227w, https:\/\/avantgroup.az\/wp-content\/uploads\/2024\/09\/Chairman-768x1013-1-9x12.jpg 9w\" sizes=\"(max-width: 768px) 100vw, 768px\" \/>\t\t\t\t\t\t\t\t\t\t\t\t\t<\/div>\n\t\t\t\t<\/div>\n\t\t\t\t<\/div>\n\t\t<div class=\"elementor-element elementor-element-d370fae e-con-full e-flex e-con e-child\" data-id=\"d370fae\" data-element_type=\"container\">\n\t\t\t\t<div class=\"elementor-element elementor-element-08abb76 elementor-widget__width-initial elementor-widget-tablet__width-inherit elementor-widget-mobile__width-inherit elementor-widget elementor-widget-heading\" data-id=\"08abb76\" data-element_type=\"widget\" data-widget_type=\"heading.default\">\n\t\t\t\t<div class=\"elementor-widget-container\">\n\t\t\t<h2 class=\"elementor-heading-title elementor-size-default\">\u0130n\u015faat sah\u0259sind\u0259 geni\u015f t\u0259cr\u00fcb\u0259y\u0259 \u0259saslanaraq art\u0131q bu sah\u0259y\u0259 t\u0259k biznes istiqam\u0259ti olaraq deyil, h\u0259m d\u0259 yeni h\u0259yat v\u0259 d\u00fc\u015f\u00fcnc\u0259 t\u0259rzi kimi bax\u0131r\u0131q. Icra etdiyimiz iri miqyasl\u0131 d\u00f6vl\u0259t v\u0259 \u00f6z\u0259l sifari\u015fli layih\u0259l\u0259rd\u0259 insanlar\u0131n rahat ya\u015famas\u0131, i\u015fl\u0259m\u0259si v\u0259 ya asud\u0259 vaxt\u0131n\u0131 ke\u00e7irm\u0259si \u00fc\u00e7\u00fcn \u00e7oxfunksiyal\u0131 geni\u015f infrastrukturlu m\u0259kanlar\u0131n yarad\u0131lmas\u0131 \u0259sas m\u0259qs\u0259dl\u0259rimizd\u0259ndir. \n\n<\/br>\n<\/br>\n\nYa\u015fay\u0131\u015f kompleksl\u0259rinin in\u015faat\u0131 sah\u0259sind\u0259 strateji h\u0259d\u0259fl\u0259rimizd\u0259n biri \u015f\u0259h\u0259rsalma m\u00fchitin\u0259 r\u0259ng qatacaq m\u00fcasir memarl\u0131q \u00fcslubunda yerin\u0259 yetirilmi\u015f innovativ layih\u0259l\u0259rin t\u0259qdim etm\u0259kdir. Bununla yana\u015f\u0131 kompleksdaxili geni\u015f infrastrukturun yarad\u0131lmas\u0131 v\u0259 d\u00fczg\u00fcn idar\u0259edilm\u0259si sakinl\u0259rimizin sa\u011flam v\u0259 rahat h\u0259yat t\u0259rzin\u0259 xidm\u0259t edir. <\/h2>\t\t<\/div>\n\t\t\t\t<\/div>\n\t\t\t\t<div class=\"elementor-element elementor-element-ef0f06a elementor-widget__width-initial elementor-widget-tablet__width-inherit elementor-widget-mobile__width-inherit elementor-widget elementor-widget-heading\" data-id=\"ef0f06a\" data-element_type=\"widget\" data-widget_type=\"heading.default\">\n\t\t\t\t<div class=\"elementor-widget-container\">\n\t\t\t<h2 class=\"elementor-heading-title elementor-size-default\">\u018fli H\u00fcseynov<\/h2>\t\t<\/div>\n\t\t\t\t<\/div>\n\t\t\t\t<\/div>\n\t\t\t\t\t<\/div>\n\t\t\t\t<\/div>\n\t\t\t\t<\/div>\n\t\t","protected":false},"excerpt":{"rendered":"<p>Ana S\u0259hif\u0259 . Avant Qrup . Direktorlar \u015euras\u0131 S\u0259drinin M\u00fcraci\u0259ti Direktorlar \u015euras\u0131 S\u0259drinin M\u00fcraci\u0259ti \u0130n\u015faat sah\u0259sind\u0259 geni\u015f t\u0259cr\u00fcb\u0259y\u0259 \u0259saslanaraq art\u0131q bu sah\u0259y\u0259 t\u0259k biznes istiqam\u0259ti olaraq deyil, h\u0259m d\u0259 yeni h\u0259yat v\u0259 d\u00fc\u015f\u00fcnc\u0259 t\u0259rzi kimi bax\u0131r\u0131q. Icra etdiyimiz iri miqyasl\u0131 d\u00f6vl\u0259t v\u0259 \u00f6z\u0259l sifari\u015fli layih\u0259l\u0259rd\u0259 insanlar\u0131n rahat ya\u015famas\u0131, i\u015fl\u0259m\u0259si v\u0259 ya asud\u0259 vaxt\u0131n\u0131 ke\u00e7irm\u0259si \u00fc\u00e7\u00fcn [&hellip;]<\/p>\n","protected":false},"author":1,"featured_media":0,"parent":0,"menu_order":22,"comment_status":"closed","ping_status":"closed","template":"elementor_header_footer","meta":{"_acf_changed":false,"footnotes":""},"class_list":["post-2537","page","type-page","status-publish","hentry"],"acf":[],"_links":{"self":[{"href":"https:\/\/avantgroup.az\/az\/wp-json\/wp\/v2\/pages\/2537","targetHints":{"allow":["GET"]}}],"collection":[{"href":"https:\/\/avantgroup.az\/az\/wp-json\/wp\/v2\/pages"}],"about":[{"href":"https:\/\/avantgroup.az\/az\/wp-json\/wp\/v2\/types\/page"}],"author":[{"embeddable":true,"href":"https:\/\/avantgroup.az\/az\/wp-json\/wp\/v2\/users\/1"}],"replies":[{"embeddable":true,"href":"https:\/\/avantgroup.az\/az\/wp-json\/wp\/v2\/comments?post=2537"}],"version-history":[{"count":25,"href":"https:\/\/avantgroup.az\/az\/wp-json\/wp\/v2\/pages\/2537\/revisions"}],"predecessor-version":[{"id":5262,"href":"https:\/\/avantgroup.az\/az\/wp-json\/wp\/v2\/pages\/2537\/revisions\/5262"}],"wp:attachment":[{"href":"https:\/\/avantgroup.az\/az\/wp-json\/wp\/v2\/media?parent=2537"}],"curies":[{"name":"wp","href":"https:\/\/api.w.org\/{rel}","templated":true}]}}