{"id":2527,"date":"2024-07-22T09:36:41","date_gmt":"2024-07-22T09:36:41","guid":{"rendered":"http:\/\/new-avant.avantgroup.az\/?page_id=2527"},"modified":"2024-10-09T11:00:42","modified_gmt":"2024-10-09T11:00:42","slug":"sabah-residence","status":"publish","type":"page","link":"https:\/\/avantgroup.az\/az\/project-single\/sabah-residence\/","title":{"rendered":"Sabah Residence"},"content":{"rendered":"\t\t<div data-elementor-type=\"wp-page\" data-elementor-id=\"2527\" class=\"elementor elementor-2527\" data-elementor-post-type=\"page\">\n\t\t\t\t<div class=\"elementor-element elementor-element-275a071a e-flex e-con-boxed e-con e-child\" data-id=\"275a071a\" data-element_type=\"container\" data-settings=\"{&quot;background_background&quot;:&quot;classic&quot;}\">\n\t\t\t\t\t<div class=\"e-con-inner\">\n\t\t<div class=\"elementor-element elementor-element-58e7e22a e-con-full e-flex e-con e-child\" data-id=\"58e7e22a\" data-element_type=\"container\">\n\t\t\t\t<div class=\"elementor-element elementor-element-297d8c41 elementor-widget__width-initial elementor-widget elementor-widget-heading\" data-id=\"297d8c41\" data-element_type=\"widget\" data-widget_type=\"heading.default\">\n\t\t\t\t<div class=\"elementor-widget-container\">\n\t\t\t<style>\/*! elementor - v3.23.0 - 05-08-2024 *\/\n.elementor-heading-title{padding:0;margin:0;line-height:1}.elementor-widget-heading .elementor-heading-title[class*=elementor-size-]>a{color:inherit;font-size:inherit;line-height:inherit}.elementor-widget-heading .elementor-heading-title.elementor-size-small{font-size:15px}.elementor-widget-heading .elementor-heading-title.elementor-size-medium{font-size:19px}.elementor-widget-heading .elementor-heading-title.elementor-size-large{font-size:29px}.elementor-widget-heading .elementor-heading-title.elementor-size-xl{font-size:39px}.elementor-widget-heading .elementor-heading-title.elementor-size-xxl{font-size:59px}<\/style><h2 class=\"elementor-heading-title elementor-size-default\">Tikinti<\/h2>\t\t<\/div>\n\t\t\t\t<\/div>\n\t\t\t\t<div class=\"elementor-element elementor-element-28e5e3f elementor-widget__width-initial elementor-widget elementor-widget-heading\" data-id=\"28e5e3f\" data-element_type=\"widget\" data-widget_type=\"heading.default\">\n\t\t\t\t<div class=\"elementor-widget-container\">\n\t\t\t<h2 class=\"elementor-heading-title elementor-size-default\"> Premium m\u0259nzill\u0259r<\/h2>\t\t<\/div>\n\t\t\t\t<\/div>\n\t\t\t\t<\/div>\n\t\t\t\t<div class=\"elementor-element elementor-element-251f00bd elementor-widget__width-initial title-banner elementor-widget elementor-widget-heading\" data-id=\"251f00bd\" data-element_type=\"widget\" data-widget_type=\"heading.default\">\n\t\t\t\t<div class=\"elementor-widget-container\">\n\t\t\t<h1 class=\"elementor-heading-title elementor-size-default\">Sabah Residence<\/h1>\t\t<\/div>\n\t\t\t\t<\/div>\n\t\t<div class=\"elementor-element elementor-element-37459ce1 e-con-full e-flex e-con e-child\" data-id=\"37459ce1\" data-element_type=\"container\">\n\t\t\t\t<div class=\"elementor-element elementor-element-757078d3 elementor-widget elementor-widget-heading\" data-id=\"757078d3\" data-element_type=\"widget\" data-widget_type=\"heading.default\">\n\t\t\t\t<div class=\"elementor-widget-container\">\n\t\t\t<h2 class=\"elementor-heading-title elementor-size-default\">2022<\/h2>\t\t<\/div>\n\t\t\t\t<\/div>\n\t\t\t\t<div class=\"elementor-element elementor-element-6b7fd633 elementor-widget elementor-widget-heading\" data-id=\"6b7fd633\" data-element_type=\"widget\" data-widget_type=\"heading.default\">\n\t\t\t\t<div class=\"elementor-widget-container\">\n\t\t\t<h2 class=\"elementor-heading-title elementor-size-default\">.<\/h2>\t\t<\/div>\n\t\t\t\t<\/div>\n\t\t\t\t<div class=\"elementor-element elementor-element-4e861d89 elementor-widget elementor-widget-heading\" data-id=\"4e861d89\" data-element_type=\"widget\" data-widget_type=\"heading.default\">\n\t\t\t\t<div class=\"elementor-widget-container\">\n\t\t\t<h2 class=\"elementor-heading-title elementor-size-default\">Bak\u0131<\/h2>\t\t<\/div>\n\t\t\t\t<\/div>\n\t\t\t\t<div class=\"elementor-element elementor-element-6fb51bb5 elementor-widget elementor-widget-heading\" data-id=\"6fb51bb5\" data-element_type=\"widget\" data-widget_type=\"heading.default\">\n\t\t\t\t<div class=\"elementor-widget-container\">\n\t\t\t<h2 class=\"elementor-heading-title elementor-size-default\">.<\/h2>\t\t<\/div>\n\t\t\t\t<\/div>\n\t\t\t\t<div class=\"elementor-element elementor-element-778e2950 elementor-widget elementor-widget-heading\" data-id=\"778e2950\" data-element_type=\"widget\" data-widget_type=\"heading.default\">\n\t\t\t\t<div class=\"elementor-widget-container\">\n\t\t\t<h2 class=\"elementor-heading-title elementor-size-default\">6 800 m<sup>2<\/sup><\/h2>\t\t<\/div>\n\t\t\t\t<\/div>\n\t\t\t\t<div class=\"elementor-element elementor-element-51669f8e elementor-widget elementor-widget-heading\" data-id=\"51669f8e\" data-element_type=\"widget\" data-widget_type=\"heading.default\">\n\t\t\t\t<div class=\"elementor-widget-container\">\n\t\t\t<h2 class=\"elementor-heading-title elementor-size-default\">.<\/h2>\t\t<\/div>\n\t\t\t\t<\/div>\n\t\t\t\t<div class=\"elementor-element elementor-element-dd07faf elementor-widget elementor-widget-heading\" data-id=\"dd07faf\" data-element_type=\"widget\" data-widget_type=\"heading.default\">\n\t\t\t\t<div class=\"elementor-widget-container\">\n\t\t\t<h2 class=\"elementor-heading-title elementor-size-default\">Ya\u015fay\u0131\u015f Kompleksl\u0259ri<\/h2>\t\t<\/div>\n\t\t\t\t<\/div>\n\t\t\t\t<\/div>\n\t\t\t\t\t<\/div>\n\t\t\t\t<\/div>\n\t\t<div class=\"elementor-element elementor-element-d6e3393 e-flex e-con-boxed e-con e-child\" data-id=\"d6e3393\" data-element_type=\"container\" data-settings=\"{&quot;background_background&quot;:&quot;classic&quot;}\">\n\t\t\t\t\t<div class=\"e-con-inner\">\n\t\t<div class=\"elementor-element elementor-element-f211dff e-con-full e-flex e-con e-child\" data-id=\"f211dff\" data-element_type=\"container\">\n\t\t\t\t<div class=\"elementor-element elementor-element-8ae82f5 title-level-1 elementor-widget elementor-widget-heading\" data-id=\"8ae82f5\" data-element_type=\"widget\" data-widget_type=\"heading.default\">\n\t\t\t\t<div class=\"elementor-widget-container\">\n\t\t\t<h1 class=\"elementor-heading-title elementor-size-default\">Fiber Betonla Fasad\u0131n Renovasiyas\u0131<\/h1>\t\t<\/div>\n\t\t\t\t<\/div>\n\t\t\t\t<\/div>\n\t\t<div class=\"elementor-element elementor-element-5a28324 e-con-full e-flex e-con e-child\" data-id=\"5a28324\" data-element_type=\"container\">\n\t\t<div class=\"elementor-element elementor-element-123d0d8 e-con-full project-description e-flex e-con e-child\" data-id=\"123d0d8\" data-element_type=\"container\">\n\t\t\t\t<div class=\"elementor-element elementor-element-93a08fb title-level-5 elementor-widget elementor-widget-heading\" data-id=\"93a08fb\" data-element_type=\"widget\" data-widget_type=\"heading.default\">\n\t\t\t\t<div class=\"elementor-widget-container\">\n\t\t\t<style>\/*! elementor - v3.23.0 - 05-08-2024 *\/\n.elementor-heading-title{padding:0;margin:0;line-height:1}.elementor-widget-heading .elementor-heading-title[class*=elementor-size-]>a{color:inherit;font-size:inherit;line-height:inherit}.elementor-widget-heading .elementor-heading-title.elementor-size-small{font-size:15px}.elementor-widget-heading .elementor-heading-title.elementor-size-medium{font-size:19px}.elementor-widget-heading .elementor-heading-title.elementor-size-large{font-size:29px}.elementor-widget-heading .elementor-heading-title.elementor-size-xl{font-size:39px}.elementor-widget-heading .elementor-heading-title.elementor-size-xxl{font-size:59px}<\/style><h5 class=\"elementor-heading-title elementor-size-default\">Layih\u0259 Haqq\u0131nda<\/h5>\t\t<\/div>\n\t\t\t\t<\/div>\n\t\t\t\t<div class=\"elementor-element elementor-element-4c43899 elementor-widget elementor-widget-heading\" data-id=\"4c43899\" data-element_type=\"widget\" data-widget_type=\"heading.default\">\n\t\t\t\t<div class=\"elementor-widget-container\">\n\t\t\t<h2 class=\"elementor-heading-title elementor-size-default\">L\u00fcks ya\u015fay\u0131\u015f kompleksi olan Sabah Residence-in eksteryer renovasiyas\u0131 Avant Group t\u0259r\u0259find\u0259n icra olunmu\u015fdur. Y\u00fcks\u0259k davaml\u0131l\u0131\u011f\u0131 il\u0259 f\u0259rql\u0259n\u0259n m\u00fcasir fasad h\u0259ll\u0259ri ya\u015fay\u0131\u015f kompleksinin g\u00f6r\u00fcn\u00fc\u015f\u00fcn\u00fc tamamlay\u0131r, h\u0259m\u00e7inin sakinl\u0259rin t\u0259hl\u00fck\u0259sizliyini t\u0259min edir. \r\n\r\nLayih\u0259y\u0259 2020-ci ilin fevral ay\u0131nda ba\u015flad\u0131q v\u0259 2022-ci ilin may ay\u0131nda t\u0259hvil verdik.\r\n<\/h2>\t\t<\/div>\n\t\t\t\t<\/div>\n\t\t\t\t<\/div>\n\t\t<div class=\"elementor-element elementor-element-f21c745 e-con-full e-flex e-con e-child\" data-id=\"f21c745\" data-element_type=\"container\">\n\t\t\t\t<div class=\"elementor-element elementor-element-9ba5ce4 title-level-5 elementor-widget elementor-widget-heading\" data-id=\"9ba5ce4\" data-element_type=\"widget\" data-widget_type=\"heading.default\">\n\t\t\t\t<div class=\"elementor-widget-container\">\n\t\t\t<h5 class=\"elementor-heading-title elementor-size-default\">Etdikl\u0259rimiz<\/h5>\t\t<\/div>\n\t\t\t\t<\/div>\n\t\t\t\t<div class=\"elementor-element elementor-element-3a3efca elementor-widget elementor-widget-heading\" data-id=\"3a3efca\" data-element_type=\"widget\" data-widget_type=\"heading.default\">\n\t\t\t\t<div class=\"elementor-widget-container\">\n\t\t\t<h2 class=\"elementor-heading-title elementor-size-default\">T\u0259mir-tikinti i\u015fl\u0259ri\r\n<\/h2>\t\t<\/div>\n\t\t\t\t<\/div>\n\t\t\t\t<\/div>\n\t\t\t\t<\/div>\n\t\t\t\t\t<\/div>\n\t\t\t\t<\/div>\n\t\t<div class=\"elementor-element elementor-element-3cdeb8ba e-con-full e-flex e-con e-parent\" data-id=\"3cdeb8ba\" data-element_type=\"container\">\n\t\t\t\t<div class=\"elementor-element elementor-element-3ad5cb38 project-gallery elementor-widget elementor-widget-image-carousel\" data-id=\"3ad5cb38\" data-element_type=\"widget\" data-settings=\"{&quot;slides_to_show&quot;:&quot;3&quot;,&quot;slides_to_show_mobile&quot;:&quot;2&quot;,&quot;slides_to_scroll&quot;:&quot;1&quot;,&quot;navigation&quot;:&quot;none&quot;,&quot;autoplay_speed&quot;:30000,&quot;speed&quot;:1000,&quot;image_spacing_custom&quot;:{&quot;unit&quot;:&quot;px&quot;,&quot;size&quot;:60,&quot;sizes&quot;:[]},&quot;image_spacing_custom_tablet&quot;:{&quot;unit&quot;:&quot;rem&quot;,&quot;size&quot;:&quot;&quot;,&quot;sizes&quot;:[]},&quot;image_spacing_custom_mobile&quot;:{&quot;unit&quot;:&quot;rem&quot;,&quot;size&quot;:&quot;&quot;,&quot;sizes&quot;:[]},&quot;autoplay&quot;:&quot;yes&quot;,&quot;pause_on_hover&quot;:&quot;yes&quot;,&quot;pause_on_interaction&quot;:&quot;yes&quot;,&quot;infinite&quot;:&quot;yes&quot;}\" data-widget_type=\"image-carousel.default\">\n\t\t\t\t<div class=\"elementor-widget-container\">\n\t\t\t<style>\/*! elementor - v3.23.0 - 05-08-2024 *\/\n.elementor-widget-image-carousel .swiper,.elementor-widget-image-carousel .swiper-container{position:static}.elementor-widget-image-carousel .swiper-container .swiper-slide figure,.elementor-widget-image-carousel .swiper .swiper-slide figure{line-height:inherit}.elementor-widget-image-carousel .swiper-slide{text-align:center}.elementor-image-carousel-wrapper:not(.swiper-container-initialized):not(.swiper-initialized) .swiper-slide{max-width:calc(100% \/ var(--e-image-carousel-slides-to-show, 3))}<\/style>\t\t<div class=\"elementor-image-carousel-wrapper swiper\" dir=\"ltr\">\n\t\t\t<div class=\"elementor-image-carousel swiper-wrapper\" aria-live=\"off\">\n\t\t\t\t\t\t\t\t<div class=\"swiper-slide\" role=\"group\" aria-roledescription=\"slide\" aria-label=\"1 of 7\"><a data-elementor-open-lightbox=\"yes\" data-elementor-lightbox-slideshow=\"3ad5cb38\" data-elementor-lightbox-title=\"IMG_1216 (2)\" data-e-action-hash=\"#elementor-action%3Aaction%3Dlightbox%26settings%3DeyJpZCI6NDg2MiwidXJsIjoiaHR0cHM6XC9cL2F2YW50Z3JvdXAuYXpcL3dwLWNvbnRlbnRcL3VwbG9hZHNcLzIwMjRcLzA5XC9JTUdfMTIxNi0yLXNjYWxlZC5qcGciLCJzbGlkZXNob3ciOiIzYWQ1Y2IzOCJ9\" href=\"https:\/\/avantgroup.az\/wp-content\/uploads\/2024\/09\/IMG_1216-2-scaled.jpg\"><figure class=\"swiper-slide-inner\"><img decoding=\"async\" class=\"swiper-slide-image\" src=\"https:\/\/avantgroup.az\/wp-content\/uploads\/2024\/09\/IMG_1216-2-scaled.jpg\" alt=\"IMG_1216 (2)\" \/><\/figure><\/a><\/div><div class=\"swiper-slide\" role=\"group\" aria-roledescription=\"slide\" aria-label=\"2 of 7\"><a data-elementor-open-lightbox=\"yes\" data-elementor-lightbox-slideshow=\"3ad5cb38\" data-elementor-lightbox-title=\"IMG_1218 (2)\" data-e-action-hash=\"#elementor-action%3Aaction%3Dlightbox%26settings%3DeyJpZCI6NDg2MywidXJsIjoiaHR0cHM6XC9cL2F2YW50Z3JvdXAuYXpcL3dwLWNvbnRlbnRcL3VwbG9hZHNcLzIwMjRcLzA5XC9JTUdfMTIxOC0yLXNjYWxlZC5qcGciLCJzbGlkZXNob3ciOiIzYWQ1Y2IzOCJ9\" href=\"https:\/\/avantgroup.az\/wp-content\/uploads\/2024\/09\/IMG_1218-2-scaled.jpg\"><figure class=\"swiper-slide-inner\"><img decoding=\"async\" class=\"swiper-slide-image\" src=\"https:\/\/avantgroup.az\/wp-content\/uploads\/2024\/09\/IMG_1218-2-scaled.jpg\" alt=\"IMG_1218 (2)\" \/><\/figure><\/a><\/div><div class=\"swiper-slide\" role=\"group\" aria-roledescription=\"slide\" aria-label=\"3 of 7\"><a data-elementor-open-lightbox=\"yes\" data-elementor-lightbox-slideshow=\"3ad5cb38\" data-elementor-lightbox-title=\"IMG_1219 (2)\" data-e-action-hash=\"#elementor-action%3Aaction%3Dlightbox%26settings%3DeyJpZCI6NDg2NCwidXJsIjoiaHR0cHM6XC9cL2F2YW50Z3JvdXAuYXpcL3dwLWNvbnRlbnRcL3VwbG9hZHNcLzIwMjRcLzA5XC9JTUdfMTIxOS0yLXNjYWxlZC5qcGciLCJzbGlkZXNob3ciOiIzYWQ1Y2IzOCJ9\" href=\"https:\/\/avantgroup.az\/wp-content\/uploads\/2024\/09\/IMG_1219-2-scaled.jpg\"><figure class=\"swiper-slide-inner\"><img decoding=\"async\" class=\"swiper-slide-image\" src=\"https:\/\/avantgroup.az\/wp-content\/uploads\/2024\/09\/IMG_1219-2-scaled.jpg\" alt=\"IMG_1219 (2)\" \/><\/figure><\/a><\/div><div class=\"swiper-slide\" role=\"group\" aria-roledescription=\"slide\" aria-label=\"4 of 7\"><a data-elementor-open-lightbox=\"yes\" data-elementor-lightbox-slideshow=\"3ad5cb38\" data-elementor-lightbox-title=\"Sabah Residance MN - (4)\" data-e-action-hash=\"#elementor-action%3Aaction%3Dlightbox%26settings%3DeyJpZCI6NDg2NSwidXJsIjoiaHR0cHM6XC9cL2F2YW50Z3JvdXAuYXpcL3dwLWNvbnRlbnRcL3VwbG9hZHNcLzIwMjRcLzA5XC9TYWJhaC1SZXNpZGFuY2UtTU4tNC5qcGVnIiwic2xpZGVzaG93IjoiM2FkNWNiMzgifQ%3D%3D\" href=\"https:\/\/avantgroup.az\/wp-content\/uploads\/2024\/09\/Sabah-Residance-MN-4.jpeg\"><figure class=\"swiper-slide-inner\"><img decoding=\"async\" class=\"swiper-slide-image\" src=\"https:\/\/avantgroup.az\/wp-content\/uploads\/2024\/09\/Sabah-Residance-MN-4.jpeg\" alt=\"Sabah Residance MN - (4)\" \/><\/figure><\/a><\/div><div class=\"swiper-slide\" role=\"group\" aria-roledescription=\"slide\" aria-label=\"5 of 7\"><a data-elementor-open-lightbox=\"yes\" data-elementor-lightbox-slideshow=\"3ad5cb38\" data-elementor-lightbox-title=\"Sabah Residance MN - (5)\" data-e-action-hash=\"#elementor-action%3Aaction%3Dlightbox%26settings%3DeyJpZCI6NDg2NiwidXJsIjoiaHR0cHM6XC9cL2F2YW50Z3JvdXAuYXpcL3dwLWNvbnRlbnRcL3VwbG9hZHNcLzIwMjRcLzA5XC9TYWJhaC1SZXNpZGFuY2UtTU4tNS5qcGVnIiwic2xpZGVzaG93IjoiM2FkNWNiMzgifQ%3D%3D\" href=\"https:\/\/avantgroup.az\/wp-content\/uploads\/2024\/09\/Sabah-Residance-MN-5.jpeg\"><figure class=\"swiper-slide-inner\"><img decoding=\"async\" class=\"swiper-slide-image\" src=\"https:\/\/avantgroup.az\/wp-content\/uploads\/2024\/09\/Sabah-Residance-MN-5.jpeg\" alt=\"Sabah Residance MN - (5)\" \/><\/figure><\/a><\/div><div class=\"swiper-slide\" role=\"group\" aria-roledescription=\"slide\" aria-label=\"6 of 7\"><a data-elementor-open-lightbox=\"yes\" data-elementor-lightbox-slideshow=\"3ad5cb38\" data-elementor-lightbox-title=\"Sabah Residance MN - (9)\" data-e-action-hash=\"#elementor-action%3Aaction%3Dlightbox%26settings%3DeyJpZCI6NDg2NywidXJsIjoiaHR0cHM6XC9cL2F2YW50Z3JvdXAuYXpcL3dwLWNvbnRlbnRcL3VwbG9hZHNcLzIwMjRcLzA5XC9TYWJhaC1SZXNpZGFuY2UtTU4tOS0xLmpwZWciLCJzbGlkZXNob3ciOiIzYWQ1Y2IzOCJ9\" href=\"https:\/\/avantgroup.az\/wp-content\/uploads\/2024\/09\/Sabah-Residance-MN-9-1.jpeg\"><figure class=\"swiper-slide-inner\"><img decoding=\"async\" class=\"swiper-slide-image\" src=\"https:\/\/avantgroup.az\/wp-content\/uploads\/2024\/09\/Sabah-Residance-MN-9-1.jpeg\" alt=\"Sabah Residance MN - (9)\" \/><\/figure><\/a><\/div><div class=\"swiper-slide\" role=\"group\" aria-roledescription=\"slide\" aria-label=\"7 of 7\"><a data-elementor-open-lightbox=\"yes\" data-elementor-lightbox-slideshow=\"3ad5cb38\" data-elementor-lightbox-title=\"Sabah Residance MN - (12)\" data-e-action-hash=\"#elementor-action%3Aaction%3Dlightbox%26settings%3DeyJpZCI6NDg2OCwidXJsIjoiaHR0cHM6XC9cL2F2YW50Z3JvdXAuYXpcL3dwLWNvbnRlbnRcL3VwbG9hZHNcLzIwMjRcLzA5XC9TYWJhaC1SZXNpZGFuY2UtTU4tMTIuanBlZyIsInNsaWRlc2hvdyI6IjNhZDVjYjM4In0%3D\" href=\"https:\/\/avantgroup.az\/wp-content\/uploads\/2024\/09\/Sabah-Residance-MN-12.jpeg\"><figure class=\"swiper-slide-inner\"><img decoding=\"async\" class=\"swiper-slide-image\" src=\"https:\/\/avantgroup.az\/wp-content\/uploads\/2024\/09\/Sabah-Residance-MN-12.jpeg\" alt=\"Sabah Residance MN - (12)\" \/><\/figure><\/a><\/div>\t\t\t<\/div>\n\t\t\t\t\t\t\t\n\t\t\t\t\t\t\t\t\t<\/div>\n\t\t\t\t<\/div>\n\t\t\t\t<\/div>\n\t\t\t\t<\/div>\n\t\t\t\t<\/div>\n\t\t","protected":false},"excerpt":{"rendered":"<p>. . . Layih\u0259 Haqq\u0131nda Etdikl\u0259rimiz<\/p>\n","protected":false},"author":1,"featured_media":4860,"parent":3171,"menu_order":44,"comment_status":"closed","ping_status":"closed","template":"elementor_header_footer","meta":{"_acf_changed":false,"footnotes":""},"class_list":["post-2527","page","type-page","status-publish","has-post-thumbnail","hentry"],"acf":[],"_links":{"self":[{"href":"https:\/\/avantgroup.az\/az\/wp-json\/wp\/v2\/pages\/2527","targetHints":{"allow":["GET"]}}],"collection":[{"href":"https:\/\/avantgroup.az\/az\/wp-json\/wp\/v2\/pages"}],"about":[{"href":"https:\/\/avantgroup.az\/az\/wp-json\/wp\/v2\/types\/page"}],"author":[{"embeddable":true,"href":"https:\/\/avantgroup.az\/az\/wp-json\/wp\/v2\/users\/1"}],"replies":[{"embeddable":true,"href":"https:\/\/avantgroup.az\/az\/wp-json\/wp\/v2\/comments?post=2527"}],"version-history":[{"count":27,"href":"https:\/\/avantgroup.az\/az\/wp-json\/wp\/v2\/pages\/2527\/revisions"}],"predecessor-version":[{"id":5335,"href":"https:\/\/avantgroup.az\/az\/wp-json\/wp\/v2\/pages\/2527\/revisions\/5335"}],"up":[{"embeddable":true,"href":"https:\/\/avantgroup.az\/az\/wp-json\/wp\/v2\/pages\/3171"}],"wp:featuredmedia":[{"embeddable":true,"href":"https:\/\/avantgroup.az\/az\/wp-json\/wp\/v2\/media\/4860"}],"wp:attachment":[{"href":"https:\/\/avantgroup.az\/az\/wp-json\/wp\/v2\/media?parent=2527"}],"curies":[{"name":"wp","href":"https:\/\/api.w.org\/{rel}","templated":true}]}}