{"id":2521,"date":"2024-10-02T04:00:03","date_gmt":"2024-10-02T04:00:03","guid":{"rendered":"http:\/\/new-avant.avantgroup.az\/?page_id=2521"},"modified":"2024-10-09T10:57:03","modified_gmt":"2024-10-09T10:57:03","slug":"avant-park","status":"publish","type":"page","link":"https:\/\/avantgroup.az\/az\/project-single\/avant-park\/","title":{"rendered":"Avant Park"},"content":{"rendered":"\t\t<div data-elementor-type=\"wp-page\" data-elementor-id=\"2521\" class=\"elementor elementor-2521\" data-elementor-post-type=\"page\">\n\t\t\t\t<div class=\"elementor-element elementor-element-5d41c34c e-flex e-con-boxed e-con e-child\" data-id=\"5d41c34c\" data-element_type=\"container\" data-settings=\"{&quot;background_background&quot;:&quot;classic&quot;}\">\n\t\t\t\t\t<div class=\"e-con-inner\">\n\t\t<div class=\"elementor-element elementor-element-12df8c77 e-con-full e-flex e-con e-child\" data-id=\"12df8c77\" data-element_type=\"container\">\n\t\t\t\t<div class=\"elementor-element elementor-element-19d83e27 elementor-widget__width-initial elementor-widget elementor-widget-heading\" data-id=\"19d83e27\" data-element_type=\"widget\" data-widget_type=\"heading.default\">\n\t\t\t\t<div class=\"elementor-widget-container\">\n\t\t\t<style>\/*! elementor - v3.23.0 - 05-08-2024 *\/\n.elementor-heading-title{padding:0;margin:0;line-height:1}.elementor-widget-heading .elementor-heading-title[class*=elementor-size-]>a{color:inherit;font-size:inherit;line-height:inherit}.elementor-widget-heading .elementor-heading-title.elementor-size-small{font-size:15px}.elementor-widget-heading .elementor-heading-title.elementor-size-medium{font-size:19px}.elementor-widget-heading .elementor-heading-title.elementor-size-large{font-size:29px}.elementor-widget-heading .elementor-heading-title.elementor-size-xl{font-size:39px}.elementor-widget-heading .elementor-heading-title.elementor-size-xxl{font-size:59px}<\/style><h2 class=\"elementor-heading-title elementor-size-default\">Tikinti<\/h2>\t\t<\/div>\n\t\t\t\t<\/div>\n\t\t\t\t<div class=\"elementor-element elementor-element-258d32cc elementor-widget__width-initial elementor-widget elementor-widget-heading\" data-id=\"258d32cc\" data-element_type=\"widget\" data-widget_type=\"heading.default\">\n\t\t\t\t<div class=\"elementor-widget-container\">\n\t\t\t<h2 class=\"elementor-heading-title elementor-size-default\">Premium m\u0259nzill\u0259r<\/h2>\t\t<\/div>\n\t\t\t\t<\/div>\n\t\t\t\t<\/div>\n\t\t\t\t<div class=\"elementor-element elementor-element-12cd0691 elementor-widget__width-initial title-banner elementor-widget elementor-widget-heading\" data-id=\"12cd0691\" data-element_type=\"widget\" data-widget_type=\"heading.default\">\n\t\t\t\t<div class=\"elementor-widget-container\">\n\t\t\t<h1 class=\"elementor-heading-title elementor-size-default\">Avant Park<\/h1>\t\t<\/div>\n\t\t\t\t<\/div>\n\t\t<div class=\"elementor-element elementor-element-2741fbe1 e-con-full e-flex e-con e-child\" data-id=\"2741fbe1\" data-element_type=\"container\">\n\t\t\t\t<div class=\"elementor-element elementor-element-3ccf114e elementor-widget elementor-widget-heading\" data-id=\"3ccf114e\" data-element_type=\"widget\" data-widget_type=\"heading.default\">\n\t\t\t\t<div class=\"elementor-widget-container\">\n\t\t\t<h2 class=\"elementor-heading-title elementor-size-default\">2024<\/h2>\t\t<\/div>\n\t\t\t\t<\/div>\n\t\t\t\t<div class=\"elementor-element elementor-element-4d414afa elementor-widget elementor-widget-heading\" data-id=\"4d414afa\" data-element_type=\"widget\" data-widget_type=\"heading.default\">\n\t\t\t\t<div class=\"elementor-widget-container\">\n\t\t\t<h2 class=\"elementor-heading-title elementor-size-default\">.<\/h2>\t\t<\/div>\n\t\t\t\t<\/div>\n\t\t\t\t<div class=\"elementor-element elementor-element-45e06efd elementor-widget elementor-widget-heading\" data-id=\"45e06efd\" data-element_type=\"widget\" data-widget_type=\"heading.default\">\n\t\t\t\t<div class=\"elementor-widget-container\">\n\t\t\t<h2 class=\"elementor-heading-title elementor-size-default\">Bak\u0131<\/h2>\t\t<\/div>\n\t\t\t\t<\/div>\n\t\t\t\t<div class=\"elementor-element elementor-element-4f176b37 elementor-widget elementor-widget-heading\" data-id=\"4f176b37\" data-element_type=\"widget\" data-widget_type=\"heading.default\">\n\t\t\t\t<div class=\"elementor-widget-container\">\n\t\t\t<h2 class=\"elementor-heading-title elementor-size-default\">.<\/h2>\t\t<\/div>\n\t\t\t\t<\/div>\n\t\t\t\t<div class=\"elementor-element elementor-element-2230ddf9 elementor-widget elementor-widget-heading\" data-id=\"2230ddf9\" data-element_type=\"widget\" data-widget_type=\"heading.default\">\n\t\t\t\t<div class=\"elementor-widget-container\">\n\t\t\t<h2 class=\"elementor-heading-title elementor-size-default\">147 640 m<sup>2<\/sup><\/h2>\t\t<\/div>\n\t\t\t\t<\/div>\n\t\t\t\t<div class=\"elementor-element elementor-element-3b7956a9 elementor-widget elementor-widget-heading\" data-id=\"3b7956a9\" data-element_type=\"widget\" data-widget_type=\"heading.default\">\n\t\t\t\t<div class=\"elementor-widget-container\">\n\t\t\t<h2 class=\"elementor-heading-title elementor-size-default\">.<\/h2>\t\t<\/div>\n\t\t\t\t<\/div>\n\t\t\t\t<div class=\"elementor-element elementor-element-5bc79e66 elementor-widget elementor-widget-heading\" data-id=\"5bc79e66\" data-element_type=\"widget\" data-widget_type=\"heading.default\">\n\t\t\t\t<div class=\"elementor-widget-container\">\n\t\t\t<h2 class=\"elementor-heading-title elementor-size-default\">Ya\u015fay\u0131\u015f Kompleksl\u0259ri<\/h2>\t\t<\/div>\n\t\t\t\t<\/div>\n\t\t\t\t<\/div>\n\t\t\t\t\t<\/div>\n\t\t\t\t<\/div>\n\t\t<div class=\"elementor-element elementor-element-5982a50 e-flex e-con-boxed e-con e-child\" data-id=\"5982a50\" data-element_type=\"container\" data-settings=\"{&quot;background_background&quot;:&quot;classic&quot;}\">\n\t\t\t\t\t<div class=\"e-con-inner\">\n\t\t<div class=\"elementor-element elementor-element-67ea5fe e-con-full e-flex e-con e-child\" data-id=\"67ea5fe\" data-element_type=\"container\">\n\t\t\t\t<div class=\"elementor-element elementor-element-e67f37b title-level-1 elementor-widget elementor-widget-heading\" data-id=\"e67f37b\" data-element_type=\"widget\" data-widget_type=\"heading.default\">\n\t\t\t\t<div class=\"elementor-widget-container\">\n\t\t\t<h1 class=\"elementor-heading-title elementor-size-default\">Tikinti, T\u0259mir v\u0259 Da\u015f\u0131nmaz \u018fmlak \u0130dar\u0259etm\u0259si<\/h1>\t\t<\/div>\n\t\t\t\t<\/div>\n\t\t\t\t<\/div>\n\t\t<div class=\"elementor-element elementor-element-e74da8c e-con-full e-flex e-con e-child\" data-id=\"e74da8c\" data-element_type=\"container\">\n\t\t<div class=\"elementor-element elementor-element-c85d8f9 e-con-full project-description e-flex e-con e-child\" data-id=\"c85d8f9\" data-element_type=\"container\">\n\t\t\t\t<div class=\"elementor-element elementor-element-1b0de86 title-level-5 elementor-widget elementor-widget-heading\" data-id=\"1b0de86\" data-element_type=\"widget\" data-widget_type=\"heading.default\">\n\t\t\t\t<div class=\"elementor-widget-container\">\n\t\t\t<style>\/*! elementor - v3.23.0 - 05-08-2024 *\/\n.elementor-heading-title{padding:0;margin:0;line-height:1}.elementor-widget-heading .elementor-heading-title[class*=elementor-size-]>a{color:inherit;font-size:inherit;line-height:inherit}.elementor-widget-heading .elementor-heading-title.elementor-size-small{font-size:15px}.elementor-widget-heading .elementor-heading-title.elementor-size-medium{font-size:19px}.elementor-widget-heading .elementor-heading-title.elementor-size-large{font-size:29px}.elementor-widget-heading .elementor-heading-title.elementor-size-xl{font-size:39px}.elementor-widget-heading .elementor-heading-title.elementor-size-xxl{font-size:59px}<\/style><h5 class=\"elementor-heading-title elementor-size-default\">Layih\u0259 Haqq\u0131nda<\/h5>\t\t<\/div>\n\t\t\t\t<\/div>\n\t\t\t\t<div class=\"elementor-element elementor-element-9ab8ae9 elementor-widget elementor-widget-heading\" data-id=\"9ab8ae9\" data-element_type=\"widget\" data-widget_type=\"heading.default\">\n\t\t\t\t<div class=\"elementor-widget-container\">\n\t\t\t<h2 class=\"elementor-heading-title elementor-size-default\">Avant Group layih\u0259sinin m\u0259qs\u0259di m\u00fcasir memarl\u0131q \u00fcslubunda sa\u011flam h\u0259yat prinsipin\u0259 \u0259saslanan ya\u015fay\u0131\u015f kompleksinin in\u015fas\u0131d\u0131r. Sakinl\u0259r\u0259 tam rahat ya\u015fam t\u0259min etm\u0259k \u00fc\u00e7\u00fcn kompleksd\u0259 \u00fczg\u00fc\u00e7\u00fcl\u00fck hovuzu, SPA v\u0259 fitness zallar\u0131, u\u015faq ba\u011f\u00e7as\u0131 v\u0259 oyun meydan\u00e7alar\u0131 da m\u00f6vcuddur. Avant Park 4 hektar \u0259razid\u0259, 25 000 m2 ya\u015f\u0131ll\u0131q v\u0259 a\u00e7\u0131q \u0259razid\u0259n v\u0259 1 000 m\u0259nzild\u0259n ibar\u0259tdir.\r\n\r\nLayih\u0259y\u0259 2022-cu ilin oktyabr ay\u0131nda ba\u015flad\u0131q v\u0259 2024-c\u00fc ilin oktyabr ay\u0131nda t\u0259hvil ver\u0259c\u0259yik.\r\n<\/h2>\t\t<\/div>\n\t\t\t\t<\/div>\n\t\t\t\t<\/div>\n\t\t<div class=\"elementor-element elementor-element-b6c56a6 e-con-full e-flex e-con e-child\" data-id=\"b6c56a6\" data-element_type=\"container\">\n\t\t\t\t<div class=\"elementor-element elementor-element-67fa489 title-level-5 elementor-widget elementor-widget-heading\" data-id=\"67fa489\" data-element_type=\"widget\" data-widget_type=\"heading.default\">\n\t\t\t\t<div class=\"elementor-widget-container\">\n\t\t\t<h5 class=\"elementor-heading-title elementor-size-default\">Etdikl\u0259rimiz<\/h5>\t\t<\/div>\n\t\t\t\t<\/div>\n\t\t\t\t<div class=\"elementor-element elementor-element-993d6a9 elementor-widget elementor-widget-heading\" data-id=\"993d6a9\" data-element_type=\"widget\" data-widget_type=\"heading.default\">\n\t\t\t\t<div class=\"elementor-widget-container\">\n\t\t\t<h2 class=\"elementor-heading-title elementor-size-default\">Avant Park 4 hektar \u0259razid\u0259, 25 000 m2 ya\u015f\u0131ll\u0131q v\u0259 a\u00e7\u0131q \u0259razid\u0259n v\u0259 1 000 m\u0259nzild\u0259n ibar\u0259tdir v\u0259 bu layih\u0259d\u0259 biz tikinti, t\u0259mir v\u0259 da\u015f\u0131nmaz \u0259mlak idar\u0259 edilm\u0259si i\u015fl\u0259rini realla\u015fd\u0131r\u0131r\u0131q.\r\n<\/h2>\t\t<\/div>\n\t\t\t\t<\/div>\n\t\t\t\t<\/div>\n\t\t\t\t<\/div>\n\t\t\t\t\t<\/div>\n\t\t\t\t<\/div>\n\t\t<div class=\"elementor-element elementor-element-3b47758a e-con-full e-flex e-con e-parent\" data-id=\"3b47758a\" data-element_type=\"container\">\n\t\t\t\t<div class=\"elementor-element elementor-element-5436c377 project-gallery elementor-widget elementor-widget-image-carousel\" data-id=\"5436c377\" data-element_type=\"widget\" data-settings=\"{&quot;slides_to_show&quot;:&quot;3&quot;,&quot;slides_to_show_mobile&quot;:&quot;2&quot;,&quot;slides_to_scroll&quot;:&quot;1&quot;,&quot;navigation&quot;:&quot;none&quot;,&quot;autoplay_speed&quot;:30000,&quot;speed&quot;:1000,&quot;image_spacing_custom&quot;:{&quot;unit&quot;:&quot;px&quot;,&quot;size&quot;:60,&quot;sizes&quot;:[]},&quot;image_spacing_custom_tablet&quot;:{&quot;unit&quot;:&quot;rem&quot;,&quot;size&quot;:&quot;&quot;,&quot;sizes&quot;:[]},&quot;image_spacing_custom_mobile&quot;:{&quot;unit&quot;:&quot;rem&quot;,&quot;size&quot;:&quot;&quot;,&quot;sizes&quot;:[]},&quot;autoplay&quot;:&quot;yes&quot;,&quot;pause_on_hover&quot;:&quot;yes&quot;,&quot;pause_on_interaction&quot;:&quot;yes&quot;,&quot;infinite&quot;:&quot;yes&quot;}\" data-widget_type=\"image-carousel.default\">\n\t\t\t\t<div class=\"elementor-widget-container\">\n\t\t\t<style>\/*! elementor - v3.23.0 - 05-08-2024 *\/\n.elementor-widget-image-carousel .swiper,.elementor-widget-image-carousel .swiper-container{position:static}.elementor-widget-image-carousel .swiper-container .swiper-slide figure,.elementor-widget-image-carousel .swiper .swiper-slide figure{line-height:inherit}.elementor-widget-image-carousel .swiper-slide{text-align:center}.elementor-image-carousel-wrapper:not(.swiper-container-initialized):not(.swiper-initialized) .swiper-slide{max-width:calc(100% \/ var(--e-image-carousel-slides-to-show, 3))}<\/style>\t\t<div class=\"elementor-image-carousel-wrapper swiper\" dir=\"ltr\">\n\t\t\t<div class=\"elementor-image-carousel swiper-wrapper\" aria-live=\"off\">\n\t\t\t\t\t\t\t\t<div class=\"swiper-slide\" role=\"group\" aria-roledescription=\"slide\" aria-label=\"1 of 9\"><a data-elementor-open-lightbox=\"yes\" data-elementor-lightbox-slideshow=\"5436c377\" data-elementor-lightbox-title=\"1 (2)\" data-e-action-hash=\"#elementor-action%3Aaction%3Dlightbox%26settings%3DeyJpZCI6NDQ1MywidXJsIjoiaHR0cHM6XC9cL2F2YW50Z3JvdXAuYXpcL3dwLWNvbnRlbnRcL3VwbG9hZHNcLzIwMjRcLzA5XC8xLTItc2NhbGVkLmpwZyIsInNsaWRlc2hvdyI6IjU0MzZjMzc3In0%3D\" href=\"https:\/\/avantgroup.az\/wp-content\/uploads\/2024\/09\/1-2-scaled.jpg\"><figure class=\"swiper-slide-inner\"><img decoding=\"async\" class=\"swiper-slide-image\" src=\"https:\/\/avantgroup.az\/wp-content\/uploads\/2024\/09\/1-2-scaled.jpg\" alt=\"1 (2)\" \/><\/figure><\/a><\/div><div class=\"swiper-slide\" role=\"group\" aria-roledescription=\"slide\" aria-label=\"2 of 9\"><a data-elementor-open-lightbox=\"yes\" data-elementor-lightbox-slideshow=\"5436c377\" data-elementor-lightbox-title=\"1 (13)\" data-e-action-hash=\"#elementor-action%3Aaction%3Dlightbox%26settings%3DeyJpZCI6NDQ1NCwidXJsIjoiaHR0cHM6XC9cL2F2YW50Z3JvdXAuYXpcL3dwLWNvbnRlbnRcL3VwbG9hZHNcLzIwMjRcLzA5XC8xLTEzLXNjYWxlZC5qcGciLCJzbGlkZXNob3ciOiI1NDM2YzM3NyJ9\" href=\"https:\/\/avantgroup.az\/wp-content\/uploads\/2024\/09\/1-13-scaled.jpg\"><figure class=\"swiper-slide-inner\"><img decoding=\"async\" class=\"swiper-slide-image\" src=\"https:\/\/avantgroup.az\/wp-content\/uploads\/2024\/09\/1-13-scaled.jpg\" alt=\"1 (13)\" \/><\/figure><\/a><\/div><div class=\"swiper-slide\" role=\"group\" aria-roledescription=\"slide\" aria-label=\"3 of 9\"><a data-elementor-open-lightbox=\"yes\" data-elementor-lightbox-slideshow=\"5436c377\" data-elementor-lightbox-title=\"1 (19)\" data-e-action-hash=\"#elementor-action%3Aaction%3Dlightbox%26settings%3DeyJpZCI6NDQ1NSwidXJsIjoiaHR0cHM6XC9cL2F2YW50Z3JvdXAuYXpcL3dwLWNvbnRlbnRcL3VwbG9hZHNcLzIwMjRcLzA5XC8xLTE5LXNjYWxlZC5qcGciLCJzbGlkZXNob3ciOiI1NDM2YzM3NyJ9\" href=\"https:\/\/avantgroup.az\/wp-content\/uploads\/2024\/09\/1-19-scaled.jpg\"><figure class=\"swiper-slide-inner\"><img decoding=\"async\" class=\"swiper-slide-image\" src=\"https:\/\/avantgroup.az\/wp-content\/uploads\/2024\/09\/1-19-scaled.jpg\" alt=\"1 (19)\" \/><\/figure><\/a><\/div><div class=\"swiper-slide\" role=\"group\" aria-roledescription=\"slide\" aria-label=\"4 of 9\"><a data-elementor-open-lightbox=\"yes\" data-elementor-lightbox-slideshow=\"5436c377\" data-elementor-lightbox-title=\"2C-1 (17)\" data-e-action-hash=\"#elementor-action%3Aaction%3Dlightbox%26settings%3DeyJpZCI6NDQ1NiwidXJsIjoiaHR0cHM6XC9cL2F2YW50Z3JvdXAuYXpcL3dwLWNvbnRlbnRcL3VwbG9hZHNcLzIwMjRcLzA5XC8yQy0xLTE3LXNjYWxlZC5qcGciLCJzbGlkZXNob3ciOiI1NDM2YzM3NyJ9\" href=\"https:\/\/avantgroup.az\/wp-content\/uploads\/2024\/09\/2C-1-17-scaled.jpg\"><figure class=\"swiper-slide-inner\"><img decoding=\"async\" class=\"swiper-slide-image\" src=\"https:\/\/avantgroup.az\/wp-content\/uploads\/2024\/09\/2C-1-17-scaled.jpg\" alt=\"2C-1 (17)\" \/><\/figure><\/a><\/div><div class=\"swiper-slide\" role=\"group\" aria-roledescription=\"slide\" aria-label=\"5 of 9\"><a data-elementor-open-lightbox=\"yes\" data-elementor-lightbox-slideshow=\"5436c377\" data-elementor-lightbox-title=\"3A-1 nc (18)\" data-e-action-hash=\"#elementor-action%3Aaction%3Dlightbox%26settings%3DeyJpZCI6NDQ1NywidXJsIjoiaHR0cHM6XC9cL2F2YW50Z3JvdXAuYXpcL3dwLWNvbnRlbnRcL3VwbG9hZHNcLzIwMjRcLzA5XC8zQS0xLW5jLTE4LXNjYWxlZC5qcGciLCJzbGlkZXNob3ciOiI1NDM2YzM3NyJ9\" href=\"https:\/\/avantgroup.az\/wp-content\/uploads\/2024\/09\/3A-1-nc-18-scaled.jpg\"><figure class=\"swiper-slide-inner\"><img decoding=\"async\" class=\"swiper-slide-image\" src=\"https:\/\/avantgroup.az\/wp-content\/uploads\/2024\/09\/3A-1-nc-18-scaled.jpg\" alt=\"3A-1 nc (18)\" \/><\/figure><\/a><\/div><div class=\"swiper-slide\" role=\"group\" aria-roledescription=\"slide\" aria-label=\"6 of 9\"><a data-elementor-open-lightbox=\"yes\" data-elementor-lightbox-slideshow=\"5436c377\" data-elementor-lightbox-title=\"22\" data-e-action-hash=\"#elementor-action%3Aaction%3Dlightbox%26settings%3DeyJpZCI6NDQ1OCwidXJsIjoiaHR0cHM6XC9cL2F2YW50Z3JvdXAuYXpcL3dwLWNvbnRlbnRcL3VwbG9hZHNcLzIwMjRcLzA5XC8yMi1zY2FsZWQuanBnIiwic2xpZGVzaG93IjoiNTQzNmMzNzcifQ%3D%3D\" href=\"https:\/\/avantgroup.az\/wp-content\/uploads\/2024\/09\/22-scaled.jpg\"><figure class=\"swiper-slide-inner\"><img decoding=\"async\" class=\"swiper-slide-image\" src=\"https:\/\/avantgroup.az\/wp-content\/uploads\/2024\/09\/22-scaled.jpg\" alt=\"22\" \/><\/figure><\/a><\/div><div class=\"swiper-slide\" role=\"group\" aria-roledescription=\"slide\" aria-label=\"7 of 9\"><a data-elementor-open-lightbox=\"yes\" data-elementor-lightbox-slideshow=\"5436c377\" data-elementor-lightbox-title=\"Cover 2 (alternativ)\" data-e-action-hash=\"#elementor-action%3Aaction%3Dlightbox%26settings%3DeyJpZCI6NDQ1OSwidXJsIjoiaHR0cHM6XC9cL2F2YW50Z3JvdXAuYXpcL3dwLWNvbnRlbnRcL3VwbG9hZHNcLzIwMjRcLzA5XC9Db3Zlci0yLWFsdGVybmF0aXYucG5nIiwic2xpZGVzaG93IjoiNTQzNmMzNzcifQ%3D%3D\" href=\"https:\/\/avantgroup.az\/wp-content\/uploads\/2024\/09\/Cover-2-alternativ.png\"><figure class=\"swiper-slide-inner\"><img decoding=\"async\" class=\"swiper-slide-image\" src=\"https:\/\/avantgroup.az\/wp-content\/uploads\/2024\/09\/Cover-2-alternativ.png\" alt=\"Cover 2 (alternativ)\" \/><\/figure><\/a><\/div><div class=\"swiper-slide\" role=\"group\" aria-roledescription=\"slide\" aria-label=\"8 of 9\"><a data-elementor-open-lightbox=\"yes\" data-elementor-lightbox-slideshow=\"5436c377\" data-elementor-lightbox-title=\"cover\" data-e-action-hash=\"#elementor-action%3Aaction%3Dlightbox%26settings%3DeyJpZCI6NDQ2MSwidXJsIjoiaHR0cHM6XC9cL2F2YW50Z3JvdXAuYXpcL3dwLWNvbnRlbnRcL3VwbG9hZHNcLzIwMjRcLzA5XC9jb3Zlci0yLXNjYWxlZC5qcGciLCJzbGlkZXNob3ciOiI1NDM2YzM3NyJ9\" href=\"https:\/\/avantgroup.az\/wp-content\/uploads\/2024\/09\/cover-2-scaled.jpg\"><figure class=\"swiper-slide-inner\"><img decoding=\"async\" class=\"swiper-slide-image\" src=\"https:\/\/avantgroup.az\/wp-content\/uploads\/2024\/09\/cover-2-scaled.jpg\" alt=\"cover\" \/><\/figure><\/a><\/div><div class=\"swiper-slide\" role=\"group\" aria-roledescription=\"slide\" aria-label=\"9 of 9\"><a data-elementor-open-lightbox=\"yes\" data-elementor-lightbox-slideshow=\"5436c377\" data-elementor-lightbox-title=\"Cover\" data-e-action-hash=\"#elementor-action%3Aaction%3Dlightbox%26settings%3DeyJpZCI6NDQ2MiwidXJsIjoiaHR0cHM6XC9cL2F2YW50Z3JvdXAuYXpcL3dwLWNvbnRlbnRcL3VwbG9hZHNcLzIwMjRcLzA5XC9Db3Zlci0yLnBuZyIsInNsaWRlc2hvdyI6IjU0MzZjMzc3In0%3D\" href=\"https:\/\/avantgroup.az\/wp-content\/uploads\/2024\/09\/Cover-2.png\"><figure class=\"swiper-slide-inner\"><img decoding=\"async\" class=\"swiper-slide-image\" src=\"https:\/\/avantgroup.az\/wp-content\/uploads\/2024\/09\/Cover-2.png\" alt=\"Cover\" \/><\/figure><\/a><\/div>\t\t\t<\/div>\n\t\t\t\t\t\t\t\n\t\t\t\t\t\t\t\t\t<\/div>\n\t\t\t\t<\/div>\n\t\t\t\t<\/div>\n\t\t\t\t<\/div>\n\t\t\t\t<\/div>\n\t\t","protected":false},"excerpt":{"rendered":"<p>. . . Layih\u0259 Haqq\u0131nda Etdikl\u0259rimiz<\/p>\n","protected":false},"author":1,"featured_media":4938,"parent":3171,"menu_order":11,"comment_status":"closed","ping_status":"closed","template":"elementor_header_footer","meta":{"_acf_changed":false,"footnotes":""},"class_list":["post-2521","page","type-page","status-publish","has-post-thumbnail","hentry"],"acf":[],"_links":{"self":[{"href":"https:\/\/avantgroup.az\/az\/wp-json\/wp\/v2\/pages\/2521","targetHints":{"allow":["GET"]}}],"collection":[{"href":"https:\/\/avantgroup.az\/az\/wp-json\/wp\/v2\/pages"}],"about":[{"href":"https:\/\/avantgroup.az\/az\/wp-json\/wp\/v2\/types\/page"}],"author":[{"embeddable":true,"href":"https:\/\/avantgroup.az\/az\/wp-json\/wp\/v2\/users\/1"}],"replies":[{"embeddable":true,"href":"https:\/\/avantgroup.az\/az\/wp-json\/wp\/v2\/comments?post=2521"}],"version-history":[{"count":16,"href":"https:\/\/avantgroup.az\/az\/wp-json\/wp\/v2\/pages\/2521\/revisions"}],"predecessor-version":[{"id":5330,"href":"https:\/\/avantgroup.az\/az\/wp-json\/wp\/v2\/pages\/2521\/revisions\/5330"}],"up":[{"embeddable":true,"href":"https:\/\/avantgroup.az\/az\/wp-json\/wp\/v2\/pages\/3171"}],"wp:featuredmedia":[{"embeddable":true,"href":"https:\/\/avantgroup.az\/az\/wp-json\/wp\/v2\/media\/4938"}],"wp:attachment":[{"href":"https:\/\/avantgroup.az\/az\/wp-json\/wp\/v2\/media?parent=2521"}],"curies":[{"name":"wp","href":"https:\/\/api.w.org\/{rel}","templated":true}]}}