{"id":2318,"date":"2024-08-21T13:11:00","date_gmt":"2024-08-21T13:11:00","guid":{"rendered":"http:\/\/new-avant.avantgroup.az\/?page_id=2318"},"modified":"2024-10-09T08:58:21","modified_gmt":"2024-10-09T08:58:21","slug":"sahil-plaza","status":"publish","type":"page","link":"https:\/\/avantgroup.az\/az\/project-single\/sahil-plaza\/","title":{"rendered":"Sahil Plaza"},"content":{"rendered":"\t\t<div data-elementor-type=\"wp-page\" data-elementor-id=\"2318\" class=\"elementor elementor-2318\" data-elementor-post-type=\"page\">\n\t\t\t\t<div class=\"elementor-element elementor-element-5d41c34c e-flex e-con-boxed e-con e-child\" data-id=\"5d41c34c\" data-element_type=\"container\" data-settings=\"{&quot;background_background&quot;:&quot;classic&quot;}\">\n\t\t\t\t\t<div class=\"e-con-inner\">\n\t\t<div class=\"elementor-element elementor-element-12df8c77 e-con-full e-flex e-con e-child\" data-id=\"12df8c77\" data-element_type=\"container\">\n\t\t\t\t<div class=\"elementor-element elementor-element-19d83e27 elementor-widget__width-initial elementor-widget elementor-widget-heading\" data-id=\"19d83e27\" data-element_type=\"widget\" data-widget_type=\"heading.default\">\n\t\t\t\t<div class=\"elementor-widget-container\">\n\t\t\t<style>\/*! elementor - v3.23.0 - 05-08-2024 *\/\n.elementor-heading-title{padding:0;margin:0;line-height:1}.elementor-widget-heading .elementor-heading-title[class*=elementor-size-]>a{color:inherit;font-size:inherit;line-height:inherit}.elementor-widget-heading .elementor-heading-title.elementor-size-small{font-size:15px}.elementor-widget-heading .elementor-heading-title.elementor-size-medium{font-size:19px}.elementor-widget-heading .elementor-heading-title.elementor-size-large{font-size:29px}.elementor-widget-heading .elementor-heading-title.elementor-size-xl{font-size:39px}.elementor-widget-heading .elementor-heading-title.elementor-size-xxl{font-size:59px}<\/style><h2 class=\"elementor-heading-title elementor-size-default\">Tikinti i\u015fl\u0259ri<\/h2>\t\t<\/div>\n\t\t\t\t<\/div>\n\t\t\t\t<div class=\"elementor-element elementor-element-258d32cc elementor-widget__width-initial elementor-widget elementor-widget-heading\" data-id=\"258d32cc\" data-element_type=\"widget\" data-widget_type=\"heading.default\">\n\t\t\t\t<div class=\"elementor-widget-container\">\n\t\t\t<h2 class=\"elementor-heading-title elementor-size-default\">Ofis<\/h2>\t\t<\/div>\n\t\t\t\t<\/div>\n\t\t\t\t<\/div>\n\t\t\t\t<div class=\"elementor-element elementor-element-12cd0691 elementor-widget__width-initial title-banner elementor-widget elementor-widget-heading\" data-id=\"12cd0691\" data-element_type=\"widget\" data-widget_type=\"heading.default\">\n\t\t\t\t<div class=\"elementor-widget-container\">\n\t\t\t<h1 class=\"elementor-heading-title elementor-size-default\">Sahil Plaza<\/h1>\t\t<\/div>\n\t\t\t\t<\/div>\n\t\t<div class=\"elementor-element elementor-element-2741fbe1 e-con-full e-flex e-con e-child\" data-id=\"2741fbe1\" data-element_type=\"container\">\n\t\t\t\t<div class=\"elementor-element elementor-element-3ccf114e elementor-widget elementor-widget-heading\" data-id=\"3ccf114e\" data-element_type=\"widget\" data-widget_type=\"heading.default\">\n\t\t\t\t<div class=\"elementor-widget-container\">\n\t\t\t<h2 class=\"elementor-heading-title elementor-size-default\">2020<\/h2>\t\t<\/div>\n\t\t\t\t<\/div>\n\t\t\t\t<div class=\"elementor-element elementor-element-4d414afa elementor-widget elementor-widget-heading\" data-id=\"4d414afa\" data-element_type=\"widget\" data-widget_type=\"heading.default\">\n\t\t\t\t<div class=\"elementor-widget-container\">\n\t\t\t<h2 class=\"elementor-heading-title elementor-size-default\">.<\/h2>\t\t<\/div>\n\t\t\t\t<\/div>\n\t\t\t\t<div class=\"elementor-element elementor-element-45e06efd elementor-widget elementor-widget-heading\" data-id=\"45e06efd\" data-element_type=\"widget\" data-widget_type=\"heading.default\">\n\t\t\t\t<div class=\"elementor-widget-container\">\n\t\t\t<h2 class=\"elementor-heading-title elementor-size-default\">Bak\u0131<\/h2>\t\t<\/div>\n\t\t\t\t<\/div>\n\t\t\t\t<div class=\"elementor-element elementor-element-4f176b37 elementor-widget elementor-widget-heading\" data-id=\"4f176b37\" data-element_type=\"widget\" data-widget_type=\"heading.default\">\n\t\t\t\t<div class=\"elementor-widget-container\">\n\t\t\t<h2 class=\"elementor-heading-title elementor-size-default\">.<\/h2>\t\t<\/div>\n\t\t\t\t<\/div>\n\t\t\t\t<div class=\"elementor-element elementor-element-2230ddf9 elementor-widget elementor-widget-heading\" data-id=\"2230ddf9\" data-element_type=\"widget\" data-widget_type=\"heading.default\">\n\t\t\t\t<div class=\"elementor-widget-container\">\n\t\t\t<h2 class=\"elementor-heading-title elementor-size-default\">3 600 m<sup>2<\/sup><\/h2>\t\t<\/div>\n\t\t\t\t<\/div>\n\t\t\t\t<div class=\"elementor-element elementor-element-3b7956a9 elementor-widget elementor-widget-heading\" data-id=\"3b7956a9\" data-element_type=\"widget\" data-widget_type=\"heading.default\">\n\t\t\t\t<div class=\"elementor-widget-container\">\n\t\t\t<h2 class=\"elementor-heading-title elementor-size-default\">.<\/h2>\t\t<\/div>\n\t\t\t\t<\/div>\n\t\t\t\t<div class=\"elementor-element elementor-element-5bc79e66 elementor-widget elementor-widget-heading\" data-id=\"5bc79e66\" data-element_type=\"widget\" data-widget_type=\"heading.default\">\n\t\t\t\t<div class=\"elementor-widget-container\">\n\t\t\t<h2 class=\"elementor-heading-title elementor-size-default\">Kommersiya obyektl\u0259ri<\/h2>\t\t<\/div>\n\t\t\t\t<\/div>\n\t\t\t\t<\/div>\n\t\t\t\t\t<\/div>\n\t\t\t\t<\/div>\n\t\t<div class=\"elementor-element elementor-element-2241d41 e-flex e-con-boxed e-con e-child\" data-id=\"2241d41\" data-element_type=\"container\" data-settings=\"{&quot;background_background&quot;:&quot;classic&quot;}\">\n\t\t\t\t\t<div class=\"e-con-inner\">\n\t\t<div class=\"elementor-element elementor-element-98522fb e-con-full e-flex e-con e-child\" data-id=\"98522fb\" data-element_type=\"container\">\n\t\t\t\t<div class=\"elementor-element elementor-element-c2a9eef title-level-1 elementor-widget elementor-widget-heading\" data-id=\"c2a9eef\" data-element_type=\"widget\" data-widget_type=\"heading.default\">\n\t\t\t\t<div class=\"elementor-widget-container\">\n\t\t\t<h1 class=\"elementor-heading-title elementor-size-default\">Ofisl\u0259rin T\u0259miri v\u0259 Tam Daxili T\u0259minat\u0131<\/h1>\t\t<\/div>\n\t\t\t\t<\/div>\n\t\t\t\t<\/div>\n\t\t<div class=\"elementor-element elementor-element-f06d355 e-con-full e-flex e-con e-child\" data-id=\"f06d355\" data-element_type=\"container\">\n\t\t<div class=\"elementor-element elementor-element-cad20bf e-con-full project-description e-flex e-con e-child\" data-id=\"cad20bf\" data-element_type=\"container\">\n\t\t\t\t<div class=\"elementor-element elementor-element-4a1700e title-level-5 elementor-widget elementor-widget-heading\" data-id=\"4a1700e\" data-element_type=\"widget\" data-widget_type=\"heading.default\">\n\t\t\t\t<div class=\"elementor-widget-container\">\n\t\t\t<style>\/*! elementor - v3.23.0 - 05-08-2024 *\/\n.elementor-heading-title{padding:0;margin:0;line-height:1}.elementor-widget-heading .elementor-heading-title[class*=elementor-size-]>a{color:inherit;font-size:inherit;line-height:inherit}.elementor-widget-heading .elementor-heading-title.elementor-size-small{font-size:15px}.elementor-widget-heading .elementor-heading-title.elementor-size-medium{font-size:19px}.elementor-widget-heading .elementor-heading-title.elementor-size-large{font-size:29px}.elementor-widget-heading .elementor-heading-title.elementor-size-xl{font-size:39px}.elementor-widget-heading .elementor-heading-title.elementor-size-xxl{font-size:59px}<\/style><h5 class=\"elementor-heading-title elementor-size-default\">Layih\u0259 Haqq\u0131nda<\/h5>\t\t<\/div>\n\t\t\t\t<\/div>\n\t\t\t\t<div class=\"elementor-element elementor-element-0477d90 elementor-widget elementor-widget-heading\" data-id=\"0477d90\" data-element_type=\"widget\" data-widget_type=\"heading.default\">\n\t\t\t\t<div class=\"elementor-widget-container\">\n\t\t\t<h2 class=\"elementor-heading-title elementor-size-default\">Sahil Plaza paytaxt\u0131n simvollar\u0131ndan olan Funikulyorun v\u0259 B\u0259hram Gur heyk\u0259linin, h\u0259m\u00e7inin Xal\u00e7a Muzeyi v\u0259 Mu\u011fam M\u0259rk\u0259zinin yax\u0131nl\u0131\u011f\u0131nda yerl\u0259\u015fir. Bu layih\u0259d\u0259 qar\u015f\u0131m\u0131za qoyulmu\u015f m\u0259qs\u0259d \u0259m\u0259kda\u015flar \u00fc\u00e7\u00fcn \u0259n yax\u015f\u0131 i\u015f m\u00fchitinin yarad\u0131lmas\u0131 idi. \u0130stifad\u0259 etdiyimiz y\u00fcks\u0259k keyfiyy\u0259tli materiallar, z\u00f6vql\u00fc mebell\u0259r v\u0259 dayan\u0131ql\u0131 aksessuarlar ofisin rahatl\u0131q il\u0259 yana\u015f\u0131 m\u00fcasirlik standartlar\u0131na da tam cavab verm\u0259sini t\u0259min edir.\r\n\r\nLayih\u0259y\u0259 2019-cu ilin iyun ay\u0131nda ba\u015flad\u0131q v\u0259 2020-ci ilin dekabr ay\u0131nda u\u011furla t\u0259hvil verdik.\r\n<\/h2>\t\t<\/div>\n\t\t\t\t<\/div>\n\t\t\t\t<\/div>\n\t\t<div class=\"elementor-element elementor-element-380482e e-con-full e-flex e-con e-child\" data-id=\"380482e\" data-element_type=\"container\">\n\t\t\t\t<div class=\"elementor-element elementor-element-94a98f5 title-level-5 elementor-widget elementor-widget-heading\" data-id=\"94a98f5\" data-element_type=\"widget\" data-widget_type=\"heading.default\">\n\t\t\t\t<div class=\"elementor-widget-container\">\n\t\t\t<h5 class=\"elementor-heading-title elementor-size-default\">Etdikl\u0259rimiz<\/h5>\t\t<\/div>\n\t\t\t\t<\/div>\n\t\t\t\t<div class=\"elementor-element elementor-element-3a842f2 elementor-widget elementor-widget-heading\" data-id=\"3a842f2\" data-element_type=\"widget\" data-widget_type=\"heading.default\">\n\t\t\t\t<div class=\"elementor-widget-container\">\n\t\t\t<h2 class=\"elementor-heading-title elementor-size-default\">T\u0259mir\r\n<\/br>\r\nTam Daxili T\u0259minat\r\n<\/h2>\t\t<\/div>\n\t\t\t\t<\/div>\n\t\t\t\t<\/div>\n\t\t\t\t<\/div>\n\t\t\t\t\t<\/div>\n\t\t\t\t<\/div>\n\t\t<div class=\"elementor-element elementor-element-3b47758a e-con-full e-flex e-con e-parent\" data-id=\"3b47758a\" data-element_type=\"container\">\n\t\t\t\t<div class=\"elementor-element elementor-element-5436c377 project-gallery elementor-widget elementor-widget-image-carousel\" data-id=\"5436c377\" data-element_type=\"widget\" data-settings=\"{&quot;slides_to_show&quot;:&quot;3&quot;,&quot;slides_to_show_mobile&quot;:&quot;2&quot;,&quot;slides_to_scroll&quot;:&quot;1&quot;,&quot;navigation&quot;:&quot;none&quot;,&quot;autoplay_speed&quot;:30000,&quot;speed&quot;:1000,&quot;image_spacing_custom&quot;:{&quot;unit&quot;:&quot;px&quot;,&quot;size&quot;:60,&quot;sizes&quot;:[]},&quot;image_spacing_custom_tablet&quot;:{&quot;unit&quot;:&quot;rem&quot;,&quot;size&quot;:&quot;&quot;,&quot;sizes&quot;:[]},&quot;image_spacing_custom_mobile&quot;:{&quot;unit&quot;:&quot;rem&quot;,&quot;size&quot;:&quot;&quot;,&quot;sizes&quot;:[]},&quot;autoplay&quot;:&quot;yes&quot;,&quot;pause_on_hover&quot;:&quot;yes&quot;,&quot;pause_on_interaction&quot;:&quot;yes&quot;,&quot;infinite&quot;:&quot;yes&quot;}\" data-widget_type=\"image-carousel.default\">\n\t\t\t\t<div class=\"elementor-widget-container\">\n\t\t\t<style>\/*! elementor - v3.23.0 - 05-08-2024 *\/\n.elementor-widget-image-carousel .swiper,.elementor-widget-image-carousel .swiper-container{position:static}.elementor-widget-image-carousel .swiper-container .swiper-slide figure,.elementor-widget-image-carousel .swiper .swiper-slide figure{line-height:inherit}.elementor-widget-image-carousel .swiper-slide{text-align:center}.elementor-image-carousel-wrapper:not(.swiper-container-initialized):not(.swiper-initialized) .swiper-slide{max-width:calc(100% \/ var(--e-image-carousel-slides-to-show, 3))}<\/style>\t\t<div class=\"elementor-image-carousel-wrapper swiper\" dir=\"ltr\">\n\t\t\t<div class=\"elementor-image-carousel swiper-wrapper\" aria-live=\"off\">\n\t\t\t\t\t\t\t\t<div class=\"swiper-slide\" role=\"group\" aria-roledescription=\"slide\" aria-label=\"<trp-gettext data-trpgettextoriginal=1156>1 of 6<\/trp-gettext>\"><a data-elementor-open-lightbox=\"yes\" data-elementor-lightbox-slideshow=\"5436c377\" data-elementor-lightbox-title=\"sahil-plaza-mansard-icarelik-1\" data-e-action-hash=\"#elementor-action%3Aaction%3Dlightbox%26settings%3DeyJpZCI6NDU2MiwidXJsIjoiaHR0cHM6XC9cL2F2YW50Z3JvdXAuYXpcL3dwLWNvbnRlbnRcL3VwbG9hZHNcLzIwMjRcLzA5XC9zYWhpbC1wbGF6YS1tYW5zYXJkLWljYXJlbGlrLTEuanBnIiwic2xpZGVzaG93IjoiNTQzNmMzNzcifQ%3D%3D\" href=\"https:\/\/avantgroup.az\/wp-content\/uploads\/2024\/09\/sahil-plaza-mansard-icarelik-1.jpg\"><figure class=\"swiper-slide-inner\"><img decoding=\"async\" class=\"swiper-slide-image\" src=\"https:\/\/avantgroup.az\/wp-content\/uploads\/2024\/09\/sahil-plaza-mansard-icarelik-1.jpg\" alt=\"sahil-plaza-mansard-icarelik-1\" \/><\/figure><\/a><\/div><div class=\"swiper-slide\" role=\"group\" aria-roledescription=\"slide\" aria-label=\"<trp-gettext data-trpgettextoriginal=1156>2 of 6<\/trp-gettext>\"><a data-elementor-open-lightbox=\"yes\" data-elementor-lightbox-slideshow=\"5436c377\" data-elementor-lightbox-title=\"sahil-plaza-mansard-icarelik-6\" data-e-action-hash=\"#elementor-action%3Aaction%3Dlightbox%26settings%3DeyJpZCI6NDU2MywidXJsIjoiaHR0cHM6XC9cL2F2YW50Z3JvdXAuYXpcL3dwLWNvbnRlbnRcL3VwbG9hZHNcLzIwMjRcLzA5XC9zYWhpbC1wbGF6YS1tYW5zYXJkLWljYXJlbGlrLTYuanBnIiwic2xpZGVzaG93IjoiNTQzNmMzNzcifQ%3D%3D\" href=\"https:\/\/avantgroup.az\/wp-content\/uploads\/2024\/09\/sahil-plaza-mansard-icarelik-6.jpg\"><figure class=\"swiper-slide-inner\"><img decoding=\"async\" class=\"swiper-slide-image\" src=\"https:\/\/avantgroup.az\/wp-content\/uploads\/2024\/09\/sahil-plaza-mansard-icarelik-6.jpg\" alt=\"sahil-plaza-mansard-icarelik-6\" \/><\/figure><\/a><\/div><div class=\"swiper-slide\" role=\"group\" aria-roledescription=\"slide\" aria-label=\"<trp-gettext data-trpgettextoriginal=1156>3 of 6<\/trp-gettext>\"><a data-elementor-open-lightbox=\"yes\" data-elementor-lightbox-slideshow=\"5436c377\" data-elementor-lightbox-title=\"sahil-plaza-mansard-icarelik-7\" data-e-action-hash=\"#elementor-action%3Aaction%3Dlightbox%26settings%3DeyJpZCI6NDU2NCwidXJsIjoiaHR0cHM6XC9cL2F2YW50Z3JvdXAuYXpcL3dwLWNvbnRlbnRcL3VwbG9hZHNcLzIwMjRcLzA5XC9zYWhpbC1wbGF6YS1tYW5zYXJkLWljYXJlbGlrLTcuanBnIiwic2xpZGVzaG93IjoiNTQzNmMzNzcifQ%3D%3D\" href=\"https:\/\/avantgroup.az\/wp-content\/uploads\/2024\/09\/sahil-plaza-mansard-icarelik-7.jpg\"><figure class=\"swiper-slide-inner\"><img decoding=\"async\" class=\"swiper-slide-image\" src=\"https:\/\/avantgroup.az\/wp-content\/uploads\/2024\/09\/sahil-plaza-mansard-icarelik-7.jpg\" alt=\"sahil-plaza-mansard-icarelik-7\" \/><\/figure><\/a><\/div><div class=\"swiper-slide\" role=\"group\" aria-roledescription=\"slide\" aria-label=\"<trp-gettext data-trpgettextoriginal=1156>4 of 6<\/trp-gettext>\"><a data-elementor-open-lightbox=\"yes\" data-elementor-lightbox-slideshow=\"5436c377\" data-elementor-lightbox-title=\"sahil-plaza-mansard-icarelik-16\" data-e-action-hash=\"#elementor-action%3Aaction%3Dlightbox%26settings%3DeyJpZCI6NDU2NSwidXJsIjoiaHR0cHM6XC9cL2F2YW50Z3JvdXAuYXpcL3dwLWNvbnRlbnRcL3VwbG9hZHNcLzIwMjRcLzA5XC9zYWhpbC1wbGF6YS1tYW5zYXJkLWljYXJlbGlrLTE2LmpwZyIsInNsaWRlc2hvdyI6IjU0MzZjMzc3In0%3D\" href=\"https:\/\/avantgroup.az\/wp-content\/uploads\/2024\/09\/sahil-plaza-mansard-icarelik-16.jpg\"><figure class=\"swiper-slide-inner\"><img decoding=\"async\" class=\"swiper-slide-image\" src=\"https:\/\/avantgroup.az\/wp-content\/uploads\/2024\/09\/sahil-plaza-mansard-icarelik-16.jpg\" alt=\"sahil-plaza-mansard-icarelik-16\" \/><\/figure><\/a><\/div><div class=\"swiper-slide\" role=\"group\" aria-roledescription=\"slide\" aria-label=\"<trp-gettext data-trpgettextoriginal=1156>5 of 6<\/trp-gettext>\"><a data-elementor-open-lightbox=\"yes\" data-elementor-lightbox-slideshow=\"5436c377\" data-elementor-lightbox-title=\"sahil-plaza-mansard-icarelik-19\" data-e-action-hash=\"#elementor-action%3Aaction%3Dlightbox%26settings%3DeyJpZCI6NDU2NiwidXJsIjoiaHR0cHM6XC9cL2F2YW50Z3JvdXAuYXpcL3dwLWNvbnRlbnRcL3VwbG9hZHNcLzIwMjRcLzA5XC9zYWhpbC1wbGF6YS1tYW5zYXJkLWljYXJlbGlrLTE5LmpwZyIsInNsaWRlc2hvdyI6IjU0MzZjMzc3In0%3D\" href=\"https:\/\/avantgroup.az\/wp-content\/uploads\/2024\/09\/sahil-plaza-mansard-icarelik-19.jpg\"><figure class=\"swiper-slide-inner\"><img decoding=\"async\" class=\"swiper-slide-image\" src=\"https:\/\/avantgroup.az\/wp-content\/uploads\/2024\/09\/sahil-plaza-mansard-icarelik-19.jpg\" alt=\"sahil-plaza-mansard-icarelik-19\" \/><\/figure><\/a><\/div><div class=\"swiper-slide\" role=\"group\" aria-roledescription=\"slide\" aria-label=\"<trp-gettext data-trpgettextoriginal=1156>6 of 6<\/trp-gettext>\"><a data-elementor-open-lightbox=\"yes\" data-elementor-lightbox-slideshow=\"5436c377\" data-elementor-lightbox-title=\"Cover1\" data-e-action-hash=\"#elementor-action%3Aaction%3Dlightbox%26settings%3DeyJpZCI6NDU2NywidXJsIjoiaHR0cHM6XC9cL2F2YW50Z3JvdXAuYXpcL3dwLWNvbnRlbnRcL3VwbG9hZHNcLzIwMjRcLzA5XC9Db3ZlcjEuanBnIiwic2xpZGVzaG93IjoiNTQzNmMzNzcifQ%3D%3D\" href=\"https:\/\/avantgroup.az\/wp-content\/uploads\/2024\/09\/Cover1.jpg\"><figure class=\"swiper-slide-inner\"><img decoding=\"async\" class=\"swiper-slide-image\" src=\"https:\/\/avantgroup.az\/wp-content\/uploads\/2024\/09\/Cover1.jpg\" alt=\"Cover1\" \/><\/figure><\/a><\/div>\t\t\t<\/div>\n\t\t\t\t\t\t\t\n\t\t\t\t\t\t\t\t\t<\/div>\n\t\t\t\t<\/div>\n\t\t\t\t<\/div>\n\t\t\t\t<\/div>\n\t\t\t\t<\/div>\n\t\t","protected":false},"excerpt":{"rendered":"<p>. . . Layih\u0259 Haqq\u0131nda Etdikl\u0259rimiz<\/p>\n","protected":false},"author":1,"featured_media":4747,"parent":3171,"menu_order":29,"comment_status":"closed","ping_status":"closed","template":"elementor_header_footer","meta":{"_acf_changed":false,"footnotes":""},"class_list":["post-2318","page","type-page","status-publish","has-post-thumbnail","hentry"],"acf":[],"_links":{"self":[{"href":"https:\/\/avantgroup.az\/az\/wp-json\/wp\/v2\/pages\/2318","targetHints":{"allow":["GET"]}}],"collection":[{"href":"https:\/\/avantgroup.az\/az\/wp-json\/wp\/v2\/pages"}],"about":[{"href":"https:\/\/avantgroup.az\/az\/wp-json\/wp\/v2\/types\/page"}],"author":[{"embeddable":true,"href":"https:\/\/avantgroup.az\/az\/wp-json\/wp\/v2\/users\/1"}],"replies":[{"embeddable":true,"href":"https:\/\/avantgroup.az\/az\/wp-json\/wp\/v2\/comments?post=2318"}],"version-history":[{"count":25,"href":"https:\/\/avantgroup.az\/az\/wp-json\/wp\/v2\/pages\/2318\/revisions"}],"predecessor-version":[{"id":5323,"href":"https:\/\/avantgroup.az\/az\/wp-json\/wp\/v2\/pages\/2318\/revisions\/5323"}],"up":[{"embeddable":true,"href":"https:\/\/avantgroup.az\/az\/wp-json\/wp\/v2\/pages\/3171"}],"wp:featuredmedia":[{"embeddable":true,"href":"https:\/\/avantgroup.az\/az\/wp-json\/wp\/v2\/media\/4747"}],"wp:attachment":[{"href":"https:\/\/avantgroup.az\/az\/wp-json\/wp\/v2\/media?parent=2318"}],"curies":[{"name":"wp","href":"https:\/\/api.w.org\/{rel}","templated":true}]}}