{"id":2279,"date":"2024-08-21T12:52:16","date_gmt":"2024-08-21T12:52:16","guid":{"rendered":"http:\/\/new-avant.avantgroup.az\/?page_id=2279"},"modified":"2024-10-09T11:33:08","modified_gmt":"2024-10-09T11:33:08","slug":"marxal-resort-spa-hotel","status":"publish","type":"page","link":"https:\/\/avantgroup.az\/az\/project-single\/marxal-resort-spa-hotel\/","title":{"rendered":"Marxal Resort &amp; SPA Hotel"},"content":{"rendered":"\t\t<div data-elementor-type=\"wp-page\" data-elementor-id=\"2279\" class=\"elementor elementor-2279\" data-elementor-post-type=\"page\">\n\t\t\t\t<div class=\"elementor-element elementor-element-128d7779 e-flex e-con-boxed e-con e-child\" data-id=\"128d7779\" data-element_type=\"container\" data-settings=\"{&quot;background_background&quot;:&quot;classic&quot;}\">\n\t\t\t\t\t<div class=\"e-con-inner\">\n\t\t<div class=\"elementor-element elementor-element-1763ca7e e-con-full e-flex e-con e-child\" data-id=\"1763ca7e\" data-element_type=\"container\">\n\t\t\t\t<div class=\"elementor-element elementor-element-566a676c elementor-widget__width-initial elementor-widget elementor-widget-heading\" data-id=\"566a676c\" data-element_type=\"widget\" data-widget_type=\"heading.default\">\n\t\t\t\t<div class=\"elementor-widget-container\">\n\t\t\t<style>\/*! elementor - v3.23.0 - 05-08-2024 *\/\n.elementor-heading-title{padding:0;margin:0;line-height:1}.elementor-widget-heading .elementor-heading-title[class*=elementor-size-]>a{color:inherit;font-size:inherit;line-height:inherit}.elementor-widget-heading .elementor-heading-title.elementor-size-small{font-size:15px}.elementor-widget-heading .elementor-heading-title.elementor-size-medium{font-size:19px}.elementor-widget-heading .elementor-heading-title.elementor-size-large{font-size:29px}.elementor-widget-heading .elementor-heading-title.elementor-size-xl{font-size:39px}.elementor-widget-heading .elementor-heading-title.elementor-size-xxl{font-size:59px}<\/style><h2 class=\"elementor-heading-title elementor-size-default\">Tikinti i\u015fl\u0259ri<\/h2>\t\t<\/div>\n\t\t\t\t<\/div>\n\t\t\t\t<div class=\"elementor-element elementor-element-58415d6c elementor-widget__width-initial elementor-widget elementor-widget-heading\" data-id=\"58415d6c\" data-element_type=\"widget\" data-widget_type=\"heading.default\">\n\t\t\t\t<div class=\"elementor-widget-container\">\n\t\t\t<h2 class=\"elementor-heading-title elementor-size-default\">Qonaqlama<\/h2>\t\t<\/div>\n\t\t\t\t<\/div>\n\t\t\t\t<\/div>\n\t\t\t\t<div class=\"elementor-element elementor-element-6f6313e3 elementor-widget__width-initial title-banner elementor-widget elementor-widget-heading\" data-id=\"6f6313e3\" data-element_type=\"widget\" data-widget_type=\"heading.default\">\n\t\t\t\t<div class=\"elementor-widget-container\">\n\t\t\t<h1 class=\"elementor-heading-title elementor-size-default\">Marxal Resort &amp; SPA Hotel<\/h1>\t\t<\/div>\n\t\t\t\t<\/div>\n\t\t<div class=\"elementor-element elementor-element-690b0a32 e-con-full e-flex e-con e-child\" data-id=\"690b0a32\" data-element_type=\"container\">\n\t\t\t\t<div class=\"elementor-element elementor-element-3f6fd3ef elementor-widget elementor-widget-heading\" data-id=\"3f6fd3ef\" data-element_type=\"widget\" data-widget_type=\"heading.default\">\n\t\t\t\t<div class=\"elementor-widget-container\">\n\t\t\t<h2 class=\"elementor-heading-title elementor-size-default\">2015<\/h2>\t\t<\/div>\n\t\t\t\t<\/div>\n\t\t\t\t<div class=\"elementor-element elementor-element-14b38e8e elementor-widget elementor-widget-heading\" data-id=\"14b38e8e\" data-element_type=\"widget\" data-widget_type=\"heading.default\">\n\t\t\t\t<div class=\"elementor-widget-container\">\n\t\t\t<h2 class=\"elementor-heading-title elementor-size-default\">.<\/h2>\t\t<\/div>\n\t\t\t\t<\/div>\n\t\t\t\t<div class=\"elementor-element elementor-element-7703a8f1 elementor-widget elementor-widget-heading\" data-id=\"7703a8f1\" data-element_type=\"widget\" data-widget_type=\"heading.default\">\n\t\t\t\t<div class=\"elementor-widget-container\">\n\t\t\t<h2 class=\"elementor-heading-title elementor-size-default\">\u015e\u0259ki<\/h2>\t\t<\/div>\n\t\t\t\t<\/div>\n\t\t\t\t<div class=\"elementor-element elementor-element-643847b5 elementor-widget elementor-widget-heading\" data-id=\"643847b5\" data-element_type=\"widget\" data-widget_type=\"heading.default\">\n\t\t\t\t<div class=\"elementor-widget-container\">\n\t\t\t<h2 class=\"elementor-heading-title elementor-size-default\">.<\/h2>\t\t<\/div>\n\t\t\t\t<\/div>\n\t\t\t\t<div class=\"elementor-element elementor-element-13a32409 elementor-widget elementor-widget-heading\" data-id=\"13a32409\" data-element_type=\"widget\" data-widget_type=\"heading.default\">\n\t\t\t\t<div class=\"elementor-widget-container\">\n\t\t\t<h2 class=\"elementor-heading-title elementor-size-default\">43 000 m<sup>2<\/sup><\/h2>\t\t<\/div>\n\t\t\t\t<\/div>\n\t\t\t\t<div class=\"elementor-element elementor-element-4fe37ae0 elementor-widget elementor-widget-heading\" data-id=\"4fe37ae0\" data-element_type=\"widget\" data-widget_type=\"heading.default\">\n\t\t\t\t<div class=\"elementor-widget-container\">\n\t\t\t<h2 class=\"elementor-heading-title elementor-size-default\">.<\/h2>\t\t<\/div>\n\t\t\t\t<\/div>\n\t\t\t\t<div class=\"elementor-element elementor-element-444a85b1 elementor-widget elementor-widget-heading\" data-id=\"444a85b1\" data-element_type=\"widget\" data-widget_type=\"heading.default\">\n\t\t\t\t<div class=\"elementor-widget-container\">\n\t\t\t<h2 class=\"elementor-heading-title elementor-size-default\">\u018fyl\u0259nc\u0259 v\u0259 \u0130stirah\u0259t M\u0259rk\u0259zl\u0259ri<\/h2>\t\t<\/div>\n\t\t\t\t<\/div>\n\t\t\t\t<\/div>\n\t\t\t\t\t<\/div>\n\t\t\t\t<\/div>\n\t\t<div class=\"elementor-element elementor-element-7a399ed6 e-flex e-con-boxed e-con e-child\" data-id=\"7a399ed6\" data-element_type=\"container\" data-settings=\"{&quot;background_background&quot;:&quot;classic&quot;}\">\n\t\t\t\t\t<div class=\"e-con-inner\">\n\t\t<div class=\"elementor-element elementor-element-6e2b11a9 e-con-full e-flex e-con e-child\" data-id=\"6e2b11a9\" data-element_type=\"container\">\n\t\t\t\t<div class=\"elementor-element elementor-element-451c7136 title-level-1 elementor-widget elementor-widget-heading\" data-id=\"451c7136\" data-element_type=\"widget\" data-widget_type=\"heading.default\">\n\t\t\t\t<div class=\"elementor-widget-container\">\n\t\t\t<h1 class=\"elementor-heading-title elementor-size-default\">Premium \u0130stirah\u0259t M\u0259rk\u0259zinin Tikintisi, T\u0259miri v\u0259 Tam Daxili T\u0259minat\u0131<\/h1>\t\t<\/div>\n\t\t\t\t<\/div>\n\t\t\t\t<\/div>\n\t\t<div class=\"elementor-element elementor-element-2f67665f e-con-full e-flex e-con e-child\" data-id=\"2f67665f\" data-element_type=\"container\">\n\t\t<div class=\"elementor-element elementor-element-4bf2f31 e-con-full project-description e-flex e-con e-child\" data-id=\"4bf2f31\" data-element_type=\"container\">\n\t\t\t\t<div class=\"elementor-element elementor-element-6641af44 title-level-5 elementor-widget elementor-widget-heading\" data-id=\"6641af44\" data-element_type=\"widget\" data-widget_type=\"heading.default\">\n\t\t\t\t<div class=\"elementor-widget-container\">\n\t\t\t<style>\/*! elementor - v3.23.0 - 05-08-2024 *\/\n.elementor-heading-title{padding:0;margin:0;line-height:1}.elementor-widget-heading .elementor-heading-title[class*=elementor-size-]>a{color:inherit;font-size:inherit;line-height:inherit}.elementor-widget-heading .elementor-heading-title.elementor-size-small{font-size:15px}.elementor-widget-heading .elementor-heading-title.elementor-size-medium{font-size:19px}.elementor-widget-heading .elementor-heading-title.elementor-size-large{font-size:29px}.elementor-widget-heading .elementor-heading-title.elementor-size-xl{font-size:39px}.elementor-widget-heading .elementor-heading-title.elementor-size-xxl{font-size:59px}<\/style><h5 class=\"elementor-heading-title elementor-size-default\">Layih\u0259 Haqq\u0131nda<\/h5>\t\t<\/div>\n\t\t\t\t<\/div>\n\t\t\t\t<div class=\"elementor-element elementor-element-51e98a90 elementor-widget elementor-widget-heading\" data-id=\"51e98a90\" data-element_type=\"widget\" data-widget_type=\"heading.default\">\n\t\t\t\t<div class=\"elementor-widget-container\">\n\t\t\t<h2 class=\"elementor-heading-title elementor-size-default\">\u015e\u0259ki \u015f\u0259h\u0259rind\u0259 175 otaq v\u0259 31 kottecd\u0259n ibar\u0259t 5 ulduzlu otelin tikintisi layih\u0259nin \u0259sas m\u0259qs\u0259di idi. Az\u0259rbaycanda y\u00fcks\u0259k keyfiyy\u0259tli qonaqlama xidm\u0259tini t\u0259\u015fkil ed\u0259n bu istirah\u0259t m\u0259rk\u0259zi 7 bar v\u0259 restoran, boulinq, kino zal\u0131, lazer oyunu meydan\u00e7as\u0131, \u00fczg\u00fc\u00e7\u00fcl\u00fck hovuzu,, t\u00fcrk hamam\u0131, fitness zal\u0131, masaj otaqlar\u0131, g\u00f6z\u0259llik salonu v\u0259 4 sauna ota\u011f\u0131ndan ibar\u0259tdir.\r\n\r\nLayih\u0259y\u0259 2011-cu ilin may ay\u0131nda ba\u015flad\u0131q v\u0259 2015-c\u00fc ilin mart ay\u0131nda u\u011furla t\u0259hvil verdik.\r\n<\/h2>\t\t<\/div>\n\t\t\t\t<\/div>\n\t\t\t\t<\/div>\n\t\t<div class=\"elementor-element elementor-element-5df96fed e-con-full e-flex e-con e-child\" data-id=\"5df96fed\" data-element_type=\"container\">\n\t\t\t\t<div class=\"elementor-element elementor-element-68b36014 title-level-5 elementor-widget elementor-widget-heading\" data-id=\"68b36014\" data-element_type=\"widget\" data-widget_type=\"heading.default\">\n\t\t\t\t<div class=\"elementor-widget-container\">\n\t\t\t<h5 class=\"elementor-heading-title elementor-size-default\">Etdikl\u0259rimiz<\/h5>\t\t<\/div>\n\t\t\t\t<\/div>\n\t\t\t\t<div class=\"elementor-element elementor-element-4e2dae16 elementor-widget elementor-widget-heading\" data-id=\"4e2dae16\" data-element_type=\"widget\" data-widget_type=\"heading.default\">\n\t\t\t\t<div class=\"elementor-widget-container\">\n\t\t\t<h2 class=\"elementor-heading-title elementor-size-default\">Layih\u0259l\u0259ndirm\u0259\r\n<\/br>\r\nBeton\r\n<\/br>\r\nTikinti \r\n<\/br>\r\nT\u0259mir\r\n<\/br>\r\nTam Daxili T\u0259minat\r\n<\/br>\r\nA\u00e7ar t\u0259hvili\r\n<\/h2>\t\t<\/div>\n\t\t\t\t<\/div>\n\t\t\t\t<\/div>\n\t\t\t\t<\/div>\n\t\t\t\t\t<\/div>\n\t\t\t\t<\/div>\n\t\t<div class=\"elementor-element elementor-element-2379178c e-con-full e-flex e-con e-parent\" data-id=\"2379178c\" data-element_type=\"container\">\n\t\t\t\t<div class=\"elementor-element elementor-element-7874db8e project-gallery elementor-widget elementor-widget-image-carousel\" data-id=\"7874db8e\" data-element_type=\"widget\" data-settings=\"{&quot;slides_to_show&quot;:&quot;3&quot;,&quot;slides_to_show_mobile&quot;:&quot;2&quot;,&quot;slides_to_scroll&quot;:&quot;1&quot;,&quot;navigation&quot;:&quot;none&quot;,&quot;autoplay_speed&quot;:30000,&quot;speed&quot;:1000,&quot;image_spacing_custom&quot;:{&quot;unit&quot;:&quot;px&quot;,&quot;size&quot;:60,&quot;sizes&quot;:[]},&quot;image_spacing_custom_tablet&quot;:{&quot;unit&quot;:&quot;rem&quot;,&quot;size&quot;:&quot;&quot;,&quot;sizes&quot;:[]},&quot;image_spacing_custom_mobile&quot;:{&quot;unit&quot;:&quot;rem&quot;,&quot;size&quot;:&quot;&quot;,&quot;sizes&quot;:[]},&quot;autoplay&quot;:&quot;yes&quot;,&quot;pause_on_hover&quot;:&quot;yes&quot;,&quot;pause_on_interaction&quot;:&quot;yes&quot;,&quot;infinite&quot;:&quot;yes&quot;}\" data-widget_type=\"image-carousel.default\">\n\t\t\t\t<div class=\"elementor-widget-container\">\n\t\t\t<style>\/*! elementor - v3.23.0 - 05-08-2024 *\/\n.elementor-widget-image-carousel .swiper,.elementor-widget-image-carousel .swiper-container{position:static}.elementor-widget-image-carousel .swiper-container .swiper-slide figure,.elementor-widget-image-carousel .swiper .swiper-slide figure{line-height:inherit}.elementor-widget-image-carousel .swiper-slide{text-align:center}.elementor-image-carousel-wrapper:not(.swiper-container-initialized):not(.swiper-initialized) .swiper-slide{max-width:calc(100% \/ var(--e-image-carousel-slides-to-show, 3))}<\/style>\t\t<div class=\"elementor-image-carousel-wrapper swiper\" dir=\"ltr\">\n\t\t\t<div class=\"elementor-image-carousel swiper-wrapper\" aria-live=\"off\">\n\t\t\t\t\t\t\t\t<div class=\"swiper-slide\" role=\"group\" aria-roledescription=\"slide\" aria-label=\"1 of 11\"><a data-elementor-open-lightbox=\"yes\" data-elementor-lightbox-slideshow=\"7874db8e\" data-elementor-lightbox-title=\"2\" data-e-action-hash=\"#elementor-action%3Aaction%3Dlightbox%26settings%3DeyJpZCI6MzU4MCwidXJsIjoiaHR0cHM6XC9cL2F2YW50Z3JvdXAuYXpcL3dwLWNvbnRlbnRcL3VwbG9hZHNcLzIwMjRcLzA4XC8yLTEucG5nIiwic2xpZGVzaG93IjoiNzg3NGRiOGUifQ%3D%3D\" href=\"https:\/\/avantgroup.az\/wp-content\/uploads\/2024\/08\/2-1.png\"><figure class=\"swiper-slide-inner\"><img decoding=\"async\" class=\"swiper-slide-image\" src=\"https:\/\/avantgroup.az\/wp-content\/uploads\/2024\/08\/2-1.png\" alt=\"2\" \/><\/figure><\/a><\/div><div class=\"swiper-slide\" role=\"group\" aria-roledescription=\"slide\" aria-label=\"2 of 11\"><a data-elementor-open-lightbox=\"yes\" data-elementor-lightbox-slideshow=\"7874db8e\" data-elementor-lightbox-title=\"cover\" data-e-action-hash=\"#elementor-action%3Aaction%3Dlightbox%26settings%3DeyJpZCI6NDUzMiwidXJsIjoiaHR0cHM6XC9cL2F2YW50Z3JvdXAuYXpcL3dwLWNvbnRlbnRcL3VwbG9hZHNcLzIwMjRcLzA5XC9jb3Zlci02LmpwZyIsInNsaWRlc2hvdyI6Ijc4NzRkYjhlIn0%3D\" href=\"https:\/\/avantgroup.az\/wp-content\/uploads\/2024\/09\/cover-6.jpg\"><figure class=\"swiper-slide-inner\"><img decoding=\"async\" class=\"swiper-slide-image\" src=\"https:\/\/avantgroup.az\/wp-content\/uploads\/2024\/09\/cover-6.jpg\" alt=\"cover\" \/><\/figure><\/a><\/div><div class=\"swiper-slide\" role=\"group\" aria-roledescription=\"slide\" aria-label=\"3 of 11\"><a data-elementor-open-lightbox=\"yes\" data-elementor-lightbox-slideshow=\"7874db8e\" data-elementor-lightbox-title=\"3\" data-e-action-hash=\"#elementor-action%3Aaction%3Dlightbox%26settings%3DeyJpZCI6MzU4MSwidXJsIjoiaHR0cHM6XC9cL2F2YW50Z3JvdXAuYXpcL3dwLWNvbnRlbnRcL3VwbG9hZHNcLzIwMjRcLzA4XC8zLTEucG5nIiwic2xpZGVzaG93IjoiNzg3NGRiOGUifQ%3D%3D\" href=\"https:\/\/avantgroup.az\/wp-content\/uploads\/2024\/08\/3-1.png\"><figure class=\"swiper-slide-inner\"><img decoding=\"async\" class=\"swiper-slide-image\" src=\"https:\/\/avantgroup.az\/wp-content\/uploads\/2024\/08\/3-1.png\" alt=\"3\" \/><\/figure><\/a><\/div><div class=\"swiper-slide\" role=\"group\" aria-roledescription=\"slide\" aria-label=\"4 of 11\"><a data-elementor-open-lightbox=\"yes\" data-elementor-lightbox-slideshow=\"7874db8e\" data-elementor-lightbox-title=\"4\" data-e-action-hash=\"#elementor-action%3Aaction%3Dlightbox%26settings%3DeyJpZCI6MzU4MiwidXJsIjoiaHR0cHM6XC9cL2F2YW50Z3JvdXAuYXpcL3dwLWNvbnRlbnRcL3VwbG9hZHNcLzIwMjRcLzA4XC80LTEucG5nIiwic2xpZGVzaG93IjoiNzg3NGRiOGUifQ%3D%3D\" href=\"https:\/\/avantgroup.az\/wp-content\/uploads\/2024\/08\/4-1.png\"><figure class=\"swiper-slide-inner\"><img decoding=\"async\" class=\"swiper-slide-image\" src=\"https:\/\/avantgroup.az\/wp-content\/uploads\/2024\/08\/4-1.png\" alt=\"4\" \/><\/figure><\/a><\/div><div class=\"swiper-slide\" role=\"group\" aria-roledescription=\"slide\" aria-label=\"5 of 11\"><a data-elementor-open-lightbox=\"yes\" data-elementor-lightbox-slideshow=\"7874db8e\" data-elementor-lightbox-title=\"5\" data-e-action-hash=\"#elementor-action%3Aaction%3Dlightbox%26settings%3DeyJpZCI6MzU4MywidXJsIjoiaHR0cHM6XC9cL2F2YW50Z3JvdXAuYXpcL3dwLWNvbnRlbnRcL3VwbG9hZHNcLzIwMjRcLzA4XC81LnBuZyIsInNsaWRlc2hvdyI6Ijc4NzRkYjhlIn0%3D\" href=\"https:\/\/avantgroup.az\/wp-content\/uploads\/2024\/08\/5.png\"><figure class=\"swiper-slide-inner\"><img decoding=\"async\" class=\"swiper-slide-image\" src=\"https:\/\/avantgroup.az\/wp-content\/uploads\/2024\/08\/5.png\" alt=\"5\" \/><\/figure><\/a><\/div><div class=\"swiper-slide\" role=\"group\" aria-roledescription=\"slide\" aria-label=\"6 of 11\"><a data-elementor-open-lightbox=\"yes\" data-elementor-lightbox-slideshow=\"7874db8e\" data-elementor-lightbox-title=\"6\" data-e-action-hash=\"#elementor-action%3Aaction%3Dlightbox%26settings%3DeyJpZCI6MzU4NCwidXJsIjoiaHR0cHM6XC9cL2F2YW50Z3JvdXAuYXpcL3dwLWNvbnRlbnRcL3VwbG9hZHNcLzIwMjRcLzA4XC82LnBuZyIsInNsaWRlc2hvdyI6Ijc4NzRkYjhlIn0%3D\" href=\"https:\/\/avantgroup.az\/wp-content\/uploads\/2024\/08\/6.png\"><figure class=\"swiper-slide-inner\"><img decoding=\"async\" class=\"swiper-slide-image\" src=\"https:\/\/avantgroup.az\/wp-content\/uploads\/2024\/08\/6.png\" alt=\"6\" \/><\/figure><\/a><\/div><div class=\"swiper-slide\" role=\"group\" aria-roledescription=\"slide\" aria-label=\"7 of 11\"><a data-elementor-open-lightbox=\"yes\" data-elementor-lightbox-slideshow=\"7874db8e\" data-elementor-lightbox-title=\"7\" data-e-action-hash=\"#elementor-action%3Aaction%3Dlightbox%26settings%3DeyJpZCI6MzU4NSwidXJsIjoiaHR0cHM6XC9cL2F2YW50Z3JvdXAuYXpcL3dwLWNvbnRlbnRcL3VwbG9hZHNcLzIwMjRcLzA4XC83LnBuZyIsInNsaWRlc2hvdyI6Ijc4NzRkYjhlIn0%3D\" href=\"https:\/\/avantgroup.az\/wp-content\/uploads\/2024\/08\/7.png\"><figure class=\"swiper-slide-inner\"><img decoding=\"async\" class=\"swiper-slide-image\" src=\"https:\/\/avantgroup.az\/wp-content\/uploads\/2024\/08\/7.png\" alt=\"7\" \/><\/figure><\/a><\/div><div class=\"swiper-slide\" role=\"group\" aria-roledescription=\"slide\" aria-label=\"8 of 11\"><a data-elementor-open-lightbox=\"yes\" data-elementor-lightbox-slideshow=\"7874db8e\" data-elementor-lightbox-title=\"1\" data-e-action-hash=\"#elementor-action%3Aaction%3Dlightbox%26settings%3DeyJpZCI6MzU4NiwidXJsIjoiaHR0cHM6XC9cL2F2YW50Z3JvdXAuYXpcL3dwLWNvbnRlbnRcL3VwbG9hZHNcLzIwMjRcLzA4XC8xLTEucG5nIiwic2xpZGVzaG93IjoiNzg3NGRiOGUifQ%3D%3D\" href=\"https:\/\/avantgroup.az\/wp-content\/uploads\/2024\/08\/1-1.png\"><figure class=\"swiper-slide-inner\"><img decoding=\"async\" class=\"swiper-slide-image\" src=\"https:\/\/avantgroup.az\/wp-content\/uploads\/2024\/08\/1-1.png\" alt=\"1\" \/><\/figure><\/a><\/div><div class=\"swiper-slide\" role=\"group\" aria-roledescription=\"slide\" aria-label=\"9 of 11\"><a data-elementor-open-lightbox=\"yes\" data-elementor-lightbox-slideshow=\"7874db8e\" data-elementor-lightbox-title=\"IMG_8708\" data-e-action-hash=\"#elementor-action%3Aaction%3Dlightbox%26settings%3DeyJpZCI6NDUzMywidXJsIjoiaHR0cHM6XC9cL2F2YW50Z3JvdXAuYXpcL3dwLWNvbnRlbnRcL3VwbG9hZHNcLzIwMjRcLzA5XC9JTUdfODcwOC53ZWJwIiwic2xpZGVzaG93IjoiNzg3NGRiOGUifQ%3D%3D\" href=\"https:\/\/avantgroup.az\/wp-content\/uploads\/2024\/09\/IMG_8708.webp\"><figure class=\"swiper-slide-inner\"><img decoding=\"async\" class=\"swiper-slide-image\" src=\"https:\/\/avantgroup.az\/wp-content\/uploads\/2024\/09\/IMG_8708.webp\" alt=\"IMG_8708\" \/><\/figure><\/a><\/div><div class=\"swiper-slide\" role=\"group\" aria-roledescription=\"slide\" aria-label=\"10 of 11\"><a data-elementor-open-lightbox=\"yes\" data-elementor-lightbox-slideshow=\"7874db8e\" data-elementor-lightbox-title=\"448811128\" data-e-action-hash=\"#elementor-action%3Aaction%3Dlightbox%26settings%3DeyJpZCI6NDUzNCwidXJsIjoiaHR0cHM6XC9cL2F2YW50Z3JvdXAuYXpcL3dwLWNvbnRlbnRcL3VwbG9hZHNcLzIwMjRcLzA5XC80NDg4MTExMjguanBnIiwic2xpZGVzaG93IjoiNzg3NGRiOGUifQ%3D%3D\" href=\"https:\/\/avantgroup.az\/wp-content\/uploads\/2024\/09\/448811128.jpg\"><figure class=\"swiper-slide-inner\"><img decoding=\"async\" class=\"swiper-slide-image\" src=\"https:\/\/avantgroup.az\/wp-content\/uploads\/2024\/09\/448811128.jpg\" alt=\"448811128\" \/><\/figure><\/a><\/div><div class=\"swiper-slide\" role=\"group\" aria-roledescription=\"slide\" aria-label=\"11 of 11\"><a data-elementor-open-lightbox=\"yes\" data-elementor-lightbox-slideshow=\"7874db8e\" data-elementor-lightbox-title=\"453597362\" data-e-action-hash=\"#elementor-action%3Aaction%3Dlightbox%26settings%3DeyJpZCI6NDUzNSwidXJsIjoiaHR0cHM6XC9cL2F2YW50Z3JvdXAuYXpcL3dwLWNvbnRlbnRcL3VwbG9hZHNcLzIwMjRcLzA5XC80NTM1OTczNjIuanBnIiwic2xpZGVzaG93IjoiNzg3NGRiOGUifQ%3D%3D\" href=\"https:\/\/avantgroup.az\/wp-content\/uploads\/2024\/09\/453597362.jpg\"><figure class=\"swiper-slide-inner\"><img decoding=\"async\" class=\"swiper-slide-image\" src=\"https:\/\/avantgroup.az\/wp-content\/uploads\/2024\/09\/453597362.jpg\" alt=\"453597362\" \/><\/figure><\/a><\/div>\t\t\t<\/div>\n\t\t\t\t\t\t\t\n\t\t\t\t\t\t\t\t\t<\/div>\n\t\t\t\t<\/div>\n\t\t\t\t<\/div>\n\t\t\t\t<\/div>\n\t\t\t\t<\/div>\n\t\t","protected":false},"excerpt":{"rendered":"<p>. . . Layih\u0259 Haqq\u0131nda Etdikl\u0259rimiz<\/p>\n","protected":false},"author":1,"featured_media":4939,"parent":3171,"menu_order":31,"comment_status":"closed","ping_status":"closed","template":"elementor_header_footer","meta":{"_acf_changed":false,"footnotes":""},"class_list":["post-2279","page","type-page","status-publish","has-post-thumbnail","hentry"],"acf":[],"_links":{"self":[{"href":"https:\/\/avantgroup.az\/az\/wp-json\/wp\/v2\/pages\/2279","targetHints":{"allow":["GET"]}}],"collection":[{"href":"https:\/\/avantgroup.az\/az\/wp-json\/wp\/v2\/pages"}],"about":[{"href":"https:\/\/avantgroup.az\/az\/wp-json\/wp\/v2\/types\/page"}],"author":[{"embeddable":true,"href":"https:\/\/avantgroup.az\/az\/wp-json\/wp\/v2\/users\/1"}],"replies":[{"embeddable":true,"href":"https:\/\/avantgroup.az\/az\/wp-json\/wp\/v2\/comments?post=2279"}],"version-history":[{"count":56,"href":"https:\/\/avantgroup.az\/az\/wp-json\/wp\/v2\/pages\/2279\/revisions"}],"predecessor-version":[{"id":5338,"href":"https:\/\/avantgroup.az\/az\/wp-json\/wp\/v2\/pages\/2279\/revisions\/5338"}],"up":[{"embeddable":true,"href":"https:\/\/avantgroup.az\/az\/wp-json\/wp\/v2\/pages\/3171"}],"wp:featuredmedia":[{"embeddable":true,"href":"https:\/\/avantgroup.az\/az\/wp-json\/wp\/v2\/media\/4939"}],"wp:attachment":[{"href":"https:\/\/avantgroup.az\/az\/wp-json\/wp\/v2\/media?parent=2279"}],"curies":[{"name":"wp","href":"https:\/\/api.w.org\/{rel}","templated":true}]}}