{"id":2274,"date":"2024-10-02T06:00:04","date_gmt":"2024-10-02T06:00:04","guid":{"rendered":"http:\/\/new-avant.avantgroup.az\/?page_id=2274"},"modified":"2024-10-08T11:49:36","modified_gmt":"2024-10-08T11:49:36","slug":"gulustan-palace","status":"publish","type":"page","link":"https:\/\/avantgroup.az\/az\/project-single\/gulustan-palace\/","title":{"rendered":"G\u00fcl\u00fcstan Saray\u0131\u00a0"},"content":{"rendered":"\t\t<div data-elementor-type=\"wp-page\" data-elementor-id=\"2274\" class=\"elementor elementor-2274\" data-elementor-post-type=\"page\">\n\t\t\t\t<div class=\"elementor-element elementor-element-6348003b e-flex e-con-boxed e-con e-child\" data-id=\"6348003b\" data-element_type=\"container\" data-settings=\"{&quot;background_background&quot;:&quot;classic&quot;}\">\n\t\t\t\t\t<div class=\"e-con-inner\">\n\t\t<div class=\"elementor-element elementor-element-71a5fd6 e-con-full e-flex e-con e-child\" data-id=\"71a5fd6\" data-element_type=\"container\">\n\t\t\t\t<div class=\"elementor-element elementor-element-7ff34776 elementor-widget__width-initial elementor-widget elementor-widget-heading\" data-id=\"7ff34776\" data-element_type=\"widget\" data-widget_type=\"heading.default\">\n\t\t\t\t<div class=\"elementor-widget-container\">\n\t\t\t<style>\/*! elementor - v3.23.0 - 05-08-2024 *\/\n.elementor-heading-title{padding:0;margin:0;line-height:1}.elementor-widget-heading .elementor-heading-title[class*=elementor-size-]>a{color:inherit;font-size:inherit;line-height:inherit}.elementor-widget-heading .elementor-heading-title.elementor-size-small{font-size:15px}.elementor-widget-heading .elementor-heading-title.elementor-size-medium{font-size:19px}.elementor-widget-heading .elementor-heading-title.elementor-size-large{font-size:29px}.elementor-widget-heading .elementor-heading-title.elementor-size-xl{font-size:39px}.elementor-widget-heading .elementor-heading-title.elementor-size-xxl{font-size:59px}<\/style><h2 class=\"elementor-heading-title elementor-size-default\">T\u0259mir-B\u0259rpa<\/h2>\t\t<\/div>\n\t\t\t\t<\/div>\n\t\t\t\t<div class=\"elementor-element elementor-element-3b9c616 elementor-widget__width-initial elementor-widget elementor-widget-heading\" data-id=\"3b9c616\" data-element_type=\"widget\" data-widget_type=\"heading.default\">\n\t\t\t\t<div class=\"elementor-widget-container\">\n\t\t\t<h2 class=\"elementor-heading-title elementor-size-default\">\u0130ctimai Bina<\/h2>\t\t<\/div>\n\t\t\t\t<\/div>\n\t\t\t\t<\/div>\n\t\t\t\t<div class=\"elementor-element elementor-element-383ece26 elementor-widget__width-initial title-banner elementor-widget elementor-widget-heading\" data-id=\"383ece26\" data-element_type=\"widget\" data-widget_type=\"heading.default\">\n\t\t\t\t<div class=\"elementor-widget-container\">\n\t\t\t<h1 class=\"elementor-heading-title elementor-size-default\">G\u00fcl\u00fcstan Saray\u0131 <\/h1>\t\t<\/div>\n\t\t\t\t<\/div>\n\t\t<div class=\"elementor-element elementor-element-1787b62d e-con-full e-flex e-con e-child\" data-id=\"1787b62d\" data-element_type=\"container\">\n\t\t\t\t<div class=\"elementor-element elementor-element-4a8abe0c elementor-widget elementor-widget-heading\" data-id=\"4a8abe0c\" data-element_type=\"widget\" data-widget_type=\"heading.default\">\n\t\t\t\t<div class=\"elementor-widget-container\">\n\t\t\t<h2 class=\"elementor-heading-title elementor-size-default\">2020<\/h2>\t\t<\/div>\n\t\t\t\t<\/div>\n\t\t\t\t<div class=\"elementor-element elementor-element-66744153 elementor-widget elementor-widget-heading\" data-id=\"66744153\" data-element_type=\"widget\" data-widget_type=\"heading.default\">\n\t\t\t\t<div class=\"elementor-widget-container\">\n\t\t\t<h2 class=\"elementor-heading-title elementor-size-default\">.<\/h2>\t\t<\/div>\n\t\t\t\t<\/div>\n\t\t\t\t<div class=\"elementor-element elementor-element-6604e3f0 elementor-widget elementor-widget-heading\" data-id=\"6604e3f0\" data-element_type=\"widget\" data-widget_type=\"heading.default\">\n\t\t\t\t<div class=\"elementor-widget-container\">\n\t\t\t<h2 class=\"elementor-heading-title elementor-size-default\">Bak\u0131<\/h2>\t\t<\/div>\n\t\t\t\t<\/div>\n\t\t\t\t<div class=\"elementor-element elementor-element-f4537bb elementor-widget elementor-widget-heading\" data-id=\"f4537bb\" data-element_type=\"widget\" data-widget_type=\"heading.default\">\n\t\t\t\t<div class=\"elementor-widget-container\">\n\t\t\t<h2 class=\"elementor-heading-title elementor-size-default\">.<\/h2>\t\t<\/div>\n\t\t\t\t<\/div>\n\t\t\t\t<div class=\"elementor-element elementor-element-ad72970 elementor-widget elementor-widget-heading\" data-id=\"ad72970\" data-element_type=\"widget\" data-widget_type=\"heading.default\">\n\t\t\t\t<div class=\"elementor-widget-container\">\n\t\t\t<h2 class=\"elementor-heading-title elementor-size-default\">22 000 m<sup>2<\/sup><\/h2>\t\t<\/div>\n\t\t\t\t<\/div>\n\t\t\t\t<div class=\"elementor-element elementor-element-45bbeee2 elementor-widget elementor-widget-heading\" data-id=\"45bbeee2\" data-element_type=\"widget\" data-widget_type=\"heading.default\">\n\t\t\t\t<div class=\"elementor-widget-container\">\n\t\t\t<h2 class=\"elementor-heading-title elementor-size-default\">.<\/h2>\t\t<\/div>\n\t\t\t\t<\/div>\n\t\t\t\t<div class=\"elementor-element elementor-element-19339750 elementor-widget elementor-widget-heading\" data-id=\"19339750\" data-element_type=\"widget\" data-widget_type=\"heading.default\">\n\t\t\t\t<div class=\"elementor-widget-container\">\n\t\t\t<h2 class=\"elementor-heading-title elementor-size-default\">Kommersiya obyektl\u0259ri<\/h2>\t\t<\/div>\n\t\t\t\t<\/div>\n\t\t\t\t<\/div>\n\t\t\t\t\t<\/div>\n\t\t\t\t<\/div>\n\t\t<div class=\"elementor-element elementor-element-c5eaace e-flex e-con-boxed e-con e-child\" data-id=\"c5eaace\" data-element_type=\"container\" data-settings=\"{&quot;background_background&quot;:&quot;classic&quot;}\">\n\t\t\t\t\t<div class=\"e-con-inner\">\n\t\t<div class=\"elementor-element elementor-element-4d56589 e-con-full e-flex e-con e-child\" data-id=\"4d56589\" data-element_type=\"container\">\n\t\t\t\t<div class=\"elementor-element elementor-element-1ffda92 title-level-1 elementor-widget elementor-widget-heading\" data-id=\"1ffda92\" data-element_type=\"widget\" data-widget_type=\"heading.default\">\n\t\t\t\t<div class=\"elementor-widget-container\">\n\t\t\t<h1 class=\"elementor-heading-title elementor-size-default\">Fiber Betonla Eksteryer Renovasiyas\u0131 v\u0259 \u0130nteryer Daxili Tam T\u0259minat\u0131<\/h1>\t\t<\/div>\n\t\t\t\t<\/div>\n\t\t\t\t<\/div>\n\t\t<div class=\"elementor-element elementor-element-f3101b4 e-con-full e-flex e-con e-child\" data-id=\"f3101b4\" data-element_type=\"container\">\n\t\t<div class=\"elementor-element elementor-element-ef7dd40 e-con-full project-description e-flex e-con e-child\" data-id=\"ef7dd40\" data-element_type=\"container\">\n\t\t\t\t<div class=\"elementor-element elementor-element-1386fa1 title-level-5 elementor-widget elementor-widget-heading\" data-id=\"1386fa1\" data-element_type=\"widget\" data-widget_type=\"heading.default\">\n\t\t\t\t<div class=\"elementor-widget-container\">\n\t\t\t<style>\/*! elementor - v3.23.0 - 05-08-2024 *\/\n.elementor-heading-title{padding:0;margin:0;line-height:1}.elementor-widget-heading .elementor-heading-title[class*=elementor-size-]>a{color:inherit;font-size:inherit;line-height:inherit}.elementor-widget-heading .elementor-heading-title.elementor-size-small{font-size:15px}.elementor-widget-heading .elementor-heading-title.elementor-size-medium{font-size:19px}.elementor-widget-heading .elementor-heading-title.elementor-size-large{font-size:29px}.elementor-widget-heading .elementor-heading-title.elementor-size-xl{font-size:39px}.elementor-widget-heading .elementor-heading-title.elementor-size-xxl{font-size:59px}<\/style><h5 class=\"elementor-heading-title elementor-size-default\">Layih\u0259 Haqq\u0131nda<\/h5>\t\t<\/div>\n\t\t\t\t<\/div>\n\t\t\t\t<div class=\"elementor-element elementor-element-e1043c3 elementor-widget elementor-widget-heading\" data-id=\"e1043c3\" data-element_type=\"widget\" data-widget_type=\"heading.default\">\n\t\t\t\t<div class=\"elementor-widget-container\">\n\t\t\t<h2 class=\"elementor-heading-title elementor-size-default\">Layih\u0259 \u00e7\u0259r\u00e7iv\u0259sind\u0259 yerli v\u0259 beyn\u0259lxalq \u0259h\u0259miyy\u0259tli t\u0259dbirl\u0259rin ke\u00e7irildiyi tarixi binan\u0131n yenid\u0259n qurulmas\u0131, interyer v\u0259 eksteryerin konstruktiv h\u0259lli v\u0259 y\u00fcks\u0259k keyfiyy\u0259tli t\u0259mir i\u015fl\u0259ri apar\u0131lm\u0131\u015fd\u0131r.\r\n\r\nLayih\u0259y\u0259 2018-cu ilin aprel ay\u0131nda ba\u015flad\u0131q v\u0259 2020-ci ilin aprel ay\u0131nda t\u0259hvil verdik.\r\n<\/h2>\t\t<\/div>\n\t\t\t\t<\/div>\n\t\t\t\t<\/div>\n\t\t<div class=\"elementor-element elementor-element-bf18389 e-con-full e-flex e-con e-child\" data-id=\"bf18389\" data-element_type=\"container\">\n\t\t\t\t<div class=\"elementor-element elementor-element-fa01674 title-level-5 elementor-widget elementor-widget-heading\" data-id=\"fa01674\" data-element_type=\"widget\" data-widget_type=\"heading.default\">\n\t\t\t\t<div class=\"elementor-widget-container\">\n\t\t\t<h5 class=\"elementor-heading-title elementor-size-default\">Etdikl\u0259rimiz<\/h5>\t\t<\/div>\n\t\t\t\t<\/div>\n\t\t\t\t<div class=\"elementor-element elementor-element-20bd42c elementor-widget elementor-widget-heading\" data-id=\"20bd42c\" data-element_type=\"widget\" data-widget_type=\"heading.default\">\n\t\t\t\t<div class=\"elementor-widget-container\">\n\t\t\t<h2 class=\"elementor-heading-title elementor-size-default\">Yenid\u0259nqurma\r\n<\/br>\r\nT\u0259mir\r\n<\/br>\r\nFiber Beton Fasad\r\n<\/br>\r\nTam Daxili T\u0259minat\r\n<\/h2>\t\t<\/div>\n\t\t\t\t<\/div>\n\t\t\t\t<\/div>\n\t\t\t\t<\/div>\n\t\t\t\t\t<\/div>\n\t\t\t\t<\/div>\n\t\t<div class=\"elementor-element elementor-element-649c8fd3 e-con-full e-flex e-con e-parent\" data-id=\"649c8fd3\" data-element_type=\"container\">\n\t\t\t\t<div class=\"elementor-element elementor-element-44e493f9 project-gallery elementor-widget elementor-widget-image-carousel\" data-id=\"44e493f9\" data-element_type=\"widget\" data-settings=\"{&quot;slides_to_show&quot;:&quot;3&quot;,&quot;slides_to_show_mobile&quot;:&quot;2&quot;,&quot;slides_to_scroll&quot;:&quot;1&quot;,&quot;navigation&quot;:&quot;none&quot;,&quot;autoplay_speed&quot;:30000,&quot;speed&quot;:1000,&quot;image_spacing_custom&quot;:{&quot;unit&quot;:&quot;px&quot;,&quot;size&quot;:60,&quot;sizes&quot;:[]},&quot;image_spacing_custom_tablet&quot;:{&quot;unit&quot;:&quot;rem&quot;,&quot;size&quot;:&quot;&quot;,&quot;sizes&quot;:[]},&quot;image_spacing_custom_mobile&quot;:{&quot;unit&quot;:&quot;rem&quot;,&quot;size&quot;:&quot;&quot;,&quot;sizes&quot;:[]},&quot;autoplay&quot;:&quot;yes&quot;,&quot;pause_on_hover&quot;:&quot;yes&quot;,&quot;pause_on_interaction&quot;:&quot;yes&quot;,&quot;infinite&quot;:&quot;yes&quot;}\" data-widget_type=\"image-carousel.default\">\n\t\t\t\t<div class=\"elementor-widget-container\">\n\t\t\t<style>\/*! elementor - v3.23.0 - 05-08-2024 *\/\n.elementor-widget-image-carousel .swiper,.elementor-widget-image-carousel .swiper-container{position:static}.elementor-widget-image-carousel .swiper-container .swiper-slide figure,.elementor-widget-image-carousel .swiper .swiper-slide figure{line-height:inherit}.elementor-widget-image-carousel .swiper-slide{text-align:center}.elementor-image-carousel-wrapper:not(.swiper-container-initialized):not(.swiper-initialized) .swiper-slide{max-width:calc(100% \/ var(--e-image-carousel-slides-to-show, 3))}<\/style>\t\t<div class=\"elementor-image-carousel-wrapper swiper\" dir=\"ltr\">\n\t\t\t<div class=\"elementor-image-carousel swiper-wrapper\" aria-live=\"off\">\n\t\t\t\t\t\t\t\t<div class=\"swiper-slide\" role=\"group\" aria-roledescription=\"slide\" aria-label=\"1 of 7\"><a data-elementor-open-lightbox=\"yes\" data-elementor-lightbox-slideshow=\"44e493f9\" data-elementor-lightbox-title=\"PHOTO-2024-09-13-15-27-39 2\" data-e-action-hash=\"#elementor-action%3Aaction%3Dlightbox%26settings%3DeyJpZCI6NDUwNywidXJsIjoiaHR0cHM6XC9cL2F2YW50Z3JvdXAuYXpcL3dwLWNvbnRlbnRcL3VwbG9hZHNcLzIwMjRcLzA5XC9QSE9UTy0yMDI0LTA5LTEzLTE1LTI3LTM5LTIuanBnIiwic2xpZGVzaG93IjoiNDRlNDkzZjkifQ%3D%3D\" href=\"https:\/\/avantgroup.az\/wp-content\/uploads\/2024\/09\/PHOTO-2024-09-13-15-27-39-2.jpg\"><figure class=\"swiper-slide-inner\"><img decoding=\"async\" class=\"swiper-slide-image\" src=\"https:\/\/avantgroup.az\/wp-content\/uploads\/2024\/09\/PHOTO-2024-09-13-15-27-39-2.jpg\" alt=\"PHOTO-2024-09-13-15-27-39 2\" \/><\/figure><\/a><\/div><div class=\"swiper-slide\" role=\"group\" aria-roledescription=\"slide\" aria-label=\"2 of 7\"><a data-elementor-open-lightbox=\"yes\" data-elementor-lightbox-slideshow=\"44e493f9\" data-elementor-lightbox-title=\"PHOTO-2024-09-13-15-27-39\" data-e-action-hash=\"#elementor-action%3Aaction%3Dlightbox%26settings%3DeyJpZCI6NDUwOCwidXJsIjoiaHR0cHM6XC9cL2F2YW50Z3JvdXAuYXpcL3dwLWNvbnRlbnRcL3VwbG9hZHNcLzIwMjRcLzA5XC9QSE9UTy0yMDI0LTA5LTEzLTE1LTI3LTM5LmpwZyIsInNsaWRlc2hvdyI6IjQ0ZTQ5M2Y5In0%3D\" href=\"https:\/\/avantgroup.az\/wp-content\/uploads\/2024\/09\/PHOTO-2024-09-13-15-27-39.jpg\"><figure class=\"swiper-slide-inner\"><img decoding=\"async\" class=\"swiper-slide-image\" src=\"https:\/\/avantgroup.az\/wp-content\/uploads\/2024\/09\/PHOTO-2024-09-13-15-27-39.jpg\" alt=\"PHOTO-2024-09-13-15-27-39\" \/><\/figure><\/a><\/div><div class=\"swiper-slide\" role=\"group\" aria-roledescription=\"slide\" aria-label=\"3 of 7\"><a data-elementor-open-lightbox=\"yes\" data-elementor-lightbox-slideshow=\"44e493f9\" data-elementor-lightbox-title=\"PHOTO-2024-09-13-15-27-40 3\" data-e-action-hash=\"#elementor-action%3Aaction%3Dlightbox%26settings%3DeyJpZCI6NDUwOSwidXJsIjoiaHR0cHM6XC9cL2F2YW50Z3JvdXAuYXpcL3dwLWNvbnRlbnRcL3VwbG9hZHNcLzIwMjRcLzA5XC9QSE9UTy0yMDI0LTA5LTEzLTE1LTI3LTQwLTMuanBnIiwic2xpZGVzaG93IjoiNDRlNDkzZjkifQ%3D%3D\" href=\"https:\/\/avantgroup.az\/wp-content\/uploads\/2024\/09\/PHOTO-2024-09-13-15-27-40-3.jpg\"><figure class=\"swiper-slide-inner\"><img decoding=\"async\" class=\"swiper-slide-image\" src=\"https:\/\/avantgroup.az\/wp-content\/uploads\/2024\/09\/PHOTO-2024-09-13-15-27-40-3.jpg\" alt=\"PHOTO-2024-09-13-15-27-40 3\" \/><\/figure><\/a><\/div><div class=\"swiper-slide\" role=\"group\" aria-roledescription=\"slide\" aria-label=\"4 of 7\"><a data-elementor-open-lightbox=\"yes\" data-elementor-lightbox-slideshow=\"44e493f9\" data-elementor-lightbox-title=\"PHOTO-2024-09-13-15-27-40 4\" data-e-action-hash=\"#elementor-action%3Aaction%3Dlightbox%26settings%3DeyJpZCI6NDUxMCwidXJsIjoiaHR0cHM6XC9cL2F2YW50Z3JvdXAuYXpcL3dwLWNvbnRlbnRcL3VwbG9hZHNcLzIwMjRcLzA5XC9QSE9UTy0yMDI0LTA5LTEzLTE1LTI3LTQwLTQuanBnIiwic2xpZGVzaG93IjoiNDRlNDkzZjkifQ%3D%3D\" href=\"https:\/\/avantgroup.az\/wp-content\/uploads\/2024\/09\/PHOTO-2024-09-13-15-27-40-4.jpg\"><figure class=\"swiper-slide-inner\"><img decoding=\"async\" class=\"swiper-slide-image\" src=\"https:\/\/avantgroup.az\/wp-content\/uploads\/2024\/09\/PHOTO-2024-09-13-15-27-40-4.jpg\" alt=\"PHOTO-2024-09-13-15-27-40 4\" \/><\/figure><\/a><\/div><div class=\"swiper-slide\" role=\"group\" aria-roledescription=\"slide\" aria-label=\"5 of 7\"><a data-elementor-open-lightbox=\"yes\" data-elementor-lightbox-slideshow=\"44e493f9\" data-elementor-lightbox-title=\"PHOTO-2024-09-13-15-27-41 2\" data-e-action-hash=\"#elementor-action%3Aaction%3Dlightbox%26settings%3DeyJpZCI6NDUxMSwidXJsIjoiaHR0cHM6XC9cL2F2YW50Z3JvdXAuYXpcL3dwLWNvbnRlbnRcL3VwbG9hZHNcLzIwMjRcLzA5XC9QSE9UTy0yMDI0LTA5LTEzLTE1LTI3LTQxLTIuanBnIiwic2xpZGVzaG93IjoiNDRlNDkzZjkifQ%3D%3D\" href=\"https:\/\/avantgroup.az\/wp-content\/uploads\/2024\/09\/PHOTO-2024-09-13-15-27-41-2.jpg\"><figure class=\"swiper-slide-inner\"><img decoding=\"async\" class=\"swiper-slide-image\" src=\"https:\/\/avantgroup.az\/wp-content\/uploads\/2024\/09\/PHOTO-2024-09-13-15-27-41-2.jpg\" alt=\"PHOTO-2024-09-13-15-27-41 2\" \/><\/figure><\/a><\/div><div class=\"swiper-slide\" role=\"group\" aria-roledescription=\"slide\" aria-label=\"6 of 7\"><a data-elementor-open-lightbox=\"yes\" data-elementor-lightbox-slideshow=\"44e493f9\" data-elementor-lightbox-title=\"PHOTO-2024-09-13-15-27-41\" data-e-action-hash=\"#elementor-action%3Aaction%3Dlightbox%26settings%3DeyJpZCI6NDUxMiwidXJsIjoiaHR0cHM6XC9cL2F2YW50Z3JvdXAuYXpcL3dwLWNvbnRlbnRcL3VwbG9hZHNcLzIwMjRcLzA5XC9QSE9UTy0yMDI0LTA5LTEzLTE1LTI3LTQxLmpwZyIsInNsaWRlc2hvdyI6IjQ0ZTQ5M2Y5In0%3D\" href=\"https:\/\/avantgroup.az\/wp-content\/uploads\/2024\/09\/PHOTO-2024-09-13-15-27-41.jpg\"><figure class=\"swiper-slide-inner\"><img decoding=\"async\" class=\"swiper-slide-image\" src=\"https:\/\/avantgroup.az\/wp-content\/uploads\/2024\/09\/PHOTO-2024-09-13-15-27-41.jpg\" alt=\"PHOTO-2024-09-13-15-27-41\" \/><\/figure><\/a><\/div><div class=\"swiper-slide\" role=\"group\" aria-roledescription=\"slide\" aria-label=\"7 of 7\"><a data-elementor-open-lightbox=\"yes\" data-elementor-lightbox-slideshow=\"44e493f9\" data-elementor-lightbox-title=\"Cover\" data-e-action-hash=\"#elementor-action%3Aaction%3Dlightbox%26settings%3DeyJpZCI6NDUxMywidXJsIjoiaHR0cHM6XC9cL2F2YW50Z3JvdXAuYXpcL3dwLWNvbnRlbnRcL3VwbG9hZHNcLzIwMjRcLzA5XC9Db3Zlci01LmpwZyIsInNsaWRlc2hvdyI6IjQ0ZTQ5M2Y5In0%3D\" href=\"https:\/\/avantgroup.az\/wp-content\/uploads\/2024\/09\/Cover-5.jpg\"><figure class=\"swiper-slide-inner\"><img decoding=\"async\" class=\"swiper-slide-image\" src=\"https:\/\/avantgroup.az\/wp-content\/uploads\/2024\/09\/Cover-5.jpg\" alt=\"Cover\" \/><\/figure><\/a><\/div>\t\t\t<\/div>\n\t\t\t\t\t\t\t\n\t\t\t\t\t\t\t\t\t<\/div>\n\t\t\t\t<\/div>\n\t\t\t\t<\/div>\n\t\t\t\t<\/div>\n\t\t\t\t<\/div>\n\t\t","protected":false},"excerpt":{"rendered":"<p>. . . Layih\u0259 Haqq\u0131nda Etdikl\u0259rimiz<\/p>\n","protected":false},"author":1,"featured_media":4743,"parent":3171,"menu_order":7,"comment_status":"closed","ping_status":"closed","template":"elementor_header_footer","meta":{"_acf_changed":false,"footnotes":""},"class_list":["post-2274","page","type-page","status-publish","has-post-thumbnail","hentry"],"acf":[],"_links":{"self":[{"href":"https:\/\/avantgroup.az\/az\/wp-json\/wp\/v2\/pages\/2274","targetHints":{"allow":["GET"]}}],"collection":[{"href":"https:\/\/avantgroup.az\/az\/wp-json\/wp\/v2\/pages"}],"about":[{"href":"https:\/\/avantgroup.az\/az\/wp-json\/wp\/v2\/types\/page"}],"author":[{"embeddable":true,"href":"https:\/\/avantgroup.az\/az\/wp-json\/wp\/v2\/users\/1"}],"replies":[{"embeddable":true,"href":"https:\/\/avantgroup.az\/az\/wp-json\/wp\/v2\/comments?post=2274"}],"version-history":[{"count":29,"href":"https:\/\/avantgroup.az\/az\/wp-json\/wp\/v2\/pages\/2274\/revisions"}],"predecessor-version":[{"id":5300,"href":"https:\/\/avantgroup.az\/az\/wp-json\/wp\/v2\/pages\/2274\/revisions\/5300"}],"up":[{"embeddable":true,"href":"https:\/\/avantgroup.az\/az\/wp-json\/wp\/v2\/pages\/3171"}],"wp:featuredmedia":[{"embeddable":true,"href":"https:\/\/avantgroup.az\/az\/wp-json\/wp\/v2\/media\/4743"}],"wp:attachment":[{"href":"https:\/\/avantgroup.az\/az\/wp-json\/wp\/v2\/media?parent=2274"}],"curies":[{"name":"wp","href":"https:\/\/api.w.org\/{rel}","templated":true}]}}