{"id":2125,"date":"2024-10-02T08:00:20","date_gmt":"2024-10-02T08:00:20","guid":{"rendered":"http:\/\/new-avant.avantgroup.az\/?page_id=2125"},"modified":"2024-10-08T12:01:41","modified_gmt":"2024-10-08T12:01:41","slug":"shabran-wellbeing-resort-spa","status":"publish","type":"page","link":"https:\/\/avantgroup.az\/az\/project-single\/shabran-wellbeing-resort-spa\/","title":{"rendered":"Shabran Wellbeing Resort &amp; SPA\u00a0"},"content":{"rendered":"\t\t<div data-elementor-type=\"wp-page\" data-elementor-id=\"2125\" class=\"elementor elementor-2125\" data-elementor-post-type=\"page\">\n\t\t\t\t<div class=\"elementor-element elementor-element-24058088 e-flex e-con-boxed e-con e-child\" data-id=\"24058088\" data-element_type=\"container\" data-settings=\"{&quot;background_background&quot;:&quot;classic&quot;}\">\n\t\t\t\t\t<div class=\"e-con-inner\">\n\t\t<div class=\"elementor-element elementor-element-6975748f e-con-full e-flex e-con e-child\" data-id=\"6975748f\" data-element_type=\"container\">\n\t\t\t\t<div class=\"elementor-element elementor-element-1c8d667d elementor-widget__width-initial elementor-widget elementor-widget-heading\" data-id=\"1c8d667d\" data-element_type=\"widget\" data-widget_type=\"heading.default\">\n\t\t\t\t<div class=\"elementor-widget-container\">\n\t\t\t<style>\/*! elementor - v3.23.0 - 05-08-2024 *\/\n.elementor-heading-title{padding:0;margin:0;line-height:1}.elementor-widget-heading .elementor-heading-title[class*=elementor-size-]>a{color:inherit;font-size:inherit;line-height:inherit}.elementor-widget-heading .elementor-heading-title.elementor-size-small{font-size:15px}.elementor-widget-heading .elementor-heading-title.elementor-size-medium{font-size:19px}.elementor-widget-heading .elementor-heading-title.elementor-size-large{font-size:29px}.elementor-widget-heading .elementor-heading-title.elementor-size-xl{font-size:39px}.elementor-widget-heading .elementor-heading-title.elementor-size-xxl{font-size:59px}<\/style><h2 class=\"elementor-heading-title elementor-size-default\">A\u00e7ar t\u0259hvili<\/h2>\t\t<\/div>\n\t\t\t\t<\/div>\n\t\t\t\t<div class=\"elementor-element elementor-element-5d4045df elementor-widget__width-initial elementor-widget elementor-widget-heading\" data-id=\"5d4045df\" data-element_type=\"widget\" data-widget_type=\"heading.default\">\n\t\t\t\t<div class=\"elementor-widget-container\">\n\t\t\t<h2 class=\"elementor-heading-title elementor-size-default\">Qonaqlama<\/h2>\t\t<\/div>\n\t\t\t\t<\/div>\n\t\t\t\t<\/div>\n\t\t\t\t<div class=\"elementor-element elementor-element-2dd83b11 elementor-widget__width-initial title-banner elementor-widget elementor-widget-heading\" data-id=\"2dd83b11\" data-element_type=\"widget\" data-widget_type=\"heading.default\">\n\t\t\t\t<div class=\"elementor-widget-container\">\n\t\t\t<h1 class=\"elementor-heading-title elementor-size-default\">Shabran Wellbeing Resort &amp; SPA <\/h1>\t\t<\/div>\n\t\t\t\t<\/div>\n\t\t<div class=\"elementor-element elementor-element-35d3db19 e-con-full e-flex e-con e-child\" data-id=\"35d3db19\" data-element_type=\"container\">\n\t\t\t\t<div class=\"elementor-element elementor-element-5e4b846e elementor-widget elementor-widget-heading\" data-id=\"5e4b846e\" data-element_type=\"widget\" data-widget_type=\"heading.default\">\n\t\t\t\t<div class=\"elementor-widget-container\">\n\t\t\t<h2 class=\"elementor-heading-title elementor-size-default\">2022<\/h2>\t\t<\/div>\n\t\t\t\t<\/div>\n\t\t\t\t<div class=\"elementor-element elementor-element-6c489655 elementor-widget elementor-widget-heading\" data-id=\"6c489655\" data-element_type=\"widget\" data-widget_type=\"heading.default\">\n\t\t\t\t<div class=\"elementor-widget-container\">\n\t\t\t<h2 class=\"elementor-heading-title elementor-size-default\">.<\/h2>\t\t<\/div>\n\t\t\t\t<\/div>\n\t\t\t\t<div class=\"elementor-element elementor-element-371db5d elementor-widget elementor-widget-heading\" data-id=\"371db5d\" data-element_type=\"widget\" data-widget_type=\"heading.default\">\n\t\t\t\t<div class=\"elementor-widget-container\">\n\t\t\t<h2 class=\"elementor-heading-title elementor-size-default\">\u015eabran<\/h2>\t\t<\/div>\n\t\t\t\t<\/div>\n\t\t\t\t<div class=\"elementor-element elementor-element-5f339c49 elementor-widget elementor-widget-heading\" data-id=\"5f339c49\" data-element_type=\"widget\" data-widget_type=\"heading.default\">\n\t\t\t\t<div class=\"elementor-widget-container\">\n\t\t\t<h2 class=\"elementor-heading-title elementor-size-default\">.<\/h2>\t\t<\/div>\n\t\t\t\t<\/div>\n\t\t\t\t<div class=\"elementor-element elementor-element-7bddb32f elementor-widget elementor-widget-heading\" data-id=\"7bddb32f\" data-element_type=\"widget\" data-widget_type=\"heading.default\">\n\t\t\t\t<div class=\"elementor-widget-container\">\n\t\t\t<h2 class=\"elementor-heading-title elementor-size-default\">30 454 m<sup>2<\/sup><\/h2>\t\t<\/div>\n\t\t\t\t<\/div>\n\t\t\t\t<div class=\"elementor-element elementor-element-4d546277 elementor-widget elementor-widget-heading\" data-id=\"4d546277\" data-element_type=\"widget\" data-widget_type=\"heading.default\">\n\t\t\t\t<div class=\"elementor-widget-container\">\n\t\t\t<h2 class=\"elementor-heading-title elementor-size-default\">.<\/h2>\t\t<\/div>\n\t\t\t\t<\/div>\n\t\t\t\t<div class=\"elementor-element elementor-element-1c9eaf27 elementor-widget elementor-widget-heading\" data-id=\"1c9eaf27\" data-element_type=\"widget\" data-widget_type=\"heading.default\">\n\t\t\t\t<div class=\"elementor-widget-container\">\n\t\t\t<h2 class=\"elementor-heading-title elementor-size-default\">\u0130stirah\u0259t M\u0259rk\u0259zl\u0259ri v\u0259 Otel kompleksl\u0259ri<\/h2>\t\t<\/div>\n\t\t\t\t<\/div>\n\t\t\t\t<\/div>\n\t\t\t\t\t<\/div>\n\t\t\t\t<\/div>\n\t\t<div class=\"elementor-element elementor-element-379fb33 e-flex e-con-boxed e-con e-child\" data-id=\"379fb33\" data-element_type=\"container\" data-settings=\"{&quot;background_background&quot;:&quot;classic&quot;}\">\n\t\t\t\t\t<div class=\"e-con-inner\">\n\t\t<div class=\"elementor-element elementor-element-98835dd e-con-full e-flex e-con e-child\" data-id=\"98835dd\" data-element_type=\"container\">\n\t\t\t\t<div class=\"elementor-element elementor-element-71e695b title-level-1 elementor-widget elementor-widget-heading\" data-id=\"71e695b\" data-element_type=\"widget\" data-widget_type=\"heading.default\">\n\t\t\t\t<div class=\"elementor-widget-container\">\n\t\t\t<h1 class=\"elementor-heading-title elementor-size-default\">Premium \u0130stirah\u0259t M\u0259rk\u0259zinin Tikintisi, T\u0259miri v\u0259 Tam Daxili T\u0259minat\u0131<\/h1>\t\t<\/div>\n\t\t\t\t<\/div>\n\t\t\t\t<\/div>\n\t\t<div class=\"elementor-element elementor-element-f3f0883 e-con-full e-flex e-con e-child\" data-id=\"f3f0883\" data-element_type=\"container\">\n\t\t<div class=\"elementor-element elementor-element-b8b73a7 e-con-full project-description e-flex e-con e-child\" data-id=\"b8b73a7\" data-element_type=\"container\">\n\t\t\t\t<div class=\"elementor-element elementor-element-a3ba11d title-level-5 elementor-widget elementor-widget-heading\" data-id=\"a3ba11d\" data-element_type=\"widget\" data-widget_type=\"heading.default\">\n\t\t\t\t<div class=\"elementor-widget-container\">\n\t\t\t<style>\/*! elementor - v3.23.0 - 05-08-2024 *\/\n.elementor-heading-title{padding:0;margin:0;line-height:1}.elementor-widget-heading .elementor-heading-title[class*=elementor-size-]>a{color:inherit;font-size:inherit;line-height:inherit}.elementor-widget-heading .elementor-heading-title.elementor-size-small{font-size:15px}.elementor-widget-heading .elementor-heading-title.elementor-size-medium{font-size:19px}.elementor-widget-heading .elementor-heading-title.elementor-size-large{font-size:29px}.elementor-widget-heading .elementor-heading-title.elementor-size-xl{font-size:39px}.elementor-widget-heading .elementor-heading-title.elementor-size-xxl{font-size:59px}<\/style><h5 class=\"elementor-heading-title elementor-size-default\">Layih\u0259 Haqq\u0131nda<\/h5>\t\t<\/div>\n\t\t\t\t<\/div>\n\t\t\t\t<div class=\"elementor-element elementor-element-30e5065 elementor-widget elementor-widget-heading\" data-id=\"30e5065\" data-element_type=\"widget\" data-widget_type=\"heading.default\">\n\t\t\t\t<div class=\"elementor-widget-container\">\n\t\t\t<h2 class=\"elementor-heading-title elementor-size-default\">Layih\u0259nin \u0259sas m\u0259qs\u0259di \u015eabran rayonunda geni\u015f istirah\u0259t kompleksinin yarad\u0131lmas\u0131 idi. 12.6 hektarl\u0131q \u0259raziy\u0259 119 otaq v\u0259 suit n\u00f6mr\u0259l\u0259rd\u0259n ibar\u0259t otel v\u0259 30 kottec daxildir. Burada piyada yollar\u0131, u\u015faqlar \u00fc\u00e7\u00fcn oyun meydan\u00e7as\u0131, futbol meydan\u00e7as\u0131, qapal\u0131 hovuz v\u0259 geni\u015f yay terras\u0131 in\u015fa edilmi\u015fdir.\r\nLayih\u0259y\u0259 2019-cu ilin iyun ay\u0131nda ba\u015flad\u0131q v\u0259 2022-ci ilin dekabr ay\u0131nda layih\u0259ni u\u011furla t\u0259hvil verdik.\r\n<\/h2>\t\t<\/div>\n\t\t\t\t<\/div>\n\t\t\t\t<\/div>\n\t\t<div class=\"elementor-element elementor-element-73efd1c e-con-full e-flex e-con e-child\" data-id=\"73efd1c\" data-element_type=\"container\">\n\t\t\t\t<div class=\"elementor-element elementor-element-6255a04 title-level-5 elementor-widget elementor-widget-heading\" data-id=\"6255a04\" data-element_type=\"widget\" data-widget_type=\"heading.default\">\n\t\t\t\t<div class=\"elementor-widget-container\">\n\t\t\t<h5 class=\"elementor-heading-title elementor-size-default\">Etdikl\u0259rimiz<\/h5>\t\t<\/div>\n\t\t\t\t<\/div>\n\t\t\t\t<div class=\"elementor-element elementor-element-accc057 elementor-widget elementor-widget-heading\" data-id=\"accc057\" data-element_type=\"widget\" data-widget_type=\"heading.default\">\n\t\t\t\t<div class=\"elementor-widget-container\">\n\t\t\t<h2 class=\"elementor-heading-title elementor-size-default\">Layih\u0259l\u0259ndirm\u0259\r\n<\/br>\r\nBeton\r\n<\/br>\r\nTikinti \r\n<\/br>\r\nT\u0259mir \r\n<\/br>\r\nTam Daxili T\u0259minat\r\n<\/br>\r\nA\u00e7ar t\u0259hvili\r\n<\/h2>\t\t<\/div>\n\t\t\t\t<\/div>\n\t\t\t\t<\/div>\n\t\t\t\t<\/div>\n\t\t\t\t\t<\/div>\n\t\t\t\t<\/div>\n\t\t<div class=\"elementor-element elementor-element-46bece83 e-con-full e-flex e-con e-parent\" data-id=\"46bece83\" data-element_type=\"container\">\n\t\t\t\t<div class=\"elementor-element elementor-element-34d0a6aa project-gallery elementor-widget elementor-widget-image-carousel\" data-id=\"34d0a6aa\" data-element_type=\"widget\" data-settings=\"{&quot;slides_to_show&quot;:&quot;3&quot;,&quot;slides_to_show_mobile&quot;:&quot;2&quot;,&quot;slides_to_scroll&quot;:&quot;1&quot;,&quot;navigation&quot;:&quot;none&quot;,&quot;autoplay_speed&quot;:30000,&quot;speed&quot;:1000,&quot;image_spacing_custom&quot;:{&quot;unit&quot;:&quot;px&quot;,&quot;size&quot;:60,&quot;sizes&quot;:[]},&quot;image_spacing_custom_tablet&quot;:{&quot;unit&quot;:&quot;rem&quot;,&quot;size&quot;:&quot;&quot;,&quot;sizes&quot;:[]},&quot;image_spacing_custom_mobile&quot;:{&quot;unit&quot;:&quot;rem&quot;,&quot;size&quot;:&quot;&quot;,&quot;sizes&quot;:[]},&quot;autoplay&quot;:&quot;yes&quot;,&quot;pause_on_hover&quot;:&quot;yes&quot;,&quot;pause_on_interaction&quot;:&quot;yes&quot;,&quot;infinite&quot;:&quot;yes&quot;}\" data-widget_type=\"image-carousel.default\">\n\t\t\t\t<div class=\"elementor-widget-container\">\n\t\t\t<style>\/*! elementor - v3.23.0 - 05-08-2024 *\/\n.elementor-widget-image-carousel .swiper,.elementor-widget-image-carousel .swiper-container{position:static}.elementor-widget-image-carousel .swiper-container .swiper-slide figure,.elementor-widget-image-carousel .swiper .swiper-slide figure{line-height:inherit}.elementor-widget-image-carousel .swiper-slide{text-align:center}.elementor-image-carousel-wrapper:not(.swiper-container-initialized):not(.swiper-initialized) .swiper-slide{max-width:calc(100% \/ var(--e-image-carousel-slides-to-show, 3))}<\/style>\t\t<div class=\"elementor-image-carousel-wrapper swiper\" dir=\"ltr\">\n\t\t\t<div class=\"elementor-image-carousel swiper-wrapper\" aria-live=\"off\">\n\t\t\t\t\t\t\t\t<div class=\"swiper-slide\" role=\"group\" aria-roledescription=\"slide\" aria-label=\"<trp-gettext data-trpgettextoriginal=1173>1 \u0438\u0437 9<\/trp-gettext>\"><a data-elementor-open-lightbox=\"yes\" data-elementor-lightbox-slideshow=\"34d0a6aa\" data-elementor-lightbox-title=\"Cover\" data-e-action-hash=\"#elementor-action%3Aaction%3Dlightbox%26settings%3DeyJpZCI6NDU3MSwidXJsIjoiaHR0cHM6XC9cL2F2YW50Z3JvdXAuYXpcL3dwLWNvbnRlbnRcL3VwbG9hZHNcLzIwMjRcLzA5XC9Db3Zlci04LXNjYWxlZC5qcGciLCJzbGlkZXNob3ciOiIzNGQwYTZhYSJ9\" href=\"https:\/\/avantgroup.az\/wp-content\/uploads\/2024\/09\/Cover-8-scaled.jpg\"><figure class=\"swiper-slide-inner\"><img decoding=\"async\" class=\"swiper-slide-image\" src=\"https:\/\/avantgroup.az\/wp-content\/uploads\/2024\/09\/Cover-8-scaled.jpg\" alt=\"Cover\" \/><\/figure><\/a><\/div><div class=\"swiper-slide\" role=\"group\" aria-roledescription=\"slide\" aria-label=\"<trp-gettext data-trpgettextoriginal=1173>2 \u0438\u0437 9<\/trp-gettext>\"><a data-elementor-open-lightbox=\"yes\" data-elementor-lightbox-slideshow=\"34d0a6aa\" data-elementor-lightbox-title=\"DSC_2895\" data-e-action-hash=\"#elementor-action%3Aaction%3Dlightbox%26settings%3DeyJpZCI6NDU3MiwidXJsIjoiaHR0cHM6XC9cL2F2YW50Z3JvdXAuYXpcL3dwLWNvbnRlbnRcL3VwbG9hZHNcLzIwMjRcLzA5XC9EU0NfMjg5NS1zY2FsZWQuanBnIiwic2xpZGVzaG93IjoiMzRkMGE2YWEifQ%3D%3D\" href=\"https:\/\/avantgroup.az\/wp-content\/uploads\/2024\/09\/DSC_2895-scaled.jpg\"><figure class=\"swiper-slide-inner\"><img decoding=\"async\" class=\"swiper-slide-image\" src=\"https:\/\/avantgroup.az\/wp-content\/uploads\/2024\/09\/DSC_2895-scaled.jpg\" alt=\"DSC_2895\" \/><\/figure><\/a><\/div><div class=\"swiper-slide\" role=\"group\" aria-roledescription=\"slide\" aria-label=\"<trp-gettext data-trpgettextoriginal=1173>3 \u0438\u0437 9<\/trp-gettext>\"><a data-elementor-open-lightbox=\"yes\" data-elementor-lightbox-slideshow=\"34d0a6aa\" data-elementor-lightbox-title=\"DSC_2950\" data-e-action-hash=\"#elementor-action%3Aaction%3Dlightbox%26settings%3DeyJpZCI6NDU3MywidXJsIjoiaHR0cHM6XC9cL2F2YW50Z3JvdXAuYXpcL3dwLWNvbnRlbnRcL3VwbG9hZHNcLzIwMjRcLzA5XC9EU0NfMjk1MC1zY2FsZWQuanBnIiwic2xpZGVzaG93IjoiMzRkMGE2YWEifQ%3D%3D\" href=\"https:\/\/avantgroup.az\/wp-content\/uploads\/2024\/09\/DSC_2950-scaled.jpg\"><figure class=\"swiper-slide-inner\"><img decoding=\"async\" class=\"swiper-slide-image\" src=\"https:\/\/avantgroup.az\/wp-content\/uploads\/2024\/09\/DSC_2950-scaled.jpg\" alt=\"DSC_2950\" \/><\/figure><\/a><\/div><div class=\"swiper-slide\" role=\"group\" aria-roledescription=\"slide\" aria-label=\"<trp-gettext data-trpgettextoriginal=1173>4 \u0438\u0437 9<\/trp-gettext>\"><a data-elementor-open-lightbox=\"yes\" data-elementor-lightbox-slideshow=\"34d0a6aa\" data-elementor-lightbox-title=\"DSC_3018\" data-e-action-hash=\"#elementor-action%3Aaction%3Dlightbox%26settings%3DeyJpZCI6NDU3NCwidXJsIjoiaHR0cHM6XC9cL2F2YW50Z3JvdXAuYXpcL3dwLWNvbnRlbnRcL3VwbG9hZHNcLzIwMjRcLzA5XC9EU0NfMzAxOC1zY2FsZWQuanBnIiwic2xpZGVzaG93IjoiMzRkMGE2YWEifQ%3D%3D\" href=\"https:\/\/avantgroup.az\/wp-content\/uploads\/2024\/09\/DSC_3018-scaled.jpg\"><figure class=\"swiper-slide-inner\"><img decoding=\"async\" class=\"swiper-slide-image\" src=\"https:\/\/avantgroup.az\/wp-content\/uploads\/2024\/09\/DSC_3018-scaled.jpg\" alt=\"DSC_3018\" \/><\/figure><\/a><\/div><div class=\"swiper-slide\" role=\"group\" aria-roledescription=\"slide\" aria-label=\"<trp-gettext data-trpgettextoriginal=1173>5 \u0438\u0437 9<\/trp-gettext>\"><a data-elementor-open-lightbox=\"yes\" data-elementor-lightbox-slideshow=\"34d0a6aa\" data-elementor-lightbox-title=\"DSC_3049\" data-e-action-hash=\"#elementor-action%3Aaction%3Dlightbox%26settings%3DeyJpZCI6NDU3NSwidXJsIjoiaHR0cHM6XC9cL2F2YW50Z3JvdXAuYXpcL3dwLWNvbnRlbnRcL3VwbG9hZHNcLzIwMjRcLzA5XC9EU0NfMzA0OS1zY2FsZWQuanBnIiwic2xpZGVzaG93IjoiMzRkMGE2YWEifQ%3D%3D\" href=\"https:\/\/avantgroup.az\/wp-content\/uploads\/2024\/09\/DSC_3049-scaled.jpg\"><figure class=\"swiper-slide-inner\"><img decoding=\"async\" class=\"swiper-slide-image\" src=\"https:\/\/avantgroup.az\/wp-content\/uploads\/2024\/09\/DSC_3049-scaled.jpg\" alt=\"DSC_3049\" \/><\/figure><\/a><\/div><div class=\"swiper-slide\" role=\"group\" aria-roledescription=\"slide\" aria-label=\"<trp-gettext data-trpgettextoriginal=1173>6 \u0438\u0437 9<\/trp-gettext>\"><a data-elementor-open-lightbox=\"yes\" data-elementor-lightbox-slideshow=\"34d0a6aa\" data-elementor-lightbox-title=\"DSC_3174\" data-e-action-hash=\"#elementor-action%3Aaction%3Dlightbox%26settings%3DeyJpZCI6NDU3NiwidXJsIjoiaHR0cHM6XC9cL2F2YW50Z3JvdXAuYXpcL3dwLWNvbnRlbnRcL3VwbG9hZHNcLzIwMjRcLzA5XC9EU0NfMzE3NC1zY2FsZWQuanBnIiwic2xpZGVzaG93IjoiMzRkMGE2YWEifQ%3D%3D\" href=\"https:\/\/avantgroup.az\/wp-content\/uploads\/2024\/09\/DSC_3174-scaled.jpg\"><figure class=\"swiper-slide-inner\"><img decoding=\"async\" class=\"swiper-slide-image\" src=\"https:\/\/avantgroup.az\/wp-content\/uploads\/2024\/09\/DSC_3174-scaled.jpg\" alt=\"DSC_3174\" \/><\/figure><\/a><\/div><div class=\"swiper-slide\" role=\"group\" aria-roledescription=\"slide\" aria-label=\"<trp-gettext data-trpgettextoriginal=1173>7 \u0438\u0437 9<\/trp-gettext>\"><a data-elementor-open-lightbox=\"yes\" data-elementor-lightbox-slideshow=\"34d0a6aa\" data-elementor-lightbox-title=\"DSC_3490\" data-e-action-hash=\"#elementor-action%3Aaction%3Dlightbox%26settings%3DeyJpZCI6NDU3OCwidXJsIjoiaHR0cHM6XC9cL2F2YW50Z3JvdXAuYXpcL3dwLWNvbnRlbnRcL3VwbG9hZHNcLzIwMjRcLzA5XC9EU0NfMzQ5MC1zY2FsZWQuanBnIiwic2xpZGVzaG93IjoiMzRkMGE2YWEifQ%3D%3D\" href=\"https:\/\/avantgroup.az\/wp-content\/uploads\/2024\/09\/DSC_3490-scaled.jpg\"><figure class=\"swiper-slide-inner\"><img decoding=\"async\" class=\"swiper-slide-image\" src=\"https:\/\/avantgroup.az\/wp-content\/uploads\/2024\/09\/DSC_3490-scaled.jpg\" alt=\"DSC_3490\" \/><\/figure><\/a><\/div><div class=\"swiper-slide\" role=\"group\" aria-roledescription=\"slide\" aria-label=\"<trp-gettext data-trpgettextoriginal=1173>8 \u0438\u0437 9<\/trp-gettext>\"><a data-elementor-open-lightbox=\"yes\" data-elementor-lightbox-slideshow=\"34d0a6aa\" data-elementor-lightbox-title=\"Sabran Hotel MN - (15)\" data-e-action-hash=\"#elementor-action%3Aaction%3Dlightbox%26settings%3DeyJpZCI6NDU3OSwidXJsIjoiaHR0cHM6XC9cL2F2YW50Z3JvdXAuYXpcL3dwLWNvbnRlbnRcL3VwbG9hZHNcLzIwMjRcLzA5XC9TYWJyYW4tSG90ZWwtTU4tMTUud2VicCIsInNsaWRlc2hvdyI6IjM0ZDBhNmFhIn0%3D\" href=\"https:\/\/avantgroup.az\/wp-content\/uploads\/2024\/09\/Sabran-Hotel-MN-15.webp\"><figure class=\"swiper-slide-inner\"><img decoding=\"async\" class=\"swiper-slide-image\" src=\"https:\/\/avantgroup.az\/wp-content\/uploads\/2024\/09\/Sabran-Hotel-MN-15.webp\" alt=\"Sabran Hotel MN - (15)\" \/><\/figure><\/a><\/div><div class=\"swiper-slide\" role=\"group\" aria-roledescription=\"slide\" aria-label=\"<trp-gettext data-trpgettextoriginal=1173>9 \u0438\u0437 9<\/trp-gettext>\"><a data-elementor-open-lightbox=\"yes\" data-elementor-lightbox-slideshow=\"34d0a6aa\" data-elementor-lightbox-title=\"0Y6A4913\" data-e-action-hash=\"#elementor-action%3Aaction%3Dlightbox%26settings%3DeyJpZCI6NDU4MCwidXJsIjoiaHR0cHM6XC9cL2F2YW50Z3JvdXAuYXpcL3dwLWNvbnRlbnRcL3VwbG9hZHNcLzIwMjRcLzA5XC8wWTZBNDkxMy1zY2FsZWQuanBnIiwic2xpZGVzaG93IjoiMzRkMGE2YWEifQ%3D%3D\" href=\"https:\/\/avantgroup.az\/wp-content\/uploads\/2024\/09\/0Y6A4913-scaled.jpg\"><figure class=\"swiper-slide-inner\"><img decoding=\"async\" class=\"swiper-slide-image\" src=\"https:\/\/avantgroup.az\/wp-content\/uploads\/2024\/09\/0Y6A4913-scaled.jpg\" alt=\"0Y6A4913\" \/><\/figure><\/a><\/div>\t\t\t<\/div>\n\t\t\t\t\t\t\t\n\t\t\t\t\t\t\t\t\t<\/div>\n\t\t\t\t<\/div>\n\t\t\t\t<\/div>\n\t\t\t\t<\/div>\n\t\t\t\t<\/div>\n\t\t","protected":false},"excerpt":{"rendered":"<p>. . . Layih\u0259 Haqq\u0131nda Etdikl\u0259rimiz<\/p>\n","protected":false},"author":1,"featured_media":4748,"parent":3171,"menu_order":8,"comment_status":"closed","ping_status":"closed","template":"elementor_header_footer","meta":{"_acf_changed":false,"footnotes":""},"class_list":["post-2125","page","type-page","status-publish","has-post-thumbnail","hentry"],"acf":[],"_links":{"self":[{"href":"https:\/\/avantgroup.az\/az\/wp-json\/wp\/v2\/pages\/2125","targetHints":{"allow":["GET"]}}],"collection":[{"href":"https:\/\/avantgroup.az\/az\/wp-json\/wp\/v2\/pages"}],"about":[{"href":"https:\/\/avantgroup.az\/az\/wp-json\/wp\/v2\/types\/page"}],"author":[{"embeddable":true,"href":"https:\/\/avantgroup.az\/az\/wp-json\/wp\/v2\/users\/1"}],"replies":[{"embeddable":true,"href":"https:\/\/avantgroup.az\/az\/wp-json\/wp\/v2\/comments?post=2125"}],"version-history":[{"count":42,"href":"https:\/\/avantgroup.az\/az\/wp-json\/wp\/v2\/pages\/2125\/revisions"}],"predecessor-version":[{"id":5303,"href":"https:\/\/avantgroup.az\/az\/wp-json\/wp\/v2\/pages\/2125\/revisions\/5303"}],"up":[{"embeddable":true,"href":"https:\/\/avantgroup.az\/az\/wp-json\/wp\/v2\/pages\/3171"}],"wp:featuredmedia":[{"embeddable":true,"href":"https:\/\/avantgroup.az\/az\/wp-json\/wp\/v2\/media\/4748"}],"wp:attachment":[{"href":"https:\/\/avantgroup.az\/az\/wp-json\/wp\/v2\/media?parent=2125"}],"curies":[{"name":"wp","href":"https:\/\/api.w.org\/{rel}","templated":true}]}}