{"id":2070,"date":"2024-08-20T07:49:08","date_gmt":"2024-08-20T07:49:08","guid":{"rendered":"http:\/\/new-avant.avantgroup.az\/?page_id=2070"},"modified":"2024-10-18T13:22:04","modified_gmt":"2024-10-18T13:22:04","slug":"projects","status":"publish","type":"page","link":"https:\/\/avantgroup.az\/az\/projects\/","title":{"rendered":"Projects"},"content":{"rendered":"\t\t<div data-elementor-type=\"wp-page\" data-elementor-id=\"2070\" class=\"elementor elementor-2070\" data-elementor-post-type=\"page\">\n\t\t\t\t<div class=\"elementor-element elementor-element-70b8c4d breadcrumbs e-flex e-con-boxed e-con e-parent\" data-id=\"70b8c4d\" data-element_type=\"container\">\n\t\t\t\t\t<div class=\"e-con-inner\">\n\t\t\t\t<div class=\"elementor-element elementor-element-97850c4 elementor-widget elementor-widget-heading\" data-id=\"97850c4\" data-element_type=\"widget\" data-widget_type=\"heading.default\">\n\t\t\t\t<div class=\"elementor-widget-container\">\n\t\t\t<style>\/*! elementor - v3.23.0 - 05-08-2024 *\/\n.elementor-heading-title{padding:0;margin:0;line-height:1}.elementor-widget-heading .elementor-heading-title[class*=elementor-size-]>a{color:inherit;font-size:inherit;line-height:inherit}.elementor-widget-heading .elementor-heading-title.elementor-size-small{font-size:15px}.elementor-widget-heading .elementor-heading-title.elementor-size-medium{font-size:19px}.elementor-widget-heading .elementor-heading-title.elementor-size-large{font-size:29px}.elementor-widget-heading .elementor-heading-title.elementor-size-xl{font-size:39px}.elementor-widget-heading .elementor-heading-title.elementor-size-xxl{font-size:59px}<\/style><h2 class=\"elementor-heading-title elementor-size-default\"><a href=\"\/\">Ana S\u0259hif\u0259<\/a><\/h2>\t\t<\/div>\n\t\t\t\t<\/div>\n\t\t\t\t<div class=\"elementor-element elementor-element-f4f6f42 elementor-widget elementor-widget-heading\" data-id=\"f4f6f42\" data-element_type=\"widget\" data-widget_type=\"heading.default\">\n\t\t\t\t<div class=\"elementor-widget-container\">\n\t\t\t<h2 class=\"elementor-heading-title elementor-size-default\">. Layih\u0259l\u0259r\n<\/h2>\t\t<\/div>\n\t\t\t\t<\/div>\n\t\t\t\t\t<\/div>\n\t\t\t\t<\/div>\n\t\t<div class=\"elementor-element elementor-element-7d7f82e e-flex e-con-boxed e-con e-parent\" data-id=\"7d7f82e\" data-element_type=\"container\">\n\t\t\t\t\t<div class=\"e-con-inner\">\n\t\t\t\t<div class=\"elementor-element elementor-element-c105568 title-banner elementor-widget elementor-widget-heading\" data-id=\"c105568\" data-element_type=\"widget\" data-settings=\"{&quot;_animation&quot;:&quot;none&quot;}\" data-widget_type=\"heading.default\">\n\t\t\t\t<div class=\"elementor-widget-container\">\n\t\t\t<h1 class=\"elementor-heading-title elementor-size-default\">Layih\u0259l\u0259r<\/h1>\t\t<\/div>\n\t\t\t\t<\/div>\n\t\t\t\t\t<\/div>\n\t\t\t\t<\/div>\n\t\t<div class=\"elementor-element elementor-element-bf0ecac e-flex e-con-boxed e-con e-parent\" data-id=\"bf0ecac\" data-element_type=\"container\">\n\t\t\t\t\t<div class=\"e-con-inner\">\n\t\t\t\t<div class=\"elementor-element elementor-element-37690f2 elementor-widget__width-initial elementor-widget-mobile__width-inherit elementor-widget elementor-widget-heading\" data-id=\"37690f2\" data-element_type=\"widget\" data-widget_type=\"heading.default\">\n\t\t\t\t<div class=\"elementor-widget-container\">\n\t\t\t<h2 class=\"elementor-heading-title elementor-size-default\">Pe\u015f\u0259karl\u0131\u011f\u0131m\u0131z t\u0259hvil verdiyimiz u\u011furlu layih\u0259l\u0259rd\u0259 \u00f6z \u0259ksini tap\u0131r.<\/h2>\t\t<\/div>\n\t\t\t\t<\/div>\n\t\t\t\t\t<\/div>\n\t\t\t\t<\/div>\n\t\t<div class=\"elementor-element elementor-element-00ae861 project-description e-flex e-con-boxed e-con e-parent\" data-id=\"00ae861\" data-element_type=\"container\">\n\t\t\t\t\t<div class=\"e-con-inner\">\n\t\t\t\t<div class=\"elementor-element elementor-element-5f528e2 projects-list elementor-grid-mobile-2 elementor-grid-2 elementor-grid-tablet-2 elementor-posts--thumbnail-top elementor-widget elementor-widget-posts\" data-id=\"5f528e2\" data-element_type=\"widget\" data-settings=\"{&quot;pagination_type&quot;:&quot;load_more_infinite_scroll&quot;,&quot;classic_columns_mobile&quot;:&quot;2&quot;,&quot;classic_row_gap_mobile&quot;:{&quot;unit&quot;:&quot;px&quot;,&quot;size&quot;:30,&quot;sizes&quot;:[]},&quot;classic_columns&quot;:&quot;2&quot;,&quot;classic_columns_tablet&quot;:&quot;2&quot;,&quot;classic_row_gap&quot;:{&quot;unit&quot;:&quot;px&quot;,&quot;size&quot;:35,&quot;sizes&quot;:[]},&quot;classic_row_gap_tablet&quot;:{&quot;unit&quot;:&quot;px&quot;,&quot;size&quot;:&quot;&quot;,&quot;sizes&quot;:[]},&quot;load_more_spinner&quot;:{&quot;value&quot;:&quot;fas fa-spinner&quot;,&quot;library&quot;:&quot;fa-solid&quot;}}\" data-widget_type=\"posts.classic\">\n\t\t\t\t<div class=\"elementor-widget-container\">\n\t\t\t<link rel=\"stylesheet\" href=\"https:\/\/avantgroup.az\/wp-content\/plugins\/elementor-pro\/assets\/css\/widget-posts.min.css?ver=1722858917\">\t\t<div class=\"elementor-posts-container elementor-posts elementor-posts--skin-classic elementor-grid\">\n\t\t\t\t<article class=\"elementor-post elementor-grid-item post-3197 page type-page status-publish has-post-thumbnail hentry\">\n\t\t\t\t<a class=\"elementor-post__thumbnail__link\" href=\"https:\/\/avantgroup.az\/az\/project-single\/flame-towers\/\" tabindex=\"-1\" target=&quot;_blank&quot;>\n\t\t\t<div class=\"elementor-post__thumbnail\"><img fetchpriority=\"high\" decoding=\"async\" width=\"1536\" height=\"1040\" src=\"https:\/\/avantgroup.az\/wp-content\/uploads\/2024\/09\/Flame-Towers-768x520-1.jpg\" class=\"attachment-full size-full wp-image-4737\" alt=\"\" srcset=\"https:\/\/avantgroup.az\/wp-content\/uploads\/2024\/09\/Flame-Towers-768x520-1.jpg 1536w, https:\/\/avantgroup.az\/wp-content\/uploads\/2024\/09\/Flame-Towers-768x520-1-300x203.jpg 300w, https:\/\/avantgroup.az\/wp-content\/uploads\/2024\/09\/Flame-Towers-768x520-1-1024x693.jpg 1024w, https:\/\/avantgroup.az\/wp-content\/uploads\/2024\/09\/Flame-Towers-768x520-1-768x520.jpg 768w, https:\/\/avantgroup.az\/wp-content\/uploads\/2024\/09\/Flame-Towers-768x520-1-18x12.jpg 18w\" sizes=\"(max-width: 1536px) 100vw, 1536px\" \/><\/div>\n\t\t<\/a>\n\t\t\t\t<div class=\"elementor-post__text\">\n\t\t\t\t<h3 class=\"elementor-post__title\">\n\t\t\t<a href=\"https:\/\/avantgroup.az\/az\/project-single\/flame-towers\/\" target=&quot;_blank&quot;>\n\t\t\t\tFlame Towers\t\t\t<\/a>\n\t\t<\/h3>\n\t\t\t\t<\/div>\n\t\t\t\t<\/article>\n\t\t\t\t<article class=\"elementor-post elementor-grid-item post-2274 page type-page status-publish has-post-thumbnail hentry\">\n\t\t\t\t<a class=\"elementor-post__thumbnail__link\" href=\"https:\/\/avantgroup.az\/az\/project-single\/gulustan-palace\/\" tabindex=\"-1\" target=&quot;_blank&quot;>\n\t\t\t<div class=\"elementor-post__thumbnail\"><img decoding=\"async\" width=\"1536\" height=\"1040\" src=\"https:\/\/avantgroup.az\/wp-content\/uploads\/2024\/09\/Gulustan-Palace-768x520-1.jpg\" class=\"attachment-full size-full wp-image-4743\" alt=\"\" srcset=\"https:\/\/avantgroup.az\/wp-content\/uploads\/2024\/09\/Gulustan-Palace-768x520-1.jpg 1536w, https:\/\/avantgroup.az\/wp-content\/uploads\/2024\/09\/Gulustan-Palace-768x520-1-300x203.jpg 300w, https:\/\/avantgroup.az\/wp-content\/uploads\/2024\/09\/Gulustan-Palace-768x520-1-1024x693.jpg 1024w, https:\/\/avantgroup.az\/wp-content\/uploads\/2024\/09\/Gulustan-Palace-768x520-1-768x520.jpg 768w, https:\/\/avantgroup.az\/wp-content\/uploads\/2024\/09\/Gulustan-Palace-768x520-1-18x12.jpg 18w\" sizes=\"(max-width: 1536px) 100vw, 1536px\" \/><\/div>\n\t\t<\/a>\n\t\t\t\t<div class=\"elementor-post__text\">\n\t\t\t\t<h3 class=\"elementor-post__title\">\n\t\t\t<a href=\"https:\/\/avantgroup.az\/az\/project-single\/gulustan-palace\/\" target=&quot;_blank&quot;>\n\t\t\t\tG\u00fcl\u00fcstan Saray\u0131\u00a0\t\t\t<\/a>\n\t\t<\/h3>\n\t\t\t\t<\/div>\n\t\t\t\t<\/article>\n\t\t\t\t<article class=\"elementor-post elementor-grid-item post-2125 page type-page status-publish has-post-thumbnail hentry\">\n\t\t\t\t<a class=\"elementor-post__thumbnail__link\" href=\"https:\/\/avantgroup.az\/az\/project-single\/shabran-wellbeing-resort-spa\/\" tabindex=\"-1\" target=&quot;_blank&quot;>\n\t\t\t<div class=\"elementor-post__thumbnail\"><img decoding=\"async\" width=\"1536\" height=\"1040\" src=\"https:\/\/avantgroup.az\/wp-content\/uploads\/2024\/09\/Shabran-768x520-1.jpg\" class=\"attachment-full size-full wp-image-4748\" alt=\"\" srcset=\"https:\/\/avantgroup.az\/wp-content\/uploads\/2024\/09\/Shabran-768x520-1.jpg 1536w, https:\/\/avantgroup.az\/wp-content\/uploads\/2024\/09\/Shabran-768x520-1-300x203.jpg 300w, https:\/\/avantgroup.az\/wp-content\/uploads\/2024\/09\/Shabran-768x520-1-1024x693.jpg 1024w, https:\/\/avantgroup.az\/wp-content\/uploads\/2024\/09\/Shabran-768x520-1-768x520.jpg 768w, https:\/\/avantgroup.az\/wp-content\/uploads\/2024\/09\/Shabran-768x520-1-18x12.jpg 18w\" sizes=\"(max-width: 1536px) 100vw, 1536px\" \/><\/div>\n\t\t<\/a>\n\t\t\t\t<div class=\"elementor-post__text\">\n\t\t\t\t<h3 class=\"elementor-post__title\">\n\t\t\t<a href=\"https:\/\/avantgroup.az\/az\/project-single\/shabran-wellbeing-resort-spa\/\" target=&quot;_blank&quot;>\n\t\t\t\tShabran Wellbeing Resort &amp; SPA\u00a0\t\t\t<\/a>\n\t\t<\/h3>\n\t\t\t\t<\/div>\n\t\t\t\t<\/article>\n\t\t\t\t<article class=\"elementor-post elementor-grid-item post-2271 page type-page status-publish has-post-thumbnail hentry\">\n\t\t\t\t<a class=\"elementor-post__thumbnail__link\" href=\"https:\/\/avantgroup.az\/az\/project-single\/basqal-resort-spa-hotel\/\" tabindex=\"-1\" target=&quot;_blank&quot;>\n\t\t\t<div class=\"elementor-post__thumbnail\"><img loading=\"lazy\" decoding=\"async\" width=\"1536\" height=\"1040\" src=\"https:\/\/avantgroup.az\/wp-content\/uploads\/2024\/09\/Basqal-768x520-1.jpg\" class=\"attachment-full size-full wp-image-4741\" alt=\"\" srcset=\"https:\/\/avantgroup.az\/wp-content\/uploads\/2024\/09\/Basqal-768x520-1.jpg 1536w, https:\/\/avantgroup.az\/wp-content\/uploads\/2024\/09\/Basqal-768x520-1-300x203.jpg 300w, https:\/\/avantgroup.az\/wp-content\/uploads\/2024\/09\/Basqal-768x520-1-1024x693.jpg 1024w, https:\/\/avantgroup.az\/wp-content\/uploads\/2024\/09\/Basqal-768x520-1-768x520.jpg 768w, https:\/\/avantgroup.az\/wp-content\/uploads\/2024\/09\/Basqal-768x520-1-18x12.jpg 18w\" sizes=\"(max-width: 1536px) 100vw, 1536px\" \/><\/div>\n\t\t<\/a>\n\t\t\t\t<div class=\"elementor-post__text\">\n\t\t\t\t<h3 class=\"elementor-post__title\">\n\t\t\t<a href=\"https:\/\/avantgroup.az\/az\/project-single\/basqal-resort-spa-hotel\/\" target=&quot;_blank&quot;>\n\t\t\t\tBasqal Resort &amp; SPA Hotel\t\t\t<\/a>\n\t\t<\/h3>\n\t\t\t\t<\/div>\n\t\t\t\t<\/article>\n\t\t\t\t<article class=\"elementor-post elementor-grid-item post-2315 page type-page status-publish has-post-thumbnail hentry\">\n\t\t\t\t<a class=\"elementor-post__thumbnail__link\" href=\"https:\/\/avantgroup.az\/az\/project-single\/respublika-hotel\/\" tabindex=\"-1\" target=&quot;_blank&quot;>\n\t\t\t<div class=\"elementor-post__thumbnail\"><img loading=\"lazy\" decoding=\"async\" width=\"1536\" height=\"1040\" src=\"https:\/\/avantgroup.az\/wp-content\/uploads\/2024\/09\/Respublika-Hotel-768x520-2.jpg\" class=\"attachment-full size-full wp-image-4755\" alt=\"\" srcset=\"https:\/\/avantgroup.az\/wp-content\/uploads\/2024\/09\/Respublika-Hotel-768x520-2.jpg 1536w, https:\/\/avantgroup.az\/wp-content\/uploads\/2024\/09\/Respublika-Hotel-768x520-2-300x203.jpg 300w, https:\/\/avantgroup.az\/wp-content\/uploads\/2024\/09\/Respublika-Hotel-768x520-2-1024x693.jpg 1024w, https:\/\/avantgroup.az\/wp-content\/uploads\/2024\/09\/Respublika-Hotel-768x520-2-768x520.jpg 768w, https:\/\/avantgroup.az\/wp-content\/uploads\/2024\/09\/Respublika-Hotel-768x520-2-18x12.jpg 18w\" sizes=\"(max-width: 1536px) 100vw, 1536px\" \/><\/div>\n\t\t<\/a>\n\t\t\t\t<div class=\"elementor-post__text\">\n\t\t\t\t<h3 class=\"elementor-post__title\">\n\t\t\t<a href=\"https:\/\/avantgroup.az\/az\/project-single\/respublika-hotel\/\" target=&quot;_blank&quot;>\n\t\t\t\t\u201cRespublika\u201d Hotel\t\t\t<\/a>\n\t\t<\/h3>\n\t\t\t\t<\/div>\n\t\t\t\t<\/article>\n\t\t\t\t<article class=\"elementor-post elementor-grid-item post-2521 page type-page status-publish has-post-thumbnail hentry\">\n\t\t\t\t<a class=\"elementor-post__thumbnail__link\" href=\"https:\/\/avantgroup.az\/az\/project-single\/avant-park\/\" tabindex=\"-1\" target=&quot;_blank&quot;>\n\t\t\t<div class=\"elementor-post__thumbnail\"><img loading=\"lazy\" decoding=\"async\" width=\"580\" height=\"775\" src=\"https:\/\/avantgroup.az\/wp-content\/uploads\/2024\/09\/Cover-6.png\" class=\"attachment-full size-full wp-image-4938\" alt=\"\" srcset=\"https:\/\/avantgroup.az\/wp-content\/uploads\/2024\/09\/Cover-6.png 580w, https:\/\/avantgroup.az\/wp-content\/uploads\/2024\/09\/Cover-6-225x300.png 225w, https:\/\/avantgroup.az\/wp-content\/uploads\/2024\/09\/Cover-6-9x12.png 9w\" sizes=\"(max-width: 580px) 100vw, 580px\" \/><\/div>\n\t\t<\/a>\n\t\t\t\t<div class=\"elementor-post__text\">\n\t\t\t\t<h3 class=\"elementor-post__title\">\n\t\t\t<a href=\"https:\/\/avantgroup.az\/az\/project-single\/avant-park\/\" target=&quot;_blank&quot;>\n\t\t\t\tAvant Park\t\t\t<\/a>\n\t\t<\/h3>\n\t\t\t\t<\/div>\n\t\t\t\t<\/article>\n\t\t\t\t<\/div>\n\t\t\t\t\t<span class=\"e-load-more-spinner\">\n\t\t\t\t<svg aria-hidden=\"true\" class=\"e-font-icon-svg e-fas-spinner\" viewBox=\"0 0 512 512\" xmlns=\"http:\/\/www.w3.org\/2000\/svg\"><path d=\"M304 48c0 26.51-21.49 48-48 48s-48-21.49-48-48 21.49-48 48-48 48 21.49 48 48zm-48 368c-26.51 0-48 21.49-48 48s21.49 48 48 48 48-21.49 48-48-21.49-48-48-48zm208-208c-26.51 0-48 21.49-48 48s21.49 48 48 48 48-21.49 48-48-21.49-48-48-48zM96 256c0-26.51-21.49-48-48-48S0 229.49 0 256s21.49 48 48 48 48-21.49 48-48zm12.922 99.078c-26.51 0-48 21.49-48 48s21.49 48 48 48 48-21.49 48-48c0-26.509-21.491-48-48-48zm294.156 0c-26.51 0-48 21.49-48 48s21.49 48 48 48 48-21.49 48-48c0-26.509-21.49-48-48-48zM108.922 60.922c-26.51 0-48 21.49-48 48s21.49 48 48 48 48-21.49 48-48-21.491-48-48-48z\"><\/path><\/svg>\t\t\t<\/span>\n\t\t\n\t\t\t\t<div class=\"e-load-more-anchor\" data-page=\"1\" data-max-page=\"4\" data-next-page=\"https:\/\/avantgroup.az\/az\/wp-json\/wp\/v2\/pages\/2070\/page\/2\/\"><\/div>\n\t\t\t\t<div class=\"e-load-more-message\"><\/div>\n\t\t\t\t<\/div>\n\t\t\t\t<\/div>\n\t\t\t\t\t<\/div>\n\t\t\t\t<\/div>\n\t\t<div class=\"elementor-element elementor-element-bc4fc83 e-flex e-con-boxed e-con e-parent\" data-id=\"bc4fc83\" data-element_type=\"container\" data-section-name=\"team\">\n\t\t\t\t\t<div class=\"e-con-inner\">\n\t\t<div class=\"elementor-element elementor-element-4d9471c e-con-full e-flex e-con e-child\" data-id=\"4d9471c\" data-element_type=\"container\">\n\t\t\t\t<\/div>\n\t\t<div class=\"elementor-element elementor-element-34ce38f e-con-full e-flex e-con e-child\" data-id=\"34ce38f\" data-element_type=\"container\">\n\t\t\t\t<div class=\"elementor-element elementor-element-34e979d projects-desc-icon elementor-widget elementor-widget-html\" data-id=\"34e979d\" data-element_type=\"widget\" data-widget_type=\"html.default\">\n\t\t\t\t<div class=\"elementor-widget-container\">\n\t\t\t<svg width=\"23\" height=\"92\" viewBox=\"0 0 11 44\" xmlns=\"http:\/\/www.w3.org\/2000\/svg\">\r\n\t\t\t\t<path fill=\"#911436\" d=\"M0 0H4.33446V4.40233C4.33446 6.70285 4.95658 8.95923 6.1329 10.9256L9.60096 16.7237C11.4313 19.7834 11.4681 23.6134 9.69704 26.7087L6.00962 33.1532C4.91245 35.0707 4.33446 37.2485 4.33446 39.4659V44H0V39.7615C0 36.7741 0.779273 33.8401 2.25851 31.2577L6.06711 24.6091C7.09832 22.8088 7.07536 20.5797 6.00734 18.8016L2.43603 12.8554C0.842955 10.2027 0 7.15581 0 4.04905V0Z\"><\/path>\r\n\t\t\t<\/svg>\t\t<\/div>\n\t\t\t\t<\/div>\n\t\t\t\t<div class=\"elementor-element elementor-element-743c7db elementor-widget elementor-widget-heading\" data-id=\"743c7db\" data-element_type=\"widget\" data-widget_type=\"heading.default\">\n\t\t\t\t<div class=\"elementor-widget-container\">\n\t\t\t<h1 class=\"elementor-heading-title elementor-size-default\">Avant Group olaraq regionda m\u00fcxt\u0259lif irimiqyasl\u0131 tikinti layih\u0259l\u0259ri h\u0259yata ke\u00e7iririk. T\u0259cr\u00fcb\u0259li komandam\u0131zla ya\u015fay\u0131\u015f binalar\u0131, biznes v\u0259 istirah\u0259t m\u0259rk\u0259zil\u0259ri, otel kompleksl\u0259ri v\u0259 kommersiya obyektl\u0259ri layih\u0259l\u0259rini  m\u00fck\u0259mm\u0259l \u015f\u0259kild\u0259 realla\u015fd\u0131r\u0131r\u0131q. <\/h1>\t\t<\/div>\n\t\t\t\t<\/div>\n\t\t\t\t<\/div>\n\t\t\t\t\t<\/div>\n\t\t\t\t<\/div>\n\t\t\t\t<\/div>\n\t\t","protected":false},"excerpt":{"rendered":"<p>Ana S\u0259hif\u0259 . Layih\u0259l\u0259r Layih\u0259l\u0259r Pe\u015f\u0259karl\u0131\u011f\u0131m\u0131z t\u0259hvil verdiyimiz u\u011furlu layih\u0259l\u0259rd\u0259 \u00f6z \u0259ksini tap\u0131r. Avant Group olaraq regionda m\u00fcxt\u0259lif irimiqyasl\u0131 tikinti layih\u0259l\u0259ri h\u0259yata ke\u00e7iririk. T\u0259cr\u00fcb\u0259li komandam\u0131zla<\/p>\n","protected":false},"author":1,"featured_media":0,"parent":0,"menu_order":32,"comment_status":"closed","ping_status":"closed","template":"elementor_header_footer","meta":{"_acf_changed":false,"footnotes":""},"class_list":["post-2070","page","type-page","status-publish","hentry"],"acf":[],"_links":{"self":[{"href":"https:\/\/avantgroup.az\/az\/wp-json\/wp\/v2\/pages\/2070","targetHints":{"allow":["GET"]}}],"collection":[{"href":"https:\/\/avantgroup.az\/az\/wp-json\/wp\/v2\/pages"}],"about":[{"href":"https:\/\/avantgroup.az\/az\/wp-json\/wp\/v2\/types\/page"}],"author":[{"embeddable":true,"href":"https:\/\/avantgroup.az\/az\/wp-json\/wp\/v2\/users\/1"}],"replies":[{"embeddable":true,"href":"https:\/\/avantgroup.az\/az\/wp-json\/wp\/v2\/comments?post=2070"}],"version-history":[{"count":286,"href":"https:\/\/avantgroup.az\/az\/wp-json\/wp\/v2\/pages\/2070\/revisions"}],"predecessor-version":[{"id":5382,"href":"https:\/\/avantgroup.az\/az\/wp-json\/wp\/v2\/pages\/2070\/revisions\/5382"}],"wp:attachment":[{"href":"https:\/\/avantgroup.az\/az\/wp-json\/wp\/v2\/media?parent=2070"}],"curies":[{"name":"wp","href":"https:\/\/api.w.org\/{rel}","templated":true}]}}