{"id":1686,"date":"2024-08-17T14:50:48","date_gmt":"2024-08-17T14:50:48","guid":{"rendered":"http:\/\/new-avant.avantgroup.az\/?page_id=1686"},"modified":"2025-01-17T08:51:59","modified_gmt":"2025-01-17T08:51:59","slug":"news","status":"publish","type":"page","link":"https:\/\/avantgroup.az\/az\/news\/","title":{"rendered":"X\u0259b\u0259rl\u0259r"},"content":{"rendered":"\t\t<div data-elementor-type=\"wp-page\" data-elementor-id=\"1686\" class=\"elementor elementor-1686\" data-elementor-post-type=\"page\">\n\t\t\t\t<div class=\"elementor-element elementor-element-0603df2 breadcrumbs e-flex e-con-boxed e-con e-parent\" data-id=\"0603df2\" data-element_type=\"container\">\n\t\t\t\t\t<div class=\"e-con-inner\">\n\t\t\t\t<div class=\"elementor-element elementor-element-8636053 elementor-widget elementor-widget-heading\" data-id=\"8636053\" data-element_type=\"widget\" data-widget_type=\"heading.default\">\n\t\t\t\t<div class=\"elementor-widget-container\">\n\t\t\t<style>\/*! elementor - v3.23.0 - 05-08-2024 *\/\n.elementor-heading-title{padding:0;margin:0;line-height:1}.elementor-widget-heading .elementor-heading-title[class*=elementor-size-]>a{color:inherit;font-size:inherit;line-height:inherit}.elementor-widget-heading .elementor-heading-title.elementor-size-small{font-size:15px}.elementor-widget-heading .elementor-heading-title.elementor-size-medium{font-size:19px}.elementor-widget-heading .elementor-heading-title.elementor-size-large{font-size:29px}.elementor-widget-heading .elementor-heading-title.elementor-size-xl{font-size:39px}.elementor-widget-heading .elementor-heading-title.elementor-size-xxl{font-size:59px}<\/style><h2 class=\"elementor-heading-title elementor-size-default\"><a href=\"\/\">Ana S\u0259hif\u0259<\/a><\/h2>\t\t<\/div>\n\t\t\t\t<\/div>\n\t\t\t\t<div class=\"elementor-element elementor-element-bec8ec7 elementor-widget elementor-widget-heading\" data-id=\"bec8ec7\" data-element_type=\"widget\" data-widget_type=\"heading.default\">\n\t\t\t\t<div class=\"elementor-widget-container\">\n\t\t\t<h2 class=\"elementor-heading-title elementor-size-default\">. X\u0259b\u0259rl\u0259r\n<\/h2>\t\t<\/div>\n\t\t\t\t<\/div>\n\t\t\t\t\t<\/div>\n\t\t\t\t<\/div>\n\t\t<div class=\"elementor-element elementor-element-fefb58e e-flex e-con-boxed e-con e-parent\" data-id=\"fefb58e\" data-element_type=\"container\">\n\t\t\t\t\t<div class=\"e-con-inner\">\n\t\t\t\t<div class=\"elementor-element elementor-element-ca5d580 title-banner elementor-widget elementor-widget-heading\" data-id=\"ca5d580\" data-element_type=\"widget\" data-settings=\"{&quot;_animation&quot;:&quot;none&quot;}\" data-widget_type=\"heading.default\">\n\t\t\t\t<div class=\"elementor-widget-container\">\n\t\t\t<h1 class=\"elementor-heading-title elementor-size-default\">X\u0259b\u0259rl\u0259r<\/h1>\t\t<\/div>\n\t\t\t\t<\/div>\n\t\t\t\t\t<\/div>\n\t\t\t\t<\/div>\n\t\t<div class=\"elementor-element elementor-element-b579dda last-container e-flex e-con-boxed e-con e-child\" data-id=\"b579dda\" data-element_type=\"container\" data-settings=\"{&quot;background_background&quot;:&quot;classic&quot;}\">\n\t\t\t\t\t<div class=\"e-con-inner\">\n\t\t<div class=\"elementor-element elementor-element-c8d2a7a e-con-full e-transform e-flex e-con e-child\" data-id=\"c8d2a7a\" data-element_type=\"container\" data-settings=\"{&quot;_transform_scale_effect_hover&quot;:{&quot;unit&quot;:&quot;px&quot;,&quot;size&quot;:&quot;&quot;,&quot;sizes&quot;:[]},&quot;_transform_scale_effect_hover_tablet&quot;:{&quot;unit&quot;:&quot;px&quot;,&quot;size&quot;:&quot;&quot;,&quot;sizes&quot;:[]},&quot;_transform_scale_effect_hover_mobile&quot;:{&quot;unit&quot;:&quot;px&quot;,&quot;size&quot;:&quot;&quot;,&quot;sizes&quot;:[]}}\">\n\t\t\t\t<div class=\"elementor-element elementor-element-6da006a blog elementor-grid-3 elementor-grid-tablet-2 elementor-grid-mobile-1 elementor-posts--thumbnail-top elementor-widget elementor-widget-posts\" data-id=\"6da006a\" data-element_type=\"widget\" data-settings=\"{&quot;classic_columns&quot;:&quot;3&quot;,&quot;classic_columns_tablet&quot;:&quot;2&quot;,&quot;classic_columns_mobile&quot;:&quot;1&quot;,&quot;classic_row_gap&quot;:{&quot;unit&quot;:&quot;px&quot;,&quot;size&quot;:35,&quot;sizes&quot;:[]},&quot;classic_row_gap_tablet&quot;:{&quot;unit&quot;:&quot;px&quot;,&quot;size&quot;:&quot;&quot;,&quot;sizes&quot;:[]},&quot;classic_row_gap_mobile&quot;:{&quot;unit&quot;:&quot;px&quot;,&quot;size&quot;:&quot;&quot;,&quot;sizes&quot;:[]}}\" data-widget_type=\"posts.classic\">\n\t\t\t\t<div class=\"elementor-widget-container\">\n\t\t\t<link rel=\"stylesheet\" href=\"https:\/\/avantgroup.az\/wp-content\/plugins\/elementor-pro\/assets\/css\/widget-posts.min.css?ver=1722858917\">\t\t<div class=\"elementor-posts-container elementor-posts elementor-posts--skin-classic elementor-grid\">\n\t\t\t\t<article class=\"elementor-post elementor-grid-item post-5428 post type-post status-publish format-standard has-post-thumbnail hentry category-uncategorized\">\n\t\t\t\t<a class=\"elementor-post__thumbnail__link\" href=\"https:\/\/avantgroup.az\/az\/blog\/avant-group-dan-yeni-premium-layih%c9%99-avant-nova\/\" tabindex=\"-1\" target=&quot;_blank&quot;>\n\t\t\t<div class=\"elementor-post__thumbnail\"><img fetchpriority=\"high\" decoding=\"async\" width=\"300\" height=\"167\" src=\"https:\/\/avantgroup.az\/wp-content\/uploads\/2025\/01\/COver-photo-300x167.jpg\" class=\"attachment-medium size-medium wp-image-5420\" alt=\"\" srcset=\"https:\/\/avantgroup.az\/wp-content\/uploads\/2025\/01\/COver-photo-300x167.jpg 300w, https:\/\/avantgroup.az\/wp-content\/uploads\/2025\/01\/COver-photo-1024x569.jpg 1024w, https:\/\/avantgroup.az\/wp-content\/uploads\/2025\/01\/COver-photo-768x427.jpg 768w, https:\/\/avantgroup.az\/wp-content\/uploads\/2025\/01\/COver-photo-1536x854.jpg 1536w, https:\/\/avantgroup.az\/wp-content\/uploads\/2025\/01\/COver-photo-2048x1139.jpg 2048w, https:\/\/avantgroup.az\/wp-content\/uploads\/2025\/01\/COver-photo-18x10.jpg 18w\" sizes=\"(max-width: 300px) 100vw, 300px\" \/><\/div>\n\t\t<\/a>\n\t\t\t\t<div class=\"elementor-post__text\">\n\t\t\t\t<h3 class=\"elementor-post__title\">\n\t\t\t<a href=\"https:\/\/avantgroup.az\/az\/blog\/avant-group-dan-yeni-premium-layih%c9%99-avant-nova\/\" target=&quot;_blank&quot;>\n\t\t\t\tAvant Group- dan yeni premium layih\u0259 &#8211; AVANT NOVA\t\t\t<\/a>\n\t\t<\/h3>\n\t\t\t\t<\/div>\n\t\t\t\t<\/article>\n\t\t\t\t<article class=\"elementor-post elementor-grid-item post-5389 post type-post status-publish format-standard has-post-thumbnail hentry category-uncategorized\">\n\t\t\t\t<a class=\"elementor-post__thumbnail__link\" href=\"https:\/\/avantgroup.az\/az\/blog\/avant-group-t%c9%99hsilin-inkisafina-tohf%c9%99-verir\/\" tabindex=\"-1\" target=&quot;_blank&quot;>\n\t\t\t<div class=\"elementor-post__thumbnail\"><img decoding=\"async\" width=\"300\" height=\"164\" src=\"https:\/\/avantgroup.az\/wp-content\/uploads\/2025\/01\/WhatsApp-Image-2025-01-17-at-11.15.07-e1737104115190-300x164.jpeg\" class=\"attachment-medium size-medium wp-image-5391\" alt=\"\" srcset=\"https:\/\/avantgroup.az\/wp-content\/uploads\/2025\/01\/WhatsApp-Image-2025-01-17-at-11.15.07-e1737104115190-300x164.jpeg 300w, https:\/\/avantgroup.az\/wp-content\/uploads\/2025\/01\/WhatsApp-Image-2025-01-17-at-11.15.07-e1737104115190-1024x558.jpeg 1024w, https:\/\/avantgroup.az\/wp-content\/uploads\/2025\/01\/WhatsApp-Image-2025-01-17-at-11.15.07-e1737104115190-768x419.jpeg 768w, https:\/\/avantgroup.az\/wp-content\/uploads\/2025\/01\/WhatsApp-Image-2025-01-17-at-11.15.07-e1737104115190-18x10.jpeg 18w, https:\/\/avantgroup.az\/wp-content\/uploads\/2025\/01\/WhatsApp-Image-2025-01-17-at-11.15.07-e1737104115190.jpeg 1504w\" sizes=\"(max-width: 300px) 100vw, 300px\" \/><\/div>\n\t\t<\/a>\n\t\t\t\t<div class=\"elementor-post__text\">\n\t\t\t\t<h3 class=\"elementor-post__title\">\n\t\t\t<a href=\"https:\/\/avantgroup.az\/az\/blog\/avant-group-t%c9%99hsilin-inkisafina-tohf%c9%99-verir\/\" target=&quot;_blank&quot;>\n\t\t\t\tAvant Group t\u0259hsilin inki\u015faf\u0131na t\u00f6hf\u0259 verir\t\t\t<\/a>\n\t\t<\/h3>\n\t\t\t\t<\/div>\n\t\t\t\t<\/article>\n\t\t\t\t<article class=\"elementor-post elementor-grid-item post-5066 post type-post status-publish format-standard has-post-thumbnail hentry category-uncategorized\">\n\t\t\t\t<a class=\"elementor-post__thumbnail__link\" href=\"https:\/\/avantgroup.az\/az\/blog\/x%c9%99b%c9%99r-3\/\" tabindex=\"-1\" target=&quot;_blank&quot;>\n\t\t\t<div class=\"elementor-post__thumbnail\"><img decoding=\"async\" width=\"300\" height=\"198\" src=\"https:\/\/avantgroup.az\/wp-content\/uploads\/2024\/09\/FGR_Torre_Verde_6-300x198.jpg\" class=\"attachment-medium size-medium wp-image-4909\" alt=\"\" srcset=\"https:\/\/avantgroup.az\/wp-content\/uploads\/2024\/09\/FGR_Torre_Verde_6-300x198.jpg 300w, https:\/\/avantgroup.az\/wp-content\/uploads\/2024\/09\/FGR_Torre_Verde_6-1024x676.jpg 1024w, https:\/\/avantgroup.az\/wp-content\/uploads\/2024\/09\/FGR_Torre_Verde_6-768x507.jpg 768w, https:\/\/avantgroup.az\/wp-content\/uploads\/2024\/09\/FGR_Torre_Verde_6-1536x1014.jpg 1536w, https:\/\/avantgroup.az\/wp-content\/uploads\/2024\/09\/FGR_Torre_Verde_6-2048x1352.jpg 2048w, https:\/\/avantgroup.az\/wp-content\/uploads\/2024\/09\/FGR_Torre_Verde_6-18x12.jpg 18w\" sizes=\"(max-width: 300px) 100vw, 300px\" \/><\/div>\n\t\t<\/a>\n\t\t\t\t<div class=\"elementor-post__text\">\n\t\t\t\t<h3 class=\"elementor-post__title\">\n\t\t\t<a href=\"https:\/\/avantgroup.az\/az\/blog\/x%c9%99b%c9%99r-3\/\" target=&quot;_blank&quot;>\n\t\t\t\tAvant Group-un n\u00f6vb\u0259ti layih\u0259si\t\t\t<\/a>\n\t\t<\/h3>\n\t\t\t\t<\/div>\n\t\t\t\t<\/article>\n\t\t\t\t<\/div>\n\t\t\n\t\t\t\t<\/div>\n\t\t\t\t<\/div>\n\t\t<div class=\"elementor-element elementor-element-544d49e e-con-full elementor-hidden-desktop elementor-hidden-tablet elementor-hidden-mobile e-flex e-con e-child\" data-id=\"544d49e\" data-element_type=\"container\" id=\"blog-arrow\">\n\t\t\t\t<div class=\"elementor-element elementor-element-d966dbc e-transform arrow-right elementor-view-default elementor-widget elementor-widget-icon\" data-id=\"d966dbc\" data-element_type=\"widget\" data-settings=\"{&quot;_transform_rotateZ_effect&quot;:{&quot;unit&quot;:&quot;px&quot;,&quot;size&quot;:45,&quot;sizes&quot;:[]},&quot;_animation&quot;:&quot;none&quot;,&quot;_transform_rotateZ_effect_tablet&quot;:{&quot;unit&quot;:&quot;deg&quot;,&quot;size&quot;:&quot;&quot;,&quot;sizes&quot;:[]},&quot;_transform_rotateZ_effect_mobile&quot;:{&quot;unit&quot;:&quot;deg&quot;,&quot;size&quot;:&quot;&quot;,&quot;sizes&quot;:[]}}\" data-widget_type=\"icon.default\">\n\t\t\t\t<div class=\"elementor-widget-container\">\n\t\t\t\t\t<div class=\"elementor-icon-wrapper\">\n\t\t\t<div class=\"elementor-icon\">\n\t\t\t<svg xmlns=\"http:\/\/www.w3.org\/2000\/svg\" height=\"512\" viewBox=\"0 0 512 512\" width=\"512\"><path fill=\"#fff\" d=\"m256 384 84-84 28-24-64 4h-240v-48h240l64 4-28-24-84-84 32-32 160 160-160 160z\"><\/path><\/svg>\t\t\t<\/div>\n\t\t<\/div>\n\t\t\t\t<\/div>\n\t\t\t\t<\/div>\n\t\t\t\t<\/div>\n\t\t\t\t<\/div>\n\t\t\t\t\t<\/div>\n\t\t\t\t<\/div>\n\t\t\t\t<\/div>\n\t\t","protected":false},"excerpt":{"rendered":"<p>Ana S\u0259hif\u0259 . X\u0259b\u0259rl\u0259r X\u0259b\u0259rl\u0259r<\/p>\n","protected":false},"author":1,"featured_media":5391,"parent":0,"menu_order":35,"comment_status":"closed","ping_status":"closed","template":"elementor_header_footer","meta":{"_acf_changed":false,"footnotes":""},"class_list":["post-1686","page","type-page","status-publish","has-post-thumbnail","hentry"],"acf":[],"_links":{"self":[{"href":"https:\/\/avantgroup.az\/az\/wp-json\/wp\/v2\/pages\/1686","targetHints":{"allow":["GET"]}}],"collection":[{"href":"https:\/\/avantgroup.az\/az\/wp-json\/wp\/v2\/pages"}],"about":[{"href":"https:\/\/avantgroup.az\/az\/wp-json\/wp\/v2\/types\/page"}],"author":[{"embeddable":true,"href":"https:\/\/avantgroup.az\/az\/wp-json\/wp\/v2\/users\/1"}],"replies":[{"embeddable":true,"href":"https:\/\/avantgroup.az\/az\/wp-json\/wp\/v2\/comments?post=1686"}],"version-history":[{"count":20,"href":"https:\/\/avantgroup.az\/az\/wp-json\/wp\/v2\/pages\/1686\/revisions"}],"predecessor-version":[{"id":5190,"href":"https:\/\/avantgroup.az\/az\/wp-json\/wp\/v2\/pages\/1686\/revisions\/5190"}],"wp:featuredmedia":[{"embeddable":true,"href":"https:\/\/avantgroup.az\/az\/wp-json\/wp\/v2\/media\/5391"}],"wp:attachment":[{"href":"https:\/\/avantgroup.az\/az\/wp-json\/wp\/v2\/media?parent=1686"}],"curies":[{"name":"wp","href":"https:\/\/api.w.org\/{rel}","templated":true}]}}