{"id":1468,"date":"2024-08-16T10:06:52","date_gmt":"2024-08-16T10:06:52","guid":{"rendered":"http:\/\/new-avant.avantgroup.az\/?page_id=1468"},"modified":"2024-09-23T12:19:38","modified_gmt":"2024-09-23T12:19:38","slug":"partners","status":"publish","type":"page","link":"https:\/\/avantgroup.az\/az\/partners\/","title":{"rendered":"Partners"},"content":{"rendered":"\t\t<div data-elementor-type=\"wp-page\" data-elementor-id=\"1468\" class=\"elementor elementor-1468\" data-elementor-post-type=\"page\">\n\t\t\t\t<div class=\"elementor-element elementor-element-4714195 breadcrumbs e-flex e-con-boxed e-con e-parent\" data-id=\"4714195\" data-element_type=\"container\">\n\t\t\t\t\t<div class=\"e-con-inner\">\n\t\t\t\t<div class=\"elementor-element elementor-element-682f16e elementor-widget elementor-widget-heading\" data-id=\"682f16e\" data-element_type=\"widget\" data-widget_type=\"heading.default\">\n\t\t\t\t<div class=\"elementor-widget-container\">\n\t\t\t<style>\/*! elementor - v3.23.0 - 05-08-2024 *\/\n.elementor-heading-title{padding:0;margin:0;line-height:1}.elementor-widget-heading .elementor-heading-title[class*=elementor-size-]>a{color:inherit;font-size:inherit;line-height:inherit}.elementor-widget-heading .elementor-heading-title.elementor-size-small{font-size:15px}.elementor-widget-heading .elementor-heading-title.elementor-size-medium{font-size:19px}.elementor-widget-heading .elementor-heading-title.elementor-size-large{font-size:29px}.elementor-widget-heading .elementor-heading-title.elementor-size-xl{font-size:39px}.elementor-widget-heading .elementor-heading-title.elementor-size-xxl{font-size:59px}<\/style><h2 class=\"elementor-heading-title elementor-size-default\"><a href=\"\/\">Ana S\u0259hif\u0259<\/a><\/h2>\t\t<\/div>\n\t\t\t\t<\/div>\n\t\t\t\t<div class=\"elementor-element elementor-element-80aadf7 elementor-widget elementor-widget-heading\" data-id=\"80aadf7\" data-element_type=\"widget\" data-widget_type=\"heading.default\">\n\t\t\t\t<div class=\"elementor-widget-container\">\n\t\t\t<h2 class=\"elementor-heading-title elementor-size-default\"><a href=\"\/about\">. Avant Qrup<\/a><\/h2>\t\t<\/div>\n\t\t\t\t<\/div>\n\t\t\t\t<div class=\"elementor-element elementor-element-8fe00b4 elementor-widget elementor-widget-heading\" data-id=\"8fe00b4\" data-element_type=\"widget\" data-widget_type=\"heading.default\">\n\t\t\t\t<div class=\"elementor-widget-container\">\n\t\t\t<h2 class=\"elementor-heading-title elementor-size-default\">. T\u0259r\u0259fda\u015flar\u0131m\u0131z \n<\/h2>\t\t<\/div>\n\t\t\t\t<\/div>\n\t\t\t\t\t<\/div>\n\t\t\t\t<\/div>\n\t\t<div class=\"elementor-element elementor-element-018a42b e-flex e-con-boxed e-con e-parent\" data-id=\"018a42b\" data-element_type=\"container\">\n\t\t\t\t\t<div class=\"e-con-inner\">\n\t\t\t\t<div class=\"elementor-element elementor-element-6e62d2e title-banner elementor-widget elementor-widget-heading\" data-id=\"6e62d2e\" data-element_type=\"widget\" data-settings=\"{&quot;_animation&quot;:&quot;none&quot;}\" data-widget_type=\"heading.default\">\n\t\t\t\t<div class=\"elementor-widget-container\">\n\t\t\t<h1 class=\"elementor-heading-title elementor-size-default\">T\u0259r\u0259fda\u015flar\u0131m\u0131z <\/h1>\t\t<\/div>\n\t\t\t\t<\/div>\n\t\t\t\t\t<\/div>\n\t\t\t\t<\/div>\n\t\t<div class=\"elementor-element elementor-element-7abd2f6 e-flex e-con-boxed e-con e-parent\" data-id=\"7abd2f6\" data-element_type=\"container\">\n\t\t\t\t\t<div class=\"e-con-inner\">\n\t\t\t\t<div class=\"elementor-element elementor-element-a9628f9 elementor-widget__width-initial elementor-widget-mobile__width-inherit elementor-widget elementor-widget-heading\" data-id=\"a9628f9\" data-element_type=\"widget\" data-widget_type=\"heading.default\">\n\t\t\t\t<div class=\"elementor-widget-container\">\n\t\t\t<h2 class=\"elementor-heading-title elementor-size-default\">T\u0259krarlanan v\u0259 uzunm\u00fcdd\u0259tli \u0259m\u0259kda\u015fl\u0131q bizim \u0259sas u\u011fur meyar\u0131m\u0131zd\u0131r.\n<\/h2>\t\t<\/div>\n\t\t\t\t<\/div>\n\t\t\t\t\t<\/div>\n\t\t\t\t<\/div>\n\t\t<div class=\"elementor-element elementor-element-10ba4a7 e-flex e-con-boxed e-con e-parent\" data-id=\"10ba4a7\" data-element_type=\"container\">\n\t\t\t\t\t<div class=\"e-con-inner\">\n\t\t<div class=\"elementor-element elementor-element-478f0ce e-con-full e-flex e-con e-child\" data-id=\"478f0ce\" data-element_type=\"container\">\n\t\t<div class=\"elementor-element elementor-element-2da71d4 e-con-full e-flex e-con e-child\" data-id=\"2da71d4\" data-element_type=\"container\">\n\t\t\t\t<div class=\"elementor-element elementor-element-d857d73 elementor-widget elementor-widget-image\" data-id=\"d857d73\" data-element_type=\"widget\" data-widget_type=\"image.default\">\n\t\t\t\t<div class=\"elementor-widget-container\">\n\t\t\t\t\t\t\t\t\t\t\t\t\t<img fetchpriority=\"high\" decoding=\"async\" width=\"1024\" height=\"1024\" src=\"https:\/\/avantgroup.az\/wp-content\/uploads\/2024\/08\/logo-1-1024x1024.png\" class=\"attachment-large size-large wp-image-1900\" alt=\"\" srcset=\"https:\/\/avantgroup.az\/wp-content\/uploads\/2024\/08\/logo-1-1024x1024.png 1024w, https:\/\/avantgroup.az\/wp-content\/uploads\/2024\/08\/logo-1-300x300.png 300w, https:\/\/avantgroup.az\/wp-content\/uploads\/2024\/08\/logo-1-150x150.png 150w, https:\/\/avantgroup.az\/wp-content\/uploads\/2024\/08\/logo-1-768x768.png 768w, https:\/\/avantgroup.az\/wp-content\/uploads\/2024\/08\/logo-1-12x12.png 12w, https:\/\/avantgroup.az\/wp-content\/uploads\/2024\/08\/logo-1.png 1045w\" sizes=\"(max-width: 1024px) 100vw, 1024px\" \/>\t\t\t\t\t\t\t\t\t\t\t\t\t<\/div>\n\t\t\t\t<\/div>\n\t\t\t\t<\/div>\n\t\t<div class=\"elementor-element elementor-element-a8ea681 e-con-full e-flex e-con e-child\" data-id=\"a8ea681\" data-element_type=\"container\">\n\t\t\t\t<div class=\"elementor-element elementor-element-366cea4 title-level-3 elementor-widget elementor-widget-heading\" data-id=\"366cea4\" data-element_type=\"widget\" data-widget_type=\"heading.default\">\n\t\t\t\t<div class=\"elementor-widget-container\">\n\t\t\t<h3 class=\"elementor-heading-title elementor-size-default\">Az\u0259rbaycan Respublikas\u0131 Prezidentinin \u0130\u015fl\u0259r \u0130dar\u0259si \n<\/h3>\t\t<\/div>\n\t\t\t\t<\/div>\n\t\t\t\t<div class=\"elementor-element elementor-element-281ad38 partner-description elementor-widget elementor-widget-heading\" data-id=\"281ad38\" data-element_type=\"widget\" data-widget_type=\"heading.default\">\n\t\t\t\t<div class=\"elementor-widget-container\">\n\t\t\t<h2 class=\"elementor-heading-title elementor-size-default\">\u018fm\u0259kda\u015fl\u0131q etiyimiz layih\u0259l\u0259r:\n<\/br><\/br>\n\n<ul>\n<li> \u201cAlatava\u201d Ya\u015fay\u0131\u015f Binas\u0131 \n<\/li>\n<li>\u201cShabran Wellbeing\u201d Resort & SPA \n <\/li>\n<li>\u201cBasqal\u201d Resort & SPA Hotel. <\/li>\n<li> G\u00fcl\u00fcstan Saray\u0131 \n<\/li>\n<li>\u201cAlmaz Park\u201d Ya\u015fay\u0131\u015f Kompleksi\n <\/li>\n<li> \u201cMarxal\u201d Resort & SPA Hotel\n<\/li>\n<li>\u201cVur\u011fun Residence\u201d Ya\u015fay\u0131\u015f Kompleksi\n <\/li>\n<li>\u201c\u018fhm\u0259dli Park\u201d Ya\u015fay\u0131\u015f Kompleksi\n <\/li>\n<li>\u201cX\u0259tai Park\u201d Ya\u015fay\u0131\u015f Kompleksi\n <\/li>\n<li>\u201cRespublika\u201d Hotel\n <\/li>\n<\/ul><\/h2>\t\t<\/div>\n\t\t\t\t<\/div>\n\t\t\t\t<\/div>\n\t\t\t\t<\/div>\n\t\t<div class=\"elementor-element elementor-element-8453c62 e-con-full e-flex e-con e-child\" data-id=\"8453c62\" data-element_type=\"container\">\n\t\t<div class=\"elementor-element elementor-element-c2e8908 e-con-full e-flex e-con e-child\" data-id=\"c2e8908\" data-element_type=\"container\">\n\t\t\t\t<div class=\"elementor-element elementor-element-de9bab3 elementor-widget elementor-widget-image\" data-id=\"de9bab3\" data-element_type=\"widget\" data-widget_type=\"image.default\">\n\t\t\t\t<div class=\"elementor-widget-container\">\n\t\t\t\t\t\t\t\t\t\t\t\t\t<img decoding=\"async\" width=\"813\" height=\"1024\" src=\"https:\/\/avantgroup.az\/wp-content\/uploads\/2024\/08\/logo-2-813x1024.png\" class=\"attachment-large size-large wp-image-1901\" alt=\"\" srcset=\"https:\/\/avantgroup.az\/wp-content\/uploads\/2024\/08\/logo-2-813x1024.png 813w, https:\/\/avantgroup.az\/wp-content\/uploads\/2024\/08\/logo-2-238x300.png 238w, https:\/\/avantgroup.az\/wp-content\/uploads\/2024\/08\/logo-2-768x967.png 768w, https:\/\/avantgroup.az\/wp-content\/uploads\/2024\/08\/logo-2-10x12.png 10w, https:\/\/avantgroup.az\/wp-content\/uploads\/2024\/08\/logo-2.png 826w\" sizes=\"(max-width: 813px) 100vw, 813px\" \/>\t\t\t\t\t\t\t\t\t\t\t\t\t<\/div>\n\t\t\t\t<\/div>\n\t\t\t\t<\/div>\n\t\t<div class=\"elementor-element elementor-element-f399e5d e-con-full e-flex e-con e-child\" data-id=\"f399e5d\" data-element_type=\"container\">\n\t\t\t\t<div class=\"elementor-element elementor-element-59477ee title-level-3 elementor-widget elementor-widget-heading\" data-id=\"59477ee\" data-element_type=\"widget\" data-widget_type=\"heading.default\">\n\t\t\t\t<div class=\"elementor-widget-container\">\n\t\t\t<h3 class=\"elementor-heading-title elementor-size-default\">Az\u0259rbaycan Respublikas\u0131n\u0131n M\u00fcdafi\u0259 Nazirliyi \n<\/h3>\t\t<\/div>\n\t\t\t\t<\/div>\n\t\t\t\t<div class=\"elementor-element elementor-element-c75a44d partner-description elementor-widget elementor-widget-heading\" data-id=\"c75a44d\" data-element_type=\"widget\" data-widget_type=\"heading.default\">\n\t\t\t\t<div class=\"elementor-widget-container\">\n\t\t\t<h2 class=\"elementor-heading-title elementor-size-default\">\u018fm\u0259kda\u015fl\u0131q etiyimiz layih\u0259l\u0259r:\n<\/br><\/br>\n\n<ul>\n<li>H\u0259rbi inzibati binalar\u0131\n<\/li>\n<\/ul><\/h2>\t\t<\/div>\n\t\t\t\t<\/div>\n\t\t\t\t<\/div>\n\t\t\t\t<\/div>\n\t\t<div class=\"elementor-element elementor-element-6f2694f e-con-full e-flex e-con e-child\" data-id=\"6f2694f\" data-element_type=\"container\">\n\t\t<div class=\"elementor-element elementor-element-44478b1 e-con-full e-flex e-con e-child\" data-id=\"44478b1\" data-element_type=\"container\">\n\t\t\t\t<div class=\"elementor-element elementor-element-c20ea3d elementor-widget elementor-widget-image\" data-id=\"c20ea3d\" data-element_type=\"widget\" data-widget_type=\"image.default\">\n\t\t\t\t<div class=\"elementor-widget-container\">\n\t\t\t\t\t\t\t\t\t\t\t\t\t<img decoding=\"async\" width=\"1024\" height=\"656\" src=\"https:\/\/avantgroup.az\/wp-content\/uploads\/2024\/08\/logo-4-1024x656.png\" class=\"attachment-large size-large wp-image-1910\" alt=\"\" srcset=\"https:\/\/avantgroup.az\/wp-content\/uploads\/2024\/08\/logo-4-1024x656.png 1024w, https:\/\/avantgroup.az\/wp-content\/uploads\/2024\/08\/logo-4-300x192.png 300w, https:\/\/avantgroup.az\/wp-content\/uploads\/2024\/08\/logo-4-768x492.png 768w, https:\/\/avantgroup.az\/wp-content\/uploads\/2024\/08\/logo-4-1536x984.png 1536w, https:\/\/avantgroup.az\/wp-content\/uploads\/2024\/08\/logo-4-2048x1312.png 2048w, https:\/\/avantgroup.az\/wp-content\/uploads\/2024\/08\/logo-4-18x12.png 18w\" sizes=\"(max-width: 1024px) 100vw, 1024px\" \/>\t\t\t\t\t\t\t\t\t\t\t\t\t<\/div>\n\t\t\t\t<\/div>\n\t\t\t\t<\/div>\n\t\t<div class=\"elementor-element elementor-element-c68f448 e-con-full e-flex e-con e-child\" data-id=\"c68f448\" data-element_type=\"container\">\n\t\t\t\t<div class=\"elementor-element elementor-element-f99343f title-level-3 elementor-widget elementor-widget-heading\" data-id=\"f99343f\" data-element_type=\"widget\" data-widget_type=\"heading.default\">\n\t\t\t\t<div class=\"elementor-widget-container\">\n\t\t\t<h3 class=\"elementor-heading-title elementor-size-default\">Az\u0259rbaycan Respublikas\u0131n\u0131n \u018fm\u0259k m\u0259s\u0259l\u0259l\u0259ri D\u00f6vl\u0259t Komit\u0259si \n<\/h3>\t\t<\/div>\n\t\t\t\t<\/div>\n\t\t\t\t<div class=\"elementor-element elementor-element-281a4c4 partner-description elementor-widget elementor-widget-heading\" data-id=\"281a4c4\" data-element_type=\"widget\" data-widget_type=\"heading.default\">\n\t\t\t\t<div class=\"elementor-widget-container\">\n\t\t\t<h2 class=\"elementor-heading-title elementor-size-default\">\u018fm\u0259kda\u015fl\u0131q etiyimiz layih\u0259l\u0259r:\n<\/br><\/br>\n\n<ul>\n<li>\u201cH\u00f6k\u00fcm\u0259t Evi\u201d 9-cu v\u0259 2-ci m\u0259rt\u0259b\u0259si\n<\/li>\n<\/ul><\/h2>\t\t<\/div>\n\t\t\t\t<\/div>\n\t\t\t\t<\/div>\n\t\t\t\t<\/div>\n\t\t<div class=\"elementor-element elementor-element-6387e04 e-con-full e-flex e-con e-child\" data-id=\"6387e04\" data-element_type=\"container\">\n\t\t<div class=\"elementor-element elementor-element-4d137e5 e-con-full e-flex e-con e-child\" data-id=\"4d137e5\" data-element_type=\"container\">\n\t\t\t\t<div class=\"elementor-element elementor-element-ea85b38 elementor-widget elementor-widget-image\" data-id=\"ea85b38\" data-element_type=\"widget\" data-widget_type=\"image.default\">\n\t\t\t\t<div class=\"elementor-widget-container\">\n\t\t\t\t\t\t\t\t\t\t\t\t\t<img loading=\"lazy\" decoding=\"async\" width=\"428\" height=\"392\" src=\"https:\/\/avantgroup.az\/wp-content\/uploads\/2024\/08\/logo-5-e1724067567736.png\" class=\"attachment-large size-large wp-image-1924\" alt=\"\" srcset=\"https:\/\/avantgroup.az\/wp-content\/uploads\/2024\/08\/logo-5-e1724067567736.png 428w, https:\/\/avantgroup.az\/wp-content\/uploads\/2024\/08\/logo-5-e1724067567736-300x275.png 300w, https:\/\/avantgroup.az\/wp-content\/uploads\/2024\/08\/logo-5-e1724067567736-13x12.png 13w\" sizes=\"(max-width: 428px) 100vw, 428px\" \/>\t\t\t\t\t\t\t\t\t\t\t\t\t<\/div>\n\t\t\t\t<\/div>\n\t\t\t\t<\/div>\n\t\t<div class=\"elementor-element elementor-element-b6cb222 e-con-full e-flex e-con e-child\" data-id=\"b6cb222\" data-element_type=\"container\">\n\t\t\t\t<div class=\"elementor-element elementor-element-c506b53 title-level-3 elementor-widget elementor-widget-heading\" data-id=\"c506b53\" data-element_type=\"widget\" data-widget_type=\"heading.default\">\n\t\t\t\t<div class=\"elementor-widget-container\">\n\t\t\t<h3 class=\"elementor-heading-title elementor-size-default\">\u201cPMD\u201d Group MMC <\/h3>\t\t<\/div>\n\t\t\t\t<\/div>\n\t\t\t\t<div class=\"elementor-element elementor-element-f9077f1 partner-description elementor-widget elementor-widget-heading\" data-id=\"f9077f1\" data-element_type=\"widget\" data-widget_type=\"heading.default\">\n\t\t\t\t<div class=\"elementor-widget-container\">\n\t\t\t<h2 class=\"elementor-heading-title elementor-size-default\">\u018fm\u0259kda\u015fl\u0131q etiyimiz layih\u0259l\u0259r:\n<\/br><\/br>\n\n<ul>\n<li>Zefir Mall\n<\/li>\n<li>Sahil Plaza\n<\/li>\n<li>\u018fl\u0259t Azad \u0130qtisadi Zonas\u0131 (ofis \u0259razil\u0259ri)\n<\/li>\n<\/ul><\/h2>\t\t<\/div>\n\t\t\t\t<\/div>\n\t\t\t\t<\/div>\n\t\t\t\t<\/div>\n\t\t<div class=\"elementor-element elementor-element-5d68155 e-con-full e-flex e-con e-child\" data-id=\"5d68155\" data-element_type=\"container\">\n\t\t<div class=\"elementor-element elementor-element-b806e74 e-con-full e-flex e-con e-child\" data-id=\"b806e74\" data-element_type=\"container\">\n\t\t\t\t<div class=\"elementor-element elementor-element-3a5981b elementor-widget elementor-widget-image\" data-id=\"3a5981b\" data-element_type=\"widget\" data-widget_type=\"image.default\">\n\t\t\t\t<div class=\"elementor-widget-container\">\n\t\t\t\t\t\t\t\t\t\t\t\t\t<img loading=\"lazy\" decoding=\"async\" width=\"691\" height=\"272\" src=\"https:\/\/avantgroup.az\/wp-content\/uploads\/2024\/08\/logo-6.webp\" class=\"attachment-large size-large wp-image-1925\" alt=\"\" srcset=\"https:\/\/avantgroup.az\/wp-content\/uploads\/2024\/08\/logo-6.webp 691w, https:\/\/avantgroup.az\/wp-content\/uploads\/2024\/08\/logo-6-300x118.webp 300w, https:\/\/avantgroup.az\/wp-content\/uploads\/2024\/08\/logo-6-18x7.webp 18w\" sizes=\"(max-width: 691px) 100vw, 691px\" \/>\t\t\t\t\t\t\t\t\t\t\t\t\t<\/div>\n\t\t\t\t<\/div>\n\t\t\t\t<\/div>\n\t\t<div class=\"elementor-element elementor-element-fa6cc6f e-con-full e-flex e-con e-child\" data-id=\"fa6cc6f\" data-element_type=\"container\">\n\t\t\t\t<div class=\"elementor-element elementor-element-52a6c52 title-level-3 elementor-widget elementor-widget-heading\" data-id=\"52a6c52\" data-element_type=\"widget\" data-widget_type=\"heading.default\">\n\t\t\t\t<div class=\"elementor-widget-container\">\n\t\t\t<h3 class=\"elementor-heading-title elementor-size-default\"> \u201cAvant Group\u201d M\u0259nzil Tikinti Kooperativi \n<\/h3>\t\t<\/div>\n\t\t\t\t<\/div>\n\t\t\t\t<div class=\"elementor-element elementor-element-07e0a55 partner-description elementor-widget elementor-widget-heading\" data-id=\"07e0a55\" data-element_type=\"widget\" data-widget_type=\"heading.default\">\n\t\t\t\t<div class=\"elementor-widget-container\">\n\t\t\t<h2 class=\"elementor-heading-title elementor-size-default\">\u018fm\u0259kda\u015fl\u0131q etiyimiz layih\u0259l\u0259r:\n<\/br><\/br>\n\n<ul>\n<li>\u201cAvant Park\u201d Ya\u015fay\u0131\u015f Kompleksi\n<\/li>\n<li>\u201cAvant Vista\u201d Ya\u015fay\u0131\u015f Kompleksi\n<\/li>\n<li>MoMA Liv\n<\/li>\n<\/ul><\/h2>\t\t<\/div>\n\t\t\t\t<\/div>\n\t\t\t\t<\/div>\n\t\t\t\t<\/div>\n\t\t<div class=\"elementor-element elementor-element-0fc2da3 e-con-full e-flex e-con e-child\" data-id=\"0fc2da3\" data-element_type=\"container\">\n\t\t<div class=\"elementor-element elementor-element-22a16f6 e-con-full e-flex e-con e-child\" data-id=\"22a16f6\" data-element_type=\"container\">\n\t\t\t\t<div class=\"elementor-element elementor-element-8703b95 elementor-widget elementor-widget-image\" data-id=\"8703b95\" data-element_type=\"widget\" data-widget_type=\"image.default\">\n\t\t\t\t<div class=\"elementor-widget-container\">\n\t\t\t\t\t\t\t\t\t\t\t\t\t<img loading=\"lazy\" decoding=\"async\" width=\"637\" height=\"400\" src=\"https:\/\/avantgroup.az\/wp-content\/uploads\/2024\/08\/logo-7.jpg\" class=\"attachment-large size-large wp-image-1926\" alt=\"\" srcset=\"https:\/\/avantgroup.az\/wp-content\/uploads\/2024\/08\/logo-7.jpg 637w, https:\/\/avantgroup.az\/wp-content\/uploads\/2024\/08\/logo-7-300x188.jpg 300w, https:\/\/avantgroup.az\/wp-content\/uploads\/2024\/08\/logo-7-18x12.jpg 18w\" sizes=\"(max-width: 637px) 100vw, 637px\" \/>\t\t\t\t\t\t\t\t\t\t\t\t\t<\/div>\n\t\t\t\t<\/div>\n\t\t\t\t<\/div>\n\t\t<div class=\"elementor-element elementor-element-bc7b103 e-con-full e-flex e-con e-child\" data-id=\"bc7b103\" data-element_type=\"container\">\n\t\t\t\t<div class=\"elementor-element elementor-element-e01de5b title-level-3 elementor-widget elementor-widget-heading\" data-id=\"e01de5b\" data-element_type=\"widget\" data-widget_type=\"heading.default\">\n\t\t\t\t<div class=\"elementor-widget-container\">\n\t\t\t<h3 class=\"elementor-heading-title elementor-size-default\">\u201cAzinko Development\u201d MMC <\/h3>\t\t<\/div>\n\t\t\t\t<\/div>\n\t\t\t\t<div class=\"elementor-element elementor-element-db16010 partner-description elementor-widget elementor-widget-heading\" data-id=\"db16010\" data-element_type=\"widget\" data-widget_type=\"heading.default\">\n\t\t\t\t<div class=\"elementor-widget-container\">\n\t\t\t<h2 class=\"elementor-heading-title elementor-size-default\">\u018fm\u0259kda\u015fl\u0131q etiyimiz layih\u0259l\u0259r:\n<\/br><\/br>\n\n<ul>\n<li>Alov Q\u00fcll\u0259l\u0259ri\n<\/li>\n<\/ul><\/h2>\t\t<\/div>\n\t\t\t\t<\/div>\n\t\t\t\t<\/div>\n\t\t\t\t<\/div>\n\t\t<div class=\"elementor-element elementor-element-28243e4 e-con-full e-flex e-con e-child\" data-id=\"28243e4\" data-element_type=\"container\">\n\t\t<div class=\"elementor-element elementor-element-7fd8ff7 e-con-full e-flex e-con e-child\" data-id=\"7fd8ff7\" data-element_type=\"container\">\n\t\t\t\t<div class=\"elementor-element elementor-element-cd44a53 elementor-widget elementor-widget-image\" data-id=\"cd44a53\" data-element_type=\"widget\" data-widget_type=\"image.default\">\n\t\t\t\t<div class=\"elementor-widget-container\">\n\t\t\t\t\t\t\t\t\t\t\t\t\t<img loading=\"lazy\" decoding=\"async\" width=\"1024\" height=\"463\" src=\"https:\/\/avantgroup.az\/wp-content\/uploads\/2024\/08\/logo-8-1024x463.png\" class=\"attachment-large size-large wp-image-1927\" alt=\"\" srcset=\"https:\/\/avantgroup.az\/wp-content\/uploads\/2024\/08\/logo-8-1024x463.png 1024w, https:\/\/avantgroup.az\/wp-content\/uploads\/2024\/08\/logo-8-300x136.png 300w, https:\/\/avantgroup.az\/wp-content\/uploads\/2024\/08\/logo-8-768x347.png 768w, https:\/\/avantgroup.az\/wp-content\/uploads\/2024\/08\/logo-8-1536x695.png 1536w, https:\/\/avantgroup.az\/wp-content\/uploads\/2024\/08\/logo-8-2048x927.png 2048w, https:\/\/avantgroup.az\/wp-content\/uploads\/2024\/08\/logo-8-18x8.png 18w\" sizes=\"(max-width: 1024px) 100vw, 1024px\" \/>\t\t\t\t\t\t\t\t\t\t\t\t\t<\/div>\n\t\t\t\t<\/div>\n\t\t\t\t<\/div>\n\t\t<div class=\"elementor-element elementor-element-c19f3ae e-con-full e-flex e-con e-child\" data-id=\"c19f3ae\" data-element_type=\"container\">\n\t\t\t\t<div class=\"elementor-element elementor-element-a283ab5 title-level-3 elementor-widget elementor-widget-heading\" data-id=\"a283ab5\" data-element_type=\"widget\" data-widget_type=\"heading.default\">\n\t\t\t\t<div class=\"elementor-widget-container\">\n\t\t\t<h3 class=\"elementor-heading-title elementor-size-default\">\u201cAz\u0259rbaycan Beyn\u0259lxalq Bank\u0131\u201d ASC <\/h3>\t\t<\/div>\n\t\t\t\t<\/div>\n\t\t\t\t<div class=\"elementor-element elementor-element-d4e3d96 partner-description elementor-widget elementor-widget-heading\" data-id=\"d4e3d96\" data-element_type=\"widget\" data-widget_type=\"heading.default\">\n\t\t\t\t<div class=\"elementor-widget-container\">\n\t\t\t<h2 class=\"elementor-heading-title elementor-size-default\">\u018fm\u0259kda\u015fl\u0131q etiyimiz layih\u0259l\u0259r:\n<\/br><\/br>\n\n<ul>\n<li>ABB C\u0259lilabad Filial\u0131\n<\/li>\n<li>ABB M\u0259rk\u0259z Filial\u0131\n<\/li>\n<\/ul><\/h2>\t\t<\/div>\n\t\t\t\t<\/div>\n\t\t\t\t<\/div>\n\t\t\t\t<\/div>\n\t\t\t\t\t<\/div>\n\t\t\t\t<\/div>\n\t\t\t\t<\/div>\n\t\t","protected":false},"excerpt":{"rendered":"<p>Ana S\u0259hif\u0259 . Avant Qrup . T\u0259r\u0259fda\u015flar\u0131m\u0131z T\u0259r\u0259fda\u015flar\u0131m\u0131z T\u0259krarlanan v\u0259 uzunm\u00fcdd\u0259tli \u0259m\u0259kda\u015fl\u0131q bizim \u0259sas u\u011fur meyar\u0131m\u0131zd\u0131r. Az\u0259rbaycan Respublikas\u0131 Prezidentinin \u0130\u015fl\u0259r \u0130dar\u0259si \u018fm\u0259kda\u015fl\u0131q etiyimiz layih\u0259l\u0259r: \u201cAlatava\u201d Ya\u015fay\u0131\u015f Binas\u0131 \u201cShabran Wellbeing\u201d Resort &#038; SPA \u201cBasqal\u201d Resort &#038; SPA Hotel. G\u00fcl\u00fcstan Saray\u0131 \u201cAlmaz Park\u201d Ya\u015fay\u0131\u015f Kompleksi \u201cMarxal\u201d Resort &#038; SPA Hotel \u201cVur\u011fun Residence\u201d Ya\u015fay\u0131\u015f Kompleksi \u201c\u018fhm\u0259dli Park\u201d Ya\u015fay\u0131\u015f [&hellip;]<\/p>\n","protected":false},"author":1,"featured_media":0,"parent":0,"menu_order":39,"comment_status":"closed","ping_status":"closed","template":"elementor_header_footer","meta":{"_acf_changed":false,"footnotes":""},"class_list":["post-1468","page","type-page","status-publish","hentry"],"acf":[],"_links":{"self":[{"href":"https:\/\/avantgroup.az\/az\/wp-json\/wp\/v2\/pages\/1468","targetHints":{"allow":["GET"]}}],"collection":[{"href":"https:\/\/avantgroup.az\/az\/wp-json\/wp\/v2\/pages"}],"about":[{"href":"https:\/\/avantgroup.az\/az\/wp-json\/wp\/v2\/types\/page"}],"author":[{"embeddable":true,"href":"https:\/\/avantgroup.az\/az\/wp-json\/wp\/v2\/users\/1"}],"replies":[{"embeddable":true,"href":"https:\/\/avantgroup.az\/az\/wp-json\/wp\/v2\/comments?post=1468"}],"version-history":[{"count":73,"href":"https:\/\/avantgroup.az\/az\/wp-json\/wp\/v2\/pages\/1468\/revisions"}],"predecessor-version":[{"id":4203,"href":"https:\/\/avantgroup.az\/az\/wp-json\/wp\/v2\/pages\/1468\/revisions\/4203"}],"wp:attachment":[{"href":"https:\/\/avantgroup.az\/az\/wp-json\/wp\/v2\/media?parent=1468"}],"curies":[{"name":"wp","href":"https:\/\/api.w.org\/{rel}","templated":true}]}}